{"id":192,"date":"2021-04-29T13:44:51","date_gmt":"2021-04-29T11:44:51","guid":{"rendered":"https:\/\/import2bs.wpengine.com\/?page_id=192"},"modified":"2025-03-18T18:17:39","modified_gmt":"2025-03-18T17:17:39","slug":"delivery","status":"publish","type":"page","link":"https:\/\/medipeel.rs\/sr\/delivery\/","title":{"rendered":"Dostava"},"content":{"rendered":"<h1 style=\"text-align: center;\"><strong>ISPORUKA I PLAC\u0301ANJE<\/strong><\/h1>\n<h4><strong>GDE SE ROBA ISPORU\u010cUJE?<br \/>\n<\/strong>Naru\u010dene artikle isporu\u010dujemo na teritoriji Republike Srbije u svim mestima u kojima je mogu\u0107a isporuka i naplata od strane kurirske slu\u017ebe.<\/h4>\n<h4 class=\" translation-block\"><strong>ROK ISPORUKE<\/strong><br>\nNakon \u0161to ste zavr\u0161ili proces poru\u010divanja klikom na dugme \u201cNaru\u010dite\u201d, na svoju e-mail adresu, koju ste prijavili prilikom popunjavanja podataka, automatski \u0107ete dobiti potvrdni mail o uspe\u0161noj kupovini.\nTime je Va\u0161a porud\u017ebina u\u0161la u proces obrade, \u0161to traje 1-2 dana, osim vikende i praznike. Samo u slu\u010daju nejasno\u0107a ili bilo kakvih problema vezanih za Va\u0161u porud\u017ebinu, kontaktira\u0107e Vas na\u0161a slu\u017eba podr\u0161ke.<br>\nRok isporuke porud\u017ebina je 1-3 radnih dana.<\/h4>\n<h4 class=\" translation-block\"><strong>PREUZIMANJE PO\u0160ILJKE<\/strong><br>\nDobi\u0107ete Besplatno SMS obave\u0161tenje od kurirske slu\u017ebe na broj va\u0161eg mobilnog telefona da c\u0301e vam paket biti isporu\u010den u toku dana.<br>\nPre dolaska, kurir c\u0301e Vas pozvati na telefon:<br>\n- Ako odgovorite na poziv kurira, on c\u0301e dostaviti paket na adresu koju ste naveli. Molimo Vas da u tom periodu obezbedite da na adresi bude osoba koja mo\u017ee preuzeti po\u0161iljku. Ako niste u moguc\u0301nosti da odmah primite paket, mo\u017eete pregovarati sa kurirom i odlo\u017eiti isporuku do sledec\u0301eg dana.<br>\n- Ako ne odgovorite na poziv kurira, on c\u0301e sledec\u0301eg dana ponovo poku\u0161ati da vas kontaktira. Ako ponovo niste u moguc\u0301nosti da odgovorite, u ovom slu\u010daju paket c\u0301e biti vrac\u0301en u na\u0161e skladi\u0161te.<br>\nPrilikom preuzimanja po\u0161iljke potrebno je da vizuelno pregledate paket da slu\u010dajno ne postoje neka vidna o\u0161te\u0107enja. Ukoliko primetite da je transportna kutija zna\u010dajno o\u0161te\u0107ena i posumnjate da je proizvod mo\u017eda o\u0161te\u0107en, odbijte prijem po\u0161iljke i odmah nas obavestite. Ukoliko je po\u0161iljka naizgled bez o\u0161te\u0107enja slobodno preuzmite po\u0161iljku.<br>\nNapomena: u skladu sa \u010dlanom 27. Zakona o za\u0161titi potro\u0161a\u010da, kupac ima pravo da vrati neotvorenu robu prodavcu u roku od 14 dana. Povrat je mogu\u0107e odobriti samo uz fiskalni ra\u010dun. Smatra\u0107e se da je roba vra\u0107ena u roku ako je potro\u0161a\u010d poslao robu pre isteka navedenog roka od 14 dana. U skladu sa \u010dlanom 34, potro\u0161a\u010d snosi isklju\u010divo direktne tro\u0161kove vra\u0107anja robe, osim ako se trgovac saglasio sa tim da ih on snosi ili ako nije prethodno obavestio potro\u0161a\u010da da je.<\/h4>\n<h4><strong>CENA ISPORUKE<br \/>\n<\/strong>Tro\u0161kovi dostave kurira plac\u0301aju se prema tarifama kurirske slu\u017ebe. Cena zavisi od te\u017eine paketa i destinacije i iznosi otprilike 350-450 dinara.<\/h4>\n<h4><strong>PLAC\u0301ANJE ROBE<br \/>\n<\/strong>Plac\u0301anje robe gotovinom kuriru u trenutku isporuke.<\/h4>\n<p>&nbsp;<\/p>\n<p>&nbsp;<\/p>\n<p>&nbsp;<\/p>\n<p>&nbsp;<\/p>\n<p>&nbsp;<\/p>\n<p>&nbsp;<\/p>\n<h5><\/h5>","protected":false},"excerpt":{"rendered":"<p>\u0414\u041e\u0421\u0422\u0410\u0412\u041a\u0410 \u0418 \u041e\u041f\u041b\u0410\u0422\u0410 \u041a\u0423\u0414\u0410 \u0414\u041e\u0421\u0422\u0410\u0412\u041b\u042f\u0415\u0422\u0421\u042f \u0422\u041e\u0412\u0410\u0420? \u041c\u044b \u0434\u043e\u0441\u0442\u0430\u0432\u043b\u044f\u0435\u043c \u0437\u0430\u043a\u0430\u0437\u0430\u043d\u043d\u044b\u0435 \u0442\u043e\u0432\u0430\u0440\u044b \u043f\u043e \u0442\u0435\u0440\u0440\u0438\u0442\u043e\u0440\u0438\u0438 \u0420\u0435\u0441\u043f\u0443\u0431\u043b\u0438\u043a\u0438 \u0421\u0435\u0440\u0431\u0438\u044f \u0432\u043e \u0432\u0441\u0435 \u043c\u0435\u0441\u0442\u0430, \u043a\u0443\u0434\u0430 \u0432\u043e\u0437\u043c\u043e\u0436\u043d\u0430 \u0434\u043e\u0441\u0442\u0430\u0432\u043a\u0430 \u0438 \u043e\u043f\u043b\u0430\u0442\u0430 \u043a\u0443\u0440\u044c\u0435\u0440\u0441\u043a\u043e\u0439 \u0441\u043b\u0443\u0436\u0431\u043e\u0439. \u0421\u0420\u041e\u041a \u0414\u041e\u0421\u0422\u0410\u0412\u041a\u0418 \u041f\u043e\u0441\u043b\u0435 \u0442\u043e\u0433\u043e, \u043a\u0430\u043a \u0432\u044b \u0437\u0430\u0432\u0435\u0440\u0448\u0438\u043b\u0438 \u043f\u0440\u043e\u0446\u0435\u0441\u0441 \u043e\u0444\u043e\u0440\u043c\u043b\u0435\u043d\u0438\u044f \u0437\u0430\u043a\u0430\u0437\u0430, \u043d\u0430\u0436\u0430\u0432 \u043d\u0430 \u043a\u043d\u043e\u043f\u043a\u0443 \u00ab\u0417\u0430\u043a\u0430\u0437\u0430\u0442\u044c\u00bb, \u0432\u044b \u0430\u0432\u0442\u043e\u043c\u0430\u0442\u0438\u0447\u0435\u0441\u043a\u0438 \u043f\u043e\u043b\u0443\u0447\u0438\u0442\u0435 \u044d\u043b\u0435\u043a\u0442\u0440\u043e\u043d\u043d\u043e\u0435 \u043f\u0438\u0441\u044c\u043c\u043e \u0441 \u043f\u043e\u0434\u0442\u0432\u0435\u0440\u0436\u0434\u0435\u043d\u0438\u0435\u043c \u043e\u0431 \u0443\u0441\u043f\u0435\u0448\u043d\u043e\u0439 \u043f\u043e\u043a\u0443\u043f\u043a\u0435 \u043d\u0430 \u0430\u0434\u0440\u0435\u0441 \u044d\u043b\u0435\u043a\u0442\u0440\u043e\u043d\u043d\u043e\u0439 \u043f\u043e\u0447\u0442\u044b, \u043a\u043e\u0442\u043e\u0440\u044b\u0439 \u0432\u044b \u0443\u043a\u0430\u0437\u0430\u043b\u0438 [&hellip;]<\/p>","protected":false},"author":1,"featured_media":0,"parent":0,"menu_order":0,"comment_status":"closed","ping_status":"closed","template":"","meta":{"footnotes":""},"featured_image_urls":{"full":"","thumbnail":"","medium":"","medium_large":"","large":"","1536x1536":"","2048x2048":"","trp-custom-language-flag":"","vcmegaposts-masonry":"","vcmegaposts-normal":"","vcmegaposts-type1":"","woocommerce_thumbnail":"","woocommerce_single":"","woocommerce_gallery_thumbnail":""},"post_excerpt_stackable":"<p>\u0414\u041e\u0421\u0422\u0410\u0412\u041a\u0410 \u0418 \u041e\u041f\u041b\u0410\u0422\u0410 \u041a\u0423\u0414\u0410 \u0414\u041e\u0421\u0422\u0410\u0412\u041b\u042f\u0415\u0422\u0421\u042f \u0422\u041e\u0412\u0410\u0420? \u041c\u044b \u0434\u043e\u0441\u0442\u0430\u0432\u043b\u044f\u0435\u043c \u0437\u0430\u043a\u0430\u0437\u0430\u043d\u043d\u044b\u0435 \u0442\u043e\u0432\u0430\u0440\u044b \u043f\u043e \u0442\u0435\u0440\u0440\u0438\u0442\u043e\u0440\u0438\u0438 \u0420\u0435\u0441\u043f\u0443\u0431\u043b\u0438\u043a\u0438 \u0421\u0435\u0440\u0431\u0438\u044f \u0432\u043e \u0432\u0441\u0435 \u043c\u0435\u0441\u0442\u0430, \u043a\u0443\u0434\u0430 \u0432\u043e\u0437\u043c\u043e\u0436\u043d\u0430 \u0434\u043e\u0441\u0442\u0430\u0432\u043a\u0430 \u0438 \u043e\u043f\u043b\u0430\u0442\u0430 \u043a\u0443\u0440\u044c\u0435\u0440\u0441\u043a\u043e\u0439 \u0441\u043b\u0443\u0436\u0431\u043e\u0439. \u0421\u0420\u041e\u041a \u0414\u041e\u0421\u0422\u0410\u0412\u041a\u0418 \u041f\u043e\u0441\u043b\u0435 \u0442\u043e\u0433\u043e, \u043a\u0430\u043a \u0432\u044b \u0437\u0430\u0432\u0435\u0440\u0448\u0438\u043b\u0438 \u043f\u0440\u043e\u0446\u0435\u0441\u0441 \u043e\u0444\u043e\u0440\u043c\u043b\u0435\u043d\u0438\u044f \u0437\u0430\u043a\u0430\u0437\u0430, \u043d\u0430\u0436\u0430\u0432 \u043d\u0430 \u043a\u043d\u043e\u043f\u043a\u0443 \u00ab\u0417\u0430\u043a\u0430\u0437\u0430\u0442\u044c\u00bb, \u0432\u044b \u0430\u0432\u0442\u043e\u043c\u0430\u0442\u0438\u0447\u0435\u0441\u043a\u0438 \u043f\u043e\u043b\u0443\u0447\u0438\u0442\u0435 \u044d\u043b\u0435\u043a\u0442\u0440\u043e\u043d\u043d\u043e\u0435 \u043f\u0438\u0441\u044c\u043c\u043e \u0441 \u043f\u043e\u0434\u0442\u0432\u0435\u0440\u0436\u0434\u0435\u043d\u0438\u0435\u043c \u043e\u0431 \u0443\u0441\u043f\u0435\u0448\u043d\u043e\u0439 \u043f\u043e\u043a\u0443\u043f\u043a\u0435 \u043d\u0430 \u0430\u0434\u0440\u0435\u0441 \u044d\u043b\u0435\u043a\u0442\u0440\u043e\u043d\u043d\u043e\u0439 \u043f\u043e\u0447\u0442\u044b, \u043a\u043e\u0442\u043e\u0440\u044b\u0439 \u0432\u044b \u0443\u043a\u0430\u0437\u0430\u043b\u0438 \u043f\u0440\u0438 \u0437\u0430\u043f\u043e\u043b\u043d\u0435\u043d\u0438\u0438 \u0434\u0430\u043d\u043d\u044b\u0445. \u0422\u0430\u043a\u0438\u043c \u043e\u0431\u0440\u0430\u0437\u043e\u043c, \u0432\u0430\u0448 \u0437\u0430\u043a\u0430\u0437 \u043f\u043e\u0441\u0442\u0443\u043f\u0438\u043b \u0432 \u043e\u0431\u0440\u0430\u0431\u043e\u0442\u043a\u0443, \u043a\u043e\u0442\u043e\u0440\u0430\u044f \u0437\u0430\u043d\u0438\u043c\u0430\u0435\u0442 1-2 \u0434\u043d\u044f, \u0438\u0441\u043a\u043b\u044e\u0447\u0430\u044f \u0432\u044b\u0445\u043e\u0434\u043d\u044b\u0435 \u0438 \u043f\u0440\u0430\u0437\u0434\u043d\u0438\u043a\u0438. \u0412 \u0441\u043b\u0443\u0447\u0430\u0435 \u043d\u0435\u044f\u0441\u043d\u043e\u0441\u0442\u0435\u0439 \u0438\u043b\u0438 \u043a\u0430\u043a\u0438\u0445-\u043b\u0438\u0431\u043e \u043f\u0440\u043e\u0431\u043b\u0435\u043c, \u0441\u0432\u044f\u0437\u0430\u043d\u043d\u044b\u0445 \u0441 \u0432\u0430\u0448\u0438\u043c \u0437\u0430\u043a\u0430\u0437\u043e\u043c, \u0441 \u0432\u0430\u043c\u0438 \u0441\u0432\u044f\u0436\u0435\u0442\u0441\u044f \u043d\u0430\u0448\u0430 \u0441\u043b\u0443\u0436\u0431\u0430 \u043f\u043e\u0434\u0434\u0435\u0440\u0436\u043a\u0438. \u0421\u0440\u043e\u043a \u0434\u043e\u0441\u0442\u0430\u0432\u043a\u0438 \u0437\u0430\u043a\u0430\u0437\u043e\u0432 1-3 \u0440\u0430\u0431\u043e\u0447\u0438\u0445 \u0434\u043d\u044f. \u041f\u041e\u041b\u0423\u0427\u0415\u041d\u0418\u0415 \u041f\u041e\u0421\u042b\u041b\u041a\u0418 \u041d\u0430 \u043d\u043e\u043c\u0435\u0440 \u0441\u0432\u043e\u0435\u0433\u043e&hellip;<\/p>\n","category_list":"","author_info":{"name":"Medi-Peel","url":"https:\/\/medipeel.rs\/sr\/author\/budva85310\/"},"comments_num":"0 comments","jetpack_sharing_enabled":true,"_links":{"self":[{"href":"https:\/\/medipeel.rs\/sr\/wp-json\/wp\/v2\/pages\/192"}],"collection":[{"href":"https:\/\/medipeel.rs\/sr\/wp-json\/wp\/v2\/pages"}],"about":[{"href":"https:\/\/medipeel.rs\/sr\/wp-json\/wp\/v2\/types\/page"}],"author":[{"embeddable":true,"href":"https:\/\/medipeel.rs\/sr\/wp-json\/wp\/v2\/users\/1"}],"replies":[{"embeddable":true,"href":"https:\/\/medipeel.rs\/sr\/wp-json\/wp\/v2\/comments?post=192"}],"version-history":[{"count":35,"href":"https:\/\/medipeel.rs\/sr\/wp-json\/wp\/v2\/pages\/192\/revisions"}],"predecessor-version":[{"id":7499,"href":"https:\/\/medipeel.rs\/sr\/wp-json\/wp\/v2\/pages\/192\/revisions\/7499"}],"wp:attachment":[{"href":"https:\/\/medipeel.rs\/sr\/wp-json\/wp\/v2\/media?parent=192"}],"curies":[{"name":"wp","href":"https:\/\/api.w.org\/{rel}","templated":true}]}}