{"id":6013,"date":"2023-11-05T21:00:29","date_gmt":"2023-11-05T20:00:29","guid":{"rendered":"https:\/\/medipeel.rs\/?page_id=6013"},"modified":"2025-03-18T22:02:53","modified_gmt":"2025-03-18T21:02:53","slug":"contacts","status":"publish","type":"page","link":"https:\/\/medipeel.rs\/sr\/contacts\/","title":{"rendered":"Adresa prodavnica"},"content":{"rendered":"<h4><strong>ADRESE ZVANI\u010cNIH PRODAVNICA<\/strong><br \/>\n\ud83d\udccd BEOGRAD, Prodavnica LUMEORI, Tr\u017eni centar Delta City, Jurija Gagarina 16, prizemlje lokal 157.<br \/>\nKonsultacija za odabir kozmetike: 381 642 919 338 whatsapp<\/h4>\n<h4>U na\u0161im prodavnicama mo\u017eete pogledati aktuelni asortiman proizvoda, kao i preuzeti naru\u010denu robu sa oznakom \"Preuzimanje iz prodavnice\".<br \/>\nPA\u017dNJA!  Narud\u017ebine ozna\u010dene kao \"Preuzimanje u prodavnici\" \u010duvaju se najvi\u0161e 5 radnih dana, nakon \u010dega \u0107e biti poni\u0161tene. Molimo vas da budete pa\u017eljivi!<\/h4>\n<h4>Radno vrijeme prodavnice:<br \/>\nPonedeljak \u2013 nedelja 10:00 \u2013 22:00, osim prazni\u010dnih dana.<br \/>\nNovogodi\u0161nji praznici:<br \/>\nNeradni dani: 1-2. januar, 5-8. januar.<br \/>\nRadni dani: 3-4. januar.<\/h4>\n<h4><strong>PARTNERSKE PRODAVNICE<\/strong><br \/>\n\ud83d\udccd BEOGRAD, Beauty salon \u201cThe God of Beauty\u201d, Bregalni\u010dka, 20. Tel. +381 64 867 17 95, instagram @The_godofbeauty<br \/>\n\ud83d\udccd NOVI SAD, Beauty Rituals, Nikole Pa\u0161i\u0107a, 21. Tel. +381 63 470 939, instagram @beauty_rituals_by_natalie<\/h4>\n<h4><strong>VA\u017dNE INFORMACIJE<\/strong><br \/>\nPA\u017dNJA! Akcije, popusti i specijalne ponude va\u017ee isklju\u010divo u na\u0161im zvani\u010dnim prodavnicama i ne odnose se na proizvode kupljene u prodavnicama na\u0161ih partnera.<\/h4>\n<h4><strong><a href=\"https:\/\/www.instagram.com\/medipeel.official_montenegro\" target=\"_blank\" rel=\"noopener\">Find us on Instagram<\/a><\/strong><\/h4>\n<h4><strong><a href=\"https:\/\/www.facebook.com\/medipeel.montenegro.serbia\" target=\"_blank\" rel=\"noopener\">Find us on Facebook<\/a><\/strong><\/h4>","protected":false},"excerpt":{"rendered":"<p>\u0410\u0414\u0420\u0415\u0421\u0410 \u0424\u0418\u0420\u041c\u0415\u041d\u041d\u042b\u0425 \u041c\u0410\u0413\u0410\u0417\u0418\u041d\u041e\u0412 \ud83d\udccd BEOGRAD, Prodavnica LUMEORI, Tr\u017eni centar Delta City, Jurija Gagarina 16, prizemlje lokal 157. \u041f\u043e\u043c\u043e\u0449\u044c \u0432 \u043f\u043e\u0434\u0431\u043e\u0440\u0435 \u043a\u043e\u0441\u043c\u0435\u0442\u0438\u043a\u0438: +381 642 919 338 whatsapp \u0412 \u043d\u0430\u0448\u0438\u0445 \u043c\u0430\u0433\u0430\u0437\u0438\u043d\u0430\u0445 \u0432\u044b \u043c\u043e\u0436\u0435\u0442\u0435 \u043e\u0437\u043d\u0430\u043a\u043e\u043c\u0438\u0442\u044c\u0441\u044f \u0441 \u0430\u043a\u0442\u0443\u0430\u043b\u044c\u043d\u044b\u043c \u0430\u0441\u0441\u043e\u0440\u0442\u0438\u043c\u0435\u043d\u0442\u043e\u043c \u043f\u0440\u043e\u0434\u0443\u043a\u0446\u0438\u0438, \u0430 \u0442\u0430\u043a\u0436\u0435 \u0437\u0430\u0431\u0440\u0430\u0442\u044c \u0437\u0430\u043a\u0430\u0437\u0430\u043d\u043d\u044b\u0439 \u0442\u043e\u0432\u0430\u0440 \u0441 \u043f\u043e\u043c\u0435\u0442\u043a\u043e\u0439 \u201c\u0421\u0430\u043c\u043e\u0432\u044b\u0432\u043e\u0437 \u0438\u0437 \u043c\u0430\u0433\u0430\u0437\u0438\u043d\u0430\u201d. \u0412\u041d\u0418\u041c\u0410\u041d\u0418\u0415! \u0417\u0430\u043a\u0430\u0437\u044b \u0441 \u043f\u043e\u043c\u0435\u0442\u043a\u043e\u0439 \u201c\u0421\u0430\u043c\u043e\u0432\u044b\u0432\u043e\u0437 \u0438\u0437 \u043c\u0430\u0433\u0430\u0437\u0438\u043d\u0430\u201d \u0445\u0440\u0430\u043d\u044f\u0442\u0441\u044f \u043c\u0430\u043a\u0441\u0438\u043c\u0443\u043c [&hellip;]<\/p>","protected":false},"author":1,"featured_media":0,"parent":0,"menu_order":0,"comment_status":"closed","ping_status":"closed","template":"","meta":{"footnotes":""},"featured_image_urls":{"full":"","thumbnail":"","medium":"","medium_large":"","large":"","1536x1536":"","2048x2048":"","trp-custom-language-flag":"","vcmegaposts-masonry":"","vcmegaposts-normal":"","vcmegaposts-type1":"","woocommerce_thumbnail":"","woocommerce_single":"","woocommerce_gallery_thumbnail":""},"post_excerpt_stackable":"<p>\u0410\u0414\u0420\u0415\u0421\u0410 \u0424\u0418\u0420\u041c\u0415\u041d\u041d\u042b\u0425 \u041c\u0410\u0413\u0410\u0417\u0418\u041d\u041e\u0412 \ud83d\udccd BEOGRAD, Prodavnica LUMEORI, Tr\u017eni centar Delta City, Jurija Gagarina 16, prizemlje lokal 157. \u041f\u043e\u043c\u043e\u0449\u044c \u0432 \u043f\u043e\u0434\u0431\u043e\u0440\u0435 \u043a\u043e\u0441\u043c\u0435\u0442\u0438\u043a\u0438: +381 642 919 338 whatsapp \u0412 \u043d\u0430\u0448\u0438\u0445 \u043c\u0430\u0433\u0430\u0437\u0438\u043d\u0430\u0445 \u0432\u044b \u043c\u043e\u0436\u0435\u0442\u0435 \u043e\u0437\u043d\u0430\u043a\u043e\u043c\u0438\u0442\u044c\u0441\u044f \u0441 \u0430\u043a\u0442\u0443\u0430\u043b\u044c\u043d\u044b\u043c \u0430\u0441\u0441\u043e\u0440\u0442\u0438\u043c\u0435\u043d\u0442\u043e\u043c \u043f\u0440\u043e\u0434\u0443\u043a\u0446\u0438\u0438, \u0430 \u0442\u0430\u043a\u0436\u0435 \u0437\u0430\u0431\u0440\u0430\u0442\u044c \u0437\u0430\u043a\u0430\u0437\u0430\u043d\u043d\u044b\u0439 \u0442\u043e\u0432\u0430\u0440 \u0441 \u043f\u043e\u043c\u0435\u0442\u043a\u043e\u0439 \u201c\u0421\u0430\u043c\u043e\u0432\u044b\u0432\u043e\u0437 \u0438\u0437 \u043c\u0430\u0433\u0430\u0437\u0438\u043d\u0430\u201d. \u0412\u041d\u0418\u041c\u0410\u041d\u0418\u0415! \u0417\u0430\u043a\u0430\u0437\u044b \u0441 \u043f\u043e\u043c\u0435\u0442\u043a\u043e\u0439 \u201c\u0421\u0430\u043c\u043e\u0432\u044b\u0432\u043e\u0437 \u0438\u0437 \u043c\u0430\u0433\u0430\u0437\u0438\u043d\u0430\u201d \u0445\u0440\u0430\u043d\u044f\u0442\u0441\u044f \u043c\u0430\u043a\u0441\u0438\u043c\u0443\u043c 5 \u0440\u0430\u0431\u043e\u0447\u0438\u0445 \u0434\u043d\u0435\u0439, \u043f\u043e\u0441\u043b\u0435 \u0447\u0435\u0433\u043e \u0430\u043d\u043d\u0443\u043b\u0438\u0440\u0443\u044e\u0442\u0441\u044f. \u0411\u0443\u0434\u044c\u0442\u0435 \u0432\u043d\u0438\u043c\u0430\u0442\u0435\u043b\u044c\u043d\u044b! \u0412\u0440\u0435\u043c\u044f \u0440\u0430\u0431\u043e\u0442\u044b \u043c\u0430\u0433\u0430\u0437\u0438\u043d\u043e\u0432: \u041f\u043e\u043d\u0435\u0434\u0435\u043b\u044c\u043d\u0438\u043a \u2013 \u0432\u043e\u0441\u043a\u0440\u0435\u0441\u0435\u043d\u044c\u0435 10:00 \u2013 22:00, \u043a\u0440\u043e\u043c\u0435 \u043f\u0440\u0430\u0437\u0434\u043d\u0438\u0447\u043d\u044b\u0445 \u0434\u043d\u0435\u0439. \u0413\u0440\u0430\u0444\u0438\u043a \u0440\u0430\u0431\u043e\u0442\u044b \u0432 \u043d\u043e\u0432\u043e\u0433\u043e\u0434\u043d\u0438\u0435 \u043f\u0440\u0430\u0437\u0434\u043d\u0438\u043a\u0438: \u041d\u0435\u0440\u0430\u0431\u043e\u0447\u0438\u0435 \u0434\u043d\u0438: 1-2 \u044f\u043d\u0432\u0430\u0440\u044f, 5-8 \u044f\u043d\u0432\u0430\u0440\u044f. \u0420\u0430\u0431\u043e\u0447\u0438\u0435 \u0434\u043d\u0438: 3-4 \u044f\u043d\u0432\u0430\u0440\u044f. \u041f\u0410\u0420\u0422\u041d\u0401\u0420\u0421\u041a\u0418\u0415 \u041c\u0410\u0413\u0410\u0417\u0418\u041d\u042b \ud83d\udccd BEOGRAD, Beauty salon \u201cThe God of Beauty\u201d,&hellip;<\/p>\n","category_list":"","author_info":{"name":"Medi-Peel","url":"https:\/\/medipeel.rs\/sr\/author\/budva85310\/"},"comments_num":"0 comments","jetpack_sharing_enabled":true,"_links":{"self":[{"href":"https:\/\/medipeel.rs\/sr\/wp-json\/wp\/v2\/pages\/6013"}],"collection":[{"href":"https:\/\/medipeel.rs\/sr\/wp-json\/wp\/v2\/pages"}],"about":[{"href":"https:\/\/medipeel.rs\/sr\/wp-json\/wp\/v2\/types\/page"}],"author":[{"embeddable":true,"href":"https:\/\/medipeel.rs\/sr\/wp-json\/wp\/v2\/users\/1"}],"replies":[{"embeddable":true,"href":"https:\/\/medipeel.rs\/sr\/wp-json\/wp\/v2\/comments?post=6013"}],"version-history":[{"count":81,"href":"https:\/\/medipeel.rs\/sr\/wp-json\/wp\/v2\/pages\/6013\/revisions"}],"predecessor-version":[{"id":7513,"href":"https:\/\/medipeel.rs\/sr\/wp-json\/wp\/v2\/pages\/6013\/revisions\/7513"}],"wp:attachment":[{"href":"https:\/\/medipeel.rs\/sr\/wp-json\/wp\/v2\/media?parent=6013"}],"curies":[{"name":"wp","href":"https:\/\/api.w.org\/{rel}","templated":true}]}}