{"id":1900,"date":"2021-08-27T17:02:20","date_gmt":"2021-08-27T14:02:20","guid":{"rendered":"https:\/\/medipeel.rs\/?post_type=product&#038;p=1900"},"modified":"2026-01-11T12:12:57","modified_gmt":"2026-01-11T11:12:57","slug":"medi-peel-collagen-super10-sleeping-cream","status":"publish","type":"product","link":"https:\/\/medipeel.rs\/sr\/\u043f\u0440\u043e\u0438\u0437\u0432\u043e\u0434\/medi-peel-collagen-super10-sleeping-cream\/","title":{"rendered":"Medi-Peel Collagen Super10 Sleeping Cream"},"content":{"rendered":"<p class=\" translation-block\">Podmla\u0111ujuc\u0301a kolagenska noc\u0301na krema za lice Medi-Peel Collagen Super 10 Sleeping Cream vrac\u0301a \u010dvrstinu i elasti\u010dnost ko\u017ei, ja\u010da njen turgor, zate\u017ee i formira oval lica. Krema se razlikuje po najvec\u0301oj koncentraciji kolagena, koji je u stanju da popuni nabore na ko\u017ei, smanji dubinu bora, a tako\u0111e stimuli\u0161e proizvodnju sopstvenih elastinskih i kolagenskih vlakana. Kompleks ekstrakata od 10 superfoods intenzivno hidrira ko\u017eu, pobolj\u0161ava njen imunitet, ima visoku antioksidativnu aktivnost i aktivno neguje ko\u017eu. Krema obnavlja hidro-lipidnu barijeru ko\u017ee, spre\u010davaju\u0107i starenje epidermisa, smanjuju\u0107i dubinu bora i podmla\u0111uju\u0107e. Krema ima laganu i ne\u017enu teksturu, brzo se apsorbuje bez ostavljanja lepljivosti ili masnog sjaja. Ima blagi efekat hla\u0111enja i umiruje ko\u017eu. Tokom noc\u0301i, krema intenzivno neguje i hidrira ko\u017eu, sprovodi vlagu do dubokih slojeva epidermisa i bori se protiv suvoc\u0301e. Vrac\u0301a \u010dvrstinu i elasti\u010dnost tkiva, povec\u0301ava turgor ko\u017ee i usporava proces starenja. \n<br>Hidrolizovani kolagen pobolj\u0161ava op\u0161te stanje ko\u017ee: zagla\u0111uje i ujedna\u010dava je, \u010dini je \u010dvrstom i elasti\u010dnom, uklanja sitne bore i osve\u017eava. Ima lekovito i umirujuc\u0301e dejstvo\nzadr\u017eava vlagu u dubokim slojevima ko\u017ee. <br>Peptidni kompleks povec\u0301ava \u010dvrstinu i elasti\u010dnost ko\u017ee, ubrzava proizvodnju sopstvenih kolagenih i elastinskih vlakana u telu. Smanjuje dubinu bora i spre\u010dava opu\u0161tanje ko\u017ee.<\/p>\n<p><strong>Na\u010din upotrebe:<\/strong> naneti kao zavr\u0161ni korak ve\u010dernje nege, nakon nano\u0161enja seruma.<\/p>\n<hr \/>\n<div><em><strong><em>Sastojci:<\/em><\/strong> Purified water, glycerin, niacinamide, dimethicone, butylene glycol, oat flour extract, PEG-240\/HDI Copolymer Bis-decyltetradeces-20 ether, dimethicone\/vinyldimethicone crosspolymer, Hydroxyacetophenone, PEG-60 hydrogenated castor oil, glyceryl stearate, PEG-10 dimethicone, PEG-100 stearate, carbomer, arginine, garlic extract, walnut extract, hydrolyzed Decollagen, sweet almond oil, tomato fruit\/leaf\/stem extract, spinach extract, squalane, wine extract, low sweet blueberry extract, propanediol, ethylhexyl glycerin, allantoin, trehalose, adenosine, disodium iditi A, Sodium Hyaluronate, Jojoba Seed Oil, Argan Kernel Oil, Green Tea Extract, Ceramide 3, Hydrogenated Lecithin, Aloe Vera Leaf Extract, Dipropylene Glycol, Glyceres-20, Bioflavonoids, Pig-10 Lepe Seed Sterol, 1,2-hexanediol, Olive Tree Leaf Extract, Spanish Licorice Root Extract, Western Dandelion Leaf Extract, White Willow Bark Extract, Oregano Leaf Extract, Broccoli Extract, Cypress Leaf Extract, broiler bark extract, lactobacillus\/soybean fermentation extract, golden extract, purslane extract, rock stone flower root extract, damask rose flower extract, palisade flower extract, chopidae fruit extract, usnia extract, copper tripeptide-1, acetyl Hexapeptide-8, oligopeptide-29, oligopeptide-32, palmitoylpentapeptide-4, fragrance, limonene, alpha-isomethylionone, linalul<\/em><\/div>","protected":false},"excerpt":{"rendered":"<p>Noc\u0301na krema sa kolagenom. 70ml<\/p>","protected":false},"featured_media":2323,"template":"","meta":[],"product_cat":[259,385,399,311,301,342,346,348,386,260],"product_tag":[],"featured_image_urls":{"full":["https:\/\/medipeel.rs\/wp-content\/uploads\/2021\/10\/MEDI-PEEL-Collagen-super-10-sleeping-cream-1.jpg",1200,1200,false],"thumbnail":["https:\/\/medipeel.rs\/wp-content\/uploads\/2021\/10\/MEDI-PEEL-Collagen-super-10-sleeping-cream-1-150x150.jpg",150,150,true],"medium":["https:\/\/medipeel.rs\/wp-content\/uploads\/2021\/10\/MEDI-PEEL-Collagen-super-10-sleeping-cream-1-300x300.jpg",300,300,true],"medium_large":["https:\/\/medipeel.rs\/wp-content\/uploads\/2021\/10\/MEDI-PEEL-Collagen-super-10-sleeping-cream-1-768x768.jpg",768,768,true],"large":["https:\/\/medipeel.rs\/wp-content\/uploads\/2021\/10\/MEDI-PEEL-Collagen-super-10-sleeping-cream-1-1024x1024.jpg",1024,1024,true],"1536x1536":["https:\/\/medipeel.rs\/wp-content\/uploads\/2021\/10\/MEDI-PEEL-Collagen-super-10-sleeping-cream-1.jpg",1200,1200,false],"2048x2048":["https:\/\/medipeel.rs\/wp-content\/uploads\/2021\/10\/MEDI-PEEL-Collagen-super-10-sleeping-cream-1.jpg",1200,1200,false],"trp-custom-language-flag":["https:\/\/medipeel.rs\/wp-content\/uploads\/2021\/10\/MEDI-PEEL-Collagen-super-10-sleeping-cream-1-12x12.jpg",12,12,true],"vcmegaposts-masonry":["https:\/\/medipeel.rs\/wp-content\/uploads\/2021\/10\/MEDI-PEEL-Collagen-super-10-sleeping-cream-1.jpg",500,500,false],"vcmegaposts-normal":["https:\/\/medipeel.rs\/wp-content\/uploads\/2021\/10\/MEDI-PEEL-Collagen-super-10-sleeping-cream-1.jpg",800,800,false],"vcmegaposts-type1":["https:\/\/medipeel.rs\/wp-content\/uploads\/2021\/10\/MEDI-PEEL-Collagen-super-10-sleeping-cream-1.jpg",500,500,false],"woocommerce_thumbnail":["https:\/\/medipeel.rs\/wp-content\/uploads\/2021\/10\/MEDI-PEEL-Collagen-super-10-sleeping-cream-1-450x600.jpg",450,600,true],"woocommerce_single":["https:\/\/medipeel.rs\/wp-content\/uploads\/2021\/10\/MEDI-PEEL-Collagen-super-10-sleeping-cream-1-600x600.jpg",600,600,true],"woocommerce_gallery_thumbnail":["https:\/\/medipeel.rs\/wp-content\/uploads\/2021\/10\/MEDI-PEEL-Collagen-super-10-sleeping-cream-1-100x100.jpg",100,100,true]},"post_excerpt_stackable":"<p>\u041e\u043c\u043e\u043b\u0430\u0436\u0438\u0432\u0430\u044e\u0449\u0438\u0439 \u043d\u043e\u0447\u043d\u043e\u0439 \u043a\u0440\u0435\u043c \u0434\u043b\u044f \u043b\u0438\u0446\u0430 \u0441 \u043a\u043e\u043b\u043b\u0430\u0433\u0435\u043d\u043e\u043c. 70ml<\/p>\n","category_list":"","author_info":{"name":"","url":""},"comments_num":"0 comments","jetpack_sharing_enabled":true,"_links":{"self":[{"href":"https:\/\/medipeel.rs\/sr\/wp-json\/wp\/v2\/product\/1900"}],"collection":[{"href":"https:\/\/medipeel.rs\/sr\/wp-json\/wp\/v2\/product"}],"about":[{"href":"https:\/\/medipeel.rs\/sr\/wp-json\/wp\/v2\/types\/product"}],"version-history":[{"count":1,"href":"https:\/\/medipeel.rs\/sr\/wp-json\/wp\/v2\/product\/1900\/revisions"}],"predecessor-version":[{"id":5294,"href":"https:\/\/medipeel.rs\/sr\/wp-json\/wp\/v2\/product\/1900\/revisions\/5294"}],"wp:featuredmedia":[{"embeddable":true,"href":"https:\/\/medipeel.rs\/sr\/wp-json\/wp\/v2\/media\/2323"}],"wp:attachment":[{"href":"https:\/\/medipeel.rs\/sr\/wp-json\/wp\/v2\/media?parent=1900"}],"wp:term":[{"taxonomy":"product_cat","embeddable":true,"href":"https:\/\/medipeel.rs\/sr\/wp-json\/wp\/v2\/product_cat?post=1900"},{"taxonomy":"product_tag","embeddable":true,"href":"https:\/\/medipeel.rs\/sr\/wp-json\/wp\/v2\/product_tag?post=1900"}],"curies":[{"name":"wp","href":"https:\/\/api.w.org\/{rel}","templated":true}]}}