{"id":1912,"date":"2021-08-27T17:15:40","date_gmt":"2021-08-27T14:15:40","guid":{"rendered":"https:\/\/medipeel.rs\/?post_type=product&#038;p=1912"},"modified":"2026-03-24T21:40:55","modified_gmt":"2026-03-24T20:40:55","slug":"medi-peel-power-aqua-cream","status":"publish","type":"product","link":"https:\/\/medipeel.rs\/sr\/\u043f\u0440\u043e\u0438\u0437\u0432\u043e\u0434\/medi-peel-power-aqua-cream\/","title":{"rendered":"Medi-Peel Power Aqua Cream"},"content":{"rendered":"<p class=\" translation-block\">Medi-Peel Power Aqua krema sa kapsulama plavog peptida ima cilj dubinske hidrataciju i podmla\u0111ivanje ko\u017ee. Proizvod uklanja dehidrataciju ko\u017ee, povec\u0301ava njenu \u010dvrstoc\u0301u i elasti\u010dnost, zagla\u0111uje mimi\u010dne bore i ima efekat liftinga. Ostavlja vla\u017enu zavr\u0161nu obradu praveci ko\u017eu osve\u017eenom i blistavom. Sadr\u017ei peptid nalik botoksu (argirelin) i cvetni kompleks: ekstrakti lavande, kukuruza i \u017ealfije. Proizvod ima gel bazu sa krem kapsulama unutra. Kada se nanese na ko\u017eu, gel se me\u0161a sa kapsulom sa topljenom kremom i dobija ujedna\u010denu teksturu. Krema pru\u017ei produ\u017eenu hidrataciju tokom celog dana. Gel baza sadr\u017ei 57 krem kapsula koje sadr\u017ee aktivne sastojke. \n<br>Niacinamid ujedna\u010dava ton lica i deluje sa ne\u017eeljenom pigmentacijom. Pobolj\u0161ava elasti\u010dnost ko\u017ee, stimuli\u0161e proizvodnju kolagena. \n<br>Astaksantin pru\u017ei antioksidativni efekat, ja\u010da za\u0161titne funkcije epidermisa. \n<br>Ekstrakti lavande, \u017ealfije i kamilice za umirujuc\u0301e, protivupalno i lekovito dejstvo. Uklonjava crvenilo i upalu, ujedna\u010dava ton ko\u017ee. \n<br>Vi\u0161emolekularna hijaluronska kiselina obezbe\u0111uje efikasnu hidrataciju ko\u017ee, uklanja suvoc\u0301u i dehidrataciju na svim nivoima epidermisa. \n<br>Argileline je jedinstveni heksapeptid koji se smatra alternativom botoksu koja se ne injektira. Poma\u017ee u smanjenju bora tako \u0161to lako prodire u duboke slojeve ko\u017ee i podsti\u010de opu\u0161tanje mi\u0161ic\u0301a. Osim toga, aktivno se odupire pojavi novih bora. \n<br>Pogodno za suvu i osetljivu ko\u017eu sa ranim promenama vezanim za uzrast.<\/p>\n<p><strong>Na\u010din upotrebe:<\/strong> Izvadite kapsulu iz tegle i nanesite je na lice. Ne\u017eno rasporedite po licu, pustite da se upije.<\/p>\n<hr \/>\n<div><em><strong><em>Sastojci:<\/em><\/strong> Water, Dipropylene Glycol, Niacinamide, Glycerin, Butylene Glycol, 1,2-Hexanediol, Isopropyl Isostearate, Carbomer, Arginine, Beeswax, Butyrospermum Parkii (Shea) Butter, Stearyl Alcohol, Hydrogenated Polyisobutene, Dimethicone, Sorbitan Stearate, Polysorbate 60, Panthenol, PEG-40 Hydrogenated Castor Oil, Palmitic Acid, C14-22 Alcohols, Ammonium Acryloyldimethyltaurate\/VP Copolymer, Hydrogenated Lecithin, Adenosine, Polyacrylate-13, C12-20 Alkyl Glucoside, Tocopheryl Acetate, Disodium EDTA, Polyisobutene, Sodium Hyaluronate, Polysorbate 20, Sorbitan Isostearate, Lavandula Angustifolia (Lavender) Flower Extract, Salvia Sclarea (Clary) Extract, Hyacinthus Orientalis (Hyacinth) Extract, Chamomilla Recutita (Matricaria) Flower Extract, Borago Officinalis Extract, Centaurea Cyanus Flower Extract, Glucose, Propanediol, Ethylhexylglycerin, Hydroxypropyltrimonium Hyaluronate, Polyglyceryl-10 Diisostearate, Caprylic\/capric Triglyceride, Hydrolyzed Hyaluronic Acid, Sodium Acetylated Hyaluronate, Hyaluronic Acid, Acetyl Hexapeptide-8, Sodium Hyaluronate Crosspolymer, Hydrolyzed Sodium Hyaluronate, Astaxanthin, Potassium Hyaluronate, Fragrance, Hydroxycitronellal, Citronellol, Limonene, Geraniol, Linalool, Hexyl Cinnamal, Alpha-Isomethyl Ionone, CI 42090<\/em><\/div>","protected":false},"excerpt":{"rendered":"<p>Hidratantna krema sa peptidnim kapsulama. 50ml<\/p>","protected":false},"featured_media":4103,"template":"","meta":[],"product_cat":[385,342,348,349,386,260,314,317],"product_tag":[],"featured_image_urls":{"full":["https:\/\/medipeel.rs\/wp-content\/uploads\/2021\/08\/Medi-Peel-Power-Aqua-Cream2.jpg",1200,1200,false],"thumbnail":["https:\/\/medipeel.rs\/wp-content\/uploads\/2021\/08\/Medi-Peel-Power-Aqua-Cream2-150x150.jpg",150,150,true],"medium":["https:\/\/medipeel.rs\/wp-content\/uploads\/2021\/08\/Medi-Peel-Power-Aqua-Cream2-300x300.jpg",300,300,true],"medium_large":["https:\/\/medipeel.rs\/wp-content\/uploads\/2021\/08\/Medi-Peel-Power-Aqua-Cream2-768x768.jpg",768,768,true],"large":["https:\/\/medipeel.rs\/wp-content\/uploads\/2021\/08\/Medi-Peel-Power-Aqua-Cream2-1024x1024.jpg",1024,1024,true],"1536x1536":["https:\/\/medipeel.rs\/wp-content\/uploads\/2021\/08\/Medi-Peel-Power-Aqua-Cream2.jpg",1200,1200,false],"2048x2048":["https:\/\/medipeel.rs\/wp-content\/uploads\/2021\/08\/Medi-Peel-Power-Aqua-Cream2.jpg",1200,1200,false],"trp-custom-language-flag":["https:\/\/medipeel.rs\/wp-content\/uploads\/2021\/08\/Medi-Peel-Power-Aqua-Cream2-12x12.jpg",12,12,true],"vcmegaposts-masonry":["https:\/\/medipeel.rs\/wp-content\/uploads\/2021\/08\/Medi-Peel-Power-Aqua-Cream2-500x500.jpg",500,500,true],"vcmegaposts-normal":["https:\/\/medipeel.rs\/wp-content\/uploads\/2021\/08\/Medi-Peel-Power-Aqua-Cream2-800x800.jpg",800,800,true],"vcmegaposts-type1":["https:\/\/medipeel.rs\/wp-content\/uploads\/2021\/08\/Medi-Peel-Power-Aqua-Cream2-800x500.jpg",800,500,true],"woocommerce_thumbnail":["https:\/\/medipeel.rs\/wp-content\/uploads\/2021\/08\/Medi-Peel-Power-Aqua-Cream2-450x600.jpg",450,600,true],"woocommerce_single":["https:\/\/medipeel.rs\/wp-content\/uploads\/2021\/08\/Medi-Peel-Power-Aqua-Cream2-600x600.jpg",600,600,true],"woocommerce_gallery_thumbnail":["https:\/\/medipeel.rs\/wp-content\/uploads\/2021\/08\/Medi-Peel-Power-Aqua-Cream2-100x100.jpg",100,100,true]},"post_excerpt_stackable":"<p>\u0423\u0432\u043b\u0430\u0436\u043d\u044f\u044e\u0449\u0438\u0439, \u043e\u043c\u043e\u043b\u0430\u0436\u0438\u0432\u0430\u044e\u0449\u0438\u0439 \u043a\u0440\u0435\u043c \u0441 \u043f\u0435\u043f\u0442\u0438\u0434\u043d\u044b\u043c\u0438 \u043a\u0430\u043f\u0441\u0443\u043b\u0430\u043c\u0438. 50ml<\/p>\n","category_list":"","author_info":{"name":"","url":""},"comments_num":"0 comments","jetpack_sharing_enabled":true,"_links":{"self":[{"href":"https:\/\/medipeel.rs\/sr\/wp-json\/wp\/v2\/product\/1912"}],"collection":[{"href":"https:\/\/medipeel.rs\/sr\/wp-json\/wp\/v2\/product"}],"about":[{"href":"https:\/\/medipeel.rs\/sr\/wp-json\/wp\/v2\/types\/product"}],"version-history":[{"count":4,"href":"https:\/\/medipeel.rs\/sr\/wp-json\/wp\/v2\/product\/1912\/revisions"}],"predecessor-version":[{"id":6543,"href":"https:\/\/medipeel.rs\/sr\/wp-json\/wp\/v2\/product\/1912\/revisions\/6543"}],"wp:featuredmedia":[{"embeddable":true,"href":"https:\/\/medipeel.rs\/sr\/wp-json\/wp\/v2\/media\/4103"}],"wp:attachment":[{"href":"https:\/\/medipeel.rs\/sr\/wp-json\/wp\/v2\/media?parent=1912"}],"wp:term":[{"taxonomy":"product_cat","embeddable":true,"href":"https:\/\/medipeel.rs\/sr\/wp-json\/wp\/v2\/product_cat?post=1912"},{"taxonomy":"product_tag","embeddable":true,"href":"https:\/\/medipeel.rs\/sr\/wp-json\/wp\/v2\/product_tag?post=1912"}],"curies":[{"name":"wp","href":"https:\/\/api.w.org\/{rel}","templated":true}]}}