{"id":2302,"date":"2021-08-27T16:27:43","date_gmt":"2021-08-27T13:27:43","guid":{"rendered":"https:\/\/medipeel.rs\/?post_type=product&#038;p=2302"},"modified":"2024-05-11T16:39:04","modified_gmt":"2024-05-11T14:39:04","slug":"medi-peel-peptide-9-hyaluronic-volumy-eye-cream","status":"publish","type":"product","link":"https:\/\/medipeel.rs\/sr\/\u043f\u0440\u043e\u0438\u0437\u0432\u043e\u0434\/medi-peel-peptide-9-hyaluronic-volumy-eye-cream\/","title":{"rendered":"Medi-Peel Peptide 9 Hyaluronic Volumy Eye Cream"},"content":{"rendered":"<p class=\" translation-block\">Krema za o\u010di protiv starenja sa peptidima Medi-Peel Peptide 9 Hyaluronic Volumy Eye Cream ima izra\u017een efekat zatezanja i podizanja.\nZagla\u0111uje fine mimi\u010dke bore i smanjuje vidljivost dubljih, odr\u017eava \u010dvrstinu i elasti\u010dnost ko\u017ee, ja\u010da turgor i usporava proces starenja. Krema ima u\u010dvr\u0161c\u0301ujuc\u0301i efekat, zagla\u0111uje bore smejalice i nabore na ko\u017ei, smanjuje tamne krugove ispod o\u010diju, zate\u017ee i pobolj\u0161ava elasti\u010dnost ko\u017ee. Zahvaljujuc\u0301i efektu liftinga, rezultat je primetan vec\u0301 nakon nekoliko nano\u0161enja, ko\u017ea postaje zategnutija, elasti\u010dnija, a dubina bora je smanjena. <br>\nVolufilin je prirodni ekstrakt azijske biljke Gardenia Asiatica, koji je kori\u0161\u0107en od davnina u orijentalnoj medicini. Ekstrakt ovog korena efikasno stimuli\u0161e adipocite- \u0107elije koje \u010dine ve\u0107inu masnog tkiva. Upotreba volufilina dovodi do pove\u0107anja (densifikacije) masnog tkiva. Daje vidljiv kozmeti\u010dki efekat lipofilinga. Daje ko\u017ei \u010dvrstinu i obim, popunjava praznine, reguli\u0161e proces nakupljanja lipida i zagla\u0111uje ko\u017eu.<br>\n4 vrste hijaluronske kiseline stvaraju nevidljivu barijeru na ko\u017ei koja spre\u010dava isparavanje vlage iz iste. Pobolj\u0161ava strukturu ko\u017ee, podsti\u010de regeneraciju c\u0301elija ko\u017ee, smanjuje fine bore, \u010dini ko\u017eu glatkom i ne\u017enom. <br>Preporu\u010duje se za negu zrele ko\u017ee.<\/p>\n<p><strong>Na\u010din upotrebe:<\/strong> Nanesite tanak sloj na podru\u010dje nakon upotrebe seruma.<\/p>\n<hr \/>\n<div><em><strong><em>Sastojci:<\/em><\/strong> Water, Methylpropanediol, Caprylic\/Capric Triglyceride, Glycerin, Dimethicone, Niacinamide, Pentaerythrityl Tetraisostearate, Cyclopentasiloxane, Cetearyl Alcohol, Cetearyl Olivate, Cyclohexasiloxane, Sorbitan Olivate, Glyceryl Stearate, Butyrospermum Parkii (Shea) Butter, Hydroxypropyl Methylcellulose, PEG-100 Stearate, Pullulan, Hydroxyacetophenone, Helianthus Annuus (Sunflower) Seed Oil, Sodium Polyacrylate, Arginine, Carbomer, Sodium Acrylate\/Sodium Acryloyldimethyl Taurate Copolymer, Cetearyl Glucoside, Isohexadecane, Juniperus Communis Fruit Extract, Eucalyptus Globulus Leaf Extract, Trehalose, Ethylhexylglycerin, Xanthan Gum, Polysorbate 80, Porphyridium Cruentum Extract, Fragrance, Glycine Soja (Soybean) Oil, Adenosine, Sodium Hyaluronate, Disodium EDTA, Sorbitan Oleate, Malt Extract, Propanediol, Sodium Hyaluronate Crosspolymer, Bixa Orellana Seed Oil, Hydrolyzed Glycosaminoglycans, Olea Europaea (Olive) Leaf Extract, Glycyrrhiza Glabra (Licorice) Root Extract, Taraxacum Officinale (Dandelion) Leaf Extract, Magnolia Officinalis Bark Extract, Fructan, Hydrolyzed Elastin, Hydrolyzed Collagen, Hydrogenated Polyisobutene, Glyceryl Polymethacrylate, Benzyl Glycol, Tocopherol, Propylene Glycol, Rosa Damascena Flower Extract\u00a0, Rhodiola Rosea Root Extract, Hydrolyzed Hyaluronic Acid, Usnea Barbata (Lichen) Extract, Zanthoxylum Piperitum Fruit Extract, Pulsatilla Koreana Extract, Butylene Glycol, 1,2-Hexanediol, Raspberry Ketone, Palmitoyl Tripeptide-5, Hyaluronic Acid, Palmitoyl Tetrapeptide-7, Anemarrhena Asphodeloides Root Extract, Acetyl Hexapeptide-8, Copper Tripeptide-1, Palmitoyl Oligopeptide, Palmitoyl Tripeptide-1, Oligopeptide-29, Oligopeptide-32, Palmitoyl Pentapeptide-4<\/em><\/div>","protected":false},"excerpt":{"rendered":"<p>Peptidna krema za o\u010di protiv starenja. 40ml<\/p>","protected":false},"featured_media":2303,"template":"","meta":[],"product_cat":[346,386,256,410],"product_tag":[308],"featured_image_urls":{"full":["https:\/\/medipeel.rs\/wp-content\/uploads\/2021\/10\/MEDI-PEEL-Peptide-9-hyaluronik-volum-eye-cream-1.jpg",1200,1200,false],"thumbnail":["https:\/\/medipeel.rs\/wp-content\/uploads\/2021\/10\/MEDI-PEEL-Peptide-9-hyaluronik-volum-eye-cream-1-150x150.jpg",150,150,true],"medium":["https:\/\/medipeel.rs\/wp-content\/uploads\/2021\/10\/MEDI-PEEL-Peptide-9-hyaluronik-volum-eye-cream-1-300x300.jpg",300,300,true],"medium_large":["https:\/\/medipeel.rs\/wp-content\/uploads\/2021\/10\/MEDI-PEEL-Peptide-9-hyaluronik-volum-eye-cream-1-768x768.jpg",768,768,true],"large":["https:\/\/medipeel.rs\/wp-content\/uploads\/2021\/10\/MEDI-PEEL-Peptide-9-hyaluronik-volum-eye-cream-1-1024x1024.jpg",1024,1024,true],"1536x1536":["https:\/\/medipeel.rs\/wp-content\/uploads\/2021\/10\/MEDI-PEEL-Peptide-9-hyaluronik-volum-eye-cream-1.jpg",1200,1200,false],"2048x2048":["https:\/\/medipeel.rs\/wp-content\/uploads\/2021\/10\/MEDI-PEEL-Peptide-9-hyaluronik-volum-eye-cream-1.jpg",1200,1200,false],"trp-custom-language-flag":["https:\/\/medipeel.rs\/wp-content\/uploads\/2021\/10\/MEDI-PEEL-Peptide-9-hyaluronik-volum-eye-cream-1-12x12.jpg",12,12,true],"vcmegaposts-masonry":["https:\/\/medipeel.rs\/wp-content\/uploads\/2021\/10\/MEDI-PEEL-Peptide-9-hyaluronik-volum-eye-cream-1.jpg",500,500,false],"vcmegaposts-normal":["https:\/\/medipeel.rs\/wp-content\/uploads\/2021\/10\/MEDI-PEEL-Peptide-9-hyaluronik-volum-eye-cream-1.jpg",800,800,false],"vcmegaposts-type1":["https:\/\/medipeel.rs\/wp-content\/uploads\/2021\/10\/MEDI-PEEL-Peptide-9-hyaluronik-volum-eye-cream-1.jpg",500,500,false],"woocommerce_thumbnail":["https:\/\/medipeel.rs\/wp-content\/uploads\/2021\/10\/MEDI-PEEL-Peptide-9-hyaluronik-volum-eye-cream-1-450x600.jpg",450,600,true],"woocommerce_single":["https:\/\/medipeel.rs\/wp-content\/uploads\/2021\/10\/MEDI-PEEL-Peptide-9-hyaluronik-volum-eye-cream-1-600x600.jpg",600,600,true],"woocommerce_gallery_thumbnail":["https:\/\/medipeel.rs\/wp-content\/uploads\/2021\/10\/MEDI-PEEL-Peptide-9-hyaluronik-volum-eye-cream-1-100x100.jpg",100,100,true]},"post_excerpt_stackable":"<p>\u041e\u043c\u043e\u043b\u0430\u0436\u0438\u0432\u0430\u044e\u0449\u0438\u0439 \u043a\u0440\u0435\u043c \u0434\u043b\u044f \u0432\u0435\u043a \u0441 \u043f\u0435\u043f\u0442\u0438\u0434\u0430\u043c\u0438. 40ml<\/p>\n","category_list":"","author_info":{"name":"","url":""},"comments_num":"0 comments","jetpack_sharing_enabled":true,"_links":{"self":[{"href":"https:\/\/medipeel.rs\/sr\/wp-json\/wp\/v2\/product\/2302"}],"collection":[{"href":"https:\/\/medipeel.rs\/sr\/wp-json\/wp\/v2\/product"}],"about":[{"href":"https:\/\/medipeel.rs\/sr\/wp-json\/wp\/v2\/types\/product"}],"version-history":[{"count":6,"href":"https:\/\/medipeel.rs\/sr\/wp-json\/wp\/v2\/product\/2302\/revisions"}],"predecessor-version":[{"id":6678,"href":"https:\/\/medipeel.rs\/sr\/wp-json\/wp\/v2\/product\/2302\/revisions\/6678"}],"wp:featuredmedia":[{"embeddable":true,"href":"https:\/\/medipeel.rs\/sr\/wp-json\/wp\/v2\/media\/2303"}],"wp:attachment":[{"href":"https:\/\/medipeel.rs\/sr\/wp-json\/wp\/v2\/media?parent=2302"}],"wp:term":[{"taxonomy":"product_cat","embeddable":true,"href":"https:\/\/medipeel.rs\/sr\/wp-json\/wp\/v2\/product_cat?post=2302"},{"taxonomy":"product_tag","embeddable":true,"href":"https:\/\/medipeel.rs\/sr\/wp-json\/wp\/v2\/product_tag?post=2302"}],"curies":[{"name":"wp","href":"https:\/\/api.w.org\/{rel}","templated":true}]}}