{"id":2320,"date":"2021-08-27T16:59:50","date_gmt":"2021-08-27T13:59:50","guid":{"rendered":"https:\/\/medipeel.rs\/?post_type=product&#038;p=2320"},"modified":"2024-09-25T11:59:52","modified_gmt":"2024-09-25T09:59:52","slug":"medi-peel-bor-tox-peptide-ampoule","status":"publish","type":"product","link":"https:\/\/medipeel.rs\/sr\/\u043f\u0440\u043e\u0438\u0437\u0432\u043e\u0434\/medi-peel-bor-tox-peptide-ampoule\/","title":{"rendered":"Medi-Peel Bor-Tox Peptide Ampoule"},"content":{"rendered":"<p class=\" translation-block\">Visoko koncentrovana  ampula sa peptidnim kompleksom ima botoks efekat, primetno izgla\u0111uje mimi\u010dne bore,  smanjuje dubinu bora u predelu nasolabijalnih nabora, bora smejalica oko o\u010diju, u predelu izme\u0111u obrva i ispod o\u010diju. Povec\u0301a \u010dvrstinu i elasti\u010dnost ko\u017ee, zate\u017ee i ja\u010da oval lica i usporava proces starenja.  Normalizuje ravnote\u017eu vode i masti, odr\u017eava optimalan nivo vlage u c\u0301elijama epiderme, elimini\u0161e suvoc\u0301u i lju\u0161tenje. Proizvod poma\u017ee kako u borbi protiv postojec\u0301ih bora tako i spre\u010dava pojavu novih. <br>\nVoljufilin je savremeni aktivni sastojak, ekstrakt korena Anemarrhenae asphodeloides koji efikasno stimuli\u0161e adipocite - \u0107elije koje \u010dine ve\u0107inu masnog tkiva. Upotreba volufilina dovodi do pove\u0107anja (densifikacije) masnog tkiva. Daje vidljiv kozmeti\u010dki efekat lipofilinga. Daje ko\u017ei \u010dvrstinu i obim, popunjava praznine, reguli\u0161e proces nakupljanja lipida i zagla\u0111uje ko\u017eu. <br>\nKompleks od 5 peptida podsti\u0107e ja\u010danje kontura lica, pobolj\u0161avaju\u0107i ukupni tonus ko\u017ee, ja\u010da kolagena vlakana.<br>\nEnzimi laktobacila osvetljavaju, vla\u017ee, elimini\u0161u crvenilo, reguli\u0161u proizvodnju melanina u epidermisu, ne\u017eno eksfoliraju stratum corneum i ubrzavaju procese regeneracije.<br>\nHijaluronska kiselina, koja prodire duboko u epidermis, elimini\u0161e dehidraciju ko\u017ee, nadokna\u0111uje nedostatak vlage, elimini\u0161e suvoc\u0301u i \u0161titi ko\u017eu od starenja.<\/p>\n<p><strong style=\"font-weight: bolder; margin: 0px; padding: 0px; font-family: Montserrat, -apple-system, BlinkMacSystemFont, Arial, Helvetica,;\">Na\u010din upotrebe:<\/strong><span style=\"font-family: Montserrat,-apple-system,BlinkMacSystemFont,Arial,Helvetica,;\"> na o\u010di\u0161c\u0301enu i toniziranu ko\u017eu ne\u017eno naneti ve\u0107u koli\u010dinu proizvoda i laganim masa\u017enim pokretima umasirati na lice.<\/span><\/p>\n<hr \/>\n<div><em><strong><em>Sastojci:<\/em><\/strong><\/em><em> Water, Butylene Glycol, Hydrogenated Polyisobutene, 1,2-Hexanediol, Hydrolyzed Collagen, Polyacrylamide, Lactobacillus\/Pumpkin Ferment Extract, Lactobacillus\/Soybean Ferment Extract, C13-14 Isoparaffin, Polysorbate 20, Arginine, Lactobacillus\/Punica Granatum Fruit Ferment Extract, Lactobacillus\/Wasabia Japonica Root Ferment Extract, Sodium Hyaluronate, Ethylhexylglycerin, Saccharomyces\/Grape Ferment Extract, Carbomer, Allantoin, Acrylates\/C10-30 Alkyl Acrylate Crosspolymer, Saccharomyces Ferment Filtrate, Laureth-7, Bifida Ferment Lysate, Disodium EDTA, Adenosine, Leontopodium Alpinum Callus Culture Extract, Fragrance, Hydrolyzed Elastin, Gardenia Florida Fruit Extract, Anemarrhena Asphodeloides Root Extract, Inonotus Obliquus (Mushroom) Extract, Elaeis Guineensis (Palm) Oil, Copper Tripeptide-1, Acetyl Hexapeptide-8, Oligopeptide-32, Oligopeptide-29, Palmitoyl Pentapeptide-4<\/em><\/div>","protected":false},"excerpt":{"rendered":"<p>Lifting-ampula sa kompleksom peptida. 30ml<\/p>","protected":false},"featured_media":6070,"template":"","meta":[],"product_cat":[311,301,342,386,261,317],"product_tag":[310],"featured_image_urls":{"full":["https:\/\/medipeel.rs\/wp-content\/uploads\/2021\/08\/bor-tox-ampoule.jpg",800,800,false],"thumbnail":["https:\/\/medipeel.rs\/wp-content\/uploads\/2021\/08\/bor-tox-ampoule-150x150.jpg",150,150,true],"medium":["https:\/\/medipeel.rs\/wp-content\/uploads\/2021\/08\/bor-tox-ampoule-300x300.jpg",300,300,true],"medium_large":["https:\/\/medipeel.rs\/wp-content\/uploads\/2021\/08\/bor-tox-ampoule-768x768.jpg",768,768,true],"large":["https:\/\/medipeel.rs\/wp-content\/uploads\/2021\/08\/bor-tox-ampoule.jpg",800,800,false],"1536x1536":["https:\/\/medipeel.rs\/wp-content\/uploads\/2021\/08\/bor-tox-ampoule.jpg",800,800,false],"2048x2048":["https:\/\/medipeel.rs\/wp-content\/uploads\/2021\/08\/bor-tox-ampoule.jpg",800,800,false],"trp-custom-language-flag":["https:\/\/medipeel.rs\/wp-content\/uploads\/2021\/08\/bor-tox-ampoule-12x12.jpg",12,12,true],"vcmegaposts-masonry":["https:\/\/medipeel.rs\/wp-content\/uploads\/2021\/08\/bor-tox-ampoule-500x500.jpg",500,500,true],"vcmegaposts-normal":["https:\/\/medipeel.rs\/wp-content\/uploads\/2021\/08\/bor-tox-ampoule.jpg",800,800,false],"vcmegaposts-type1":["https:\/\/medipeel.rs\/wp-content\/uploads\/2021\/08\/bor-tox-ampoule-800x500.jpg",800,500,true],"woocommerce_thumbnail":["https:\/\/medipeel.rs\/wp-content\/uploads\/2021\/08\/bor-tox-ampoule-450x600.jpg",450,600,true],"woocommerce_single":["https:\/\/medipeel.rs\/wp-content\/uploads\/2021\/08\/bor-tox-ampoule-600x600.jpg",600,600,true],"woocommerce_gallery_thumbnail":["https:\/\/medipeel.rs\/wp-content\/uploads\/2021\/08\/bor-tox-ampoule-100x100.jpg",100,100,true]},"post_excerpt_stackable":"<p>\u041b\u0438\u0444\u0442\u0438\u043d\u0433-\u0430\u043c\u043f\u0443\u043b\u0430 \u0441 \u043f\u0435\u043f\u0442\u0438\u0434\u043d\u044b\u043c \u043a\u043e\u043c\u043f\u043b\u0435\u043a\u0441\u043e\u043c \u0438 \u044d\u0444\u0444\u0435\u043a\u0442\u043e\u043c \u0431\u043e\u0442\u043e\u043a\u0441\u0430. 30ml<\/p>\n","category_list":"","author_info":{"name":"","url":""},"comments_num":"0 comments","jetpack_sharing_enabled":true,"_links":{"self":[{"href":"https:\/\/medipeel.rs\/sr\/wp-json\/wp\/v2\/product\/2320"}],"collection":[{"href":"https:\/\/medipeel.rs\/sr\/wp-json\/wp\/v2\/product"}],"about":[{"href":"https:\/\/medipeel.rs\/sr\/wp-json\/wp\/v2\/types\/product"}],"version-history":[{"count":5,"href":"https:\/\/medipeel.rs\/sr\/wp-json\/wp\/v2\/product\/2320\/revisions"}],"predecessor-version":[{"id":7069,"href":"https:\/\/medipeel.rs\/sr\/wp-json\/wp\/v2\/product\/2320\/revisions\/7069"}],"wp:featuredmedia":[{"embeddable":true,"href":"https:\/\/medipeel.rs\/sr\/wp-json\/wp\/v2\/media\/6070"}],"wp:attachment":[{"href":"https:\/\/medipeel.rs\/sr\/wp-json\/wp\/v2\/media?parent=2320"}],"wp:term":[{"taxonomy":"product_cat","embeddable":true,"href":"https:\/\/medipeel.rs\/sr\/wp-json\/wp\/v2\/product_cat?post=2320"},{"taxonomy":"product_tag","embeddable":true,"href":"https:\/\/medipeel.rs\/sr\/wp-json\/wp\/v2\/product_tag?post=2320"}],"curies":[{"name":"wp","href":"https:\/\/api.w.org\/{rel}","templated":true}]}}