{"id":2328,"date":"2021-08-27T17:09:41","date_gmt":"2021-08-27T15:09:41","guid":{"rendered":"https:\/\/medipeel.rs\/?post_type=product&#038;p=2328"},"modified":"2025-06-17T12:40:27","modified_gmt":"2025-06-17T10:40:27","slug":"medi-peel-peptide-9-volume-tox-cream","status":"publish","type":"product","link":"https:\/\/medipeel.rs\/sr\/\u043f\u0440\u043e\u0438\u0437\u0432\u043e\u0434\/medi-peel-peptide-9-volume-tox-cream\/","title":{"rendered":"Medi-Peel Peptide 9 Volume Tox Cream"},"content":{"rendered":"<p style=\"text-align: left;\" class=\" translation-block\">Inovativni peptidni kompleks pobolj\u0161ava funkcionisanje svih c\u0301elijskih sistema, \u0161titi ko\u017eu od dehidracije i agresivnih faktora okoline, isporu\u010duje aktivne komponente kozmetike duboko u dermis, stoga ne samo da ima povr\u0161inski efekat protiv starenja, vec\u0301 i zna\u010dajno usporava proces starenja ko\u017ee. Bogati peptidni kompleks stimuli\u0161e sintezu proteina, tako da ko\u017ea postaje glatka, podatna, ponovo navla\u017eena, dubina bora se smanjuje i ko\u017ea izgleda mla\u0111e. Malina keton daje ko\u017ei glatkoc\u0301u i elasti\u010dnost, stimuli\u0161e metabolizam, obnavlja, podmla\u0111uje i tonizira. \u0160titi ko\u017eu od \u0161tetnih uticaja okoline, su\u017eava pore. Zahvaljujuc\u0301i ekstraktu eukaliptusa, koji sadr\u017ei eteri\u010dno ulje, tanine, flavonoide, karotenoide, hlorofil, krema ima protivupalna, lekovita, umirujuc\u0301a i toni\u010dna svojstva.<\/p>\n<p><strong>Na\u010din upotrebe:<\/strong> Nanesite kremu na prethodno o\u010di\u0161c\u0301enu ko\u017eu, utrljajte nje\u017enim pokretima dok se potpuno ne upije.<\/p>\n<hr \/>\n<div><em><strong><em>Sastojci:<\/em><\/strong> Water, Methylpropanediol, Glycerin, Dimethicone, Cyclopentasiloxane, 1,2-Hexanediol, Caprylic\/Capric Triglyceride, Cetearyl Alcohol, Cetearyl Olivate, Cyclohexasiloxane, Sorbitan Olivate, Glyceryl Stearate, Pentaerythrityl Tetraisostearate, PEG-100 Stearate, Cetearyl Glucoside, Arginine, Carbomer, Sodium Acrylate\/Sodium Acryloyldimethyl Taurate Copolymer, Isohexadecane, Trehalose, Helianthus Annuus (Sunflower) Seed Oil, Xanthan Gum, Adenosine, Polysorbate 80, Sodium Hyaluronate, Disodium EDTA, Sorbitan Oleate, Glycine Soja (Soybean) Oil, Desamido Collagen, Juniperus Communis Fruit Extract, Magnolia Officinalis Bark Extract, Eucalyptus Globulus Leaf Extract, Fructan, Hydrolyzed Collagen, Butylene Glycol, Fragrance, Hydrogenated Polyisobutene, Bixa Orellana Seed Oil, Propanediol, Glyceryl Polymethacrylate, Sodium Hyaluronate Crosspolymer, Sorbitan Laurate, Propylene Glycol, Hydrolyzed Glycosaminoglycans, Nonoxynol-12, Phenoxyethanol, Chondrus Crispus Extract, Tocopherol, Hydroxyethylcellulose, Benzyl Glycol, Acetyl Dipeptide-1 Cetyl Ester, Astaxanthin, Ethyl Hexanediol, Hydrolyzed Elastin, Hydrolyzed Hyaluronic Acid, Ethylhexylglycerin, Palmitoyl Tripeptide-5, Caprylyl Glycol, Anemarrhena Asphodeloides Root Extract, Acetyl Hexapeptide-8, Copper Tripeptide-1, Palmitoyl Pentapeptide-4, Hyaluronic Acid, Acetyl Octapeptide-3, Palmitoyl Tetrapeptide-7, Hexapeptide-9, Raspberry Ketone, Palmitoyl Oligopeptide, Palmitoyl Tripeptide-1<\/em><\/div>","protected":false},"excerpt":{"rendered":"<p>Lifting-krema sa peptidima. 50ml<\/p>","protected":false},"featured_media":2329,"template":"","meta":[],"product_cat":[385,311,342,346,386],"product_tag":[308],"featured_image_urls":{"full":["https:\/\/medipeel.rs\/wp-content\/uploads\/2021\/10\/MEDI-PEEL-Peptide-9-volume-tox-cream-1.jpg",1200,1200,false],"thumbnail":["https:\/\/medipeel.rs\/wp-content\/uploads\/2021\/10\/MEDI-PEEL-Peptide-9-volume-tox-cream-1-150x150.jpg",150,150,true],"medium":["https:\/\/medipeel.rs\/wp-content\/uploads\/2021\/10\/MEDI-PEEL-Peptide-9-volume-tox-cream-1-300x300.jpg",300,300,true],"medium_large":["https:\/\/medipeel.rs\/wp-content\/uploads\/2021\/10\/MEDI-PEEL-Peptide-9-volume-tox-cream-1-768x768.jpg",768,768,true],"large":["https:\/\/medipeel.rs\/wp-content\/uploads\/2021\/10\/MEDI-PEEL-Peptide-9-volume-tox-cream-1-1024x1024.jpg",1024,1024,true],"1536x1536":["https:\/\/medipeel.rs\/wp-content\/uploads\/2021\/10\/MEDI-PEEL-Peptide-9-volume-tox-cream-1.jpg",1200,1200,false],"2048x2048":["https:\/\/medipeel.rs\/wp-content\/uploads\/2021\/10\/MEDI-PEEL-Peptide-9-volume-tox-cream-1.jpg",1200,1200,false],"trp-custom-language-flag":["https:\/\/medipeel.rs\/wp-content\/uploads\/2021\/10\/MEDI-PEEL-Peptide-9-volume-tox-cream-1-12x12.jpg",12,12,true],"vcmegaposts-masonry":["https:\/\/medipeel.rs\/wp-content\/uploads\/2021\/10\/MEDI-PEEL-Peptide-9-volume-tox-cream-1.jpg",500,500,false],"vcmegaposts-normal":["https:\/\/medipeel.rs\/wp-content\/uploads\/2021\/10\/MEDI-PEEL-Peptide-9-volume-tox-cream-1.jpg",800,800,false],"vcmegaposts-type1":["https:\/\/medipeel.rs\/wp-content\/uploads\/2021\/10\/MEDI-PEEL-Peptide-9-volume-tox-cream-1.jpg",500,500,false],"woocommerce_thumbnail":["https:\/\/medipeel.rs\/wp-content\/uploads\/2021\/10\/MEDI-PEEL-Peptide-9-volume-tox-cream-1-450x600.jpg",450,600,true],"woocommerce_single":["https:\/\/medipeel.rs\/wp-content\/uploads\/2021\/10\/MEDI-PEEL-Peptide-9-volume-tox-cream-1-600x600.jpg",600,600,true],"woocommerce_gallery_thumbnail":["https:\/\/medipeel.rs\/wp-content\/uploads\/2021\/10\/MEDI-PEEL-Peptide-9-volume-tox-cream-1-100x100.jpg",100,100,true]},"post_excerpt_stackable":"<p>\u041e\u043c\u043e\u043b\u0430\u0436\u0438\u0432\u0430\u044e\u0449\u0438\u0439 \u043a\u0440\u0435\u043c \u0441 \u043f\u0435\u043f\u0442\u0438\u0434\u0430\u043c\u0438. 50ml<\/p>\n","category_list":"","author_info":{"name":"","url":""},"comments_num":"0 comments","jetpack_sharing_enabled":true,"_links":{"self":[{"href":"https:\/\/medipeel.rs\/sr\/wp-json\/wp\/v2\/product\/2328"}],"collection":[{"href":"https:\/\/medipeel.rs\/sr\/wp-json\/wp\/v2\/product"}],"about":[{"href":"https:\/\/medipeel.rs\/sr\/wp-json\/wp\/v2\/types\/product"}],"version-history":[{"count":1,"href":"https:\/\/medipeel.rs\/sr\/wp-json\/wp\/v2\/product\/2328\/revisions"}],"predecessor-version":[{"id":4893,"href":"https:\/\/medipeel.rs\/sr\/wp-json\/wp\/v2\/product\/2328\/revisions\/4893"}],"wp:featuredmedia":[{"embeddable":true,"href":"https:\/\/medipeel.rs\/sr\/wp-json\/wp\/v2\/media\/2329"}],"wp:attachment":[{"href":"https:\/\/medipeel.rs\/sr\/wp-json\/wp\/v2\/media?parent=2328"}],"wp:term":[{"taxonomy":"product_cat","embeddable":true,"href":"https:\/\/medipeel.rs\/sr\/wp-json\/wp\/v2\/product_cat?post=2328"},{"taxonomy":"product_tag","embeddable":true,"href":"https:\/\/medipeel.rs\/sr\/wp-json\/wp\/v2\/product_tag?post=2328"}],"curies":[{"name":"wp","href":"https:\/\/api.w.org\/{rel}","templated":true}]}}