{"id":2444,"date":"2021-10-11T01:04:58","date_gmt":"2021-10-10T22:04:58","guid":{"rendered":"https:\/\/medipeel.rs\/?post_type=product&#038;p=2444"},"modified":"2025-02-24T18:17:20","modified_gmt":"2025-02-24T17:17:20","slug":"medi-peel-vitamin-drbody-wash","status":"publish","type":"product","link":"https:\/\/medipeel.rs\/sr\/\u043f\u0440\u043e\u0438\u0437\u0432\u043e\u0434\/medi-peel-vitamin-drbody-wash\/","title":{"rendered":"Medi-Peel Vitamin Dr.Body Wash"},"content":{"rendered":"<p class=\" translation-block\">Gel za \u010di\u0161c\u0301enje tela idealan je za svakodnevno \u010di\u0161c\u0301enje ko\u017ee od ne\u010distoc\u0301a. Zahvaljujuc\u0301i prirodnim sastojcima u sastavu, gel c\u0301e dati \u010distoc\u0301u i sve\u017einu. U\u010dinic\u0301e suvu i grubu ko\u017eu glatkom i hidratizovanom, osloboditi je stresa i dati joj lagani citrusni miris zelenih mandarina koji c\u0301e dugo ostati na va\u0161oj ko\u017ei. Inovativno sertifikovano sredstvo Aktiporin 8G (uzgoj morske alge Jania Rubens u bioreaktoru) ima efikasnu detoksikaciju mitohondrija, normalizuje snabdevanje c\u0301elija energijom, povec\u0301ava sintezu kolagena, zate\u017ee ko\u017eu, normalizuje funkcionisanje c\u0301elija masnog tkiva. Ima anticelulitni efekat zahvaljujuc\u0301i kombinaciji dva procesa koji se odvijaju istovremeno: smanjenje masnog tkiva i ja\u010danje ko\u017ee. Hidrolat od pasjeg trna ima hidratantni i hranljivi efekat. Antioksidativna aktivnost; poma\u017ee u otklanjanju iritacije, svraba, crvenila i suvoc\u0301e ko\u017ee, daje joj elasti\u010dnost i spre\u010dava prevremeno starenje. Ekstrakt od mladih mandarina se dobija hidrotermalnom ekstrakcijom, \u0161to omoguc\u0301ava da se sa\u010duvaju sve aktivne supstance. Spre\u010dava uni\u0161tavanje c\u0301elijske membrane, ima odli\u010dan toniraju\u010di efekat, spre\u010dava starenje i preranu mlohavost ko\u017ee, poma\u017ee u vrac\u0301anju mladosti i lepote iste. Patentirani vitaminski kompleks, koji se sastoji od 12 lipozomalnih vitamina, lako prodire u dublje slojeve ko\u017ee, hrani je, hidrira i vrac\u0301a zdrav sjaj, stimuli\u0161u\u0107i regeneraciju, tako\u0111e ima sna\u017ean antioksidativni efekat.<\/p>\n<p><strong>Na\u010din upotrebe:<\/strong>\u00a0Uzeti malu koli\u010dinu proizvoda napraviti penu i naneti na vla\u017enu ko\u017eu, umasirati, zatim isprati sa toplom vodom.<\/p>\n<hr \/>\n<div><em><strong><em>Sastojci:<\/em><\/strong>\u00a0<span data-sheets-value=\"{&quot;1&quot;:2,&quot;2&quot;:&quot;Water, Ammonium Laureth Sulfate, Glycerin, Acrylates Copolymer, Glycol Distearate, Fragrance, Disodium Laureth Sulfosuccinate, Butylene Glycol, Caprylic\/Capric Triglyceride, Cetearyl Alcohol, Sea Water, Hippophae Rhamnoides Water(150 ppm), Hamamelis Virginiana (Witch Hazel) Water, Hamamelis Virginiana (Witch Hazel) Leaf Water, Hamamelis Virginiana (Witch Hazel) Leaf Extract, Centella Asiatica Extract, Diospyros Kaki Leaf Extract, Vitis Vinifera (Grape) Fruit Extract, Carthamus Tinctorius (Safflower) Flower Extract, Coffea Arabica (Coffee) Seed Extract, Polygonum Cuspidatum Root Extract, Camellia Sinensis Leaf Extract, Castanea Crenata (Chestnut) Shell Extract, Zanthoxylum Schinifolium Leaf Extract, Paullinia Cupana Seed Extract, Pyrus Malus (Apple) Fruit Extract, Citrus Unshiu Fruit Extract, Citrus Unshiu Peel Extract, Citrus Aurantium Dulcis (Orange) Peel Extract, Citrus Paradisi (Grapefruit) Peel Extract, Hibiscus Sabdariffa Flower Extract, Melissa Officinalis Leaf Extract, Jania Rubens Extract, Adansonia Digitata Seed Extract, Salix Alba (Willow) Bark Extract, Origanum Vulgare Leaf Extract, Chamaecyparis Obtusa Leaf Extract, Lactobacillus\/Soybean Ferment Extract, Portulaca Oleracea Extract, Cinnamomum Cassia Bark Extract, Scutellaria Baicalensis Root Extract, Microcrystalline Cellulose, Phosphatidylcholine, Hydrogenated Phosphatidylcholine, Caffeine, Carnitine, Cysteic Acid, Sucrose, Sea Salt, Ascorbic Acid(10 ppm), Panthenol(10 ppm), Sodium Ascorbyl Phosphate(5,000 ppb), Niacinamide(1,000 ppb), Biotin(100 ppb), Folic Acid(100 ppb), Pyridoxine(100 ppb), Tocopherol(40 ppb), Cyanocobalamin(10 ppb), Linoleic Acid(1 ppb), Riboflavin(1 ppb), Beta-Carotene(1 ppb), Thiamine HCl(1 ppb), Calcium Pantetheine Sulfonate, Ceramide NP, Ceramide AS, Ceramide NS, Ceramide AP, Ceramide EOP, Sodium Hyaluronate, Sucrose Stearate, Maltodextrin, Sodium Lauryl Sulfoacetate, Potassium Hydroxide, Hydrogenated Lecithin, Polyglyceryl-10 Stearate, Madecassic Acid, Asiaticoside, Asiatic Acid, Madecassoside, Betaine, Allantoin, Disodium EDTA, Sodium Benzoate, Caprylyl Glycol, 1,2-Hexanediol, Ethylhexylglycerin, CI 19140, Alpha-Isomethyl Ionone, Citral, Limonene, Linalool&quot;}\" data-sheets-userformat=\"{&quot;2&quot;:15293,&quot;3&quot;:{&quot;1&quot;:0},&quot;5&quot;:{&quot;1&quot;:[{&quot;1&quot;:2,&quot;2&quot;:0,&quot;5&quot;:{&quot;1&quot;:2,&quot;2&quot;:0}},{&quot;1&quot;:0,&quot;2&quot;:0,&quot;3&quot;:3},{&quot;1&quot;:1,&quot;2&quot;:0,&quot;4&quot;:1}]},&quot;6&quot;:{&quot;1&quot;:[{&quot;1&quot;:2,&quot;2&quot;:0,&quot;5&quot;:{&quot;1&quot;:2,&quot;2&quot;:0}},{&quot;1&quot;:0,&quot;2&quot;:0,&quot;3&quot;:3},{&quot;1&quot;:1,&quot;2&quot;:0,&quot;4&quot;:1}]},&quot;7&quot;:{&quot;1&quot;:[{&quot;1&quot;:2,&quot;2&quot;:0,&quot;5&quot;:{&quot;1&quot;:2,&quot;2&quot;:0}},{&quot;1&quot;:0,&quot;2&quot;:0,&quot;3&quot;:3},{&quot;1&quot;:1,&quot;2&quot;:0,&quot;4&quot;:1}]},&quot;8&quot;:{&quot;1&quot;:[{&quot;1&quot;:2,&quot;2&quot;:0,&quot;5&quot;:{&quot;1&quot;:2,&quot;2&quot;:0}},{&quot;1&quot;:0,&quot;2&quot;:0,&quot;3&quot;:3},{&quot;1&quot;:1,&quot;2&quot;:0,&quot;4&quot;:1}]},&quot;10&quot;:1,&quot;11&quot;:3,&quot;12&quot;:0,&quot;14&quot;:{&quot;1&quot;:3,&quot;3&quot;:1},&quot;15&quot;:&quot;Calibri&quot;,&quot;16&quot;:9}\">Water, Ammonium Laureth Sulfate, Glycerin, Acrylates Copolymer, Glycol Distearate, Fragrance, Disodium Laureth Sulfosuccinate, Butylene Glycol, Caprylic\/Capric Triglyceride, Cetearyl Alcohol, Sea Water, Hippophae Rhamnoides Water(150 ppm), Hamamelis Virginiana (Witch Hazel) Water, Hamamelis Virginiana (Witch Hazel) Leaf Water, Hamamelis Virginiana (Witch Hazel) Leaf Extract, Centella Asiatica Extract, Diospyros Kaki Leaf Extract, Vitis Vinifera (Grape) Fruit Extract, Carthamus Tinctorius (Safflower) Flower Extract, Coffea Arabica (Coffee) Seed Extract, Polygonum Cuspidatum Root Extract, Camellia Sinensis Leaf Extract, Castanea Crenata (Chestnut) Shell Extract, Zanthoxylum Schinifolium Leaf Extract, Paullinia Cupana Seed Extract, Pyrus Malus (Apple) Fruit Extract, Citrus Unshiu Fruit Extract, Citrus Unshiu Peel Extract, Citrus Aurantium Dulcis (Orange) Peel Extract, Citrus Paradisi (Grapefruit) Peel Extract, Hibiscus Sabdariffa Flower Extract, Melissa Officinalis Leaf Extract, Jania Rubens Extract, Adansonia Digitata Seed Extract, Salix Alba (Willow) Bark Extract, Origanum Vulgare Leaf Extract, Chamaecyparis Obtusa Leaf Extract, Lactobacillus\/Soybean Ferment Extract, Portulaca Oleracea Extract, Cinnamomum Cassia Bark Extract, Scutellaria Baicalensis Root Extract, Microcrystalline Cellulose, Phosphatidylcholine, Hydrogenated Phosphatidylcholine, Caffeine, Carnitine, Cysteic Acid, Sucrose, Sea Salt, Ascorbic Acid(10 ppm), Panthenol(10 ppm), Sodium Ascorbyl Phosphate(5,000 ppb), Niacinamide(1,000 ppb), Biotin(100 ppb), Folic Acid(100 ppb), Pyridoxine(100 ppb), Tocopherol(40 ppb), Cyanocobalamin(10 ppb), Linoleic Acid(1 ppb), Riboflavin(1 ppb), Beta-Carotene(1 ppb), Thiamine HCl(1 ppb), Calcium Pantetheine Sulfonate, Ceramide NP, Ceramide AS, Ceramide NS, Ceramide AP, Ceramide EOP, Sodium Hyaluronate, Sucrose Stearate, Maltodextrin, Sodium Lauryl Sulfoacetate, Potassium Hydroxide, Hydrogenated Lecithin, Polyglyceryl-10 Stearate, Madecassic Acid, Asiaticoside, Asiatic Acid, Madecassoside, Betaine, Allantoin, Disodium EDTA, Sodium Benzoate, Caprylyl Glycol, 1,2-Hexanediol, Ethylhexylglycerin, CI 19140, Alpha-Isomethyl Ionone, Citral, Limonene, Linalool<\/span><\/em><\/div>","protected":false},"excerpt":{"rendered":"<p>Vitaminski gel za \u010di\u0161c\u0301enje tela. 500ml<\/p>","protected":false},"featured_media":4891,"template":"","meta":[],"product_cat":[279,350],"product_tag":[319],"featured_image_urls":{"full":["https:\/\/medipeel.rs\/wp-content\/uploads\/2021\/10\/medi-peel-vitamin-dr.body-wash.jpg",640,640,false],"thumbnail":["https:\/\/medipeel.rs\/wp-content\/uploads\/2021\/10\/medi-peel-vitamin-dr.body-wash-150x150.jpg",150,150,true],"medium":["https:\/\/medipeel.rs\/wp-content\/uploads\/2021\/10\/medi-peel-vitamin-dr.body-wash-300x300.jpg",300,300,true],"medium_large":["https:\/\/medipeel.rs\/wp-content\/uploads\/2021\/10\/medi-peel-vitamin-dr.body-wash.jpg",640,640,false],"large":["https:\/\/medipeel.rs\/wp-content\/uploads\/2021\/10\/medi-peel-vitamin-dr.body-wash.jpg",640,640,false],"1536x1536":["https:\/\/medipeel.rs\/wp-content\/uploads\/2021\/10\/medi-peel-vitamin-dr.body-wash.jpg",640,640,false],"2048x2048":["https:\/\/medipeel.rs\/wp-content\/uploads\/2021\/10\/medi-peel-vitamin-dr.body-wash.jpg",640,640,false],"trp-custom-language-flag":["https:\/\/medipeel.rs\/wp-content\/uploads\/2021\/10\/medi-peel-vitamin-dr.body-wash-12x12.jpg",12,12,true],"vcmegaposts-masonry":["https:\/\/medipeel.rs\/wp-content\/uploads\/2021\/10\/medi-peel-vitamin-dr.body-wash-500x500.jpg",500,500,true],"vcmegaposts-normal":["https:\/\/medipeel.rs\/wp-content\/uploads\/2021\/10\/medi-peel-vitamin-dr.body-wash.jpg",640,640,false],"vcmegaposts-type1":["https:\/\/medipeel.rs\/wp-content\/uploads\/2021\/10\/medi-peel-vitamin-dr.body-wash-640x500.jpg",640,500,true],"woocommerce_thumbnail":["https:\/\/medipeel.rs\/wp-content\/uploads\/2021\/10\/medi-peel-vitamin-dr.body-wash-450x600.jpg",450,600,true],"woocommerce_single":["https:\/\/medipeel.rs\/wp-content\/uploads\/2021\/10\/medi-peel-vitamin-dr.body-wash-600x600.jpg",600,600,true],"woocommerce_gallery_thumbnail":["https:\/\/medipeel.rs\/wp-content\/uploads\/2021\/10\/medi-peel-vitamin-dr.body-wash-100x100.jpg",100,100,true]},"post_excerpt_stackable":"<p>\u0412\u0438\u0442\u0430\u043c\u0438\u043d\u043d\u044b\u0439 \u043e\u0447\u0438\u0449\u0430\u044e\u0449\u0438\u0439 \u0433\u0435\u043b\u044c \u0434\u043b\u044f \u0442\u0435\u043b\u0430. 500ml<\/p>\n","category_list":"","author_info":{"name":"","url":""},"comments_num":"0 comments","jetpack_sharing_enabled":true,"_links":{"self":[{"href":"https:\/\/medipeel.rs\/sr\/wp-json\/wp\/v2\/product\/2444"}],"collection":[{"href":"https:\/\/medipeel.rs\/sr\/wp-json\/wp\/v2\/product"}],"about":[{"href":"https:\/\/medipeel.rs\/sr\/wp-json\/wp\/v2\/types\/product"}],"version-history":[{"count":4,"href":"https:\/\/medipeel.rs\/sr\/wp-json\/wp\/v2\/product\/2444\/revisions"}],"predecessor-version":[{"id":7405,"href":"https:\/\/medipeel.rs\/sr\/wp-json\/wp\/v2\/product\/2444\/revisions\/7405"}],"wp:featuredmedia":[{"embeddable":true,"href":"https:\/\/medipeel.rs\/sr\/wp-json\/wp\/v2\/media\/4891"}],"wp:attachment":[{"href":"https:\/\/medipeel.rs\/sr\/wp-json\/wp\/v2\/media?parent=2444"}],"wp:term":[{"taxonomy":"product_cat","embeddable":true,"href":"https:\/\/medipeel.rs\/sr\/wp-json\/wp\/v2\/product_cat?post=2444"},{"taxonomy":"product_tag","embeddable":true,"href":"https:\/\/medipeel.rs\/sr\/wp-json\/wp\/v2\/product_tag?post=2444"}],"curies":[{"name":"wp","href":"https:\/\/api.w.org\/{rel}","templated":true}]}}