{"id":2459,"date":"2021-10-11T01:32:09","date_gmt":"2021-10-10T22:32:09","guid":{"rendered":"https:\/\/medipeel.rs\/?post_type=product&#038;p=2459"},"modified":"2025-12-28T13:27:48","modified_gmt":"2025-12-28T12:27:48","slug":"medi-peel-lif-tox-ampoule","status":"publish","type":"product","link":"https:\/\/medipeel.rs\/sr\/\u043f\u0440\u043e\u0438\u0437\u0432\u043e\u0434\/medi-peel-lif-tox-ampoule\/","title":{"rendered":"Medi-Peel Lif-Tox Ampoule"},"content":{"rendered":"<p class=\" translation-block\">Lifting - ampula sa zlatom i propolisom pove\u0107ava elasti\u010dnost i gusto\u0107u ko\u017ee, zagla\u0111uje bore i \u010dini konture lica izra\u017eenijim. Uklanja opu\u0161tenost i pobolj\u0161ava teksturu ko\u017ee, odr\u017eava optimalan nivo vlage, dubinski hidrira, elimini\u0161e dehidraciju i stimuli\u0161e procese regeneracije i obnove. Ja\u010da za\u0161titnu funkciju, neutrali\u0161e agresivno delovanje slobodnih radikala i usporava proces starenja. Uklanja fleke, pobolj\u0161ava i ujedna\u010dava ten lica. Ampula ima teksturu gela sa zlatnim \u010desticama, brzo se upija uklanjaju\u0107i zatezanje i suvo\u0107u. Zahvaljuju\u0107i prikladnom aplikatoru, nano\u0161enje preparata je olak\u0161ano. Zlato ubrzava procese regeneracije ko\u017ee, pospe\u0161uje brzo zagla\u0111ivanje bora, \u010dine\u0107i ko\u017eu elasti\u010dnom, sjajnom i zdravom. Propolis ima sna\u017ena antibakterijska svojstva koja poma\u017eu u sprje\u010davanju upale. Vra\u0107a hidro-lipidnu ravnote\u017eu ko\u017ee, ja\u010da za\u0161titnu funkciju i \u0161titi je od \u0161tetnih uticaja spoljnih faktora. Uklanja suvu i perutavu ko\u017eu, hrani i omek\u0161ava. Hidrolizirani kolagen obnavlja strukturu epidermisa iznutra, ja\u010da \u010delije i pobolj\u0161ava metabolizam proteina. Podr\u017eava matricu ko\u017ee, zagla\u0111uje bore i nabore. Hidrolizirani elastin pove\u0107ava elasti\u010dnost i glatko\u0107u ko\u017ee, ujedna\u010dava reljef lica. Ve\u017ee vlagu u epidermisu i spre\u010dava njeno isparavanje. Beta-glukan ubla\u017eava upalu, uklanja crvenilo, suvo\u0107u i peckanje. Smanjuje vidljivost bora i nabora na ko\u017ei, zagla\u0111uje mikroreljef.<\/p>\n<p class=\" translation-block\"><b>Upotreba: <\/b>Uklonite prozirnu za\u0161titnu kapicu s ampule. Odvijte \u010dep s aplikatora i njime probu\u0161ite za\u0161titnu membranu ampule. Okrenite ampulu bez uklanjanja aplikatora i izvucite potrebnu koli\u010dinu proizvoda. Stavite ampulu i uklonite aplikator. Nanesite na ko\u017eu i ravnomerno rasporedite dok se potpuno ne upije.<\/p>\n<hr \/>\n<p><em><strong><em>Sastojci:<\/em> <\/strong>Purified water, glycerin, butylene glycol, propanediol, 1,2-hexanediol, pullulan, dipropylene glycol, PVP, panthenol, tromethamine, carbomer, hydrolyzed collagen, polyglyceryl-10 laurate, hydrolyzed elastin, hydroxypropyl methylcellulose, xanthan gum, titanium dioxide, mica, ethylhexylglycerin, adenosine, disodium EDTA, agar, calcium alginate, gellan gum, caprylyl glycol, bergamot oil, propolis extract, lavandin oil, porphyridium cruentum extract, synthetic fluorphlogopite, pomegranate extract, mulberry fruit extract, fig extract, ginkgo extract, kelp extract, sodium hyaluronate, atelocollagen, Oleracea acmella extract, desamidocollagen, tripropylene glycol, glycine, serine, glutamic acid, soluble collagen, propylene glycol, aspartic acid, collagen, leucine, collagen amino acid, alanine, lysine, arginine, tyrosine, phenylalanine, proline, valine, threonine, isoleucine, histidine, methionine, cysteine, procollagen, gold, red iron oxide, yellow 4, yellow 5, limonene, linalool<\/em><\/p>","protected":false},"excerpt":{"rendered":"<p>Lifting-ampula sa zlatom i propolisom. 30ml<\/p>","protected":false},"featured_media":2460,"template":"","meta":[],"product_cat":[323,261,260],"product_tag":[309],"featured_image_urls":{"full":["https:\/\/medipeel.rs\/wp-content\/uploads\/2021\/10\/MEDI-PEEL-lif-tox-ampoule.jpg",1200,1200,false],"thumbnail":["https:\/\/medipeel.rs\/wp-content\/uploads\/2021\/10\/MEDI-PEEL-lif-tox-ampoule-150x150.jpg",150,150,true],"medium":["https:\/\/medipeel.rs\/wp-content\/uploads\/2021\/10\/MEDI-PEEL-lif-tox-ampoule-300x300.jpg",300,300,true],"medium_large":["https:\/\/medipeel.rs\/wp-content\/uploads\/2021\/10\/MEDI-PEEL-lif-tox-ampoule-768x768.jpg",768,768,true],"large":["https:\/\/medipeel.rs\/wp-content\/uploads\/2021\/10\/MEDI-PEEL-lif-tox-ampoule-1024x1024.jpg",1024,1024,true],"1536x1536":["https:\/\/medipeel.rs\/wp-content\/uploads\/2021\/10\/MEDI-PEEL-lif-tox-ampoule.jpg",1200,1200,false],"2048x2048":["https:\/\/medipeel.rs\/wp-content\/uploads\/2021\/10\/MEDI-PEEL-lif-tox-ampoule.jpg",1200,1200,false],"trp-custom-language-flag":["https:\/\/medipeel.rs\/wp-content\/uploads\/2021\/10\/MEDI-PEEL-lif-tox-ampoule-12x12.jpg",12,12,true],"vcmegaposts-masonry":["https:\/\/medipeel.rs\/wp-content\/uploads\/2021\/10\/MEDI-PEEL-lif-tox-ampoule.jpg",500,500,false],"vcmegaposts-normal":["https:\/\/medipeel.rs\/wp-content\/uploads\/2021\/10\/MEDI-PEEL-lif-tox-ampoule.jpg",800,800,false],"vcmegaposts-type1":["https:\/\/medipeel.rs\/wp-content\/uploads\/2021\/10\/MEDI-PEEL-lif-tox-ampoule.jpg",500,500,false],"woocommerce_thumbnail":["https:\/\/medipeel.rs\/wp-content\/uploads\/2021\/10\/MEDI-PEEL-lif-tox-ampoule-450x600.jpg",450,600,true],"woocommerce_single":["https:\/\/medipeel.rs\/wp-content\/uploads\/2021\/10\/MEDI-PEEL-lif-tox-ampoule-600x600.jpg",600,600,true],"woocommerce_gallery_thumbnail":["https:\/\/medipeel.rs\/wp-content\/uploads\/2021\/10\/MEDI-PEEL-lif-tox-ampoule-100x100.jpg",100,100,true]},"post_excerpt_stackable":"<p>\u041b\u0438\u0444\u0442\u0438\u043d\u0433-\u0430\u043c\u043f\u0443\u043b\u0430 \u0441 \u0437\u043e\u043b\u043e\u0442\u043e\u043c \u0438 \u043f\u0440\u043e\u043f\u043e\u043b\u0438\u0441\u043e\u043c. 30ml<\/p>\n","category_list":"","author_info":{"name":"","url":""},"comments_num":"0 comments","jetpack_sharing_enabled":true,"_links":{"self":[{"href":"https:\/\/medipeel.rs\/sr\/wp-json\/wp\/v2\/product\/2459"}],"collection":[{"href":"https:\/\/medipeel.rs\/sr\/wp-json\/wp\/v2\/product"}],"about":[{"href":"https:\/\/medipeel.rs\/sr\/wp-json\/wp\/v2\/types\/product"}],"version-history":[{"count":5,"href":"https:\/\/medipeel.rs\/sr\/wp-json\/wp\/v2\/product\/2459\/revisions"}],"predecessor-version":[{"id":7053,"href":"https:\/\/medipeel.rs\/sr\/wp-json\/wp\/v2\/product\/2459\/revisions\/7053"}],"wp:featuredmedia":[{"embeddable":true,"href":"https:\/\/medipeel.rs\/sr\/wp-json\/wp\/v2\/media\/2460"}],"wp:attachment":[{"href":"https:\/\/medipeel.rs\/sr\/wp-json\/wp\/v2\/media?parent=2459"}],"wp:term":[{"taxonomy":"product_cat","embeddable":true,"href":"https:\/\/medipeel.rs\/sr\/wp-json\/wp\/v2\/product_cat?post=2459"},{"taxonomy":"product_tag","embeddable":true,"href":"https:\/\/medipeel.rs\/sr\/wp-json\/wp\/v2\/product_tag?post=2459"}],"curies":[{"name":"wp","href":"https:\/\/api.w.org\/{rel}","templated":true}]}}