{"id":3044,"date":"2021-12-02T00:16:16","date_gmt":"2021-12-01T23:16:16","guid":{"rendered":"https:\/\/medipeel.rs\/?post_type=product&#038;p=3044"},"modified":"2023-08-14T22:35:14","modified_gmt":"2023-08-14T20:35:14","slug":"medi-peel-cell-toxing-dermajours-cream","status":"publish","type":"product","link":"https:\/\/medipeel.rs\/sr\/\u043f\u0440\u043e\u0438\u0437\u0432\u043e\u0434\/medi-peel-cell-toxing-dermajours-cream\/","title":{"rendered":"Medi-Peel Cell Toxing Dermajours Cream"},"content":{"rendered":"<p class=\" translation-block\">Krema za podmla\u0111ivanje sa mati\u010dnim c\u0301elijama Medi-Peel Cell Toxing Dermajou Cream efikasno vrac\u0301a turgor ko\u017ee, povec\u0301ava gustinu i elasti\u010dnost tkiva, ja\u010da i zate\u017ee oval lica. Krema ima lifting efekat, aktivno se bori protiv znakova starenja ko\u017ee, zagla\u0111uje i smanjuje dubinu bora, a tako\u0111e odr\u017eava zdravlje epidermisa. Proizvod pobolj\u0161ava imuni sistem i tonus ko\u017ee, zasic\u0301uje je energijom, vrac\u0301a tonus i zdrav sjaj. Krema se aktivno bori protiv starenja ko\u017ee, smanjuje dubinu bora, poma\u017ee u zagla\u0111ivanju mimi\u010dnih bora i smanjenju dubljih, povec\u0301ava elasti\u010dnost ko\u017ee i usporava proces starenja, \u010duva mladost i zdravlje ko\u017ee. Intenzivno hidrira i odr\u017eava optimalan nivo vlage u c\u0301elijama epidermisa, ne\u017eno posvetljava ten, poma\u017ee u smanjenju izra\u017eene ne\u017eeljene pigmentacije i stara\u010dkih pega.<\/p>\n<p><strong>Na\u010din upotrebe:<\/strong> Nanesite kremu na prethodno o\u010di\u0161c\u0301enu ko\u017eu, utrljajte nje\u017enim pokretima dok se potpuno ne upije.<\/p>\n<hr \/>\n<p><em>Ingredients: Water, Glycerin, Caprylic\/Capric Triglyceride, 1,2-Hexandiol, Niacinamide, Methylpropanediol, Cetyl Ethylhexanoate, Hydrogenated Polydecene, Cetearyl Alcohol, Butyrospermum Parkii (Shea) Butter, Butylene Glycol, Sorbitan Stearate, Phenyl Trimethicone, Glyceryl Stearate SE, Glyceryl Stearate, Beeswax, Sorbitan Isostearate, Leontopodium Alpinum Callus Culture Extract, Magnolia Officinalis Bark Extract, Ficus Carica (Fig) Fruit Extract, Morus Alba Fruit Extract, Punica Granatum Fruit Extract, Ginkgo Biloba Nut Extract, Triticum Vulgare (Wheat) Sprout Extract, Brassica Oleracea Italica (Broccoli) Extract, Brassica Oleracea Capitata (Cabbage) Leaf Extract, Medicago Sativa (Alfalfa) Extract, Raphanus Sativus (Radish) Seed Extract, Brassica Campestris (Rapeseed) Extract, Malt Extract, Sodium Hyaluronate, Adenosine, Trehalose, Glyceryl Acrylate\/Acrylic Acid Copolymer, Dimethicone, Dimethicone Crosspolymer, Lecithin, Polysorbate 20, PEG-100 StearatePolyacrylate-13, Polyisobutene, Tromethamine, Carbomer, Disodium EDTA, Ethylhexylglycerin, Dipeptide Diaminobutyroyl Benzylamide Diacetate, Palmitoyl Tripeptide-5, Copper Tripeptide-1, Tripeptide-1, Palmitoyl Pentapeptide-4, Nonapeptide-1, Acetyl Octapeptide-3, Acetyl Hexapeptide-8, Hexapeptide-9, Palmitoyl Tetrapeptide-7, Palmitoyl Tripeptide-1, Fragrance, Butylphenyl Methylpropional, Linalool, Hydroxycitronellal, Limonene <\/em><\/p>","protected":false},"excerpt":{"rendered":"<p>Krema za podmla\u0111ivanje sa mati\u010dnim c\u0301elijama. 50ml<\/p>","protected":false},"featured_media":3835,"template":"","meta":[],"product_cat":[259,385,311,301,346,348,386],"product_tag":[],"featured_image_urls":{"full":["https:\/\/medipeel.rs\/wp-content\/uploads\/2021\/12\/medi-peel-cell-toxing-dermajours-cream.jpg",1200,1200,false],"thumbnail":["https:\/\/medipeel.rs\/wp-content\/uploads\/2021\/12\/medi-peel-cell-toxing-dermajours-cream-150x150.jpg",150,150,true],"medium":["https:\/\/medipeel.rs\/wp-content\/uploads\/2021\/12\/medi-peel-cell-toxing-dermajours-cream-300x300.jpg",300,300,true],"medium_large":["https:\/\/medipeel.rs\/wp-content\/uploads\/2021\/12\/medi-peel-cell-toxing-dermajours-cream-768x768.jpg",768,768,true],"large":["https:\/\/medipeel.rs\/wp-content\/uploads\/2021\/12\/medi-peel-cell-toxing-dermajours-cream-1024x1024.jpg",1024,1024,true],"1536x1536":["https:\/\/medipeel.rs\/wp-content\/uploads\/2021\/12\/medi-peel-cell-toxing-dermajours-cream.jpg",1200,1200,false],"2048x2048":["https:\/\/medipeel.rs\/wp-content\/uploads\/2021\/12\/medi-peel-cell-toxing-dermajours-cream.jpg",1200,1200,false],"trp-custom-language-flag":["https:\/\/medipeel.rs\/wp-content\/uploads\/2021\/12\/medi-peel-cell-toxing-dermajours-cream-12x12.jpg",12,12,true],"vcmegaposts-masonry":["https:\/\/medipeel.rs\/wp-content\/uploads\/2021\/12\/medi-peel-cell-toxing-dermajours-cream-500x500.jpg",500,500,true],"vcmegaposts-normal":["https:\/\/medipeel.rs\/wp-content\/uploads\/2021\/12\/medi-peel-cell-toxing-dermajours-cream-800x800.jpg",800,800,true],"vcmegaposts-type1":["https:\/\/medipeel.rs\/wp-content\/uploads\/2021\/12\/medi-peel-cell-toxing-dermajours-cream-800x500.jpg",800,500,true],"woocommerce_thumbnail":["https:\/\/medipeel.rs\/wp-content\/uploads\/2021\/12\/medi-peel-cell-toxing-dermajours-cream-450x600.jpg",450,600,true],"woocommerce_single":["https:\/\/medipeel.rs\/wp-content\/uploads\/2021\/12\/medi-peel-cell-toxing-dermajours-cream-600x600.jpg",600,600,true],"woocommerce_gallery_thumbnail":["https:\/\/medipeel.rs\/wp-content\/uploads\/2021\/12\/medi-peel-cell-toxing-dermajours-cream-100x100.jpg",100,100,true]},"post_excerpt_stackable":"<p>\u041e\u043c\u043e\u043b\u0430\u0436\u0438\u0432\u0430\u044e\u0449\u0438\u0439 \u043a\u0440\u0435\u043c \u0441\u043e \u0441\u0442\u0432\u043e\u043b\u043e\u0432\u044b\u043c\u0438 \u043a\u043b\u0435\u0442\u043a\u0430\u043c\u0438. 50ml<\/p>\n","category_list":"","author_info":{"name":"","url":""},"comments_num":"0 comments","jetpack_sharing_enabled":true,"_links":{"self":[{"href":"https:\/\/medipeel.rs\/sr\/wp-json\/wp\/v2\/product\/3044"}],"collection":[{"href":"https:\/\/medipeel.rs\/sr\/wp-json\/wp\/v2\/product"}],"about":[{"href":"https:\/\/medipeel.rs\/sr\/wp-json\/wp\/v2\/types\/product"}],"version-history":[{"count":1,"href":"https:\/\/medipeel.rs\/sr\/wp-json\/wp\/v2\/product\/3044\/revisions"}],"predecessor-version":[{"id":4547,"href":"https:\/\/medipeel.rs\/sr\/wp-json\/wp\/v2\/product\/3044\/revisions\/4547"}],"wp:featuredmedia":[{"embeddable":true,"href":"https:\/\/medipeel.rs\/sr\/wp-json\/wp\/v2\/media\/3835"}],"wp:attachment":[{"href":"https:\/\/medipeel.rs\/sr\/wp-json\/wp\/v2\/media?parent=3044"}],"wp:term":[{"taxonomy":"product_cat","embeddable":true,"href":"https:\/\/medipeel.rs\/sr\/wp-json\/wp\/v2\/product_cat?post=3044"},{"taxonomy":"product_tag","embeddable":true,"href":"https:\/\/medipeel.rs\/sr\/wp-json\/wp\/v2\/product_tag?post=3044"}],"curies":[{"name":"wp","href":"https:\/\/api.w.org\/{rel}","templated":true}]}}