{"id":3838,"date":"2021-12-02T00:47:59","date_gmt":"2021-12-01T21:47:59","guid":{"rendered":"https:\/\/medipeel.rs\/?post_type=product&#038;p=3838"},"modified":"2026-03-18T23:11:28","modified_gmt":"2026-03-18T22:11:28","slug":"medi-peel-peptide-9aqua-essence-emulsion","status":"publish","type":"product","link":"https:\/\/medipeel.rs\/sr\/\u043f\u0440\u043e\u0438\u0437\u0432\u043e\u0434\/medi-peel-peptide-9aqua-essence-emulsion\/","title":{"rendered":"Medi-Peel Peptide 9 Aqua Essence Emulsion"},"content":{"rendered":"<p class=\" translation-block\">Hidratantna emulzija sa peptidima za pobolj\u0161anje elasti\u010dnosti Medi-Peel Peptide 9 Aqua Essence Emulsion pru\u017ea intenzivnu negu ko\u017ee. Ima moc\u0301na svojstva protiv starenja i poma\u017ee zreloj, suvoj i iritiranoj ko\u017ei da postigne idealnu sve\u017einu, elasti\u010dnost, bar\u0161unastu mekoc\u0301u i zdrav, blistav ton. Emulzija normalizuje hidro-lipidnu ravnote\u017eu, spre\u010dava pojavu simptoma suvoc\u0301e i \u0161titi od novih promena vezanih za uzrast. Smanjuje dubinu bora, primetno povec\u0301ava elasti\u010dnost i ja\u010da turgor ko\u017ee.<br>\nOsobenosti:<br>\n\u2013 pogodno za sve tipove zrele ko\u017ee 30+;<br>\n\u2013 aktivira intracelularne procese: metabolizam i regeneraciju;<br>\n\u2013 \u0161titi ko\u017eu od isu\u0161ivanja i negativnih uticaja okoline;<br>\n\u2013 efekat podmla\u0111ivanja;<br>\n\u2013 antioksidativni efekat;<br>\n\u2013 ja\u010da okvir ko\u017ee i spre\u010dava nastanak bora;<br>\n\u2013 daje ko\u017ei bar\u0161unast sjaj;<br>\n\u2013 zate\u017ee, povec\u0301ava \u010dvrstinu i elasti\u010dnost;<br>\n\u2013 pobolj\u0161ava ten;<br>\n\u2013 hidrira;<br>\n\u2013 \u010dini ko\u017eu glatkom i blistavom.<br>\nKompleks od 9 peptida poma\u017ee u izgla\u0111ivanju bora, stabilizujuc\u0301i i podr\u017eavajuc\u0301i procese obnavljanja c\u0301elija. Stimuli\u0161e proizvodnju kolagena i elastina, vrac\u0301ajuc\u0301i ko\u017ei \u010dvrstinu i elasti\u010dnost, povec\u0301avajuc\u0301i njen turgor.<br>\nIdealift\u2122 je peptidni kompleks koji deluje protiv opu\u0161tene ko\u017ee i povec\u0301ava otpornost ko\u017ee na gravitaciju. <br>\nTime Code Collagen\u2122 je inovativni peptid protiv starenja, visoko efikasan korektor bora koji \u0161titi ko\u017eu od starenja na genetskom nivou. Stimuli\u0161e cirkulaciju krvi (pobolj\u0161ava ten), ja\u010da ko\u017eu (zate\u017ee konture), podsti\u010de sintezu kolagena (smanjuje srednje i duboke bore).<br>\nVolufilin\u2122  je biljna komponenta iz korena anemarrene. Stimuli\u0161e akumulaciju lipida, zate\u017ee matriks ko\u017ee i na taj na\u010din \u201eizbacuje\u201c bore.<br>\nDesamidocollagen spre\u010dava dehidraciju i pucanje kolagenih vlakana, odr\u017eavajuc\u0301i \u010dvrstinu i elasti\u010dnost ko\u017ee.<br>\n4 vrste hijaluronske kiseline odr\u017eavaju optimalni balans vode ko\u017ee, spre\u010davajuc\u0301i transepidermalni gubitak vlage.<br>\nAdenozin je moc\u0301na komponenta protiv starenja koja pokrec\u0301e sintezu kolagena i elastina. Smanjuje dubinu bora, povec\u0301ava elasti\u010dnost i ja\u010da turgor ko\u017ee.<br>\nEmulzija ima laganu teksturu, brzo se upija i ne ostavlja mastan sjaj.<br>\nPreporu\u010duje se za svakodnevnu negu ujutru i uve\u010de za zrelu ko\u017eu, kao i kod prvih znakova starenja. Emulzija se mo\u017ee koristiti umesto kreme ili kao dodatni proizvod za negu pre nje.<\/p>\n<p><strong>Na\u010din upotrebe:<\/strong> Naneti emulziju na ko\u017eu lica i vrata nakon nano\u0161enja tonika.<\/p>\n<hr \/>\n<p><em>Ingredients: Water, Methylpropanediol, Glycerin, Cyclopentasiloxane, Cetearyl Olivate, Cyclohexasiloxane, Betaine, Cetyl Ethylhexanoate, Sorbitan Olivate, Canola Oil, Caprylic\/Capric Triglyceride, Glyceryl Stearate, PEG-100 Stearate, Vitis Vinifera (Grape) Seed Oil, Prunus Armeniaca (Apricot) Kernel Oil, Hydroxyacetophenone, Trehalose, Macadamia Integrifolia Seed Oil, Arginine, Carbomer, Fragrance, Hydroxyethylcellulose, Ethylhexylglycerin, Adenosine, Disodium EDTA, Allantoin, Desamido Collagen, Juniperus Communis Fruit Extract, Magnolia Officinalis Bark Extract, Eucalyptus Globulus Leaf Extract, Fructan, Hydrolyzed Collagen, Butylene Glycol, Hydrogenated Polyisobutene, Argania Spinosa Kernel Oil, Propanediol, Glyceryl Polymethacrylate, Sodium Hyaluronate Crosspolymer, Sorbitan Laurate, Propylene Glycol, Hydrolyzed Glycosaminoglycans, 1,2-Hexanediol, Nonoxynol-12, Sodium Hyaluronate,Phenoxyethanol, Chondrus Crispus Extract, Benzyl Glycol, Acetyl Dipeptide-1 Cetyl Ester(0.8ppm), Astaxanthin, Ethyl Hexanediol, Hydrolyzed Elastin, Hydrolyzed Hyaluronic Acid, Palmitoyl Tripeptide-5(0.1ppm), Caprylyl Glycol, Anemarrhena Asphodeloides Root Extract, Acetyl Hexapeptide-8(0.01ppm), Copper Tripeptide-1(0.01ppm), Hyaluronic Acid, Acetyl Octapeptide-3(0.005ppm), Palmitoyl Tetrapeptide-7(0.005ppm), Hexapeptide-9(0.005ppm), Raspberry Ketone, Palmitoyl Oligopeptide(0.001ppm), Palmitoyl Tripeptide-1(0.001ppm), Palmitoyl Pentapepti<\/em><\/p>","protected":false},"excerpt":{"rendered":"<p>Hidratantna emulzija sa peptidima za pobolj\u0161anje elasti\u010dnosti ko\u017ee. 250ml<\/p>","protected":false},"featured_media":6241,"template":"","meta":[],"product_cat":[452,328,311,342,346,386,334,260],"product_tag":[308],"featured_image_urls":{"full":["https:\/\/medipeel.rs\/wp-content\/uploads\/2021\/12\/medi-peel-peptide-9-aqua-essence-emulsion2.jpg",1200,1200,false],"thumbnail":["https:\/\/medipeel.rs\/wp-content\/uploads\/2021\/12\/medi-peel-peptide-9-aqua-essence-emulsion2-150x150.jpg",150,150,true],"medium":["https:\/\/medipeel.rs\/wp-content\/uploads\/2021\/12\/medi-peel-peptide-9-aqua-essence-emulsion2-300x300.jpg",300,300,true],"medium_large":["https:\/\/medipeel.rs\/wp-content\/uploads\/2021\/12\/medi-peel-peptide-9-aqua-essence-emulsion2-768x768.jpg",768,768,true],"large":["https:\/\/medipeel.rs\/wp-content\/uploads\/2021\/12\/medi-peel-peptide-9-aqua-essence-emulsion2-1024x1024.jpg",1024,1024,true],"1536x1536":["https:\/\/medipeel.rs\/wp-content\/uploads\/2021\/12\/medi-peel-peptide-9-aqua-essence-emulsion2.jpg",1200,1200,false],"2048x2048":["https:\/\/medipeel.rs\/wp-content\/uploads\/2021\/12\/medi-peel-peptide-9-aqua-essence-emulsion2.jpg",1200,1200,false],"trp-custom-language-flag":["https:\/\/medipeel.rs\/wp-content\/uploads\/2021\/12\/medi-peel-peptide-9-aqua-essence-emulsion2-12x12.jpg",12,12,true],"vcmegaposts-masonry":["https:\/\/medipeel.rs\/wp-content\/uploads\/2021\/12\/medi-peel-peptide-9-aqua-essence-emulsion2-500x500.jpg",500,500,true],"vcmegaposts-normal":["https:\/\/medipeel.rs\/wp-content\/uploads\/2021\/12\/medi-peel-peptide-9-aqua-essence-emulsion2-800x800.jpg",800,800,true],"vcmegaposts-type1":["https:\/\/medipeel.rs\/wp-content\/uploads\/2021\/12\/medi-peel-peptide-9-aqua-essence-emulsion2-800x500.jpg",800,500,true],"woocommerce_thumbnail":["https:\/\/medipeel.rs\/wp-content\/uploads\/2021\/12\/medi-peel-peptide-9-aqua-essence-emulsion2-450x600.jpg",450,600,true],"woocommerce_single":["https:\/\/medipeel.rs\/wp-content\/uploads\/2021\/12\/medi-peel-peptide-9-aqua-essence-emulsion2-600x600.jpg",600,600,true],"woocommerce_gallery_thumbnail":["https:\/\/medipeel.rs\/wp-content\/uploads\/2021\/12\/medi-peel-peptide-9-aqua-essence-emulsion2-100x100.jpg",100,100,true]},"post_excerpt_stackable":"<p>\u0423\u0432\u043b\u0430\u0436\u043d\u044f\u044e\u0449\u0430\u044f \u044d\u043c\u0443\u043b\u044c\u0441\u0438\u044f \u0441 \u043f\u0435\u043f\u0442\u0438\u0434\u0430\u043c\u0438 \u0434\u043b\u044f \u0443\u043b\u0443\u0447\u0448\u0435\u043d\u0438\u0435 \u044d\u043b\u0430\u0441\u0442\u0438\u0447\u043d\u043e\u0441\u0442\u0438 \u043a\u043e\u0436\u0438. 250ml<\/p>\n","category_list":"","author_info":{"name":"","url":""},"comments_num":"0 comments","jetpack_sharing_enabled":true,"_links":{"self":[{"href":"https:\/\/medipeel.rs\/sr\/wp-json\/wp\/v2\/product\/3838"}],"collection":[{"href":"https:\/\/medipeel.rs\/sr\/wp-json\/wp\/v2\/product"}],"about":[{"href":"https:\/\/medipeel.rs\/sr\/wp-json\/wp\/v2\/types\/product"}],"version-history":[{"count":2,"href":"https:\/\/medipeel.rs\/sr\/wp-json\/wp\/v2\/product\/3838\/revisions"}],"predecessor-version":[{"id":6243,"href":"https:\/\/medipeel.rs\/sr\/wp-json\/wp\/v2\/product\/3838\/revisions\/6243"}],"wp:featuredmedia":[{"embeddable":true,"href":"https:\/\/medipeel.rs\/sr\/wp-json\/wp\/v2\/media\/6241"}],"wp:attachment":[{"href":"https:\/\/medipeel.rs\/sr\/wp-json\/wp\/v2\/media?parent=3838"}],"wp:term":[{"taxonomy":"product_cat","embeddable":true,"href":"https:\/\/medipeel.rs\/sr\/wp-json\/wp\/v2\/product_cat?post=3838"},{"taxonomy":"product_tag","embeddable":true,"href":"https:\/\/medipeel.rs\/sr\/wp-json\/wp\/v2\/product_tag?post=3838"}],"curies":[{"name":"wp","href":"https:\/\/api.w.org\/{rel}","templated":true}]}}