{"id":3850,"date":"2021-12-02T17:31:52","date_gmt":"2021-12-02T14:31:52","guid":{"rendered":"https:\/\/medipeel.rs\/?post_type=product&#038;p=3850"},"modified":"2026-02-06T17:16:36","modified_gmt":"2026-02-06T16:16:36","slug":"medi-peel-bor-tox-multi-care-kit","status":"publish","type":"product","link":"https:\/\/medipeel.rs\/sr\/\u043f\u0440\u043e\u0438\u0437\u0432\u043e\u0434\/medi-peel-bor-tox-multi-care-kit\/","title":{"rendered":"Medi-Peel Bor-Tox Multi Care Kit"},"content":{"rendered":"<p class=\" translation-block\">Lifting set sa efektom botoksa Medi-Peel Bor-Tox 5 Peptide Multi Care Kit efikasno se bori protiv bora, zate\u017ee reljef lica i \u010dini ko\u017eu elasti\u010dnijom i \u010dvr\u0161\u0107om. Proizvodi zasic\u0301uju ko\u017eu vlagom i hranljivim materijama, pokrec\u0301u procese obnavljanja i zarastanja. Set predstavlja kompletnu negu zrele ko\u017ee. Delovanje sredstava je uporedivo sa funkcionalno\u0161c\u0301u Botoksa: deluju opu\u0161tajuc\u0301e na mi\u0161ic\u0301e i ubla\u017eavaju napetost mi\u0161ic\u0301a lica, smanjujuc\u0301i pojavu postojec\u0301ih bora i spre\u010davajuc\u0301i pojavu novih. Sredstva \u010dine oval lica izra\u017eenijim i jasnijim, spre\u010dava opu\u0161tanje i mlohavost ko\u017ee, pobolj\u0161avaju mikrocirkulaciju i metabolizam ko\u017ei.<br>\nSet uklju\u010duje 4 preparata:<br>\n1. Toner (30ml) efikasno nadokna\u0111uje nedostatak vlage nakon umivanja, obnavlja i odr\u017eava optimalni balans vode i lipida, pobolj\u0161ava sposobnost c\u0301elija da zadr\u017ee vlagu. Toner priprema ko\u017eu za dalju negu, povec\u0301avajuc\u0301i efikasnost narednih proizvoda za negu ko\u017ee.<br>\n2. Emulzija (30ml) dubinski hrani i hidrira, stimuli\u0161e sintezu kolagena i elastina, ja\u010da c\u0301elije epiderme. Elimini\u0161e dehidraciju, ubla\u017eava zategnutost i suvoc\u0301u.<br>\n3. Serum (30ml) ima sna\u017ean lifting efekat, ciljano deluje na problemati\u010dna podru\u010dja, efikasno zagla\u0111uje mimi\u010dne i nazolabijalne bore.<br>\n4. Krema (50g) aktivira proizvodnju kolagena i elastina, ubrzava deobu c\u0301elija, povec\u0301avajuc\u0301i gustinu i elasti\u010dnost ko\u017ee. Ja\u010da i oporavlja vlakna epidermisa, spre\u010dava njihovo odumiranje.<\/p>\n<p><strong>Na\u010din upotrebe:<\/strong> Naneti malu koli\u010dinu tonika na o\u010di\u0161c\u0301enu ko\u017eu, ne\u017eno rasporediti po licu. Zatim upotrebite serum, sa\u010dekajte da se upije i zatim nanesite emulziju. U zavisnosti od potreba va\u0161e ko\u017ee, kremu mo\u017eete koristiti kao zavr\u0161ni tretman ili kao noc\u0301nu kremu.<\/p>\n<hr \/>\n<p><em><em>Sastojci:<\/em><\/em><\/p>\n<p><em>Bor Tox Peptide Toner:<\/em><br \/>\n<em>Water, Dipropylene Glycol, Methylpropanediol, Glycerin, 1,2-Hexanediol, Butylene Glycol, Allantoin, Polyglyceryl-10 Laurate, Polyglyceryl-4 Laurate, Betaine, Carbomer, Panthenol, Trehalose, Saccharomyces Ferment Filtrate, Bifida Ferment Filtrate, Lactobacillus\/Pumpkin Ferment Extract, Lactobacillus\/Soybean Ferment Extract, Lactobacillus\/Punica Granatum Fruit Ferment Extract, Lactobacillus\/Wasabia Japonica Root Ferment Extract, Saccharomyces\/Grape Ferment Extract, Arginine, Caprylyl\/Capryl Glucoside, Ethylhexylglycerin, Dipotassium Glycyrrhizate, Xanthan Gum, Adenosine, Glyceryl Acrylate\/Acrylic Acid Copolymer, Leontopodium Alpinum Callus Culture Extract, Sodium Hyaluronate, Disodium EDTA, Coptis Japonica Root Extract, Gluconolactone, Hydrolyzed Collagen, Hydrogenated Polyisobutene, Hydrolyzed Elastin, Lavandula Angustifolia (Lavender) Flower Extract, Origanum Vulgare Extract, Rosmarinus Officinalis (Rosemary) Leaf Extract, Thymus Vulgaris (Thyme) Flower\/Leaf\/Stem Extract, Jania Rubens Extract, Acetyl Hexapeptide-8(100ppb), Copper Tripeptide-1(100ppb), Oligopeptide-29(50ppb), Oligopeptide-32(50ppb), Anemarrhena Asphodeloides Root Extract(40ppb), Palmitoyl Pentapeptide-4(10ppb), Fragrance<\/em><\/p>\n<p><em>Bor Tox Peptide Emulsion:<\/em><br \/>\n<em>Water, Dipropylene Glycol, Caprylic\/Capric Triglyceride, Butylene Glycol, Cetearyl Alcohol, Polyglyceryl-3 Distearate, 1,2-Hexanediol, Hydrogenated Polydecene, Sorbitan Stearate, Trifluoropropyl Dimethicone, Elaeis Guineensis (Palm) Oil, Glyceryl Stearate Citrate, Arginine, Carbomer, Allantoin, Betaine, Trehalose, Hydrogenated Polyisobutene, Hydrolyzed Collagen, Hydrolyzed Elastin, Leontopodium Alpinum Callus Culture Extract, Saccharomyces Ferment Filtrate, Bifida Ferment Filtrate, Lactobacillus\/Pumpkin Ferment Extract, Lactobacillus\/Soybean Ferment Extract, Lactobacillus\/Punica Granatum Fruit Ferment Extract, Lactobacillus\/Wasabia Japonica Root Ferment Extract, Saccharomyces\/Grape Ferment Extract, Sodium Hyaluronate, Hydroxypropyltrimonium Hyaluronate, Hydrolyzed Hyaluronic Acid, Sodium Acetylated Hyaluronate, Hyaluronic Acid, Sodium Hyaluronate Crosspolymer, Potassium Hyaluronate, Lavandula Angustifolia (Lavender) Flower Extract, Origanum Vulgare Extract, Rosmarinus Officinalis (Rosemary) Leaf Extract, Thymus Vulgaris (Thyme) Flower\/Leaf\/Stem Extract, Jania Rubens Extract, Dipotassium Glycyrrhizate, Adenosine, Anemarrhena Asphodeloides Root Extract(400 ppb), Acetyl Hexapeptide-8(100 ppb), Copper Tripeptide-1(100 ppb), Oligopeptide-29(50 ppb), Oligopeptide-32(50 ppb), Palmitoyl Pentapeptide-4(10 ppb), Inonotus Obliquus (Mushroom) Extract, Glycerin, Gardenia Florida Fruit Extract, Disodium EDTA, Ethylhexylglycerin, Fragrance<\/em><\/p>\n<p><em>Bor Tox Peptide Ampoule:<\/em><br \/>\n<em>Water, Butylene Glycol, Hydrogenated Polyisobutene, 1,2-Hexanediol, Hydrolyzed Collagen, Polyacrylamide, Lactobacillus\/Pumpkin Ferment Extract, Lactobacillus\/Soybean Ferment Extract, C13-14 Isoparaffin, Polysorbate 20, Arginine, Lactobacillus\/Punica Granatum Fruit Ferment Extract, Lactobacillus\/Wasabia Japonica Root Ferment Extract, Sodium Hyaluronate, Ethylhexylglycerin, Saccharomyces\/Grape Ferment Extract, Carbomer, Allantoin, Acrylates\/C10-30 Alkyl Acrylate Crosspolymer, Saccharomyces Ferment Filtrate, Laureth-7, Bifida Ferment Lysate, Disodium EDTA, Adenosine, Leontopodium Alpinum Callus Culture Extract, Fragrance, Hydrolyzed Elastin, Gardenia Florida Fruit Extract, Anemarrhena Asphodeloides Root Extract(20 ppm), Inonotus Obliquus (Mushroom) Extract, Elaeis Guineensis (Palm) Oil, Copper Tripeptide-1(10 ppb), Acetyl Hexapeptide-8(10 ppb), Oligopeptide-32(5 ppb), Oligopeptide-29(5 ppb), Palmitoyl Pentapeptide-4(1 ppb)<\/em><\/p>\n<p><em>Bor Tox Peptide Cream:<\/em><br \/>\n<em>Water, Dipropylene Glycol, Hydrogenated Polyisobutene, Butylene Glycol, Triethylhexanoin, Hydrolyzed Collagen, Cetearyl Alcohol, Butyrospermum Parkii (Shea) Butter, Caprylic\/Capric Triglyceride, Ethylhexyl Palmitate, 1,2-Hexanediol, Arachidyl Alcohol, Glycerin, Allantoin, Panthenol, Trehalose, Hydrolyzed Elastin, Leontopodium Alpinum Callus Culture Extract, Saccharomyces Ferment Filtrate, Bifida Ferment Filtrate, Lactobacillus\/Pumpkin Ferment Extract, Lactobacillus\/Soybean Ferment Extract, Lactobacillus\/Punica Granatum Fruit Ferment Extract, Lactobacillus\/Wasabia Japonica Root Ferment Extract, Saccharomyces\/Grape Ferment Extract, Lavandula Angustifolia (Lavender) Flower Extract, Origanum Vulgare Extract, Rosmarinus Officinalis (Rosemary) Leaf Extract, Thymus Vulgaris (Thyme) Flower\/Leaf\/Stem Extract, Jania Rubens Extract, Biosaccharide Gum-1, Squalane, Macadamia Ternifolia Seed Oil, Simmondsia Chinensis (Jojoba) Seed Oil, Adenosine, Anemarrhena Asphodeloides Root Extract(20 ppm), Ceramide NP, Ceramide NS, Ceramide AP, Ceramide AS, Ceramide EOP, Trifluoropropyl Dimethicone, Sodium Polyacrylate, Hydroxyethyl Acrylate\/Sodium Acryloyldimethyl Taurate Copolymer, Hydroxypropyl Guar, Hydroxyethylcellulose, Malt Extract, Cholesterol, Phytosphingosine, Polygly<\/em><\/p>\n<p><em>\u00a0<\/em><\/p>","protected":false},"excerpt":{"rendered":"<p>Lifting komplet sa efektom botoksa. 30+30+30+50ml<\/p>","protected":false},"featured_media":6035,"template":"","meta":[],"product_cat":[329,311,342,386,317],"product_tag":[310],"featured_image_urls":{"full":["https:\/\/medipeel.rs\/wp-content\/uploads\/2021\/12\/medi-peel-bor-tox-multi-care-kit-1.jpg",1200,1200,false],"thumbnail":["https:\/\/medipeel.rs\/wp-content\/uploads\/2021\/12\/medi-peel-bor-tox-multi-care-kit-1-150x150.jpg",150,150,true],"medium":["https:\/\/medipeel.rs\/wp-content\/uploads\/2021\/12\/medi-peel-bor-tox-multi-care-kit-1-300x300.jpg",300,300,true],"medium_large":["https:\/\/medipeel.rs\/wp-content\/uploads\/2021\/12\/medi-peel-bor-tox-multi-care-kit-1-768x768.jpg",768,768,true],"large":["https:\/\/medipeel.rs\/wp-content\/uploads\/2021\/12\/medi-peel-bor-tox-multi-care-kit-1-1024x1024.jpg",1024,1024,true],"1536x1536":["https:\/\/medipeel.rs\/wp-content\/uploads\/2021\/12\/medi-peel-bor-tox-multi-care-kit-1.jpg",1200,1200,false],"2048x2048":["https:\/\/medipeel.rs\/wp-content\/uploads\/2021\/12\/medi-peel-bor-tox-multi-care-kit-1.jpg",1200,1200,false],"trp-custom-language-flag":["https:\/\/medipeel.rs\/wp-content\/uploads\/2021\/12\/medi-peel-bor-tox-multi-care-kit-1-12x12.jpg",12,12,true],"vcmegaposts-masonry":["https:\/\/medipeel.rs\/wp-content\/uploads\/2021\/12\/medi-peel-bor-tox-multi-care-kit-1-500x500.jpg",500,500,true],"vcmegaposts-normal":["https:\/\/medipeel.rs\/wp-content\/uploads\/2021\/12\/medi-peel-bor-tox-multi-care-kit-1-800x800.jpg",800,800,true],"vcmegaposts-type1":["https:\/\/medipeel.rs\/wp-content\/uploads\/2021\/12\/medi-peel-bor-tox-multi-care-kit-1-800x500.jpg",800,500,true],"woocommerce_thumbnail":["https:\/\/medipeel.rs\/wp-content\/uploads\/2021\/12\/medi-peel-bor-tox-multi-care-kit-1-450x600.jpg",450,600,true],"woocommerce_single":["https:\/\/medipeel.rs\/wp-content\/uploads\/2021\/12\/medi-peel-bor-tox-multi-care-kit-1-600x600.jpg",600,600,true],"woocommerce_gallery_thumbnail":["https:\/\/medipeel.rs\/wp-content\/uploads\/2021\/12\/medi-peel-bor-tox-multi-care-kit-1-100x100.jpg",100,100,true]},"post_excerpt_stackable":"<p>\u041b\u0438\u0444\u0442\u0438\u043d\u0433-\u043d\u0430\u0431\u043e\u0440 \u0441 \u043f\u0435\u043f\u0442\u0438\u0434\u0430\u043c\u0438 \u0441 \u044d\u0444\u0444\u0435\u043a\u0442\u043e\u043c \u0431\u043e\u0442\u043e\u043a\u0441\u0430. 30+30+30+50ml<\/p>\n","category_list":"","author_info":{"name":"","url":""},"comments_num":"0 comments","jetpack_sharing_enabled":true,"_links":{"self":[{"href":"https:\/\/medipeel.rs\/sr\/wp-json\/wp\/v2\/product\/3850"}],"collection":[{"href":"https:\/\/medipeel.rs\/sr\/wp-json\/wp\/v2\/product"}],"about":[{"href":"https:\/\/medipeel.rs\/sr\/wp-json\/wp\/v2\/types\/product"}],"version-history":[{"count":2,"href":"https:\/\/medipeel.rs\/sr\/wp-json\/wp\/v2\/product\/3850\/revisions"}],"predecessor-version":[{"id":4573,"href":"https:\/\/medipeel.rs\/sr\/wp-json\/wp\/v2\/product\/3850\/revisions\/4573"}],"wp:featuredmedia":[{"embeddable":true,"href":"https:\/\/medipeel.rs\/sr\/wp-json\/wp\/v2\/media\/6035"}],"wp:attachment":[{"href":"https:\/\/medipeel.rs\/sr\/wp-json\/wp\/v2\/media?parent=3850"}],"wp:term":[{"taxonomy":"product_cat","embeddable":true,"href":"https:\/\/medipeel.rs\/sr\/wp-json\/wp\/v2\/product_cat?post=3850"},{"taxonomy":"product_tag","embeddable":true,"href":"https:\/\/medipeel.rs\/sr\/wp-json\/wp\/v2\/product_tag?post=3850"}],"curies":[{"name":"wp","href":"https:\/\/api.w.org\/{rel}","templated":true}]}}