{"id":3907,"date":"2022-01-20T22:06:12","date_gmt":"2022-01-20T19:06:12","guid":{"rendered":"https:\/\/medipeel.rs\/?post_type=product&#038;p=3907"},"modified":"2025-12-28T13:27:22","modified_gmt":"2025-12-28T12:27:22","slug":"medi-peel-aqua-plus-tox-ampoule","status":"publish","type":"product","link":"https:\/\/medipeel.rs\/sr\/\u043f\u0440\u043e\u0438\u0437\u0432\u043e\u0434\/medi-peel-aqua-plus-tox-ampoule\/","title":{"rendered":"Medi-Peel Aqua+Tox Ampoule"},"content":{"rendered":"<p class=\" translation-block\">Serum u ampuli za intenzivnu hidrataciju zasic\u0301uje c\u0301elije vlagom i trenutno elimini\u0161e dehidrataciju. \u010cini ko\u017eu glatkijom i elasti\u010dnijom, smanjuje dubinu bora i pobolj\u0161ava ten. Ampula pobolj\u0161ava mikrocirkulaciju i metabolizam ko\u017ee, pobolj\u0161ava sposobnost c\u0301elija da zadr\u017ee vlagu, ubrzava procese regeneracije i obnavljanja. Elimini\u0161e bledost, ujedna\u010dava ten i vrac\u0301a prelep i zdrav sjaj ko\u017ei. Ampula ima gel teksturu, brzo se upija, elimini\u0161e zatezanje i suvoc\u0301u ko\u017ee. Zahvaljujuc\u0301i prakti\u010dnom aplikatoru, pogodno je naneti optimalnu koli\u010dinu proizvoda na ko\u017eu.\nAQUAXYL je patentirani hidratantni kompleks koji pobolj\u0161ava sposobnost c\u0301elija da zadr\u017ee vlagu. Stimuli\u0161e sintezu ceramida, spre\u010dava pojavu suvoc\u0301e i perutanja ko\u017ee, razgla\u0111uje reljef.\nMultimolekularna hijaluronska kiselina prodire u duboke slojeve epidermisa, aktivno hidrira c\u0301elije, podsti\u0107e zadr\u017eavanje vlage u ko\u017ei. Formira za\u0161titni sloj koji spre\u010dava isparavanje vlage iz iste.\nProbiotici podr\u017eavaju normalnu mikrofloru ko\u017ee, a tako\u0111e poma\u017eu u posvetljavanju pigmentacije i ujedna\u010davanju tena ko\u017ee. Hidrira, elimini\u0161e crvenilo, reguli\u0161e proizvodnju melanina u epidermisu, ne\u017eno pilinguje odumrle \u010delije i ubrzava procese regeneracije.\nPogodno za sve tipove ko\u017ee.<\/p>\n<p><strong>Na\u010din upotrebe:<\/strong>\u00a0Uklonite prozirnu za\u0161titnu kapicu s ampule. Odvijte \u010dep s aplikatora i njime probu\u0161ite za\u0161titnu membranu ampule. Okrenite ampulu bez uklanjanja aplikatora i izvucite potrebnu koli\u010dinu proizvoda. Stavite ampulu i uklonite aplikator. Nanesite na ko\u017eu i ravnomerno rasporedite dok se potpuno ne upije.<\/p>\n<hr \/>\n<div><em><strong><em>Sastojci:<\/em><\/strong>\u00a0Water, Butylene Glycol, Dipropylene Glycol, Propanediol, Sea Water, Collagen Extract, 1,2-Hexanediol, Hydroxyacetophenone, Xylitylglucoside, Buteth-3, Anhydroxylitol, Carbomer, Sodium Benzotriazolyl Butylphenol Sulfonate, Tromethamine, Polyglyceryl-10 Laurate, Xylitol, Polyglyceryl-10 Myristate, Glycerin, Ethylhexylglycerin, Acrylates\/C10-30 alkyl acrylate crosspolymer, Adenosine, Glucose, CI 77891, Panthenol, Sodium Hyaluronate Crosspolymer, Disodium EDTA, Salix Alba (Willow) Bark Extract, Origanum Vulgare Leaf Extract, Chamaecyparis Obtusa Leaf Extract, Melia Azadirachta Leaf Extract, CI 77019, Hydrolyzed Glycosaminoglycans, Melia Azadirachta Flower Extract, Tributyl Citrate, Lactobacillus\/Soybean Ferment Extract, Cinnamomum Cassia Bark Extract, Scutellaria Baicalensis Root Extract, Portulaca Oleracea Extract, Calcium Alginate, Gellan Gum, Agar, Sodium Hyaluronate, Coccinia Indica Fruit Extract, Caprylyl Glycol, Hydrolyzed Corn Starch, Benzyl Glycol, Sucrose, Citrus Aurantium Bergamia (Bergamot) Fruit Oil, Solanum Melongena (Eggplant) Fruit Extract, Aloe Barbadensis Flower Extract, Hydrolyzed Hyaluronic Acid, Ocimum Sanctum Leaf Extract, Curcuma Longa (Turmeric) Root Extract, Corallina Officinalis Extract, Aphanothece Sacrum Polysaccharides, Hydrolyzed Collagen, Hyaluronic Acid, Colloidal Silver, Sodium Guaiazulene Sulfonate<\/em><\/div>","protected":false},"excerpt":{"rendered":"<p>Serum u ampuli  za intenzivnu hidrataciju. 30ml<\/p>","protected":false},"featured_media":3908,"template":"","meta":[],"product_cat":[323,261,260],"product_tag":[309],"featured_image_urls":{"full":["https:\/\/medipeel.rs\/wp-content\/uploads\/2022\/01\/medi-peel-aqua-plus-tox-ampoule.jpg",1200,1200,false],"thumbnail":["https:\/\/medipeel.rs\/wp-content\/uploads\/2022\/01\/medi-peel-aqua-plus-tox-ampoule-150x150.jpg",150,150,true],"medium":["https:\/\/medipeel.rs\/wp-content\/uploads\/2022\/01\/medi-peel-aqua-plus-tox-ampoule-300x300.jpg",300,300,true],"medium_large":["https:\/\/medipeel.rs\/wp-content\/uploads\/2022\/01\/medi-peel-aqua-plus-tox-ampoule-768x768.jpg",768,768,true],"large":["https:\/\/medipeel.rs\/wp-content\/uploads\/2022\/01\/medi-peel-aqua-plus-tox-ampoule-1024x1024.jpg",1024,1024,true],"1536x1536":["https:\/\/medipeel.rs\/wp-content\/uploads\/2022\/01\/medi-peel-aqua-plus-tox-ampoule.jpg",1200,1200,false],"2048x2048":["https:\/\/medipeel.rs\/wp-content\/uploads\/2022\/01\/medi-peel-aqua-plus-tox-ampoule.jpg",1200,1200,false],"trp-custom-language-flag":["https:\/\/medipeel.rs\/wp-content\/uploads\/2022\/01\/medi-peel-aqua-plus-tox-ampoule-12x12.jpg",12,12,true],"vcmegaposts-masonry":["https:\/\/medipeel.rs\/wp-content\/uploads\/2022\/01\/medi-peel-aqua-plus-tox-ampoule-500x500.jpg",500,500,true],"vcmegaposts-normal":["https:\/\/medipeel.rs\/wp-content\/uploads\/2022\/01\/medi-peel-aqua-plus-tox-ampoule-800x800.jpg",800,800,true],"vcmegaposts-type1":["https:\/\/medipeel.rs\/wp-content\/uploads\/2022\/01\/medi-peel-aqua-plus-tox-ampoule-800x500.jpg",800,500,true],"woocommerce_thumbnail":["https:\/\/medipeel.rs\/wp-content\/uploads\/2022\/01\/medi-peel-aqua-plus-tox-ampoule-450x600.jpg",450,600,true],"woocommerce_single":["https:\/\/medipeel.rs\/wp-content\/uploads\/2022\/01\/medi-peel-aqua-plus-tox-ampoule-600x600.jpg",600,600,true],"woocommerce_gallery_thumbnail":["https:\/\/medipeel.rs\/wp-content\/uploads\/2022\/01\/medi-peel-aqua-plus-tox-ampoule-100x100.jpg",100,100,true]},"post_excerpt_stackable":"<p>\u0410\u043c\u043f\u0443\u043b\u044c\u043d\u0430\u044f \u0441\u044b\u0432\u043e\u0440\u043e\u0442\u043a\u0430 \u0434\u043b\u044f \u0438\u043d\u0442\u0435\u043d\u0441\u0438\u0432\u043d\u043e\u0433\u043e \u0443\u0432\u043b\u0430\u0436\u043d\u0435\u043d\u0438\u044f. 30ml<\/p>\n","category_list":"","author_info":{"name":"","url":""},"comments_num":"0 comments","jetpack_sharing_enabled":true,"_links":{"self":[{"href":"https:\/\/medipeel.rs\/sr\/wp-json\/wp\/v2\/product\/3907"}],"collection":[{"href":"https:\/\/medipeel.rs\/sr\/wp-json\/wp\/v2\/product"}],"about":[{"href":"https:\/\/medipeel.rs\/sr\/wp-json\/wp\/v2\/types\/product"}],"version-history":[{"count":4,"href":"https:\/\/medipeel.rs\/sr\/wp-json\/wp\/v2\/product\/3907\/revisions"}],"predecessor-version":[{"id":6713,"href":"https:\/\/medipeel.rs\/sr\/wp-json\/wp\/v2\/product\/3907\/revisions\/6713"}],"wp:featuredmedia":[{"embeddable":true,"href":"https:\/\/medipeel.rs\/sr\/wp-json\/wp\/v2\/media\/3908"}],"wp:attachment":[{"href":"https:\/\/medipeel.rs\/sr\/wp-json\/wp\/v2\/media?parent=3907"}],"wp:term":[{"taxonomy":"product_cat","embeddable":true,"href":"https:\/\/medipeel.rs\/sr\/wp-json\/wp\/v2\/product_cat?post=3907"},{"taxonomy":"product_tag","embeddable":true,"href":"https:\/\/medipeel.rs\/sr\/wp-json\/wp\/v2\/product_tag?post=3907"}],"curies":[{"name":"wp","href":"https:\/\/api.w.org\/{rel}","templated":true}]}}