{"id":4145,"date":"2022-02-09T11:37:26","date_gmt":"2022-02-09T08:37:26","guid":{"rendered":"https:\/\/medipeel.rs\/?post_type=product&#038;p=4145"},"modified":"2025-04-28T12:19:58","modified_gmt":"2025-04-28T10:19:58","slug":"medi-peel-luxury-24k-gold-ampoule","status":"publish","type":"product","link":"https:\/\/medipeel.rs\/sr\/\u043f\u0440\u043e\u0438\u0437\u0432\u043e\u0434\/medi-peel-luxury-24k-gold-ampoule\/","title":{"rendered":"Medi-Peel Luxury 24K Gold Ampoule"},"content":{"rendered":"<p class=\" translation-block\">Ampula sa 24K zlatom za elasti\u010dnost ko\u017ee, ima efekat zagla\u0111ivanja i regeneracije ko\u017ee. Preparat zate\u017ee i ja\u010da kontur lica, ima efekat liftinga i pobolj\u0161ava \u010dvrstinu ko\u017ee. Poma\u017ee u zagla\u0111ivanju nabora na ko\u017ei i smanjuje dubinu mimi\u010dnih bora. Elimini\u0161e suvoc\u0301u i perutanje, intenzivno hidrira i ispunjava ko\u017eu hranljivim materijama. Povec\u0301ava imunitet ko\u017ee i vrac\u0301a sve\u017einu i zdrav sjaj licu. Koloidno zlato 24K povec\u0301ava turgor ko\u017ee, ima fotoprotektivna svojstva i \u0161titi je od ultraljubi\u010dastog zra\u010denja, posvetljava pigmentaciju, tako\u0111e pospe\u0161uje prodiranje aktivnih sastojaka u dublje slojeve ko\u017ee. Kompleks od 9 vrsta peptida povec\u0301ava \u010dvrstinu i elasti\u010dnost ko\u017ee, ubrzava process proizvodnje sopstvenih kolagenih i elastinskih vlakana u telu. Smanjite dubinu bora i spre\u010dava opu\u0161tanje iste. Ja\u010da za\u0161titnu barijeru ko\u017ee. Preporu\u010duje se za negu zrele ko\u017ee.<\/p>\n<p><strong>Na\u010din upotrebe:<\/strong> na o\u010di\u0161c\u0301enu i toniziranu ko\u017eu ne\u017eno naneti ve\u0107u koli\u010dinu proizvoda i  laganim masa\u017enim pokretima umasirati na lice.<\/p>\n<hr \/>\n<div><em><strong><em>Sastojci:<\/em><\/strong> Water, Glycerin, Diglycerin, Butylene Glycol, Cyclohexasiloxane, Isopropyl Palmitate, 1,2-Hexanediol, Niacinamide, Lactobacillus Ferment, Polyquaternium-51, Polyglyceryl-10 Laurate, Arginine, Acrylates\/C10-30 Alkyl Acrylate Crosspolymer, Carbomer, Bifida Ferment Filtrate, Lactococcus Ferment, Prunus Amygdalus Dulcis (Sweet Almond) Oil, Hydrolyzed Collagen, Diospyros Kaki Leaf Extract, Vitis Vinifera (Grape) Fruit Extract, Coffea Arabica (Coffee) Seed Extract, Carthamus Tinctorius (Safflower) Flower Extract, Polygonum Cuspidatum Root Extract, Adenosine, Camellia Sinensis Leaf Extract, Castanea Crenata Shell Extract, Zanthoxylum Piperitum Fruit Extract, Mentha Arvensis Leaf Oil, Disodium EDTA, Barosma Betulina Leaf Extract, Sodium Hyaluronate, Rosa Damascena Flower Water, Pueraria Lobata Root Extract, Ulmus Davidiana Root Extract, Pinus Palustris Leaf Extract, Oenothera Biennis (Evening Primrose) Flower Extract, Ethylhexylglycerin, Glycine, Serine, Glutamic acid, Aspartic acid, Leucine, Hydrolyzed Hyaluronic Acid, Alanine, Lysine, Tyrosine, Phenylalanine, Threonine, Valine, Proline, Isoleucine, Dipeptide Diaminobutyroyl Benzylamide Diacetate, Histidine, Methionine, Cysteine, Palmitoyl Tripeptide-5, Sodium Acetylated Hyaluronate<\/em><\/div>","protected":false},"excerpt":{"rendered":"<p>Revitalizirajuc\u0301a ampula sa 24K zlatom za elasti\u010dnost ko\u017ee. 100ml<\/p>","protected":false},"featured_media":4152,"template":"","meta":[],"product_cat":[259,261],"product_tag":[],"featured_image_urls":{"full":["https:\/\/medipeel.rs\/wp-content\/uploads\/2022\/02\/medi-peel-luxury-24k-gold-ampoule.jpg",1200,1200,false],"thumbnail":["https:\/\/medipeel.rs\/wp-content\/uploads\/2022\/02\/medi-peel-luxury-24k-gold-ampoule-150x150.jpg",150,150,true],"medium":["https:\/\/medipeel.rs\/wp-content\/uploads\/2022\/02\/medi-peel-luxury-24k-gold-ampoule-300x300.jpg",300,300,true],"medium_large":["https:\/\/medipeel.rs\/wp-content\/uploads\/2022\/02\/medi-peel-luxury-24k-gold-ampoule-768x768.jpg",768,768,true],"large":["https:\/\/medipeel.rs\/wp-content\/uploads\/2022\/02\/medi-peel-luxury-24k-gold-ampoule-1024x1024.jpg",1024,1024,true],"1536x1536":["https:\/\/medipeel.rs\/wp-content\/uploads\/2022\/02\/medi-peel-luxury-24k-gold-ampoule.jpg",1200,1200,false],"2048x2048":["https:\/\/medipeel.rs\/wp-content\/uploads\/2022\/02\/medi-peel-luxury-24k-gold-ampoule.jpg",1200,1200,false],"trp-custom-language-flag":["https:\/\/medipeel.rs\/wp-content\/uploads\/2022\/02\/medi-peel-luxury-24k-gold-ampoule-12x12.jpg",12,12,true],"vcmegaposts-masonry":["https:\/\/medipeel.rs\/wp-content\/uploads\/2022\/02\/medi-peel-luxury-24k-gold-ampoule-500x500.jpg",500,500,true],"vcmegaposts-normal":["https:\/\/medipeel.rs\/wp-content\/uploads\/2022\/02\/medi-peel-luxury-24k-gold-ampoule-800x800.jpg",800,800,true],"vcmegaposts-type1":["https:\/\/medipeel.rs\/wp-content\/uploads\/2022\/02\/medi-peel-luxury-24k-gold-ampoule-800x500.jpg",800,500,true],"woocommerce_thumbnail":["https:\/\/medipeel.rs\/wp-content\/uploads\/2022\/02\/medi-peel-luxury-24k-gold-ampoule-450x600.jpg",450,600,true],"woocommerce_single":["https:\/\/medipeel.rs\/wp-content\/uploads\/2022\/02\/medi-peel-luxury-24k-gold-ampoule-600x600.jpg",600,600,true],"woocommerce_gallery_thumbnail":["https:\/\/medipeel.rs\/wp-content\/uploads\/2022\/02\/medi-peel-luxury-24k-gold-ampoule-100x100.jpg",100,100,true]},"post_excerpt_stackable":"<p>\u0412\u043e\u0441\u0441\u0442\u0430\u043d\u0430\u0432\u043b\u0438\u0432\u0430\u044e\u0449\u0430\u044f \u0430\u043c\u043f\u0443\u043b\u0430 \u0441 \u0437\u043e\u043b\u043e\u0442\u043e\u043c 24\u041a \u0434\u043b\u044f \u044d\u043b\u0430\u0441\u0442\u0438\u0447\u043d\u043e\u0441\u0442\u0438 \u043a\u043e\u0436\u0438. 100ml<\/p>\n","category_list":"","author_info":{"name":"","url":""},"comments_num":"0 comments","jetpack_sharing_enabled":true,"_links":{"self":[{"href":"https:\/\/medipeel.rs\/sr\/wp-json\/wp\/v2\/product\/4145"}],"collection":[{"href":"https:\/\/medipeel.rs\/sr\/wp-json\/wp\/v2\/product"}],"about":[{"href":"https:\/\/medipeel.rs\/sr\/wp-json\/wp\/v2\/types\/product"}],"version-history":[{"count":1,"href":"https:\/\/medipeel.rs\/sr\/wp-json\/wp\/v2\/product\/4145\/revisions"}],"predecessor-version":[{"id":6472,"href":"https:\/\/medipeel.rs\/sr\/wp-json\/wp\/v2\/product\/4145\/revisions\/6472"}],"wp:featuredmedia":[{"embeddable":true,"href":"https:\/\/medipeel.rs\/sr\/wp-json\/wp\/v2\/media\/4152"}],"wp:attachment":[{"href":"https:\/\/medipeel.rs\/sr\/wp-json\/wp\/v2\/media?parent=4145"}],"wp:term":[{"taxonomy":"product_cat","embeddable":true,"href":"https:\/\/medipeel.rs\/sr\/wp-json\/wp\/v2\/product_cat?post=4145"},{"taxonomy":"product_tag","embeddable":true,"href":"https:\/\/medipeel.rs\/sr\/wp-json\/wp\/v2\/product_tag?post=4145"}],"curies":[{"name":"wp","href":"https:\/\/api.w.org\/{rel}","templated":true}]}}