{"id":4366,"date":"2021-08-27T17:42:59","date_gmt":"2021-08-27T14:42:59","guid":{"rendered":"https:\/\/medipeel.rs\/?post_type=product&#038;p=4366"},"modified":"2025-09-06T16:01:06","modified_gmt":"2025-09-06T14:01:06","slug":"medi-peel-led-therapy-shampoo-2","status":"publish","type":"product","link":"https:\/\/medipeel.rs\/sr\/\u043f\u0440\u043e\u0438\u0437\u0432\u043e\u0434\/medi-peel-led-therapy-shampoo-2\/","title":{"rendered":"Medi-Peel LED Therapy Shampoo"},"content":{"rendered":"<p class=\" translation-block\">\u0160ampon za ja\u010danje sa peptidima Medi-Peel LED Therapy Shampoo dubinski \u010disti ko\u017eu glave, ne\u017eno vr\u0161i piling, elimini\u0161e vi\u0161ak sebuma i zaga\u0111enja, ubla\u017eava svrab i umiruje iritiranu ko\u017eu. Proizvod poma\u017ee u zgu\u0161njavanju kose, elimini\u0161e lomljivost, suvoc\u0301u i ispucale krajeve. Oja\u010dava pramenove po celoj du\u017eini, \u010dinec\u0301i ih glatkim, sjajnim i elasti\u010dnim. \u0160ampon sadr\u017ei vi\u0161e od 50 aktivnih aktivnih sastojaka koji intenzivno hidriraju i neguju kosu od korena do samih vrhova, a deluju lekovito na tanku i oslabljenu kosu. Poma\u017ee u borbi protiv gubitka kose, ja\u010da folikule kose i vrac\u0301a bazalni volumen loknama. Obnavlja i zatvara o\u0161tec\u0301ene folikule dlake, zagla\u0111uje, omek\u0161ava i elimini\u0161e \u201ebo\u017eic\u0301no drvce\u201c.<br>\nZahvaljujuc\u0301i salicilnoj kiselini u sastavu, \u0161ampon ima odli\u010dan efekat pilinga i \u010di\u0161c\u0301enja, uklanja mrtve c\u0301elije ko\u017ee i stimuli\u0161e rast kose.<br>\nGlavni aktivni sastojak Bakar Tripeptid-1 daje LED efekat kosi - \u010dini pramenove glatkim, svilenkastim i sjajnim, ja\u010dajuc\u0301i i povec\u0301avajuc\u0301i njihovu elasti\u010dnost. Hrani i obnavlja kosu od korena do vrhova. Tripeptid zgu\u0161njava i zgu\u0161njava kosu, daje bazalni volumen i \u0161titi pramenove od lomljivosti i cepanja. Ja\u010da folikule kose i \u0161titi od agresivnih spolja\u0161njih faktora.<br>\n\u0160ampon ima pH vrednost od 5,7. Ne izaziva preteranu masnoc\u0301u ili suvoc\u0301u. Neutrali\u0161e agresivne efekte tekuc\u0301e vode i omek\u0161ava kosu.<br>\nGlavni aktivni sastojci:<br>\n17 vrsta aminokiselina ja\u010daju elasti\u010dnost kose, \u010dine pramenove jakim i elasti\u010dnim. Vratite vitalnost i zdrav sjaj.<br>\nEkstrakt zelenog \u010daja sadr\u017ei ogromnu koli\u010dinu antioksidanata, pored toga ima antisepti\u010dka i antibakterijska svojstva.<br>Efikasno \u010disti, tonizira, ubla\u017eava svrab i iritaciju. Daje kosi prijatan miris i du\u017ee ih odr\u017eava \u010distom.<br>\nEkstrakt nasturcijuma ima antisepti\u010dka, antibakterijska svojstva i zarastanje rana, smiruje iritiranu ko\u017eu glave. Ubrzava procese regeneracije i oporavka. Smatra se jedinstvenim lekom za le\u010denje ko\u017ee glave, ja\u010danje i stimulisanje rasta kose.<br>\nKokosovo ulje hrani i vla\u017ei kosu, vrac\u0301a joj prirodni sjaj i mekoc\u0301u, obezbe\u0111uje neophodne hranljive materije za obnavljanje oslabljene i lomljive kose, \u010dini suvu i kovrd\u017eavu kosu podlo\u017enom, elimini\u0161e dermatolo\u0161ke probleme kao \u0161to su perut, iritacija ko\u017ee i seboreja.<br>\nEkstrakt rogova jelena je bogat ogromnom koli\u010dinom biolo\u0161ki aktivnih supstanci. Vrac\u0301a o\u0161tec\u0301enu strukturu i ja\u010da vrhove kose, normalizuje metaboli\u010dke procese, hrani i ja\u010da koren kose. Daje loknama mekoc\u0301u, svilenkastost i volumen, omoguc\u0301ava lako ra\u0161\u010de\u0161ljavanje i \u0161titi kosu tokom vruc\u0301eg stilizovanja.<br>\nEkstrakt ginsenga aktivira sintezu kolagena, ubrzava mikrocirkulaciju krvi, \u0161to blagotvorno deluje na folikule kose i stimuli\u0161e rast nove kose. Deluje regenerativno, le\u010di rane i pukotine, dezinfikuje, \u0161titi od \u0161tetnog dejstva spolja\u0161njih faktora, omek\u0161ava i tonira.<\/p>\n<p><strong>Na\u010din upotrebe:<\/strong> Iscijedite potrebnu koli\u010dinu \u0161ampona po rukama, nanesite na kosu i rasporedite po cijeloj du\u017eini kose, sa\u010dekajte 1-2 minuta i temeljito isperite.<\/p>\n<hr \/>\n<div><em><strong><em>Sastojci:<\/em><\/strong> Water, Cocamidopropyl Betaine, Sodium Cocoyl Alaninate, Sodium Lauroyl Methylaminopropionate, PEG-7 Glyceryl Cocoate, Propylene Glycol, Cocamide Methyl MEA, Sodium chloride, Butylene Glycol, Zingiber Officinale (Ginger) Root Extract, Panax Ginseng Root Extract, Acetyl Hexapeptide-8, Copper Tripeptide-1, Palmitoyl Pentapeptide-4, Octyldodecanol, Hydrogenated Lecithin, Ceramide 3, Phytosteryl\/Octyldodecyl Lauroyl Glutamate, Hydrolyzed Keratin, Glycine Soja (Soybean) Seed Extract, Sesamum Indicum (Sesame) Seed Extract, Polygonum Multiflorum Root Extract, Helichrysum Italicum Extract, Artemisia Annua Extract , Hydrolyzed Silk, Glycine, Serine, Glutamic Acid, Aspartic Acid, Leucine, Alanine, Lysine, Arginine, Tyrosine, Phenylalanine, Threonine, Proline, Valine, Isoleucine, Histidine, Methionine, Cysteine, Urea, Disodium Phosphate, Biotin, Aloe Barbadensis Leaf Extract, Lavandula Angustifolia (Lavender) Flower Extract, Chamomilla Recutita (Matricaria) Flower Extract, Centella Asiatica Extract, Camellia Sinensis Leaf Extract, Glycerin, Zanthoxylum Piperitum Fruit Extract, Pulsatilla Koreana Extract, Usnea Barbata (Lichen) Extract, Artemisia Princeps Leaf Extract, Glycyrrhiza Uralensis (Licorice) Root Extract, Rosmarinus Officinalis (Rosemary) Leaf Extract, Monarda Didyma Leaf Extract, Mentha Piperita (Peppermint) Leaf Extract, Freesia Refracta Extract, Betaine, Menthol, Salicylic Acid, Panthenol, Citric Acid, Polyquaternium-7, Polyquaternium-10, PEG-120 Methyl Glucose Dioleate, Disodium EDTA, 1,2-Hexanediol, Hydroxyacetophenone, Ethylhexylglycerin, Eclipta Prostrata Extract, Cocos Nucifera (Coconut) Oil, Undaria Pinnatifida Extract, Saccharomyces Cerevisiae Extract, Argania Spinosa Kernel Oil, Malt Extract, Fragrance<\/em><\/div>","protected":false},"excerpt":{"rendered":"<p>\u0160ampon za ja\u010danje sa peptidima. 500ml<\/p>","protected":false},"featured_media":4367,"template":"","meta":[],"product_cat":[317,273,366],"product_tag":[395],"featured_image_urls":{"full":["https:\/\/medipeel.rs\/wp-content\/uploads\/2022\/03\/medi-peel-led-therapy-shampoo-1-1.jpg",1200,1200,false],"thumbnail":["https:\/\/medipeel.rs\/wp-content\/uploads\/2022\/03\/medi-peel-led-therapy-shampoo-1-1-150x150.jpg",150,150,true],"medium":["https:\/\/medipeel.rs\/wp-content\/uploads\/2022\/03\/medi-peel-led-therapy-shampoo-1-1-300x300.jpg",300,300,true],"medium_large":["https:\/\/medipeel.rs\/wp-content\/uploads\/2022\/03\/medi-peel-led-therapy-shampoo-1-1-768x768.jpg",768,768,true],"large":["https:\/\/medipeel.rs\/wp-content\/uploads\/2022\/03\/medi-peel-led-therapy-shampoo-1-1-1024x1024.jpg",1024,1024,true],"1536x1536":["https:\/\/medipeel.rs\/wp-content\/uploads\/2022\/03\/medi-peel-led-therapy-shampoo-1-1.jpg",1200,1200,false],"2048x2048":["https:\/\/medipeel.rs\/wp-content\/uploads\/2022\/03\/medi-peel-led-therapy-shampoo-1-1.jpg",1200,1200,false],"trp-custom-language-flag":["https:\/\/medipeel.rs\/wp-content\/uploads\/2022\/03\/medi-peel-led-therapy-shampoo-1-1-12x12.jpg",12,12,true],"vcmegaposts-masonry":["https:\/\/medipeel.rs\/wp-content\/uploads\/2022\/03\/medi-peel-led-therapy-shampoo-1-1-500x500.jpg",500,500,true],"vcmegaposts-normal":["https:\/\/medipeel.rs\/wp-content\/uploads\/2022\/03\/medi-peel-led-therapy-shampoo-1-1-800x800.jpg",800,800,true],"vcmegaposts-type1":["https:\/\/medipeel.rs\/wp-content\/uploads\/2022\/03\/medi-peel-led-therapy-shampoo-1-1-800x500.jpg",800,500,true],"woocommerce_thumbnail":["https:\/\/medipeel.rs\/wp-content\/uploads\/2022\/03\/medi-peel-led-therapy-shampoo-1-1-450x600.jpg",450,600,true],"woocommerce_single":["https:\/\/medipeel.rs\/wp-content\/uploads\/2022\/03\/medi-peel-led-therapy-shampoo-1-1-600x600.jpg",600,600,true],"woocommerce_gallery_thumbnail":["https:\/\/medipeel.rs\/wp-content\/uploads\/2022\/03\/medi-peel-led-therapy-shampoo-1-1-100x100.jpg",100,100,true]},"post_excerpt_stackable":"<p>\u0423\u043a\u0440\u0435\u043f\u043b\u044f\u044e\u0449\u0438\u0439 \u0448\u0430\u043c\u043f\u0443\u043d\u044c \u0441 \u043f\u0435\u043f\u0442\u0438\u0434\u0430\u043c\u0438. 500ml<\/p>\n","category_list":"","author_info":{"name":"","url":""},"comments_num":"0 comments","jetpack_sharing_enabled":true,"_links":{"self":[{"href":"https:\/\/medipeel.rs\/sr\/wp-json\/wp\/v2\/product\/4366"}],"collection":[{"href":"https:\/\/medipeel.rs\/sr\/wp-json\/wp\/v2\/product"}],"about":[{"href":"https:\/\/medipeel.rs\/sr\/wp-json\/wp\/v2\/types\/product"}],"version-history":[{"count":1,"href":"https:\/\/medipeel.rs\/sr\/wp-json\/wp\/v2\/product\/4366\/revisions"}],"predecessor-version":[{"id":4368,"href":"https:\/\/medipeel.rs\/sr\/wp-json\/wp\/v2\/product\/4366\/revisions\/4368"}],"wp:featuredmedia":[{"embeddable":true,"href":"https:\/\/medipeel.rs\/sr\/wp-json\/wp\/v2\/media\/4367"}],"wp:attachment":[{"href":"https:\/\/medipeel.rs\/sr\/wp-json\/wp\/v2\/media?parent=4366"}],"wp:term":[{"taxonomy":"product_cat","embeddable":true,"href":"https:\/\/medipeel.rs\/sr\/wp-json\/wp\/v2\/product_cat?post=4366"},{"taxonomy":"product_tag","embeddable":true,"href":"https:\/\/medipeel.rs\/sr\/wp-json\/wp\/v2\/product_tag?post=4366"}],"curies":[{"name":"wp","href":"https:\/\/api.w.org\/{rel}","templated":true}]}}