{"id":4512,"date":"2022-03-25T18:12:53","date_gmt":"2022-03-25T15:12:53","guid":{"rendered":"https:\/\/medipeel.rs\/?post_type=product&#038;p=4512"},"modified":"2026-01-31T17:33:46","modified_gmt":"2026-01-31T16:33:46","slug":"medi-peel-vitamin-bomb-refreshing-mask","status":"publish","type":"product","link":"https:\/\/medipeel.rs\/sr\/\u043f\u0440\u043e\u0438\u0437\u0432\u043e\u0434\/medi-peel-vitamin-bomb-refreshing-mask\/","title":{"rendered":"Medi-Peel Vitamin Bomb Refreshing Mask"},"content":{"rendered":"<p class=\" translation-block\">Osvetljavaju\u0107a maska sa vitaminskim kompleksom Medi-Peel Vitamin Bomb oboga\u0107uje ko\u017eu hranljivim sastojcima, ujedna\u010dava ton i reljef, daje zdrav i blistav ten. Posvetljuje ne\u017eeljenu pigmentaciju i tragove postakni. Tonira, reguli\u0161e lu\u010denje sebuma, smanjuje upale i crvenilo. Deluje antioksidativno i \u0161titi ko\u017eu od slobodnih radikala. Pru\u017ea intenzivnu hidrataciju i zadr\u017eava vlagu u dubokim slojevima ko\u017ee, spre\u010davaju\u0107i dehidrataciju. Esencija u maski pobolj\u0161ava elasti\u010dnost i \u010dvrstinu, podsti\u010de mikrocirkulaciju i procese regeneracije u \u0107elijama.\n<br> <i>Niacinamid<\/i> stimuli\u0161e sintezu kolagena, ja\u010da za\u0161titne funkcije ko\u017ee, smanjuje gubitak vlage, posvetljuje, omek\u0161ava, su\u017eava pore i umiruje osetljivu ko\u017eu, pobolj\u0161ava mikrocirkulaciju.\n<br> <i>Vitamin C<\/i> deluje sna\u017eno antioksidativno, \u0161titi ko\u017eu od UV o\u0161te\u0107enja, podsti\u010de sintezu kolagena, pobolj\u0161ava elasti\u010dnost i hidrataciju, usporava proces starenja, smanjuje pigmentaciju i tragove akni, ujedna\u010dava ten i daje ko\u017ei sjaj.\n<br> <i>Astaksantin<\/i> je jedinstven antioksidans koji neutrali\u0161e slobodne radikale i usporava starenje ko\u017ee. Pove\u0107ava \u010dvrstinu i elasti\u010dnost, ubrzava regeneraciju, koristan je kod akni i ja\u010da barijernu funkciju ko\u017ee.\n<br> <i>Tokoferol<\/i> (vitamin E) zagla\u0111uje bore, tonira ko\u017eu, ubrzava zarastanje, elimini\u0161e perutanje i normalizuje masno\u0107u ko\u017ee.\n<br> <i>Hijaluronska kiselina<\/i> pru\u017ea dugotrajnu i intenzivnu hidrataciju, \u0161titi od dehidratacije i prevremenih bora, stimuli\u0161e obnavljanje \u0107elija i zarastanje mikropovreda.\n<br> <i>Alantoin<\/i> omek\u0161ava i hidrira, su\u017eava pore, reguli\u0161e lu\u010denje sebuma, smiruje iritacije i deluje protivupalno.\n<br> <i>Pantenol<\/i> obnavlja ko\u017eu, umanjuje crvenilo i iritaciju, podsti\u010de zarastanje.\n<br> Pogodna za sve tipove ko\u017ee.<\/p>\n<p><strong>Na\u010din upotrebe:<\/strong> o\u010distite ko\u017eu, nanesite tonik. Nanesite masku na lice i ostavite da deluje 20-30 minuta. Preostalu esenciju ne\u017enim pokretima umasirati u ko\u017eu lica, vrata i dekoltea.<\/p>\n<hr \/>\n<div><em><strong><em>Sastojci:<\/em><\/strong> <span data-sheets-value=\"{&quot;1&quot;:2,&quot;2&quot;:&quot;Purified Water, Glycerin, Methyl Propane Diol, Betaine, Niacinamide (10000ppm), Astaxanthin (10ppm) Tocopheryl Acetate (29ppm), Pyridoxine HCl (2ppm), Citric Acid Cyanocobalamin (10ppm) , Citrate Citrate, Panthenol (100ppm), Sodium Ascorbyl Phosphate (7.5ppm), Soothed Hyaluronate, Sodium Acetylated Hyaluronate, Hydrolyzed Hyaluronic Acid, Hydroxypropyl Trimonium High Aluronate, Sodium Hyaluronate Crosspolymer, Hyaluronic Acid, Potassium Hyaluronate, Coptis Root Extract, Lemon Peel Oil, Fiji-32 Propane Diol, Pentylene Glycol, Coconut Coconut Fruit Extract, Savior Pine Leaf Extract, Fiji-60 Hydrogenated Castor Oil, Ethyl Hexanediol, 1,2- \uccb5 Sandai Allol, Allantoin, Cyclodextrin, Dextrin, Fiji-2aM, Silica, Pure Polyacrylate, C13-140 Isoparaffin, Laureth-7, Carbomer, Cetyl Ethyl Hexanoate, Al Ghan, Xanthan Gum, Ethyl Hexyl Glycerin, Disodium Dithiate, Cellulose Gum Calcium Pantothenate, Maltodextrin, Sodium Staroctenylsuccinate&quot;}\" data-sheets-userformat=\"{&quot;2&quot;:15037,&quot;3&quot;:{&quot;1&quot;:0},&quot;5&quot;:{&quot;1&quot;:[{&quot;1&quot;:2,&quot;2&quot;:0,&quot;5&quot;:{&quot;1&quot;:2,&quot;2&quot;:0}},{&quot;1&quot;:0,&quot;2&quot;:0,&quot;3&quot;:3},{&quot;1&quot;:1,&quot;2&quot;:0,&quot;4&quot;:1}]},&quot;6&quot;:{&quot;1&quot;:[{&quot;1&quot;:2,&quot;2&quot;:0,&quot;5&quot;:{&quot;1&quot;:2,&quot;2&quot;:0}},{&quot;1&quot;:0,&quot;2&quot;:0,&quot;3&quot;:3},{&quot;1&quot;:1,&quot;2&quot;:0,&quot;4&quot;:1}]},&quot;7&quot;:{&quot;1&quot;:[{&quot;1&quot;:2,&quot;2&quot;:0,&quot;5&quot;:{&quot;1&quot;:2,&quot;2&quot;:0}},{&quot;1&quot;:0,&quot;2&quot;:0,&quot;3&quot;:3},{&quot;1&quot;:1,&quot;2&quot;:0,&quot;4&quot;:1}]},&quot;8&quot;:{&quot;1&quot;:[{&quot;1&quot;:2,&quot;2&quot;:0,&quot;5&quot;:{&quot;1&quot;:2,&quot;2&quot;:0}},{&quot;1&quot;:0,&quot;2&quot;:0,&quot;3&quot;:3},{&quot;1&quot;:1,&quot;2&quot;:0,&quot;4&quot;:1}]},&quot;10&quot;:1,&quot;12&quot;:0,&quot;14&quot;:{&quot;1&quot;:3,&quot;3&quot;:1},&quot;15&quot;:&quot;Calibri&quot;,&quot;16&quot;:9}\">Purified Water, Glycerin, Methyl Propane Diol, Betaine, Niacinamide (10000ppm), Astaxanthin (10ppm) Tocopheryl Acetate (29ppm), Pyridoxine HCl (2ppm), Citric Acid Cyanocobalamin (10ppm) , Citrate Citrate, Panthenol (100ppm), Sodium Ascorbyl Phosphate (7.5ppm), Soothed Hyaluronate, Sodium Acetylated Hyaluronate, Hydrolyzed Hyaluronic Acid, Hydroxypropyl Trimonium High Aluronate, Sodium Hyaluronate Crosspolymer, Hyaluronic Acid, Potassium Hyaluronate, Coptis Root Extract, Lemon Peel Oil, Fiji-32 Propane Diol, Pentylene Glycol, Coconut Coconut Fruit Extract, Savior Pine Leaf Extract, Fiji-60 Hydrogenated Castor Oil, Ethyl Hexanediol, 1,2- \uccb5 Sandai Allol, Allantoin, Cyclodextrin, Dextrin, Fiji-2aM, Silica, Pure Polyacrylate, C13-140 Isoparaffin, Laureth-7, Carbomer, Cetyl Ethyl Hexanoate, Al Ghan, Xanthan Gum, Ethyl Hexyl Glycerin, Disodium Dithiate, Cellulose Gum Calcium Pantothenate, Maltodextrin, Sodium Staroctenylsuccinate<\/span><\/em><\/div>","protected":false},"excerpt":{"rendered":"<p>Osve\u017eavajuc\u0301a maska sa vitaminskim kompleksom. 25ml<\/p>","protected":false},"featured_media":4513,"template":"","meta":[],"product_cat":[264,359,272,342],"product_tag":[319],"featured_image_urls":{"full":["https:\/\/medipeel.rs\/wp-content\/uploads\/2022\/05\/medi-peel-vitamin-bomb-refreshing-mask.jpg",1200,1200,false],"thumbnail":["https:\/\/medipeel.rs\/wp-content\/uploads\/2022\/05\/medi-peel-vitamin-bomb-refreshing-mask-150x150.jpg",150,150,true],"medium":["https:\/\/medipeel.rs\/wp-content\/uploads\/2022\/05\/medi-peel-vitamin-bomb-refreshing-mask-300x300.jpg",300,300,true],"medium_large":["https:\/\/medipeel.rs\/wp-content\/uploads\/2022\/05\/medi-peel-vitamin-bomb-refreshing-mask-768x768.jpg",768,768,true],"large":["https:\/\/medipeel.rs\/wp-content\/uploads\/2022\/05\/medi-peel-vitamin-bomb-refreshing-mask-1024x1024.jpg",1024,1024,true],"1536x1536":["https:\/\/medipeel.rs\/wp-content\/uploads\/2022\/05\/medi-peel-vitamin-bomb-refreshing-mask.jpg",1200,1200,false],"2048x2048":["https:\/\/medipeel.rs\/wp-content\/uploads\/2022\/05\/medi-peel-vitamin-bomb-refreshing-mask.jpg",1200,1200,false],"trp-custom-language-flag":["https:\/\/medipeel.rs\/wp-content\/uploads\/2022\/05\/medi-peel-vitamin-bomb-refreshing-mask-12x12.jpg",12,12,true],"vcmegaposts-masonry":["https:\/\/medipeel.rs\/wp-content\/uploads\/2022\/05\/medi-peel-vitamin-bomb-refreshing-mask-500x500.jpg",500,500,true],"vcmegaposts-normal":["https:\/\/medipeel.rs\/wp-content\/uploads\/2022\/05\/medi-peel-vitamin-bomb-refreshing-mask-800x800.jpg",800,800,true],"vcmegaposts-type1":["https:\/\/medipeel.rs\/wp-content\/uploads\/2022\/05\/medi-peel-vitamin-bomb-refreshing-mask-800x500.jpg",800,500,true],"woocommerce_thumbnail":["https:\/\/medipeel.rs\/wp-content\/uploads\/2022\/05\/medi-peel-vitamin-bomb-refreshing-mask-450x600.jpg",450,600,true],"woocommerce_single":["https:\/\/medipeel.rs\/wp-content\/uploads\/2022\/05\/medi-peel-vitamin-bomb-refreshing-mask-600x600.jpg",600,600,true],"woocommerce_gallery_thumbnail":["https:\/\/medipeel.rs\/wp-content\/uploads\/2022\/05\/medi-peel-vitamin-bomb-refreshing-mask-100x100.jpg",100,100,true]},"post_excerpt_stackable":"<p>\u041e\u0441\u0432\u0435\u0436\u0430\u044e\u0449\u0430\u044f \u043c\u0430\u0441\u043a\u0430 \u0441 \u0432\u0438\u0442\u0430\u043c\u0438\u043d\u043d\u044b\u043c \u043a\u043e\u043c\u043f\u043b\u0435\u043a\u0441\u043e\u043c. 25ml<\/p>\n","category_list":"","author_info":{"name":"","url":""},"comments_num":"0 comments","jetpack_sharing_enabled":true,"_links":{"self":[{"href":"https:\/\/medipeel.rs\/sr\/wp-json\/wp\/v2\/product\/4512"}],"collection":[{"href":"https:\/\/medipeel.rs\/sr\/wp-json\/wp\/v2\/product"}],"about":[{"href":"https:\/\/medipeel.rs\/sr\/wp-json\/wp\/v2\/types\/product"}],"version-history":[{"count":5,"href":"https:\/\/medipeel.rs\/sr\/wp-json\/wp\/v2\/product\/4512\/revisions"}],"predecessor-version":[{"id":6549,"href":"https:\/\/medipeel.rs\/sr\/wp-json\/wp\/v2\/product\/4512\/revisions\/6549"}],"wp:featuredmedia":[{"embeddable":true,"href":"https:\/\/medipeel.rs\/sr\/wp-json\/wp\/v2\/media\/4513"}],"wp:attachment":[{"href":"https:\/\/medipeel.rs\/sr\/wp-json\/wp\/v2\/media?parent=4512"}],"wp:term":[{"taxonomy":"product_cat","embeddable":true,"href":"https:\/\/medipeel.rs\/sr\/wp-json\/wp\/v2\/product_cat?post=4512"},{"taxonomy":"product_tag","embeddable":true,"href":"https:\/\/medipeel.rs\/sr\/wp-json\/wp\/v2\/product_tag?post=4512"}],"curies":[{"name":"wp","href":"https:\/\/api.w.org\/{rel}","templated":true}]}}