{"id":4580,"date":"2021-08-27T17:55:53","date_gmt":"2021-08-27T14:55:53","guid":{"rendered":"https:\/\/medipeel.rs\/?post_type=product&#038;p=4580"},"modified":"2024-02-22T17:04:25","modified_gmt":"2024-02-22T16:04:25","slug":"medi-peel-dutch-tea-bubble-cleanser-2","status":"publish","type":"product","link":"https:\/\/medipeel.rs\/sr\/\u043f\u0440\u043e\u0438\u0437\u0432\u043e\u0434\/medi-peel-dutch-tea-bubble-cleanser-2\/","title":{"rendered":"Medi-Peel Dutch Tea Bubble Cleanser"},"content":{"rendered":"<p class=\" translation-block\">Meka pena sa \u010dajevcem delikatno \u010disti ko\u017eu i elimini\u0161e masni sjaj, odr\u017eavajuc\u0301i optimalan nivo vlage. Spre\u010dava za\u010depljenje pora, smiruje crvenilo i iritaciju i spre\u010di upalne procese. Pena pa\u017eljivo uklanja ne\u010distoc\u0301e, vi\u0161ak sebuma i ostatke \u0161minke, rastvara lojne \u010depove i osvetljava tamne fleke. Reguli\u0161e rad lojnih \u017elezda, spre\u010dava prekomerno lu\u010denje sebuma, normalizuje ravnote\u017eu vode i lipida. Ubrzava proces zarastanja, spre\u010dava pojavu akni, ja\u010da za\u0161titnu barijeru. <br>\nProizvod je predstavljen u prikladnom formatu sa dozatorom i, kada se pritisne, trenutno se pretvara u najdelikatniju penu. Mali mehuric\u0301i prijatno masiraju i opu\u0161taju ko\u017eu, ostavljajuc\u0301i osec\u0301aj sve\u017eine i lakoc\u0301e nakon pranja.<br>\nGlavni aktivni sastojci:<br>\nKompleks \u010dajevca (voda, ekstrakt i ulje) ima sna\u017eno antimikrobno dejstvo. Bori se protiv za\u010depljenja pora, normalizuje funkcionisanje lojnih \u017elezda i proizvodnju sebuma, smanjuje masni sjaj.<br>\nKompleks od 7 vrsta hijaluronske kiseline obezbe\u0111ujeu aktivnu hidrataciju svih slojeva epidermisa. Aktivno vla\u017ei i poma\u017ee u zadr\u017eavanju vlage u ko\u017ei. Formira za\u0161titni sloj koji spre\u010dava isparavanje vlage.<br>\nKompleks azijske centele umiruje,  povec\u0301ava \u010dvrstinu i elasti\u010dnost ko\u017ee, zasic\u0301uje c\u0301elije ko\u017ee vlagom. Formira za\u0161titnu barijeru koja \u0161titi ko\u017eu od ultraljubi\u010dastog zra\u010denja i negativnih faktora okoline.<br>\nEkstrakt kore bele vrbe je prirodni izvor salicilne kiseline. Ima antimikrobna, antiinflamatorna, omek\u0161avajuc\u0301a i piling svojstva. Isu\u0161uje podru\u010dje upale i spre\u010dava pojavu osipa.<br>\nPogodno za problemati\u010dnu i masnu ko\u017eu.<\/p>\n<p><strong>Na\u010din upotrebe:<\/strong> Nakon \u0161to navla\u017eite lice mlakom vodom, ispumpajte odgovarajuc\u0301u koli\u010dinu pene. O\u010distite lice kao da ne\u017eno masirate penu. Temeljno isperite vodom.<\/p>\n<hr \/>\n<div><em><b><em>Sastojci:<\/em> <\/b>Water, Methylpropanediol, Lauryl Betaine, Decyl Glucoside, Disodium ocoamphodiacetate, Sodium Chloride, 12-14 Pareth-12, Caprylyl Glycol, Citric Acid, thylhexylglycerin, Hexylene Glycol, Laurylpyridinium Chloride, Disodium EDTA, Butylene Glycol, Levulinic Acid, Melaleuca Alternifolia (Tea Tree) Leaf Water(147 ppm), Sodium Bicarbonate, Centella Asiatica Leaf Water, Melaleuca Alternifolia (Tea Tree) Extract(100 ppm), Melaleuca Alternifolia (Tea Tree) Leaf Oil(100 ppm), Centella Asiatica Extract, Melaleuca Alternifolia (Tea Tree) Leaf Extract(49 ppm), 1,2-Hexanediol, Centella Asiatica Leaf Extract, Enantia Chlorantha Bark Extract, Houttuynia Cordata Extract, Salix Alba (Willow) Bark Extract, Sodium Hyaluronate, Cynanchum Atratum Extract, Hydroxypropyltrimonium Hyaluronate, Oleanolic Acid, Hydrolyzed Hyaluronic Acid, Sodium Acetylated Hyaluronate, Hyaluronic Acid, Sodium Hyaluronate Crosspolymer, Asiatic Acid, Asiaticoside, Madecassic Acid, Madecassoside, Potassium Hyaluronate<\/em><\/div>","protected":false},"excerpt":{"rendered":"<p>Mekana pjena-mus sa \u010dajevcom. 160ml<\/p>","protected":false},"featured_media":4581,"template":"","meta":[],"product_cat":[270,254,374,375,378,379,260,314],"product_tag":[322],"featured_image_urls":{"full":["https:\/\/medipeel.rs\/wp-content\/uploads\/2022\/06\/medi-peel-dutch-tea-bubble-cleanser-1.jpg",1200,1200,false],"thumbnail":["https:\/\/medipeel.rs\/wp-content\/uploads\/2022\/06\/medi-peel-dutch-tea-bubble-cleanser-1-150x150.jpg",150,150,true],"medium":["https:\/\/medipeel.rs\/wp-content\/uploads\/2022\/06\/medi-peel-dutch-tea-bubble-cleanser-1-300x300.jpg",300,300,true],"medium_large":["https:\/\/medipeel.rs\/wp-content\/uploads\/2022\/06\/medi-peel-dutch-tea-bubble-cleanser-1-768x768.jpg",768,768,true],"large":["https:\/\/medipeel.rs\/wp-content\/uploads\/2022\/06\/medi-peel-dutch-tea-bubble-cleanser-1-1024x1024.jpg",1024,1024,true],"1536x1536":["https:\/\/medipeel.rs\/wp-content\/uploads\/2022\/06\/medi-peel-dutch-tea-bubble-cleanser-1.jpg",1200,1200,false],"2048x2048":["https:\/\/medipeel.rs\/wp-content\/uploads\/2022\/06\/medi-peel-dutch-tea-bubble-cleanser-1.jpg",1200,1200,false],"trp-custom-language-flag":["https:\/\/medipeel.rs\/wp-content\/uploads\/2022\/06\/medi-peel-dutch-tea-bubble-cleanser-1-12x12.jpg",12,12,true],"vcmegaposts-masonry":["https:\/\/medipeel.rs\/wp-content\/uploads\/2022\/06\/medi-peel-dutch-tea-bubble-cleanser-1-500x500.jpg",500,500,true],"vcmegaposts-normal":["https:\/\/medipeel.rs\/wp-content\/uploads\/2022\/06\/medi-peel-dutch-tea-bubble-cleanser-1-800x800.jpg",800,800,true],"vcmegaposts-type1":["https:\/\/medipeel.rs\/wp-content\/uploads\/2022\/06\/medi-peel-dutch-tea-bubble-cleanser-1-800x500.jpg",800,500,true],"woocommerce_thumbnail":["https:\/\/medipeel.rs\/wp-content\/uploads\/2022\/06\/medi-peel-dutch-tea-bubble-cleanser-1-450x600.jpg",450,600,true],"woocommerce_single":["https:\/\/medipeel.rs\/wp-content\/uploads\/2022\/06\/medi-peel-dutch-tea-bubble-cleanser-1-600x600.jpg",600,600,true],"woocommerce_gallery_thumbnail":["https:\/\/medipeel.rs\/wp-content\/uploads\/2022\/06\/medi-peel-dutch-tea-bubble-cleanser-1-100x100.jpg",100,100,true]},"post_excerpt_stackable":"<p>\u041c\u044f\u0433\u043a\u0430\u044f \u043f\u0435\u043d\u043a\u0430-\u043c\u0443\u0441\u0441 \u0441 \u0447\u0430\u0439\u043d\u044b\u043c \u0434\u0435\u0440\u0435\u0432\u043e\u043c. 160ml<\/p>\n","category_list":"","author_info":{"name":"","url":""},"comments_num":"0 comments","jetpack_sharing_enabled":true,"_links":{"self":[{"href":"https:\/\/medipeel.rs\/sr\/wp-json\/wp\/v2\/product\/4580"}],"collection":[{"href":"https:\/\/medipeel.rs\/sr\/wp-json\/wp\/v2\/product"}],"about":[{"href":"https:\/\/medipeel.rs\/sr\/wp-json\/wp\/v2\/types\/product"}],"version-history":[{"count":1,"href":"https:\/\/medipeel.rs\/sr\/wp-json\/wp\/v2\/product\/4580\/revisions"}],"predecessor-version":[{"id":4582,"href":"https:\/\/medipeel.rs\/sr\/wp-json\/wp\/v2\/product\/4580\/revisions\/4582"}],"wp:featuredmedia":[{"embeddable":true,"href":"https:\/\/medipeel.rs\/sr\/wp-json\/wp\/v2\/media\/4581"}],"wp:attachment":[{"href":"https:\/\/medipeel.rs\/sr\/wp-json\/wp\/v2\/media?parent=4580"}],"wp:term":[{"taxonomy":"product_cat","embeddable":true,"href":"https:\/\/medipeel.rs\/sr\/wp-json\/wp\/v2\/product_cat?post=4580"},{"taxonomy":"product_tag","embeddable":true,"href":"https:\/\/medipeel.rs\/sr\/wp-json\/wp\/v2\/product_tag?post=4580"}],"curies":[{"name":"wp","href":"https:\/\/api.w.org\/{rel}","templated":true}]}}