{"id":4589,"date":"2021-10-11T01:20:57","date_gmt":"2021-10-10T22:20:57","guid":{"rendered":"https:\/\/medipeel.rs\/?post_type=product&#038;p=4589"},"modified":"2026-03-12T20:52:50","modified_gmt":"2026-03-12T19:52:50","slug":"medi-peel-red-lacto-collagen-cleansing-oil-2","status":"publish","type":"product","link":"https:\/\/medipeel.rs\/sr\/\u043f\u0440\u043e\u0438\u0437\u0432\u043e\u0434\/medi-peel-red-lacto-collagen-cleansing-oil-2\/","title":{"rendered":"Medi-Peel Red Lacto Collagen Cleansing Oil"},"content":{"rendered":"<p class=\" translation-block\">Hidrofilno ulje s laktobacilima ne\u017eno i temeljno uklanja \u0161minjku, uklanja ne\u010disto\u0107e iz pora i uklanja masni sjaj. Uklanja suvo\u0107u i zategnutost, omek\u0161ava i uklanja iritaciju. Proizvod lako otapa i skida sve vrste prljav\u0161tine, pra\u0161ine, tonalna sredstva, spre\u010dava pojavu mitesera i komedona, reguli\u0161e rad lojnih \u017elezda. Podr\u017eava optimalnu ravnote\u017eu vode i lipida, pobolj\u0161ava optimalne funkcije ko\u017ee, obnavlja mikrobiom. Osnova proizvoda je ulje Andirobe (80%), koje djeluje antimikrobno i protivupalno. Ubrzava proces ozdravljenja, ja\u010da za\u0161titnu funkciju ko\u017ee i \u010dini je manje reaktivnom. Pobolj\u0161ava mikrocirkulaciju i metabolizam, vra\u0107a integritet ko\u017ei. Enzimi laktobacila podr\u017eavaju prirodnu mikrofloru ko\u017ee, pobolj\u0161avaju strukturu kolagena, pove\u0107avaju\u0107i elasti\u010dnost ko\u017ei. Pobolj\u0161ava ten, reguli\u0161e proizvodnju melanina, posvetljuje hiperpigmentaciju. Kolagen obnavlja strukturu epidermisa iznutra, ja\u010da \u010delije, pobolj\u0161ava metabolizam proteina. Podr\u017eava matricu ko\u017ee, zagla\u0111uje bore i nabore. Kompleks aminokiselina normalizuje proizvodnju kolagena i elastina, zagla\u0111uje ko\u017eu, ujedna\u010dava reljef. Pobolj\u0161ava boju ko\u017ee, daje joj zdrav sjaj i \u010dvrsto\u0107u. AQUAXYL je patentirani kompleks za hidrataciju, koji pobolj\u0161ava sposobnost \u010delija da zadr\u017ee vlagu. Stimuli\u0161e sintezu ceramida, spre\u010dava isu\u0161ivanje i perutanje, zagla\u0111uje reljef.<\/p>\n<p><span data-sheets-value=\"{&quot;1&quot;:2,&quot;2&quot;:&quot;\u0413\u0438\u0434\u0440\u043e\u0444\u0438\u043b\u044c\u043d\u043e\u0435 \u043c\u0430\u0441\u043b\u043e \u0441 \u043b\u0430\u043a\u0442\u043e\u0431\u0430\u043a\u0442\u0435\u0440\u0438\u044f\u043c\u0438. \u0413\u0438\u0434\u0440\u043e\u0444\u0438\u043b\u044c\u043d\u043e\u0435 \u043c\u0430\u0441\u043b\u043e \u0441 \u043b\u0430\u043a\u0442\u043e\u0431\u0430\u043a\u0442\u0435\u0440\u0438\u044f\u043c\u0438 Medi-Peel Red Lacto Collagen Cleansing Oil \u0431\u0435\u0440\u0435\u0436\u043d\u043e \u0438 \u0442\u0449\u0430\u0442\u0435\u043b\u044c\u043d\u043e \u0443\u0434\u0430\u043b\u044f\u0435\u0442 \u0441\u0442\u043e\u0439\u043a\u0438\u0439 \u043c\u0430\u043a\u0438\u044f\u0436, \u0432\u044b\u0432\u043e\u0434\u0438\u0442 \u0437\u0430\u0433\u0440\u044f\u0437\u043d\u0435\u043d\u0438\u044f \u0438\u0437 \u043f\u043e\u0440 \u0438 \u0443\u0441\u0442\u0440\u0430\u043d\u044f\u0435\u0442 \u0436\u0438\u0440\u043d\u044b\u0439 \u0431\u043b\u0435\u0441\u043a. \u0423\u0441\u0442\u0440\u0430\u043d\u044f\u0435\u0442 \u0441\u0443\u0445\u043e\u0441\u0442\u044c \u0438 \u0441\u0442\u044f\u043d\u0443\u0442\u043e\u0441\u0442\u044c, \u0441\u043c\u044f\u0433\u0447\u0430\u0435\u0442 \u0438 \u0443\u0441\u0442\u0440\u0430\u043d\u044f\u0435\u0442 \u0440\u0430\u0437\u0434\u0440\u0430\u0436\u0435\u043d\u0438\u044f. \u0421\u0440\u0435\u0434\u0441\u0442\u0432\u043e \u0441 \u043b\u0435\u0433\u043a\u043e\u0441\u0442\u044c\u044e \u0440\u0430\u0441\u0442\u0432\u043e\u0440\u044f\u0435\u0442 \u0432\u0441\u0435 \u0432\u0438\u0434\u044b \u0437\u0430\u0433\u0440\u044f\u0437\u043d\u0435\u043d\u0438\u0439, \u043f\u044b\u043b\u044c, \u0442\u043e\u043d\u0430\u043b\u044c\u043d\u044b\u0435 \u0441\u0440\u0435\u0434\u0441\u0442\u0432\u0430, \u043f\u0440\u0435\u043f\u044f\u0442\u0441\u0442\u0432\u0443\u0435\u0442 \u043f\u043e\u044f\u0432\u043b\u0435\u043d\u0438\u044e \u0447\u0435\u0440\u043d\u044b\u0445 \u0442\u043e\u0447\u0435\u043a \u0438 \u043a\u043e\u043c\u0435\u0434\u043e\u043d\u043e\u0432, \u0440\u0435\u0433\u0443\u043b\u0438\u0440\u0443\u0435\u0442 \u0440\u0430\u0431\u043e\u0442\u0443 \u0441\u0430\u043b\u044c\u043d\u044b\u0445 \u0436\u0435\u043b\u0435\u0437. \u041f\u043e\u0434\u0434\u0435\u0440\u0436\u0438\u0432\u0430\u0435\u0442 \u043e\u043f\u0442\u0438\u043c\u0430\u043b\u044c\u043d\u044b\u0439 \u0432\u043e\u0434\u043d\u043e-\u043b\u0438\u043f\u0438\u0434\u043d\u044b\u0439 \u0431\u0430\u043b\u0430\u043d\u0441, \u0443\u043b\u0443\u0447\u0448\u0430\u0435\u0442 \u0431\u0430\u0440\u044c\u0435\u0440\u043d\u044b\u0435 \u0444\u0443\u043d\u043a\u0446\u0438\u0438 \u043a\u043e\u0436\u0438, \u0432\u043e\u0441\u0441\u0442\u0430\u043d\u0430\u0432\u043b\u0438\u0432\u0430\u0435\u0442 \u043c\u0438\u043a\u0440\u043e\u0431\u0438\u043e\u043c. \u041e\u0441\u043d\u043e\u0432\u0443 \u0441\u0440\u0435\u0434\u0441\u0442\u0432\u0430 \u0441\u043e\u0441\u0442\u0430\u0432\u043b\u044f\u0435\u0442 \u043c\u0430\u0441\u043b\u043e \u0430\u043d\u0434\u0438\u0440\u043e\u0431\u044b (80%), \u043a\u043e\u0442\u043e\u0440\u043e\u0435 \u043e\u043a\u0430\u0437\u044b\u0432\u0430\u0435\u0442 \u0430\u043d\u0442\u0438\u043c\u0438\u043a\u0440\u043e\u0431\u043d\u043e\u0435 \u0438 \u043f\u0440\u043e\u0442\u0438\u0432\u043e\u0432\u043e\u0441\u043f\u0430\u043b\u0438\u0442\u0435\u043b\u044c\u043d\u043e\u0435 \u0432\u043e\u0437\u0434\u0435\u0439\u0441\u0442\u0432\u0438\u0435. \u0423\u0441\u043a\u043e\u0440\u044f\u0435\u0442 \u043f\u0440\u043e\u0446\u0435\u0441\u0441\u044b \u0437\u0430\u0436\u0438\u0432\u043b\u0435\u043d\u0438\u044f, \u0443\u043a\u0440\u0435\u043f\u043b\u044f\u0435\u0442 \u0437\u0430\u0449\u0438\u0442\u043d\u044b\u0439 \u0431\u0430\u0440\u044c\u0435\u0440 \u0438 \u0434\u0435\u043b\u0430\u0435\u0442 \u043a\u043e\u0436\u0443 \u043c\u0435\u043d\u0435\u0435 \u0440\u0435\u0430\u043a\u0442\u0438\u0432\u043d\u043e\u0439. \u0423\u043b\u0443\u0447\u0448\u0430\u0435\u0442 \u043c\u0438\u043a\u0440\u043e\u0446\u0438\u0440\u043a\u0443\u043b\u044f\u0446\u0438\u044e \u0438 \u043e\u0431\u043c\u0435\u043d \u0432\u0435\u0449\u0435\u0441\u0442\u0432, \u0432\u043e\u0441\u0441\u0442\u0430\u043d\u0430\u0432\u043b\u0438\u0432\u0430\u0435\u0442 \u0446\u0435\u043b\u043e\u0441\u0442\u043d\u043e\u0441\u0442\u044c \u043a\u043e\u0436\u043d\u044b\u0445 \u043f\u043e\u043a\u0440\u043e\u0432\u043e\u0432. \u041f\u0440\u0438 \u043a\u043e\u043d\u0442\u0430\u043a\u0442\u0435 \u0441 \u0432\u043e\u0434\u043e\u0439 \u0433\u0438\u0434\u0440\u043e\u0444\u0438\u043b\u044c\u043d\u043e\u0435 \u043c\u0430\u0441\u043b\u043e \u043f\u0440\u0435\u043e\u0431\u0440\u0430\u0437\u0443\u0435\u0442\u0441\u044f \u0432 \u043d\u0435\u0436\u043d\u043e\u0435 \u043c\u043e\u043b\u043e\u0447\u043a\u043e, \u043a\u043e\u0442\u043e\u0440\u043e\u0435 \u043b\u0435\u0433\u043a\u043e \u0441\u043c\u044b\u0432\u0430\u0435\u0442\u0441\u044f \u0432\u043e\u0434\u043e\u0439. \u0424\u0435\u0440\u043c\u0435\u043d\u0442\u044b \u043b\u0430\u043a\u0442\u043e\u0431\u0430\u043a\u0442\u0435\u0440\u0438\u0439 \u043f\u043e\u0434\u0434\u0435\u0440\u0436\u0438\u0432\u0430\u044e\u0442 \u0435\u0441\u0442\u0435\u0441\u0442\u0432\u0435\u043d\u043d\u0443\u044e \u043c\u0438\u043a\u0440\u043e\u0444\u043b\u043e\u0440\u0443 \u043a\u043e\u0436\u0438, \u0443\u043b\u0443\u0447\u0448\u0430\u044e\u0442 \u0441\u0442\u0440\u0443\u043a\u0442\u0443\u0440\u0443 \u043a\u043e\u043b\u043b\u0430\u0433\u0435\u043d\u0430, \u043f\u043e\u0432\u044b\u0448\u0430\u044f \u0443\u043f\u0440\u0443\u0433\u043e\u0441\u0442\u044c \u043a\u043e\u0436\u0438. \u0423\u043b\u0443\u0447\u0448\u0430\u044e\u0442 \u0446\u0432\u0435\u0442 \u043b\u0438\u0446\u0430, \u0440\u0435\u0433\u0443\u043b\u0438\u0440\u0443\u044e\u0442 \u0432\u044b\u0440\u0430\u0431\u043e\u0442\u043a\u0443 \u043c\u0435\u043b\u0430\u043d\u0438\u043d\u0430, \u043e\u0441\u0432\u0435\u0442\u043b\u044f\u044e\u0442 \u0433\u0438\u043f\u0435\u0440\u043f\u0438\u0433\u043c\u0435\u043d\u0442\u0430\u0446\u0438\u044e. \u041a\u043e\u043b\u043b\u0430\u0433\u0435\u043d \u0432\u043e\u0441\u0441\u0442\u0430\u043d\u0430\u0432\u043b\u0438\u0432\u0430\u0435\u0442 \u0441\u0442\u0440\u0443\u043a\u0442\u0443\u0440\u0443 \u044d\u043f\u0438\u0434\u0435\u0440\u043c\u0438\u0441\u0430 \u0438\u0437\u043d\u0443\u0442\u0440\u0438, \u0443\u043a\u0440\u0435\u043f\u043b\u044f\u0435\u0442 \u0441\u0442\u0435\u043d\u043a\u0438 \u043a\u043b\u0435\u0442\u043e\u043a, \u0443\u043b\u0443\u0447\u0448\u0430\u0435\u0442 \u0431\u0435\u043b\u043a\u043e\u0432\u044b\u0439 \u043e\u0431\u043c\u0435\u043d. \u041f\u043e\u0434\u0434\u0435\u0440\u0436\u0438\u0432\u0430\u0435\u0442 \u043c\u0430\u0442\u0440\u0438\u043a\u0441 \u043a\u043e\u0436\u0438, \u0440\u0430\u0437\u0433\u043b\u0430\u0436\u0438\u0432\u0430\u0435\u0442 \u043c\u043e\u0440\u0449\u0438\u043d\u043a\u0438 \u0438 \u0437\u0430\u043b\u043e\u043c\u044b. \u041a\u043e\u043c\u043f\u043b\u0435\u043a\u0441 \u0430\u043c\u0438\u043d\u043e\u043a\u0438\u0441\u043b\u043e\u0442 \u043d\u043e\u0440\u043c\u0430\u043b\u0438\u0437\u0443\u0435\u0442 \u0432\u044b\u0440\u0430\u0431\u043e\u0442\u043a\u0443 \u043a\u043e\u043b\u043b\u0430\u0433\u0435\u043d\u0430 \u0438 \u044d\u043b\u0430\u0441\u0442\u0438\u043d\u0430, \u0440\u0430\u0437\u0433\u043b\u0430\u0436\u0438\u0432\u0430\u0435\u0442 \u043a\u043e\u0436\u0443, \u0432\u044b\u0440\u0430\u0432\u043d\u0438\u0432\u0430\u0435\u0442 \u0440\u0435\u043b\u044c\u0435\u0444. \u0423\u043b\u0443\u0447\u0448\u0430\u0435\u0442 \u0446\u0432\u0435\u0442 \u043a\u043e\u0436\u0438, \u043f\u0440\u0438\u0434\u0430\u0435\u0442 \u0435\u0439 \u0437\u0434\u043e\u0440\u043e\u0432\u043e\u0435 \u0441\u0438\u044f\u043d\u0438\u0435 \u0438 \u0443\u043f\u0440\u0443\u0433\u043e\u0441\u0442\u044c. AQUAXYL \u2014 \u0437\u0430\u043f\u0430\u0442\u0435\u043d\u0442\u043e\u0432\u0430\u043d\u043d\u044b\u0439 \u0443\u0432\u043b\u0430\u0436\u043d\u044f\u044e\u0449\u0438\u0439 \u043a\u043e\u043c\u043f\u043b\u0435\u043a\u0441, \u0443\u043b\u0443\u0447\u0448\u0430\u044e\u0449\u0438\u0439 \u0441\u043f\u043e\u0441\u043e\u0431\u043d\u043e\u0441\u0442\u044c \u043a\u043b\u0435\u0442\u043e\u043a \u043a \u0443\u0434\u0435\u0440\u0436\u0430\u043d\u0438\u044e \u0432\u043b\u0430\u0433\u0438. \u0421\u0442\u0438\u043c\u0443\u043b\u0438\u0440\u0443\u0435\u0442 \u0441\u0438\u043d\u0442\u0435\u0437 \u043a\u0435\u0440\u0430\u043c\u0438\u0434\u043e\u0432, \u043f\u0440\u0435\u043f\u044f\u0442\u0441\u0442\u0432\u0443\u0435\u0442 \u043f\u043e\u044f\u0432\u043b\u0435\u043d\u0438\u044e \u0441\u0443\u0445\u043e\u0441\u0442\u0438 \u0438 \u0448\u0435\u043b\u0443\u0448\u0435\u043d\u0438\u0439, \u0440\u0430\u0437\u0433\u043b\u0430\u0436\u0438\u0432\u0430\u0435\u0442 \u0440\u0435\u043b\u044c\u0435\u0444. \u041c\u0430\u0441\u043b\u043e \u0436\u043e\u0436\u043e\u0431\u0430 \u043f\u043e\u0434\u0434\u0435\u0440\u0436\u0438\u0432\u0430\u0435\u0442 \u044d\u043b\u0430\u0441\u0442\u0438\u0447\u043d\u043e\u0441\u0442\u044c \u0438 \u0443\u043f\u0440\u0443\u0433\u043e\u0441\u0442\u044c \u043a\u043e\u0436\u0438. \u041f\u0438\u0442\u0430\u0435\u0442 \u043a\u043e\u0436\u0443 \u0432\u0438\u0442\u0430\u043c\u0438\u043d\u0430\u043c\u0438 \u0410 \u0438 \u0415, \u043f\u0440\u0435\u0434\u0443\u043f\u0440\u0435\u0436\u0434\u0430\u0435\u0442 \u043f\u043e\u044f\u0432\u043b\u0435\u043d\u0438\u0435 \u0447\u0443\u0432\u0441\u0442\u0432\u0430 \u0441\u0443\u0445\u043e\u0441\u0442\u0438, \u0448\u0435\u043b\u0443\u0448\u0435\u043d\u0438\u0439 \u0438 \u0440\u0430\u0437\u0434\u0440\u0430\u0436\u0435\u043d\u0438\u0439. \u042d\u043a\u0441\u0442\u0440\u0430\u043a\u0442 \u0446\u0435\u043d\u0442\u0435\u043b\u043b\u044b \u043f\u043e\u0432\u044b\u0448\u0430\u0435\u0442 \u0443\u043f\u0440\u0443\u0433\u043e\u0441\u0442\u044c \u0438 \u044d\u043b\u0430\u0441\u0442\u0438\u0447\u043d\u043e\u0441\u0442\u044c \u043a\u043e\u0436\u0438, \u043d\u0430\u0441\u044b\u0449\u0430\u0435\u0442 \u043a\u043b\u0435\u0442\u043a\u0438 \u0434\u0435\u0440\u043c\u044b \u0432\u043b\u0430\u0433\u043e\u0439. \u041e\u0431\u0440\u0430\u0437\u0443\u0435\u0442 \u0437\u0430\u0449\u0438\u0442\u043d\u044b\u0439 \u0431\u0430\u0440\u044c\u0435\u0440, \u043e\u0433\u0440\u0430\u0436\u0434\u0430\u044e\u0449\u0438\u0439 \u043a\u043e\u0436\u0443 \u043e\u0442 \u0443\u043b\u044c\u0442\u0440\u0430\u0444\u0438\u043e\u043b\u0435\u0442\u0430 \u0438 \u043d\u0435\u0433\u0430\u0442\u0438\u0432\u043d\u044b\u0445 \u0444\u0430\u043a\u0442\u043e\u0440\u043e\u0432 \u0432\u043d\u0435\u0448\u043d\u0435\u0439 \u0441\u0440\u0435\u0434\u044b. \u042d\u043a\u0441\u0442\u0440\u0430\u043a\u0442 \u043a\u0430\u043a\u0430\u043e \u0431\u043e\u0431\u043e\u0432 \u043e\u043a\u0430\u0437\u044b\u0432\u0430\u0435\u0442 \u0442\u043e\u043d\u0438\u0437\u0438\u0440\u0443\u044e\u0449\u0435\u0435, \u043f\u0440\u043e\u0442\u0438\u0432\u043e\u043e\u0442\u0435\u0447\u043d\u043e\u0435 \u0434\u0435\u0439\u0441\u0442\u0432\u0438\u0435. \u041e\u0431\u043b\u0430\u0434\u0430\u0435\u0442 \u0430\u043d\u0442\u0438\u043e\u043a\u0441\u0438\u0434\u0430\u043d\u0442\u043d\u044b\u043c\u0438 \u0441\u0432\u043e\u0439\u0441\u0442\u0432\u0430\u043c\u0438, \u0443\u0441\u043a\u043e\u0440\u044f\u0435\u0442 \u0437\u0430\u0436\u0438\u0432\u043b\u0435\u043d\u0438\u0435 \u0438 \u0440\u0435\u0433\u0435\u043d\u0435\u0440\u0430\u0446\u0438\u044e \u043a\u043e\u0436\u0438. \u0421\u043f\u043e\u0441\u043e\u0431 \u043f\u0440\u0438\u043c\u0435\u043d\u0435\u043d\u0438\u044f: \u043d\u0430\u043d\u0435\u0441\u0438\u0442\u0435 \u043f\u0430\u0440\u0443 \u043a\u0430\u043f\u0435\u043b\u044c \u0433\u0438\u0434\u0440\u043e\u0444\u0438\u043b\u044c\u043d\u043e\u0433\u043e \u043c\u0430\u0441\u043b\u043e \u043d\u0430 \u0441\u0443\u0445\u0443\u044e \u043a\u043e\u0436\u0443, \u0430\u043a\u043a\u0443\u0440\u0430\u0442\u043d\u043e \u043f\u043e\u043c\u0430\u0441\u0441\u0438\u0440\u0443\u0439\u0442\u0435 \u043b\u0438\u0446\u043e. \u0414\u043e\u0431\u0430\u0432\u044c\u0442\u0435 \u043d\u0435\u043c\u043d\u043e\u0433\u043e \u0432\u043e\u0434\u044b \u0438 \u043f\u0440\u043e\u0434\u043e\u043b\u0436\u0430\u0439\u0442\u0435 \u043c\u0430\u0441\u0441\u0438\u0440\u043e\u0432\u0430\u0442\u044c, \u043f\u043e\u043a\u0430 \u043c\u0430\u0441\u043b\u043e \u043d\u0435 \u043f\u0440\u0435\u0432\u0440\u0430\u0442\u0438\u0442\u0441\u044f \u0432 \u043c\u043e\u043b\u043e\u0447\u043a\u043e. \u0421\u043c\u043e\u0439\u0442\u0435 \u0441\u0440\u0435\u0434\u0441\u0442\u0432\u043e \u0442\u0435\u043f\u043b\u043e\u0439 \u0432\u043e\u0434\u043e\u0439.&quot;}\" data-sheets-userformat=\"{&quot;2&quot;:15037,&quot;3&quot;:{&quot;1&quot;:0},&quot;5&quot;:{&quot;1&quot;:[{&quot;1&quot;:2,&quot;2&quot;:0,&quot;5&quot;:{&quot;1&quot;:2,&quot;2&quot;:0}},{&quot;1&quot;:0,&quot;2&quot;:0,&quot;3&quot;:3},{&quot;1&quot;:1,&quot;2&quot;:0,&quot;4&quot;:1}]},&quot;6&quot;:{&quot;1&quot;:[{&quot;1&quot;:2,&quot;2&quot;:0,&quot;5&quot;:{&quot;1&quot;:2,&quot;2&quot;:0}},{&quot;1&quot;:0,&quot;2&quot;:0,&quot;3&quot;:3},{&quot;1&quot;:1,&quot;2&quot;:0,&quot;4&quot;:1}]},&quot;7&quot;:{&quot;1&quot;:[{&quot;1&quot;:2,&quot;2&quot;:0,&quot;5&quot;:{&quot;1&quot;:2,&quot;2&quot;:0}},{&quot;1&quot;:0,&quot;2&quot;:0,&quot;3&quot;:3},{&quot;1&quot;:1,&quot;2&quot;:0,&quot;4&quot;:1}]},&quot;8&quot;:{&quot;1&quot;:[{&quot;1&quot;:2,&quot;2&quot;:0,&quot;5&quot;:{&quot;1&quot;:2,&quot;2&quot;:0}},{&quot;1&quot;:0,&quot;2&quot;:0,&quot;3&quot;:3},{&quot;1&quot;:1,&quot;2&quot;:0,&quot;4&quot;:1}]},&quot;10&quot;:1,&quot;12&quot;:0,&quot;14&quot;:{&quot;1&quot;:2,&quot;2&quot;:16711680},&quot;15&quot;:&quot;Calibri&quot;,&quot;16&quot;:9}\"><strong>Na\u010din upotrebe:<\/strong> Nanesite par kapi hidrofilnog ulja na suvu ko\u017eu, ne\u017eno masirajte lice. Dodajte malo vode i nastavite masirati dok ulje ne postane kao mleko. Isperite toplom vodom.<\/span><\/p>\n<hr \/>\n<p><em><strong><em>Sastojci:<\/em><\/strong> Andiroba Oil (80%), Solves-30 Tetraoleate, Caprylic\/Capric Triglyceride, Jojoba Seed Oil, Olive Oil, Candida Bombicola\/Glucose\/Methylape Seedate Ferment, Cornmint Oil, Apricot Seed oil, tocopheryl acetate, evening primrose oil, bachuan leaf extract , rice germ oil, damask rose flower water, grape seed oil, meadow foam seed oil, argan kernel oil, centella leaf extract, green tea extract, gardenia extract, schisandra chinensis extract, turmeric root extract, branch root extract, sunflower seed oil, andilova seed oil, purified water, lactobacillus fermented product (9.8 ppb), butylene glycol, xylitol glucoside, anhydroxylitol, xylitol, persimmon leaf extract, grape extract, 1, 2-Hexanediol, coffee bean extract, safflower extract, hojanggeun root extract, chopidae fruit extract, chestnut bark extract, glucose, glycine, serine, glutamic acid,aspartic acid, leucine, alanine, lysine, egg Jintan, tyrosine, phenylalanine, proline, valine, threonine, isoleucine, giant pine leaf extract, sugar elm root extract, arrowroot extract, evening primrose extract, histidine, methionine, cysteine, ethylhexyl glycerin, hydrolyzed collagen (0.01 ppb)<\/em><\/p>","protected":false},"excerpt":{"rendered":"<p>Hidrofilno ulje s laktobacilima. 200ml<\/p>","protected":false},"featured_media":4590,"template":"","meta":[],"product_cat":[254,372,337,342,384,334,317],"product_tag":[307],"featured_image_urls":{"full":["https:\/\/medipeel.rs\/wp-content\/uploads\/2022\/06\/medi-peel-red-lacto-collagen-cleansing-oil.jpg",1200,1200,false],"thumbnail":["https:\/\/medipeel.rs\/wp-content\/uploads\/2022\/06\/medi-peel-red-lacto-collagen-cleansing-oil-150x150.jpg",150,150,true],"medium":["https:\/\/medipeel.rs\/wp-content\/uploads\/2022\/06\/medi-peel-red-lacto-collagen-cleansing-oil-300x300.jpg",300,300,true],"medium_large":["https:\/\/medipeel.rs\/wp-content\/uploads\/2022\/06\/medi-peel-red-lacto-collagen-cleansing-oil-768x768.jpg",768,768,true],"large":["https:\/\/medipeel.rs\/wp-content\/uploads\/2022\/06\/medi-peel-red-lacto-collagen-cleansing-oil-1024x1024.jpg",1024,1024,true],"1536x1536":["https:\/\/medipeel.rs\/wp-content\/uploads\/2022\/06\/medi-peel-red-lacto-collagen-cleansing-oil.jpg",1200,1200,false],"2048x2048":["https:\/\/medipeel.rs\/wp-content\/uploads\/2022\/06\/medi-peel-red-lacto-collagen-cleansing-oil.jpg",1200,1200,false],"trp-custom-language-flag":["https:\/\/medipeel.rs\/wp-content\/uploads\/2022\/06\/medi-peel-red-lacto-collagen-cleansing-oil-12x12.jpg",12,12,true],"vcmegaposts-masonry":["https:\/\/medipeel.rs\/wp-content\/uploads\/2022\/06\/medi-peel-red-lacto-collagen-cleansing-oil-500x500.jpg",500,500,true],"vcmegaposts-normal":["https:\/\/medipeel.rs\/wp-content\/uploads\/2022\/06\/medi-peel-red-lacto-collagen-cleansing-oil-800x800.jpg",800,800,true],"vcmegaposts-type1":["https:\/\/medipeel.rs\/wp-content\/uploads\/2022\/06\/medi-peel-red-lacto-collagen-cleansing-oil-800x500.jpg",800,500,true],"woocommerce_thumbnail":["https:\/\/medipeel.rs\/wp-content\/uploads\/2022\/06\/medi-peel-red-lacto-collagen-cleansing-oil-450x600.jpg",450,600,true],"woocommerce_single":["https:\/\/medipeel.rs\/wp-content\/uploads\/2022\/06\/medi-peel-red-lacto-collagen-cleansing-oil-600x600.jpg",600,600,true],"woocommerce_gallery_thumbnail":["https:\/\/medipeel.rs\/wp-content\/uploads\/2022\/06\/medi-peel-red-lacto-collagen-cleansing-oil-100x100.jpg",100,100,true]},"post_excerpt_stackable":"<p>\u0413\u0438\u0434\u0440\u043e\u0444\u0438\u043b\u044c\u043d\u043e\u0435 \u043e\u0447\u0438\u0449\u0430\u044e\u0449\u0435\u0435 \u043c\u0430\u0441\u043b\u043e \u0441 \u043b\u0430\u043a\u0442\u043e\u0431\u0430\u043a\u0442\u0435\u0440\u0438\u044f\u043c\u0438. 200ml<\/p>\n","category_list":"","author_info":{"name":"","url":""},"comments_num":"0 comments","jetpack_sharing_enabled":true,"_links":{"self":[{"href":"https:\/\/medipeel.rs\/sr\/wp-json\/wp\/v2\/product\/4589"}],"collection":[{"href":"https:\/\/medipeel.rs\/sr\/wp-json\/wp\/v2\/product"}],"about":[{"href":"https:\/\/medipeel.rs\/sr\/wp-json\/wp\/v2\/types\/product"}],"version-history":[{"count":2,"href":"https:\/\/medipeel.rs\/sr\/wp-json\/wp\/v2\/product\/4589\/revisions"}],"predecessor-version":[{"id":5195,"href":"https:\/\/medipeel.rs\/sr\/wp-json\/wp\/v2\/product\/4589\/revisions\/5195"}],"wp:featuredmedia":[{"embeddable":true,"href":"https:\/\/medipeel.rs\/sr\/wp-json\/wp\/v2\/media\/4590"}],"wp:attachment":[{"href":"https:\/\/medipeel.rs\/sr\/wp-json\/wp\/v2\/media?parent=4589"}],"wp:term":[{"taxonomy":"product_cat","embeddable":true,"href":"https:\/\/medipeel.rs\/sr\/wp-json\/wp\/v2\/product_cat?post=4589"},{"taxonomy":"product_tag","embeddable":true,"href":"https:\/\/medipeel.rs\/sr\/wp-json\/wp\/v2\/product_tag?post=4589"}],"curies":[{"name":"wp","href":"https:\/\/api.w.org\/{rel}","templated":true}]}}