{"id":4592,"date":"2022-02-21T22:13:31","date_gmt":"2022-02-21T21:13:31","guid":{"rendered":"https:\/\/medipeel.rs\/?post_type=product&#038;p=4592"},"modified":"2025-03-17T15:19:33","modified_gmt":"2025-03-17T14:19:33","slug":"medi-peel-red-lacto-collagen-sun-cream-spf50","status":"publish","type":"product","link":"https:\/\/medipeel.rs\/sr\/\u043f\u0440\u043e\u0438\u0437\u0432\u043e\u0434\/medi-peel-red-lacto-collagen-sun-cream-spf50\/","title":{"rendered":"Medi-Peel Red Lacto Collagen Sun Cream SPF50"},"content":{"rendered":"<p class=\" translation-block\">Krema za sun\u010danje sa kolagenom efikasno neutrali\u0161e efekte UV zra\u010denja, spre\u010davajuc\u0301i prerano starenje ko\u017ee. Ne izaziva pojavu masnog sjaja, a matira ko\u017eu. \u010cini ko\u017eu \u010dvr\u0161\u0107om i elasti\u010dnijom, ja\u010da njenu za\u0161titnu barijeru i zagla\u0111uje reljef. Krema ja\u010da vlakna epidermisa, usporava destruktivne oksidativne procese u njoj i pobolj\u0161ava tonus ko\u017ee. Spre\u010dava pojavu stara\u010dkih pega, pobolj\u0161ava ten i elimini\u0161e bledost. Podr\u017eava optimalnu ravnote\u017eu vode i lipida. Krema ima ne\u017enu kremastu teksturu, koja ne opterec\u0301uje ko\u017eu i ne formira lepljivi film. Anti-Sebum P (ekstrakti bora, bresta, jasike, puerarije) je kompleks biljnih ekstrakata koji imaju za cilj suzbijanje prekomerne aktivnosti lojnih \u017elezda. Reguli\u0161e lu\u010denje sebuma, normalizuje masnu ko\u017eu i elimini\u0161e masni sjaj. Kompleks aminokiselina normalizuje proizvodnju kolagena i elastina, razgla\u0111uje ko\u017eu, ujedna\u010dava reljef. Pobolj\u0161ava boju ko\u017ee, daje joj zdrav sjaj i elasti\u010dnost.<\/p>\n<p><strong>Na\u010din upotrebe:<\/strong> Ravnomerno nanesite kremu nakon svih faza nege.<\/p>\n<hr \/>\n<div><em><strong><em>Sastojci:<\/em><\/strong> Water, Cyclopentasiloxane, Zinc Oxide, Ethylhexyl Methoxycinnamate, Acrylates Copolymer, Butyloctyl Salicylate, Silica, Isoamyl p-Methoxycinnamate, Titanium Dioxide, Octocrylene, Butylene Glycol, Glycerin, Niacinamide, Cetyl PEG\/PPG-10\/1 Dimethicone, 1,2-Hexanediol, Dimethicone, PEG-30 Dipolyhydroxystearate, Quaternium-18 Bentonite, Magnesium Sulfate, Lauryl PEG-10 Tris(trimethylsiloxy)silylethyl Dimethicone, Sorbitan Sesquioleate, Triethoxycaprylylsilane, Disteardimonium Hectorite, Mentha Arvensis Leaf Oil, Hydrolyzed Collagen(1,000 ppm), Barosma Betulina Leaf Extract, Canola Oil, Ethylhexylglycerin, Disodium EDTA, Rosa Damascena Flower Water, Adenosine, Lactobacillus Ferment(327.5 ppm), Bifida Ferment Filtrate, Lactococcus Ferment (326.5 ppm), Propanediol, Xylitylglucoside, Anhydroxylitol, Daucus Carota Sativa (Carrot) Seed Oil, Xylitol, Diospyros Kaki Leaf Extract, Vitis Vinifera (Grape) Fruit Extract, Coffea Arabica (Coffee) Seed Extract, Carthamus Tinctorius (Safflower) Flower Extract, Polygonum Cuspidatum Root Extract, Castanea Crenata Shell Extract, Camellia Sinensis Leaf Extract, Zanthoxylum Piperitum Fruit Extract, Daucus Carota Sativa (Carrot) Root Extract, Tocopheryl Acetate, Beta-Carotene, Helianthus Annuus (Sunflower) Seed Oil, Glucose, Glycine, Sodium Hyaluronate, Serine, Glutamic acid, Pentaerythrityl Tetra-di-t-butyl Hydroxyhydrocinnamate, Hydrolyzed Elastin, Aspartic acid, Leucine, Hydrolyzed Pea Protein, Alanine, Lysine, Phytosterols, Arginine, Tyrosine, Phenylalanine, Olea Europaea (Olive) Fruit Oil, Proline, Dunaliella Salina Extract, Lecithin, Valine, Squalane, Threonine, Isoleucine, Pinus Palustris Leaf Extract, Oenothera Biennis (Evening Primrose) Flower Extract, Pueraria Lobata Root Extract, Ulmus Davidiana Root Extract, Histidine, Cysteine, Methionine, Morus Alba Bark Extract, Hydrolyzed Hyaluronic Acid, Sesamum Indicum (Sesame) Seed Extract, Scutellaria Baicalensis Root Extract, Paeonia Lactiflora Root Extract, Phellinus Linteus Extract, Polygonum Multiflorum Root Extract, Glycyrrhiza Glabra (Licorice) Root Extract, Angelica Gigas Root Extract, Cimicifuga Racemosa Root Extract, Sophora Angustifolia Root Extract, Ceramide 3, Butyrospermum Parkii (Shea Butter), Sodium Acetylated Hyaluronate<\/em><\/div>","protected":false},"excerpt":{"rendered":"<p>Krema za sun\u010danje sa kolagenom SPF50. 50ml<br \/>\n<span style=\"color: #ff0000;\">ROK TRAJANJA:\u00a0<strong>17.04.2025<\/strong><\/span><\/p>","protected":false},"featured_media":4593,"template":"","meta":[],"product_cat":[258,352,317],"product_tag":[307],"featured_image_urls":{"full":["https:\/\/medipeel.rs\/wp-content\/uploads\/2022\/06\/medi-peel-red-lacto-collagen-sun-cream.jpg",1200,1200,false],"thumbnail":["https:\/\/medipeel.rs\/wp-content\/uploads\/2022\/06\/medi-peel-red-lacto-collagen-sun-cream-150x150.jpg",150,150,true],"medium":["https:\/\/medipeel.rs\/wp-content\/uploads\/2022\/06\/medi-peel-red-lacto-collagen-sun-cream-300x300.jpg",300,300,true],"medium_large":["https:\/\/medipeel.rs\/wp-content\/uploads\/2022\/06\/medi-peel-red-lacto-collagen-sun-cream-768x768.jpg",768,768,true],"large":["https:\/\/medipeel.rs\/wp-content\/uploads\/2022\/06\/medi-peel-red-lacto-collagen-sun-cream-1024x1024.jpg",1024,1024,true],"1536x1536":["https:\/\/medipeel.rs\/wp-content\/uploads\/2022\/06\/medi-peel-red-lacto-collagen-sun-cream.jpg",1200,1200,false],"2048x2048":["https:\/\/medipeel.rs\/wp-content\/uploads\/2022\/06\/medi-peel-red-lacto-collagen-sun-cream.jpg",1200,1200,false],"trp-custom-language-flag":["https:\/\/medipeel.rs\/wp-content\/uploads\/2022\/06\/medi-peel-red-lacto-collagen-sun-cream-12x12.jpg",12,12,true],"vcmegaposts-masonry":["https:\/\/medipeel.rs\/wp-content\/uploads\/2022\/06\/medi-peel-red-lacto-collagen-sun-cream-500x500.jpg",500,500,true],"vcmegaposts-normal":["https:\/\/medipeel.rs\/wp-content\/uploads\/2022\/06\/medi-peel-red-lacto-collagen-sun-cream-800x800.jpg",800,800,true],"vcmegaposts-type1":["https:\/\/medipeel.rs\/wp-content\/uploads\/2022\/06\/medi-peel-red-lacto-collagen-sun-cream-800x500.jpg",800,500,true],"woocommerce_thumbnail":["https:\/\/medipeel.rs\/wp-content\/uploads\/2022\/06\/medi-peel-red-lacto-collagen-sun-cream-450x600.jpg",450,600,true],"woocommerce_single":["https:\/\/medipeel.rs\/wp-content\/uploads\/2022\/06\/medi-peel-red-lacto-collagen-sun-cream-600x600.jpg",600,600,true],"woocommerce_gallery_thumbnail":["https:\/\/medipeel.rs\/wp-content\/uploads\/2022\/06\/medi-peel-red-lacto-collagen-sun-cream-100x100.jpg",100,100,true]},"post_excerpt_stackable":"<p>\u0421\u043e\u043b\u043d\u0446\u0435\u0437\u0430\u0449\u0438\u0442\u043d\u044b\u0439 \u043a\u0440\u0435\u043c \u0441 \u043a\u043e\u043b\u043b\u0430\u0433\u0435\u043d\u043e\u043c SPF50. 50ml<br \/>\n<span style=\"color: #ff0000;\">\u0413\u041e\u0414\u0415\u041d \u0414\u041e:\u00a0<strong>17.04.2025<\/strong><\/span><\/p>\n","category_list":"","author_info":{"name":"","url":""},"comments_num":"0 comments","jetpack_sharing_enabled":true,"_links":{"self":[{"href":"https:\/\/medipeel.rs\/sr\/wp-json\/wp\/v2\/product\/4592"}],"collection":[{"href":"https:\/\/medipeel.rs\/sr\/wp-json\/wp\/v2\/product"}],"about":[{"href":"https:\/\/medipeel.rs\/sr\/wp-json\/wp\/v2\/types\/product"}],"version-history":[{"count":5,"href":"https:\/\/medipeel.rs\/sr\/wp-json\/wp\/v2\/product\/4592\/revisions"}],"predecessor-version":[{"id":7488,"href":"https:\/\/medipeel.rs\/sr\/wp-json\/wp\/v2\/product\/4592\/revisions\/7488"}],"wp:featuredmedia":[{"embeddable":true,"href":"https:\/\/medipeel.rs\/sr\/wp-json\/wp\/v2\/media\/4593"}],"wp:attachment":[{"href":"https:\/\/medipeel.rs\/sr\/wp-json\/wp\/v2\/media?parent=4592"}],"wp:term":[{"taxonomy":"product_cat","embeddable":true,"href":"https:\/\/medipeel.rs\/sr\/wp-json\/wp\/v2\/product_cat?post=4592"},{"taxonomy":"product_tag","embeddable":true,"href":"https:\/\/medipeel.rs\/sr\/wp-json\/wp\/v2\/product_tag?post=4592"}],"curies":[{"name":"wp","href":"https:\/\/api.w.org\/{rel}","templated":true}]}}