{"id":4640,"date":"2022-07-01T18:46:20","date_gmt":"2022-07-01T15:46:20","guid":{"rendered":"https:\/\/medipeel.rs\/?post_type=product&#038;p=4640"},"modified":"2024-10-22T17:30:50","modified_gmt":"2024-10-22T15:30:50","slug":"medi-peel-bor-tox-peptide-wrinkle-stick","status":"publish","type":"product","link":"https:\/\/medipeel.rs\/sr\/\u043f\u0440\u043e\u0438\u0437\u0432\u043e\u0434\/medi-peel-bor-tox-peptide-wrinkle-stick\/","title":{"rendered":"Medi-Peel Peptide-Tox Bor Wrinkle Stick"},"content":{"rendered":"<p class=\" translation-block\">Medi-Peel Peptide-Tox Bor Wrinkle Stick je namijenjen za intenzivnu njegu protiv starenja i pove\u0107anje elasti\u010dnosti ko\u017ee. Proizvod zagla\u0111uje fine bore i smanjuje vidljivost dubokih, vra\u0107a elasti\u010dnost i \u010dvrsto\u0107u, zate\u017ee, omek\u0161ava i hrani ko\u017eu. Odli\u010dno je pogodan za njegu podru\u010dja oko o\u010diju i usana, kao i za podru\u010dje nazolabijalnih bora.<br>\nProizvod ja\u010da kolagenska vlakna i sprje\u010dava njihovo uni\u0161tavanje, zate\u017ee i zagla\u0111uje ko\u017eu, umiruje i omek\u0161ava. Uklanja perutanje i suvo\u0107u, daje prirodan blagi sjaj, savr\u0161eno se upija, ne ostavlja ljepljivost niti masno\u0107u.<br>\nStick sadr\u017ei kompleks 6 peptida (Palmitoyl Tripeptide-5, Tripeptide-1, Argireline, Copper Tripeptide, Palmitoyl Pentapeptide-4, Hexapeptide), koji ne samo da stimuli\u0161u regeneraciju \u0107elija i pove\u0107avaju proizvodnju sopstvenog kolagena, ve\u0107 imaju i efekat sli\u010dan botoksu: argirelin peptid, poput relaksansa mi\u0161i\u0107a, opu\u0161ta mi\u0161i\u0107e lica i na taj na\u010din smanjuje bore na licu.<br>\nFormula proizvoda bazirana je na hranljivom suncokretovom ulju i sadr\u017ei hidrolizirani kolagen i elastin - komponente ni\u017ee molekularne te\u017eine, \u0161to im omogu\u0107ava da prodiru dublje u epidermu i pove\u0107aju prirodni hidratantni faktor (NMF), zasi\u0107uju\u0107i \u0107elije vlagom: stik vla\u017ei, elimini\u0161e ose\u0107aj zatezanja, zagla\u0111uje teksturu i omek\u0161ava.<br>\nDodatni aktivni sastojci:<br>\nKompleks ulja (suncokretovo, shea puter, jojoba, badem, argan) intenzivno hrani, omek\u0161ava i zagla\u0111uje, usporava starenje, zasi\u0107uje vitaminima i ja\u010da za\u0161titnu barijeru.<br>\nAlfa bisabolol, ekstrahovan iz kamilice, trenutno umiruje, elimini\u0161e crvenilo i iritaciju, ubrzava zarastanje i pobolj\u0161ava efikasnost drugih sredstava.<br>\nEkstrakt azijske centele ubla\u017eava crvenilo i otok, ja\u010da krvne sudove i smanjuje vidljivost paukovih vena, poma\u017ee u borbi protiv rozacee, umiruje i pove\u0107ava elasti\u010dnost.<br>\nEkstrakt cvijeta kamilice smiruje, ubla\u017eava iritaciju i svrab, omek\u0161ava, ubrzava oporavak, tonizira i uklanja suvo\u0107u.<br>\nAlantoin aktivira proces regeneracije, djeluje antioksidativno, smanjuje osjetljivost i pospje\u0161uje zacjeljivanje.<br>\nPogodno za sve tipove ko\u017ee.<\/p>\n<p><strong>Na\u010din upotrebe:<\/strong>\u00a0Nanesite stik direktno na o\u010di\u0161\u0107enu ko\u017eu lica, fokusiraju\u0107i se na podru\u010dja gde su bore najizra\u017eenije (\u010delo, oko o\u010diju i usta). Lagano utrljajte dok se proizvod potpuno ne upije. Mo\u017ee se koristiti ujutro i uve\u010de kao deo redovne nege ko\u017ee.<\/p>\n<hr \/>\n<div><em><strong><em>Sastojci:<\/em><\/strong> <span data-sheets-value=\"{&quot;1&quot;:2,&quot;2&quot;:&quot;Sunflower seed oil, beeswax, diisostearyl malate, octyldodecanol, shea butter, polyglyceryl-2 triisostearate, candelilla wax, tocopheryl acetate, tridecyl trimellitate, castor seed oil, Polyethylene, sorbitan olivate, sweet almond oil, polyglyceryl-2 isostearate\/dimer dilinoleate copolymer, monascus extract, carrot extract, perilla leaf extract, centella asiatica extract, barley extract, beet root extract, sesame Angelica asiatica extract, chamomile flower extract, port marigold flower extract, thyme root extract, daisy flower extract, camellia flower extract, edelweiss callus culture extract, hydrolyzed collagen extract, green tea seed oil, camellia seed oil, argan kernel oil , Olive oil, Queensland nut oil, Jojoba seed oil, sodium hyaluronate, hydrogenated polyisobutene, microcrystalline wax, tocopherol, alpha-bisabolol, caprylic\/capric triglyceride, silica die Methyl silylate, sorbitan sesquioleate, purified water, allantoin, glycerin, butylene glycol, propanediol, 1,2-hexanediol, hydrolyzed elastin, hydrolyzed collagen, phenethyl alcohol, Caprylyl glycol, ethylhexyl glycerin, hydroxyacetophenone, palmitoyl tripeptide-5, sodium chloride, disodium phosphate, tripeptide-1, acetylhexapeptide-8, copper tripeptide-1, palmitoylpentapeptide -4, Hexapeptide-9, Potassium Chloride, Potassium Phosphate, Fragrance, Dehydroacetic Acid&quot;}\" data-sheets-userformat=\"{&quot;2&quot;:15037,&quot;3&quot;:{&quot;1&quot;:0},&quot;5&quot;:{&quot;1&quot;:[{&quot;1&quot;:2,&quot;2&quot;:0,&quot;5&quot;:{&quot;1&quot;:2,&quot;2&quot;:0}},{&quot;1&quot;:0,&quot;2&quot;:0,&quot;3&quot;:3},{&quot;1&quot;:1,&quot;2&quot;:0,&quot;4&quot;:1}]},&quot;6&quot;:{&quot;1&quot;:[{&quot;1&quot;:2,&quot;2&quot;:0,&quot;5&quot;:{&quot;1&quot;:2,&quot;2&quot;:0}},{&quot;1&quot;:0,&quot;2&quot;:0,&quot;3&quot;:3},{&quot;1&quot;:1,&quot;2&quot;:0,&quot;4&quot;:1}]},&quot;7&quot;:{&quot;1&quot;:[{&quot;1&quot;:2,&quot;2&quot;:0,&quot;5&quot;:{&quot;1&quot;:2,&quot;2&quot;:0}},{&quot;1&quot;:0,&quot;2&quot;:0,&quot;3&quot;:3},{&quot;1&quot;:1,&quot;2&quot;:0,&quot;4&quot;:1}]},&quot;8&quot;:{&quot;1&quot;:[{&quot;1&quot;:2,&quot;2&quot;:0,&quot;5&quot;:{&quot;1&quot;:2,&quot;2&quot;:0}},{&quot;1&quot;:0,&quot;2&quot;:0,&quot;3&quot;:3},{&quot;1&quot;:1,&quot;2&quot;:0,&quot;4&quot;:1}]},&quot;10&quot;:1,&quot;12&quot;:0,&quot;14&quot;:{&quot;1&quot;:3,&quot;3&quot;:1},&quot;15&quot;:&quot;Calibri&quot;,&quot;16&quot;:9}\">Sunflower Seed Oil, Beeswax, Diisostearyl Malate, Octyldodecanol, Shea Butter, Polyglyceryl-2 Triisostearate, Candelilla Wax, Tocopheryl Acetate, Tridecyl Trimellitate, Castor Seed Oil, Polyethylene, Sorbitan Olivate, Sweet Almond Oil, Polyglyceryl-2 Isostearate\/dimer Dilinoleate Copolymer, Monascus Extract, Carrot Extract, Perilla Leaf Extract, Centella Asiatica Extract, Borage Extract, Beet Root Extract, Sesame Seed. Angelica Root Extract, Chamomile Flower Extract, Port Marigold Flower Extract, Syringa Root Extract, Daisy Flower Extract, Camellia Flower Extract, Edelweiss Callus Culture Extract, Hydrolyzed Collagen Extract, Green Tea Seed Oil, Camellia Seed Oil, Argan Kernel Oil , Olive Oil, Queensland Nut Oil, Jojoba Seed Oil, Sodium Hyaluronate, Hydrogenated Polyisobutene, Microcrystalline Wax, Tocopherol, Alpha-bisabolol, Caprylic\/capric Triglyceride, Silica Die. Methyl Silylate, Sorbitan Sesquioleate, Purified Water, Allantoin, Glycerin, Butylene Glycol, Propanediol, 1,2-hexanediol, Hydrolyzed Elastin, Hydrolyzed Collagen, Phenethyl Alcohol, Caprylyl Glycol, Ethylhexylglycerin, Hydroxyacetophenone, Palmitoyl Tripeptide-5, Sodium Chloride, Disodium Phosphate, Tripeptide-1, Acetylhexapeptide-8, Copper Tripeptide-1, Palmitoyl Pentapeptide -4, Hexapeptide-9, Potassium Chloride, Potassium Phosphate, Fragrance, Dehydroacetic Acid<\/span><\/em><\/div>","protected":false},"excerpt":{"rendered":"<p>Visoko koncentrovan lifting-stik sa peptidnim kompleksom. 10g<\/p>","protected":false},"featured_media":7105,"template":"","meta":[],"product_cat":[342,346,386,387],"product_tag":[310],"featured_image_urls":{"full":["https:\/\/medipeel.rs\/wp-content\/uploads\/2022\/07\/medipeel-peptide-tox-bor-wrinkle-stick2.jpg",1200,1200,false],"thumbnail":["https:\/\/medipeel.rs\/wp-content\/uploads\/2022\/07\/medipeel-peptide-tox-bor-wrinkle-stick2-150x150.jpg",150,150,true],"medium":["https:\/\/medipeel.rs\/wp-content\/uploads\/2022\/07\/medipeel-peptide-tox-bor-wrinkle-stick2-300x300.jpg",300,300,true],"medium_large":["https:\/\/medipeel.rs\/wp-content\/uploads\/2022\/07\/medipeel-peptide-tox-bor-wrinkle-stick2-768x768.jpg",768,768,true],"large":["https:\/\/medipeel.rs\/wp-content\/uploads\/2022\/07\/medipeel-peptide-tox-bor-wrinkle-stick2-1024x1024.jpg",1024,1024,true],"1536x1536":["https:\/\/medipeel.rs\/wp-content\/uploads\/2022\/07\/medipeel-peptide-tox-bor-wrinkle-stick2.jpg",1200,1200,false],"2048x2048":["https:\/\/medipeel.rs\/wp-content\/uploads\/2022\/07\/medipeel-peptide-tox-bor-wrinkle-stick2.jpg",1200,1200,false],"trp-custom-language-flag":["https:\/\/medipeel.rs\/wp-content\/uploads\/2022\/07\/medipeel-peptide-tox-bor-wrinkle-stick2-12x12.jpg",12,12,true],"vcmegaposts-masonry":["https:\/\/medipeel.rs\/wp-content\/uploads\/2022\/07\/medipeel-peptide-tox-bor-wrinkle-stick2-500x500.jpg",500,500,true],"vcmegaposts-normal":["https:\/\/medipeel.rs\/wp-content\/uploads\/2022\/07\/medipeel-peptide-tox-bor-wrinkle-stick2-800x800.jpg",800,800,true],"vcmegaposts-type1":["https:\/\/medipeel.rs\/wp-content\/uploads\/2022\/07\/medipeel-peptide-tox-bor-wrinkle-stick2-800x500.jpg",800,500,true],"woocommerce_thumbnail":["https:\/\/medipeel.rs\/wp-content\/uploads\/2022\/07\/medipeel-peptide-tox-bor-wrinkle-stick2-450x600.jpg",450,600,true],"woocommerce_single":["https:\/\/medipeel.rs\/wp-content\/uploads\/2022\/07\/medipeel-peptide-tox-bor-wrinkle-stick2-600x600.jpg",600,600,true],"woocommerce_gallery_thumbnail":["https:\/\/medipeel.rs\/wp-content\/uploads\/2022\/07\/medipeel-peptide-tox-bor-wrinkle-stick2-100x100.jpg",100,100,true]},"post_excerpt_stackable":"<p>\u0410\u043d\u0442\u0438\u0432\u043e\u0437\u0440\u0430\u0441\u0442\u043d\u043e\u0439 \u043b\u0438\u0444\u0442\u0438\u043d\u0433 \u0441\u0442\u0438\u043a \u0441 \u043f\u0435\u043f\u0442\u0438\u0434\u043d\u044b\u043c \u043a\u043e\u043c\u043f\u043b\u0435\u043a\u0441\u043e\u043c. 10gr<\/p>\n","category_list":"","author_info":{"name":"","url":""},"comments_num":"0 comments","jetpack_sharing_enabled":true,"_links":{"self":[{"href":"https:\/\/medipeel.rs\/sr\/wp-json\/wp\/v2\/product\/4640"}],"collection":[{"href":"https:\/\/medipeel.rs\/sr\/wp-json\/wp\/v2\/product"}],"about":[{"href":"https:\/\/medipeel.rs\/sr\/wp-json\/wp\/v2\/types\/product"}],"version-history":[{"count":3,"href":"https:\/\/medipeel.rs\/sr\/wp-json\/wp\/v2\/product\/4640\/revisions"}],"predecessor-version":[{"id":7106,"href":"https:\/\/medipeel.rs\/sr\/wp-json\/wp\/v2\/product\/4640\/revisions\/7106"}],"wp:featuredmedia":[{"embeddable":true,"href":"https:\/\/medipeel.rs\/sr\/wp-json\/wp\/v2\/media\/7105"}],"wp:attachment":[{"href":"https:\/\/medipeel.rs\/sr\/wp-json\/wp\/v2\/media?parent=4640"}],"wp:term":[{"taxonomy":"product_cat","embeddable":true,"href":"https:\/\/medipeel.rs\/sr\/wp-json\/wp\/v2\/product_cat?post=4640"},{"taxonomy":"product_tag","embeddable":true,"href":"https:\/\/medipeel.rs\/sr\/wp-json\/wp\/v2\/product_tag?post=4640"}],"curies":[{"name":"wp","href":"https:\/\/api.w.org\/{rel}","templated":true}]}}