{"id":4675,"date":"2022-07-23T18:43:06","date_gmt":"2022-07-23T15:43:06","guid":{"rendered":"https:\/\/medipeel.rs\/?post_type=product&#038;p=4675"},"modified":"2026-01-11T12:09:34","modified_gmt":"2026-01-11T11:09:34","slug":"medi-peel-24k-gold-snail-repair-cream","status":"publish","type":"product","link":"https:\/\/medipeel.rs\/sr\/\u043f\u0440\u043e\u0438\u0437\u0432\u043e\u0434\/medi-peel-24k-gold-snail-repair-cream\/","title":{"rendered":"Medi-Peel 24k Gold Snail Repair Cream"},"content":{"rendered":"<p class=\" translation-block\">Lifting krema sa zlatom i mucinom od pu\u017eeva Medi-Peel 24K Gold Snail Cream ubrzava procese regeneracije i obnavljanja ko\u017ee, usporava proces starenja, pobolj\u0161ava ten i deluje podmla\u0111ujuc\u0301e. Zlato povec\u0301ava \u010dvrstoc\u0301u i elasti\u010dnost epidermisa, daje ko\u017ei zdrav ten i sjaj. Krema ja\u010da za\u0161titne funkcije ko\u017ee, aktivno hrani i elimini\u0161e suvoc\u0301u. Povec\u0301ava elasti\u010dnost tkiva i \u010dvrstinu ko\u017ee, intenzivno hidrira ko\u017eu, ubla\u017eava iritaciju i crvenilo. Proizvodi koji sadr\u017ee mucin od pu\u017eeva ubrzavaju oporavak upala, smanjuju izra\u017eenost akni, posvetljavaju pigmentaciju i post-akne, tako\u0111e normalizuju hidro-lipidnu ravnote\u017eu epidermisa. Za zrelu ko\u017eu mucin poma\u017ee u smanjenju dubine i vidljivosti bora, usporava starenje ko\u017ee, poma\u017ee u zagla\u0111ivanju bora i ja\u010da turgora ko\u017ee.\n24K zlato deluje kao provodnik aminokiselina, vitamina i minerala do dubokih slojeva ko\u017ei, pospe\u0161uje metaboli\u010dke procese u tkivima, deluje antioksidativno, obnavlja za\u0161titna svojstva epidermisa, povec\u0301ava elasti\u010dnost ko\u017ee i normalizuje njenu kiseli balans, daje ko\u017ei sjaj.<\/p>\n<p><strong>Na\u010din upotrebe:<\/strong> Nanesite kremu na prethodno o\u010di\u0161c\u0301enu ko\u017eu, utrljajte nje\u017enim pokretima dok se potpuno ne upije.<\/p>\n<hr \/>\n<div>\n<p><em><b>\u0421\u043e\u0441\u0442\u0430\u0432: <\/b>Purified water, glycerin, dipropylene glycol, isopropyl isostearate, shea butter, hydrogenated polyisobutene, stearyl alcohol, niacinamide, microcrystalline wax, snail secretion filtrate (20,000 ppm), dimethicone, sorbitan stearate, polysorbate 60, C12-16 alcohols, ethylhexanediol, polyacrylate-13, palmitic acid, hydrogenated lecithin, polyisobutene, sodium polyacrylate, ammonium acryloyldimethyltaurate\/beheneth-25 methacrylate crosspolymer, bergamot oil, glyceryl caprylate, 1,2-hexanediol, tocopheryl acetate, orange peel oil, hyaluronic acid, adenosine, lavender oil, polysorbate 20, disodium EDTA, sorbitan isostearate, rosemary leaf oil, palmitoyl pentapeptide-5, Melia azadirachta flower extract, holy basil leaf extract, larch wood extract, Melia azadirachta leaf extract, chamomile flower oil, propanediol, ethylhexylglycerin, turmeric root extract, Corallina officinalis extract, gold (20 ppm), butylene glycol, lactococcus ferment extract, bifida ferment lysate, lactobacillus ferment lysate, glycosyl trehalose, hydrogenated starch hydrolysate, hydrolyzed pea protein, phytosterols, lecithin, squalane, olive oil, spider peptide-1, ceramide NP, xanthan gum, sh-decapeptide-7, sh-octapeptide-4, sh-oligopeptide-9, sh-pentapeptide-19, acetyl hexapeptide-8, copper tripeptide-1, palmitoyl pentapeptide-4, linalool, limonene.<b><\/b><\/em><\/p>\n<p>&nbsp;<\/p>\n<\/div>","protected":false},"excerpt":{"rendered":"<p>Lifting krema sa zlatom i mucinom od pu\u017eeva. 50g<\/p>","protected":false},"featured_media":4676,"template":"","meta":[],"product_cat":[259,385,311,342,346,386],"product_tag":[],"featured_image_urls":{"full":["https:\/\/medipeel.rs\/wp-content\/uploads\/2022\/08\/medi-peel-24k-gold-snail-repair-cream.jpg",1200,1200,false],"thumbnail":["https:\/\/medipeel.rs\/wp-content\/uploads\/2022\/08\/medi-peel-24k-gold-snail-repair-cream-150x150.jpg",150,150,true],"medium":["https:\/\/medipeel.rs\/wp-content\/uploads\/2022\/08\/medi-peel-24k-gold-snail-repair-cream-300x300.jpg",300,300,true],"medium_large":["https:\/\/medipeel.rs\/wp-content\/uploads\/2022\/08\/medi-peel-24k-gold-snail-repair-cream-768x768.jpg",768,768,true],"large":["https:\/\/medipeel.rs\/wp-content\/uploads\/2022\/08\/medi-peel-24k-gold-snail-repair-cream-1024x1024.jpg",1024,1024,true],"1536x1536":["https:\/\/medipeel.rs\/wp-content\/uploads\/2022\/08\/medi-peel-24k-gold-snail-repair-cream.jpg",1200,1200,false],"2048x2048":["https:\/\/medipeel.rs\/wp-content\/uploads\/2022\/08\/medi-peel-24k-gold-snail-repair-cream.jpg",1200,1200,false],"trp-custom-language-flag":["https:\/\/medipeel.rs\/wp-content\/uploads\/2022\/08\/medi-peel-24k-gold-snail-repair-cream-12x12.jpg",12,12,true],"vcmegaposts-masonry":["https:\/\/medipeel.rs\/wp-content\/uploads\/2022\/08\/medi-peel-24k-gold-snail-repair-cream-500x500.jpg",500,500,true],"vcmegaposts-normal":["https:\/\/medipeel.rs\/wp-content\/uploads\/2022\/08\/medi-peel-24k-gold-snail-repair-cream-800x800.jpg",800,800,true],"vcmegaposts-type1":["https:\/\/medipeel.rs\/wp-content\/uploads\/2022\/08\/medi-peel-24k-gold-snail-repair-cream-800x500.jpg",800,500,true],"woocommerce_thumbnail":["https:\/\/medipeel.rs\/wp-content\/uploads\/2022\/08\/medi-peel-24k-gold-snail-repair-cream-450x600.jpg",450,600,true],"woocommerce_single":["https:\/\/medipeel.rs\/wp-content\/uploads\/2022\/08\/medi-peel-24k-gold-snail-repair-cream-600x600.jpg",600,600,true],"woocommerce_gallery_thumbnail":["https:\/\/medipeel.rs\/wp-content\/uploads\/2022\/08\/medi-peel-24k-gold-snail-repair-cream-100x100.jpg",100,100,true]},"post_excerpt_stackable":"<p>\u041b\u0438\u0444\u0442\u0438\u043d\u0433-\u043a\u0440\u0435\u043c \u0441 \u0437\u043e\u043b\u043e\u0442\u043e\u043c \u0438 \u043c\u0443\u0446\u0438\u043d\u043e\u043c \u0443\u043b\u0438\u0442\u043a\u0438. 50g<\/p>\n","category_list":"","author_info":{"name":"","url":""},"comments_num":"0 comments","jetpack_sharing_enabled":true,"_links":{"self":[{"href":"https:\/\/medipeel.rs\/sr\/wp-json\/wp\/v2\/product\/4675"}],"collection":[{"href":"https:\/\/medipeel.rs\/sr\/wp-json\/wp\/v2\/product"}],"about":[{"href":"https:\/\/medipeel.rs\/sr\/wp-json\/wp\/v2\/types\/product"}],"version-history":[{"count":5,"href":"https:\/\/medipeel.rs\/sr\/wp-json\/wp\/v2\/product\/4675\/revisions"}],"predecessor-version":[{"id":7835,"href":"https:\/\/medipeel.rs\/sr\/wp-json\/wp\/v2\/product\/4675\/revisions\/7835"}],"wp:featuredmedia":[{"embeddable":true,"href":"https:\/\/medipeel.rs\/sr\/wp-json\/wp\/v2\/media\/4676"}],"wp:attachment":[{"href":"https:\/\/medipeel.rs\/sr\/wp-json\/wp\/v2\/media?parent=4675"}],"wp:term":[{"taxonomy":"product_cat","embeddable":true,"href":"https:\/\/medipeel.rs\/sr\/wp-json\/wp\/v2\/product_cat?post=4675"},{"taxonomy":"product_tag","embeddable":true,"href":"https:\/\/medipeel.rs\/sr\/wp-json\/wp\/v2\/product_tag?post=4675"}],"curies":[{"name":"wp","href":"https:\/\/api.w.org\/{rel}","templated":true}]}}