{"id":4709,"date":"2021-10-11T01:04:58","date_gmt":"2021-10-10T22:04:58","guid":{"rendered":"https:\/\/medipeel.rs\/?post_type=product&#038;p=4709"},"modified":"2025-01-23T09:00:17","modified_gmt":"2025-01-23T08:00:17","slug":"medi-peel-vitamin-body-lotion-2","status":"publish","type":"product","link":"https:\/\/medipeel.rs\/sr\/\u043f\u0440\u043e\u0438\u0437\u0432\u043e\u0434\/medi-peel-vitamin-body-lotion-2\/","title":{"rendered":"Medi-Peel Vitamin Body Lotion"},"content":{"rendered":"<p class=\" translation-block\">Hranljivi losion za telo koji \u010dini suvu, grubu ko\u017eu glatkom i hidriranom, ima lagani citrusni miris zelenih mandarina, koji c\u0301e se dugo zadr\u017eati na va\u0161oj ko\u017ei. Hidrolat pasjeg trna (10%) ima hidratantno, hranljivo i antioksidativno dejstvo. Poma\u017ee u uklanijanju iritacije, svraba, crvenila i suvoc\u0301e ko\u017ee, daje joj elasti\u010dnost i spre\u010dava prerano starenje. Ekstrakt mladih mandarina dobijen hidrotermalnom ekstrakcijom (omoguc\u0301ava o\u010duvanje svih aktivnih supstanci) ima odli\u010dan efekat tonizacije, spre\u010dava uvelost i prerano opu\u0161tanje ko\u017ee, poma\u017ee u vrac\u0301anju mladosti i lepote, \u0161titi, ispunjjuje ko\u017eu vitaminima i mineralima. 12 liposomalnih vitamina lako prodiru u duboke slojeve ko\u017ee, neguju, hidriraju, vrac\u0301aju ko\u017ei zdrav sjaj, stimuli\u0161u regeneraciju i imaju jak antioksidantni efekat.<\/p>\n<p><span data-sheets-value=\"{&quot;1&quot;:2,&quot;2&quot;:&quot;\u041b\u0438\u043f\u043e\u0441\u043e\u043c\u043d\u044b\u0439 \u0432\u0438\u0442\u0430\u043c\u0438\u043d\u043d\u044b\u0439 \u043b\u043e\u0441\u044c\u043e\u043d \u0434\u043b\u044f \u0442\u0435\u043b\u0430.r \u041b\u0438\u043f\u043e\u0441\u043e\u043c\u043d\u044b\u0439 \u0432\u0438\u0442\u0430\u043c\u0438\u043d\u043d\u044b\u0439 \u043b\u043e\u0441\u044c\u043e\u043d \u0434\u043b\u044f \u0442\u0435\u043b\u0430 Medi-Peel Vitamin Dr.Body Lotion \u0443\u0441\u0442\u0440\u0430\u043d\u044f\u0435\u0442 \u0441\u0443\u0445\u043e\u0441\u0442\u044c \u0438 \u0448\u0435\u043b\u0443\u0448\u0435\u043d\u0438\u044f, \u043f\u043e\u0432\u044b\u0448\u0430\u0435\u0442 \u0443\u043f\u0440\u0443\u0433\u043e\u0441\u0442\u044c \u043a\u043e\u0436\u0438, \u0434\u0435\u043b\u0430\u0435\u0442 \u0435\u0435 \u043d\u0435\u0436\u043d\u043e\u0439 \u0438 \u0431\u0430\u0440\u0445\u0430\u0442\u0438\u0441\u0442\u043e\u0439. \u0410\u043a\u0442\u0438\u0432\u043d\u043e \u0443\u0432\u043b\u0430\u0436\u043d\u044f\u0435\u0442 \u0438 \u043f\u0438\u0442\u0430\u0435\u0442, \u043f\u043e\u0434\u0434\u0435\u0440\u0436\u0438\u0432\u0430\u0435\u0442 \u043e\u043f\u0442\u0438\u043c\u0430\u043b\u044c\u043d\u044b\u0439 \u0443\u0440\u043e\u0432\u0435\u043d\u044c \u0443\u0432\u043b\u0430\u0436\u043d\u0435\u043d\u043d\u043e\u0441\u0442\u0438 \u0432 \u0442\u0435\u0447\u0435\u043d\u0438\u0435 \u0434\u043d\u044f. \u041b\u043e\u0441\u044c\u043e\u043d \u043e\u0431\u043b\u0430\u0434\u0430\u0435\u0442 \u0440\u043e\u0441\u043a\u043e\u0448\u043d\u044b\u043c \u0446\u0438\u0442\u0440\u0443\u0441\u043e\u0432\u044b\u043c \u0430\u0440\u043e\u043c\u0430\u0442\u043e\u043c, \u043a\u043e\u0442\u043e\u0440\u044b\u0439 \u043e\u0441\u0442\u0430\u0435\u0442\u0441\u044f \u043d\u0430 \u043a\u043e\u0436\u0435 \u043f\u0440\u0438\u0442\u044f\u0433\u0430\u0442\u0435\u043b\u044c\u043d\u044b\u043c \u0448\u043b\u0435\u0439\u0444\u043e\u043c. r \u041b\u043e\u0441\u044c\u043e\u043d \u0443\u043a\u0440\u0435\u043f\u043b\u044f\u0435\u0442 \u0437\u0430\u0449\u0438\u0442\u043d\u044b\u0439 \u0431\u0430\u0440\u044c\u0435\u0440 \u0438 \u043f\u043e\u0432\u044b\u0448\u0430\u0435\u0442 \u0438\u043c\u043c\u0443\u043d\u0438\u0442\u0435\u0442 \u043a\u043e\u0436\u0438, \u043e\u0431\u0435\u0440\u0435\u0433\u0430\u0435\u0442 \u043e\u0442 \u0430\u0433\u0440\u0435\u0441\u0441\u0438\u0432\u043d\u043e\u0433\u043e \u0432\u043e\u0437\u0434\u0435\u0439\u0441\u0442\u0432\u0438\u044f \u0436\u0435\u0441\u0442\u043a\u043e\u0439 \u0432\u043e\u0434\u044b, \u0443\u043b\u044c\u0442\u0440\u0430\u0444\u0438\u043e\u043b\u0435\u0442\u0430 \u0438 \u0434\u0440\u0443\u0433\u0438\u0445 \u0444\u0430\u043a\u0442\u043e\u0440\u043e\u0432 \u043e\u043a\u0440\u0443\u0436\u0430\u044e\u0449\u0435\u0439 \u0441\u0440\u0435\u0434\u044b. \u041e\u0441\u0432\u0435\u0442\u043b\u044f\u0435\u0442 \u043d\u0435\u0436\u0435\u043b\u0430\u0442\u0435\u043b\u044c\u043d\u0443\u044e \u043f\u0438\u0433\u043c\u0435\u043d\u0442\u0430\u0446\u0438\u044e, \u0434\u0435\u043b\u0430\u0435\u0442 \u0442\u043e\u043d \u043a\u043e\u0436\u0438 \u0431\u043e\u043b\u0435\u0435 \u0440\u0430\u0432\u043d\u043e\u043c\u0435\u0440\u043d\u044b\u043c, \u043f\u0440\u0438\u0434\u0430\u0435\u0442 \u043a\u043e\u0436\u0435 \u043c\u0430\u0442\u043e\u0432\u043e\u0435 \u0441\u0438\u044f\u043d\u0438\u0435. \u042d\u0444\u0444\u0435\u043a\u0442\u0438\u0432\u043d\u043e \u0432\u043e\u0441\u043f\u043e\u043b\u043d\u044f\u0435\u0442 \u043d\u0435\u0434\u043e\u0441\u0442\u0430\u0442\u043e\u043a \u0432\u043b\u0430\u0433\u0438, \u0443\u043b\u0443\u0447\u0448\u0430\u0435\u0442 \u0441\u043f\u043e\u0441\u043e\u0431\u043d\u043e\u0441\u0442\u044c \u043a\u043b\u0435\u0442\u043e\u043a \u043a \u0435\u0435 \u0443\u0434\u0435\u0440\u0436\u0430\u043d\u0438\u044e, \u0432\u043e\u0441\u0441\u0442\u0430\u043d\u0430\u0432\u043b\u0438\u0432\u0430\u0435\u0442 \u043e\u043f\u0442\u0438\u043c\u0430\u043b\u044c\u043d\u044b\u0439 \u0432\u043e\u0434\u043d\u043e-\u043b\u0438\u043f\u0438\u0434\u043d\u044b\u0439 \u0431\u0430\u043b\u0430\u043d\u0441. r \u0414\u043b\u044f \u043f\u043e\u0432\u044b\u0448\u0435\u043d\u0438\u044f \u044d\u0444\u0444\u0435\u043a\u0442\u0438\u0432\u043d\u043e\u0441\u0442\u0438 \u043b\u043e\u0441\u044c\u043e\u043d\u0430 \u0430\u043a\u0442\u0438\u0432\u043d\u044b\u0435 \u043a\u043e\u043c\u043f\u043e\u043d\u0435\u043d\u0442\u044b \u043f\u043e\u043c\u0435\u0449\u0430\u0435\u0442\u0441\u044f \u0432 \u043e\u0441\u043e\u0431\u044b\u0435 \u043c\u0438\u043a\u0440\u043e\u043a\u0430\u043f\u0441\u0443\u043b\u044b \u2014 \u043b\u0438\u043f\u043e\u0441\u043e\u043c\u044b. \u0411\u043b\u0430\u0433\u043e\u0434\u0430\u0440\u044f \u0441\u0432\u043e\u0435\u043c\u0443 \u043a\u0440\u043e\u0448\u0435\u0447\u043d\u043e\u043c\u0443 \u0440\u0430\u0437\u043c\u0435\u0440\u0443 \u043b\u0438\u043f\u043e\u0441\u043e\u043c\u044b \u043b\u0435\u0433\u043a\u043e \u043f\u0440\u043e\u043d\u0438\u043a\u0430\u044e\u0442 \u0432\u0433\u043b\u0443\u0431\u044c \u043a\u043e\u0436\u0438 \u0438 \u0434\u043e\u0441\u0442\u0430\u0432\u043b\u044f\u044e\u0442 \u0432\u044b\u0441\u043e\u043a\u043e\u043a\u043e\u043d\u0446\u0435\u043d\u0442\u0440\u0438\u0440\u043e\u0432\u0430\u043d\u043d\u044b\u0435 \u0430\u043a\u0442\u0438\u0432\u044b \u0432 \u043f\u0440\u043e\u0431\u043b\u0435\u043c\u043d\u044b\u0435 \u0437\u043e\u043d\u044b \u0432 \u043f\u043e\u043b\u043d\u043e\u043c \u043e\u0431\u044a\u0435\u043c\u0435.r \u041b\u043e\u0441\u044c\u043e\u043d \u043e\u0431\u043b\u0430\u0434\u0430\u0435\u0442 \u043d\u0435\u0436\u043d\u043e\u0439 \u043a\u0440\u0435\u043c\u043e\u0432\u043e-\u043c\u0430\u0441\u043b\u044f\u043d\u0438\u0441\u0442\u043e\u0439 \u0442\u0435\u043a\u0441\u0442\u0443\u0440\u043e\u0439, \u043a\u043e\u0442\u043e\u0440\u0430\u044f \u0431\u0443\u043a\u0432\u0430\u043b\u044c\u043d\u043e \u0442\u0430\u0435\u0442 \u043d\u0430 \u043a\u043e\u0436\u0435. \u0423 \u0441\u0440\u0435\u0434\u0441\u0442\u0432\u0430 \u043f\u0440\u0438\u044f\u0442\u043d\u044b\u0439 \u0430\u0440\u043e\u043c\u0430\u0442 \u0446\u0438\u0442\u0440\u0443\u0441\u043e\u0432\u044b\u0445 \u0444\u0440\u0443\u043a\u0442\u043e\u0432.r \u041e\u0431\u043b\u0435\u043f\u0438\u0445\u043e\u0432\u0430\u044f \u0432\u043e\u0434\u0430 \u044d\u0444\u0444\u0435\u043a\u0442\u0438\u0432\u043d\u043e \u0443\u0441\u043f\u043e\u043a\u0430\u0438\u0432\u0430\u0435\u0442 \u0440\u0430\u0437\u0434\u0440\u0430\u0436\u0435\u043d\u043d\u0443\u044e \u043a\u043e\u0436\u0443, \u0441\u043d\u0438\u043c\u0430\u0435\u0442 \u0432\u043e\u0441\u043f\u0430\u043b\u0435\u043d\u0438\u044f, \u043f\u043e\u043c\u043e\u0433\u0430\u0435\u0442 \u0432 \u0431\u043e\u0440\u044c\u0431\u0435 \u0441 \u0441\u0443\u0445\u043e\u0441\u0442\u044c\u044e \u0438 \u0448\u0435\u043b\u0443\u0448\u0435\u043d\u0438\u044f\u043c\u0438. \u0423\u043a\u0440\u0435\u043f\u043b\u044f\u0435\u0442 \u043b\u0438\u043f\u0438\u0434\u043d\u044b\u0439 \u0431\u0430\u0440\u044c\u0435\u0440 \u044d\u043f\u0438\u0434\u0435\u0440\u043c\u0438\u0441\u0430 \u0438 \u0437\u0430\u0449\u0438\u0449\u0430\u0435\u0442 \u043e\u0442 \u043d\u0435\u0433\u0430\u0442\u0438\u0432\u043d\u043e\u0433\u043e \u0432\u043e\u0437\u0434\u0435\u0439\u0441\u0442\u0432\u0438\u044f \u043e\u043a\u0440\u0443\u0436\u0430\u044e\u0449\u0435\u0439 \u0441\u0440\u0435\u0434\u044b.r \u041c\u0430\u0441\u043b\u043e \u0448\u0438 \u0441\u043c\u044f\u0433\u0447\u0430\u0435\u0442 \u043a\u043e\u0436\u0443, \u0443\u0441\u0442\u0440\u0430\u043d\u044f\u0435\u0442 \u0441\u0443\u0445\u043e\u0441\u0442\u044c \u0438 \u0448\u0435\u043b\u0443\u0448\u0435\u043d\u0438\u044f. \u0413\u043b\u0443\u0431\u043e\u043a\u043e \u0443\u0432\u043b\u0430\u0436\u043d\u044f\u0435\u0442, \u043f\u0440\u0438\u0434\u0430\u0435\u0442 \u043a\u043e\u0436\u0435 \u044d\u043b\u0430\u0441\u0442\u0438\u0447\u043d\u043e\u0441\u0442\u044c, \u0433\u043b\u0430\u0434\u043a\u043e\u0441\u0442\u044c \u0438 \u0443\u043f\u0440\u0443\u0433\u043e\u0441\u0442\u044c.r \u0410\u0441\u043a\u043e\u0440\u0431\u0438\u043d\u043e\u0432\u0430\u044f \u043a\u0438\u0441\u043b\u043e\u0442\u0430 \u043e\u0431\u043b\u0430\u0434\u0430\u0435\u0442 \u0432\u044b\u0440\u0430\u0436\u0435\u043d\u043d\u044b\u043c \u0430\u043d\u0442\u0438\u043e\u043a\u0441\u0438\u0434\u0430\u043d\u0442\u043d\u044b\u043c \u0434\u0435\u0439\u0441\u0442\u0432\u0438\u0435\u043c, \u044d\u0444\u0444\u0435\u043a\u0442\u0438\u0432\u043d\u043e \u0437\u0430\u0449\u0438\u0449\u0430\u0435\u0442 \u043a\u043e\u0436\u0443 \u043e\u0442 \u0443\u043b\u044c\u0442\u0440\u0430\u0444\u0438\u043e\u043b\u0435\u0442\u0430 \u0438 \u0441\u0432\u043e\u0431\u043e\u0434\u043d\u044b\u0445 \u0440\u0430\u0434\u0438\u043a\u0430\u043b\u043e\u0432, \u0437\u0430\u043c\u0435\u0434\u043b\u044f\u044f \u043f\u0440\u043e\u0446\u0435\u0441\u0441\u044b \u0441\u0442\u0430\u0440\u0435\u043d\u0438\u044f. \u0421\u043f\u043e\u0441\u043e\u0431\u0441\u0442\u0432\u0443\u0435\u0442 \u043f\u043e\u0432\u044b\u0448\u0435\u043d\u0438\u044e \u044d\u043b\u0430\u0441\u0442\u0438\u0447\u043d\u043e\u0441\u0442\u0438 \u0438 \u0443\u043f\u0440\u0443\u0433\u043e\u0441\u0442\u0438, \u0443\u043c\u0435\u043d\u044c\u0448\u0430\u0435\u0442 \u0432\u044b\u0440\u0430\u0436\u0435\u043d\u043d\u043e\u0441\u0442\u044c \u043f\u0438\u0433\u043c\u0435\u043d\u0442\u043d\u044b\u0445 \u043f\u044f\u0442\u0435\u043d \u0438 \u043f\u043e\u0441\u0442\u0430\u043a\u043d\u0435.r \u041f\u0430\u043d\u0442\u0435\u043d\u043e\u043b \u0441\u0442\u0438\u043c\u0443\u043b\u0438\u0440\u0443\u0435\u0442 \u0432\u043e\u0441\u0441\u0442\u0430\u043d\u043e\u0432\u043b\u0435\u043d\u0438\u0435 \u0446\u0435\u043b\u043e\u0441\u0442\u043d\u043e\u0441\u0442\u0438 \u043a\u043e\u0436\u043d\u044b\u0445 \u043f\u043e\u043a\u0440\u043e\u0432\u043e\u0432, \u0441\u043d\u0438\u043c\u0430\u0435\u0442 \u043f\u043e\u043a\u0440\u0430\u0441\u043d\u0435\u043d\u0438\u044f \u0438 \u0440\u0430\u0437\u0434\u0440\u0430\u0436\u0435\u043d\u0438\u044f, \u043e\u0431\u043b\u0430\u0434\u0430\u0435\u0442 \u0440\u0430\u043d\u043e\u0437\u0430\u0436\u0438\u0432\u043b\u044f\u044e\u0449\u0438\u043c \u0441\u0432\u043e\u0439\u0441\u0442\u0432\u043e\u043c.r \u0422\u0440\u0435\u0433\u0430\u043b\u043e\u0437\u0430 \u2014 \u043f\u043e\u043b\u0438\u0441\u0430\u0445\u0430\u0440\u0438\u0434, \u043a\u043e\u0442\u043e\u0440\u044b\u0439 \u043e\u043a\u0430\u0437\u044b\u0432\u0430\u0435\u0442 \u043c\u043e\u0449\u043d\u043e\u0435 \u0443\u0432\u043b\u0430\u0436\u043d\u044f\u044e\u0449\u0435\u0435 \u0434\u0435\u0439\u0441\u0442\u0432\u0438\u0435, \u0437\u0430\u043c\u0435\u0434\u043b\u044f\u0435\u0442 \u043f\u0440\u043e\u0446\u0435\u0441\u0441\u044b \u0441\u0442\u0430\u0440\u0435\u043d\u0438\u044f \u0438 \u043e\u0431\u043b\u0430\u0434\u0430\u0435\u0442 \u0430\u043d\u0442\u0438\u043e\u043a\u0441\u0438\u0434\u0430\u043d\u0442\u043d\u043e\u0439 \u0430\u043a\u0442\u0438\u0432\u043d\u043e\u0441\u0442\u044c\u044e.r \u0413\u0438\u0430\u043b\u0443\u0440\u043e\u043d\u0430\u0442 \u043d\u0430\u0442\u0440\u0438\u044f \u2014 \u043d\u0438\u0437\u043a\u043e\u043c\u043e\u043b\u0435\u043a\u0443\u043b\u044f\u0440\u043d\u0430\u044f \u0444\u043e\u0440\u043c\u0430 \u0433\u0438\u0430\u043b\u0443\u0440\u043e\u043d\u043e\u0432\u043e\u0439 \u043a\u0438\u0441\u043b\u043e\u0442\u044b. \u041f\u0440\u043e\u043d\u0438\u043a\u0430\u0435\u0442 \u0432 \u0433\u043b\u0443\u0431\u043e\u043a\u0438\u0435 \u0441\u043b\u043e\u0438 \u044d\u043f\u0438\u0434\u0435\u0440\u043c\u0438\u0441\u0430, \u0430\u043a\u0442\u0438\u0432\u043d\u043e \u0443\u0432\u043b\u0430\u0436\u043d\u044f\u0435\u0442 \u043a\u043b\u0435\u0442\u043a\u0438, \u0441\u043f\u043e\u0441\u043e\u0431\u0441\u0442\u0432\u0443\u0435\u0442 \u0443\u0434\u0435\u0440\u0436\u0430\u043d\u0438\u044e \u0432\u043b\u0430\u0433\u0438 \u0432 \u043a\u043e\u0436\u0435. \u041e\u0431\u0440\u0430\u0437\u0443\u0435\u0442 \u0437\u0430\u0449\u0438\u0442\u043d\u044b\u0439 \u0441\u043b\u043e\u0439, \u043a\u043e\u0442\u043e\u0440\u044b\u0439 \u043d\u0435 \u0434\u0430\u0435\u0442 \u0432\u043b\u0430\u0433\u0435 \u0438\u0441\u043f\u0430\u0440\u0438\u0442\u044c\u0441\u044f.r \u0411\u0435\u0442\u0430-\u0433\u043b\u044e\u043a\u0430\u043d \u0441\u043d\u0438\u043c\u0430\u0435\u0442 \u0432\u043e\u0441\u043f\u0430\u043b\u0435\u043d\u0438\u044f, \u0443\u0441\u0442\u0440\u0430\u043d\u044f\u0435\u0442 \u043f\u043e\u043a\u0440\u0430\u0441\u043d\u0435\u043d\u0438\u044f, \u0441\u0443\u0445\u043e\u0441\u0442\u044c \u0438 \u0436\u0436\u0435\u043d\u0438\u0435. \u0423\u043c\u0435\u043d\u044c\u0448\u0430\u0435\u0442 \u0432\u044b\u0440\u0430\u0436\u0435\u043d\u043d\u043e\u0441\u0442\u044c \u043c\u043e\u0440\u0449\u0438\u043d \u0438 \u043a\u043e\u0436\u043d\u044b\u0445 \u0437\u0430\u043b\u043e\u043c\u043e\u0432, \u0440\u0430\u0437\u0433\u043b\u0430\u0436\u0438\u0432\u0430\u0435\u0442 \u043c\u0438\u043a\u0440\u043e\u0440\u0435\u043b\u044c\u0435\u0444.r \u041a\u0435\u0440\u0430\u043c\u0438\u0434 NP \u0443\u043a\u0440\u0435\u043f\u043b\u044f\u0435\u0442 \u043a\u043b\u0435\u0442\u043a\u0438 \u043a\u043e\u0436\u0438 \u0438 \u0437\u0430\u0449\u0438\u0449\u0430\u0435\u0442 \u0438\u0445 \u043e\u0442 \u043f\u043e\u0432\u0440\u0435\u0436\u0434\u0435\u043d\u0438\u0439, \u043f\u0440\u0435\u0434\u043e\u0442\u0432\u0440\u0430\u0449\u0430\u0435\u0442 \u0438\u0441\u043f\u0430\u0440\u0435\u043d\u0438\u0435 \u0432\u043b\u0430\u0433\u0438 \u0438 \u0441\u043f\u043e\u0441\u043e\u0431\u0441\u0442\u0432\u0443\u0435\u0442 \u0434\u043b\u0438\u0442\u0435\u043b\u044c\u043d\u043e\u043c\u0443 \u0443\u0432\u043b\u0430\u0436\u043d\u0435\u043d\u0438\u044e, \u043f\u043e\u0434\u0434\u0435\u0440\u0436\u0438\u0432\u0430\u0435\u0442 \u043e\u043f\u0442\u0438\u043c\u0430\u043b\u044c\u043d\u044b\u0439 \u0433\u0438\u0434\u0440\u043e\u043b\u0438\u043f\u0438\u0434\u043d\u044b\u0439 \u0431\u0430\u043b\u0430\u043d\u0441.r \u041a\u043e\u043c\u043f\u043b\u0435\u043a\u0441 \u0430\u043c\u0438\u043d\u043e\u043a\u0438\u0441\u043b\u043e\u0442 \u0433\u043b\u0443\u0431\u043e\u043a\u043e \u0443\u0432\u043b\u0430\u0436\u043d\u044f\u044e\u0442 \u043a\u043e\u0436\u0443, \u0443\u043b\u0443\u0447\u0448\u0430\u044e\u0442 \u043c\u0438\u043a\u0440\u043e\u0446\u0438\u0440\u043a\u0443\u043b\u044f\u0446\u0438\u044e \u0438 \u043e\u0431\u043c\u0435\u043d\u043d\u044b\u0435 \u043f\u0440\u043e\u0446\u0435\u0441\u0441\u044b \u043c\u0435\u0436\u0434\u0443 \u043a\u043b\u0435\u0442\u043a\u0430\u043c\u0438. \u0421\u043f\u043e\u0441\u043e\u0431\u0441\u0442\u0432\u0443\u044e\u0442 \u0441\u0438\u043d\u0442\u0435\u0437\u0443 \u0431\u0435\u043b\u043a\u043e\u0432 \u0438 \u043a\u043e\u043b\u043b\u0430\u0433\u0435\u043d\u0430, \u043e\u0431\u0435\u0440\u0435\u0433\u0430\u044e\u0442 \u043a\u043e\u0436\u0443 \u043e\u0442 \u0432\u0440\u0435\u0434\u043d\u043e\u0433\u043e \u0432\u043e\u0437\u0434\u0435\u0439\u0441\u0442\u0432\u0438\u044f \u0432\u043d\u0435\u0448\u043d\u0438\u0445 \u0444\u0430\u043a\u0442\u043e\u0440\u043e\u0432r \u041f\u043e\u0434\u0445\u043e\u0434\u0438\u0442 \u0434\u043b\u044f \u0432\u0441\u0435\u0445 \u0442\u0438\u043f\u043e\u0432 \u043a\u043e\u0436\u0438.r \u0421\u043f\u043e\u0441\u043e\u0431 \u043f\u0440\u0438\u043c\u0435\u043d\u0435\u043d\u0438\u044f: \u043d\u0430\u043d\u0435\u0441\u0438\u0442\u0435 \u043d\u0435\u043e\u0431\u0445\u043e\u0434\u0438\u043c\u043e\u0435 \u043a\u043e\u043b\u0438\u0447\u0435\u0441\u0442\u0432\u043e \u043b\u043e\u0441\u044c\u043e\u043d\u0430 \u043d\u0430 \u043e\u0447\u0438\u0449\u0435\u043d\u043d\u0443\u044e \u043a\u043e\u0436\u0443.&quot;}\" data-sheets-userformat=\"{&quot;2&quot;:15037,&quot;3&quot;:{&quot;1&quot;:0},&quot;5&quot;:{&quot;1&quot;:[{&quot;1&quot;:2,&quot;2&quot;:0,&quot;5&quot;:{&quot;1&quot;:2,&quot;2&quot;:0}},{&quot;1&quot;:0,&quot;2&quot;:0,&quot;3&quot;:3},{&quot;1&quot;:1,&quot;2&quot;:0,&quot;4&quot;:1}]},&quot;6&quot;:{&quot;1&quot;:[{&quot;1&quot;:2,&quot;2&quot;:0,&quot;5&quot;:{&quot;1&quot;:2,&quot;2&quot;:0}},{&quot;1&quot;:0,&quot;2&quot;:0,&quot;3&quot;:3},{&quot;1&quot;:1,&quot;2&quot;:0,&quot;4&quot;:1}]},&quot;7&quot;:{&quot;1&quot;:[{&quot;1&quot;:2,&quot;2&quot;:0,&quot;5&quot;:{&quot;1&quot;:2,&quot;2&quot;:0}},{&quot;1&quot;:0,&quot;2&quot;:0,&quot;3&quot;:3},{&quot;1&quot;:1,&quot;2&quot;:0,&quot;4&quot;:1}]},&quot;8&quot;:{&quot;1&quot;:[{&quot;1&quot;:2,&quot;2&quot;:0,&quot;5&quot;:{&quot;1&quot;:2,&quot;2&quot;:0}},{&quot;1&quot;:0,&quot;2&quot;:0,&quot;3&quot;:3},{&quot;1&quot;:1,&quot;2&quot;:0,&quot;4&quot;:1}]},&quot;10&quot;:1,&quot;12&quot;:0,&quot;14&quot;:{&quot;1&quot;:2,&quot;2&quot;:16711680},&quot;15&quot;:&quot;Calibri&quot;,&quot;16&quot;:9}\"><strong>Na\u010din upotrebe:<\/strong> Nanesite preparat na \u010distu, suvu ko\u017eu i blagim masa\u017enim pokretima utrljati do potpunog upijanja.<\/span><\/p>\n<hr \/>\n<div><em><strong><em>Sastojci:<\/em><\/strong> Water, Hippophae Rhamnoides Water(10%), Caprylic\/Capric Triglyceride, Ethylhexyl Stearate, Glycerin, Propanediol, Cyclomethicone, Hydrogenated Poly(C6-14 Olefin), Dipropylene Glycol, Polyglyceryl-6 Stearate, Butyrospermum Parkii (Shea) Butter, 1,2-Hexanediol, Trehalose, Cetearyl Alcohol, Butylene Glycol, Glyceryl Stearate, Palmitic Acid, Stearic Acid, Polyglyceryl-6 Behenate, Carbomer, Tromethamine, Panthenol, Ethylhexylglycerin, Pentylene Glycol, Caprylyl Glycol, Disodium EDTA, Hydrolyzed Jojoba Esters, Camellia Sinensis Leaf Extract, Hydrogenated Lecithin, Agrimonia Eupatoria Extract, Polyglyceryl-10 Stearate, Adenium Obesum Leaf Cell Extract, Dipotassium Glycyrrhizate, Biosaccharide Gum-1, Centella Asiatica Extract, Houttuynia Cordata Extract, Perilla Frutescens Leaf Extract, Salvia Hispanica Seed Extract, Citrus Unshiu Fruit Extract, Sodium Ascorbyl Phosphate, Sodium Hyaluronate, Beta-Glucan, Lactobacillus\/Punica Granatum Fruit Ferment Extract, Lactobacillus\/Soybean Ferment Extract, Saccharomyces\/Barley Seed Ferment Filtrate, Lactobacillus\/Pear Juice Ferment Filtrate, Niacinamide, Pancratium Maritimum Extract, Phosphatidylcholine, Ascorbic Acid, Folic Acid, Biotin, Pyridoxine, Ceramide NP, Tocopherol, Cyanocobalamin, Glycine, Glutamic Acid, Linoleic Acid, Serine, Thiamine HCl, Beta-Carotene, Riboflavin, Inositol, Lysine, Alanine, Arginine, Threonine, Proline, Yellow 5 (CI 19140), Blue 1 (CI 42090), Fragrance, Limonene, Linalool, Alpha-Isomethyl Ionone, Citral<\/em><\/div>","protected":false},"excerpt":{"rendered":"<p style=\"text-align: left;\">Hranljivi losion za telo. 400ml<\/p>","protected":false},"featured_media":4710,"template":"","meta":[],"product_cat":[279,281],"product_tag":[319],"featured_image_urls":{"full":["https:\/\/medipeel.rs\/wp-content\/uploads\/2022\/08\/medi-peel-vitamin-body-lotion.jpg",1200,1200,false],"thumbnail":["https:\/\/medipeel.rs\/wp-content\/uploads\/2022\/08\/medi-peel-vitamin-body-lotion-150x150.jpg",150,150,true],"medium":["https:\/\/medipeel.rs\/wp-content\/uploads\/2022\/08\/medi-peel-vitamin-body-lotion-300x300.jpg",300,300,true],"medium_large":["https:\/\/medipeel.rs\/wp-content\/uploads\/2022\/08\/medi-peel-vitamin-body-lotion-768x768.jpg",768,768,true],"large":["https:\/\/medipeel.rs\/wp-content\/uploads\/2022\/08\/medi-peel-vitamin-body-lotion-1024x1024.jpg",1024,1024,true],"1536x1536":["https:\/\/medipeel.rs\/wp-content\/uploads\/2022\/08\/medi-peel-vitamin-body-lotion.jpg",1200,1200,false],"2048x2048":["https:\/\/medipeel.rs\/wp-content\/uploads\/2022\/08\/medi-peel-vitamin-body-lotion.jpg",1200,1200,false],"trp-custom-language-flag":["https:\/\/medipeel.rs\/wp-content\/uploads\/2022\/08\/medi-peel-vitamin-body-lotion-12x12.jpg",12,12,true],"vcmegaposts-masonry":["https:\/\/medipeel.rs\/wp-content\/uploads\/2022\/08\/medi-peel-vitamin-body-lotion-500x500.jpg",500,500,true],"vcmegaposts-normal":["https:\/\/medipeel.rs\/wp-content\/uploads\/2022\/08\/medi-peel-vitamin-body-lotion-800x800.jpg",800,800,true],"vcmegaposts-type1":["https:\/\/medipeel.rs\/wp-content\/uploads\/2022\/08\/medi-peel-vitamin-body-lotion-800x500.jpg",800,500,true],"woocommerce_thumbnail":["https:\/\/medipeel.rs\/wp-content\/uploads\/2022\/08\/medi-peel-vitamin-body-lotion-450x600.jpg",450,600,true],"woocommerce_single":["https:\/\/medipeel.rs\/wp-content\/uploads\/2022\/08\/medi-peel-vitamin-body-lotion-600x600.jpg",600,600,true],"woocommerce_gallery_thumbnail":["https:\/\/medipeel.rs\/wp-content\/uploads\/2022\/08\/medi-peel-vitamin-body-lotion-100x100.jpg",100,100,true]},"post_excerpt_stackable":"<p style=\"text-align: left;\">\u041b\u0438\u043f\u043e\u0441\u043e\u043c\u043d\u044b\u0439 \u0432\u0438\u0442\u0430\u043c\u0438\u043d\u043d\u044b\u0439 \u043b\u043e\u0441\u044c\u043e\u043d \u0434\u043b\u044f \u0442\u0435\u043b\u0430. 400ml<\/p>\n","category_list":"","author_info":{"name":"","url":""},"comments_num":"0 comments","jetpack_sharing_enabled":true,"_links":{"self":[{"href":"https:\/\/medipeel.rs\/sr\/wp-json\/wp\/v2\/product\/4709"}],"collection":[{"href":"https:\/\/medipeel.rs\/sr\/wp-json\/wp\/v2\/product"}],"about":[{"href":"https:\/\/medipeel.rs\/sr\/wp-json\/wp\/v2\/types\/product"}],"version-history":[{"count":3,"href":"https:\/\/medipeel.rs\/sr\/wp-json\/wp\/v2\/product\/4709\/revisions"}],"predecessor-version":[{"id":7300,"href":"https:\/\/medipeel.rs\/sr\/wp-json\/wp\/v2\/product\/4709\/revisions\/7300"}],"wp:featuredmedia":[{"embeddable":true,"href":"https:\/\/medipeel.rs\/sr\/wp-json\/wp\/v2\/media\/4710"}],"wp:attachment":[{"href":"https:\/\/medipeel.rs\/sr\/wp-json\/wp\/v2\/media?parent=4709"}],"wp:term":[{"taxonomy":"product_cat","embeddable":true,"href":"https:\/\/medipeel.rs\/sr\/wp-json\/wp\/v2\/product_cat?post=4709"},{"taxonomy":"product_tag","embeddable":true,"href":"https:\/\/medipeel.rs\/sr\/wp-json\/wp\/v2\/product_tag?post=4709"}],"curies":[{"name":"wp","href":"https:\/\/api.w.org\/{rel}","templated":true}]}}