{"id":4802,"date":"2022-10-14T13:10:53","date_gmt":"2022-10-14T11:10:53","guid":{"rendered":"https:\/\/medipeel.rs\/?post_type=product&#038;p=4802"},"modified":"2025-08-16T01:00:07","modified_gmt":"2025-08-15T23:00:07","slug":"medi-peel-bio-intense-glutathione-mela-toning-bb-cream","status":"publish","type":"product","link":"https:\/\/medipeel.rs\/sr\/\u043f\u0440\u043e\u0438\u0437\u0432\u043e\u0434\/medi-peel-bio-intense-glutathione-mela-toning-bb-cream\/","title":{"rendered":"Medi-Peel Bio-Intense Glutathione Mela Toning BB Cream SPF 50+PA++++"},"content":{"rendered":"<p class=\" translation-block\">BB-krema Medi-Peel Bio-Intense Glutathione Mela Toning BB Cream SPF 50+ PA++++ pru\u017ea laganu i prirodnu pokrivenost koja sakriva nesavr\u0161enosti u tenu i reljefu, pobolj\u0161ava teksturu ko\u017ee, ima efekat posvetljavanja i pru\u017ea pouzdanu za\u0161titu od UV zra\u010denja. Krema \u010dini povr\u0161inu ko\u017ee glatkom, mekom i bar\u0161unastom, elimini\u0161e masan sjaj i normalizuje prekomerno lu\u010denje sebuma. Pri nano\u0161enju ne valja se, ne ote\u017eava ko\u017eu  i ne ostavlja mastan film. BB krema se bori protiv pigmentacije na 2 nivoa: neguju\u0107i i posvetljavaju\u0107i aktivni sastojci kreme spre\u010davaju prenos melanina u gornje slojeve epidermisa, a sastojci za za\u0161titu od sunca spre\u010davaju stvaranje stara\u010dkih pega uzrokovanih UV zra\u010denjem. \n<br>Sastav sadr\u017ei bezbedan hemijski filter nove generacije Tinosorb S (Bis-Ethylhexyloxyphenol Methoxyphenyl Triazine) - filter \u0161irokog spektra koji \u0161titi od UVA i UVB zraka. \n<br>Glavni aktivni sastojak je glutation, sna\u017ean antioksidans koji se nalazi u ljudskom telu. Glutation ujedna\u010dava ten, spre\u010dava fotostarenje i bore, pobolj\u0161ava elasti\u010dnost i \u010dvrstinu ko\u017ee, a tako\u0111e posvjetljuje je inhibicijom enzima koji uzrokuje hiperpigmentaciju. \n<br>Kompleks od 5 peptida deluje protiv starenja, zagla\u0111uje i spre\u010dava nastanak bora, ja\u010da vanc\u0301elijski matriks ko\u017ee, stimuli\u0161e regeneraciju iste i usporava starenje c\u0301elija. <br>Kompleks od 5 ulja hidrira i hrani ko\u017eu, odr\u017eava njenu glatkoc\u0301u i elasti\u010dnost, deluje antioksidativno, elimini\u0161e perutanje i suvoc\u0301u, ja\u010da za\u0161titnu barijeru ko\u017ee. \n<br>Niacinamid (Vitamin B3) spre\u010dava prenos melanina do gornjih slojeva ko\u017ee, \u010dime spre\u010dava pojavu pigmentacije, kao i posvetljuje ko\u017eu, elimini\u0161e sjaj u T-zoni i povec\u0301ava proizvodnju kolagena. \n<br>Adenozin poja\u010dava proizvodnju prokolagena-1, koji je odgovoran za \u010dvrstinu i elasti\u010dnost ko\u017ee, za odsustvo bora i gladak reljef.<br>\nPogodno za sve tipove ko\u017ee.<\/p>\n<p><strong>Na\u010din upotrebe:<\/strong> nakon svih faza nege nanesite kremu na lice, rasporedite je sa prstima, \u010detkom ili sun\u0111erom. Sa\u010dekajte da se potpuno apsorbuje.<\/p>\n<hr \/>\n<div><em><strong><em>Sastojci:<\/em><\/strong> <span data-sheets-value=\"{&quot;1&quot;:2,&quot;2&quot;:&quot;Water, Cyclopentasiloxane, Titanium Dioxide, Ethylhexyl Methoxycinnamate, Zinc Oxide, Ethylhexyl Salicylate, Neopentyl Glycol Diheptanoate, Phenyl Trimethicone, Glycerin, Butylene Glycol, Lauryl Peg-10 Tris(Trimethylsiloxy)Silylethyl Dimethicone, Niacinamide, Trimethylsiloxysilicate, Methyl Methacrylate Crosspolymer, Disteardimonium Hectorite, Magnesium Sulfate, Pentylene Glycol, Polymethylsilsesquioxane, Peg-10 Dimethicone, Bellis Perennis (Daisy) Flower Extract, Pyrus Malus (Apple) Fruit Extract, Eucalyptus Globulus Leaf Extract, Oenothera Biennis (Evening Primrose) Flower Extract, Ulmus Davidiana Root Extract, Pinus Palustris Leaf Extract, Pueraria Lobata Root Extract, Oenothera Biennis (Evening Primrose) Oil, Rosa Canina Fruit Oil, Olea Europaea (Olive) Fruit Oil, Carthamus Tinctorius (Safflower) Seed Oil, Hydrogenated Lecithin, Aluminum Hydroxide, Bis-Ethylhexyloxyphenol Methoxyphenyl Triazine, Polyglyceryl-4 Isostearate, Stearic Acid, Palmitic Acid, Dimethicone, Methicone, Caprylyl Glycol, Glyceryl Caprylate, Stearyl Dimethicone, Ethylhexylglycerin, Dimethicone\/Vinyl Dimethicone Crosspolymer, Glutathione(600 Ppm), Triethoxycaprylylsilane, Adenosine, Myristic Acid, Ectoin, Tocopherol, Lauroyl Lysine, Polyglyceryl-10 Stearate, Panthenol, Sodium Ascorbyl Phosphate, Tocopheryl Acetate, 1,2-Hexanediol, Retinyl Palmitate, Biotin, Tripeptide-1, Thiamine Hcl, Folic Acid, Pyridoxine, Acetyl Hexapeptide-8, Copper Tripeptide-1, Palmitoyl Tripeptide-1, Palmitoyl Pentapeptide-4, Cyanocobalamin, Fragrance, Iron Oxides(Ci 77492), Iron Oxides(Ci 77491), Iron Oxides(Ci 77499)&quot;}\" data-sheets-userformat=\"{&quot;2&quot;:15037,&quot;3&quot;:{&quot;1&quot;:0},&quot;5&quot;:{&quot;1&quot;:[{&quot;1&quot;:2,&quot;2&quot;:0,&quot;5&quot;:{&quot;1&quot;:2,&quot;2&quot;:0}},{&quot;1&quot;:0,&quot;2&quot;:0,&quot;3&quot;:3},{&quot;1&quot;:1,&quot;2&quot;:0,&quot;4&quot;:1}]},&quot;6&quot;:{&quot;1&quot;:[{&quot;1&quot;:2,&quot;2&quot;:0,&quot;5&quot;:{&quot;1&quot;:2,&quot;2&quot;:0}},{&quot;1&quot;:0,&quot;2&quot;:0,&quot;3&quot;:3},{&quot;1&quot;:1,&quot;2&quot;:0,&quot;4&quot;:1}]},&quot;7&quot;:{&quot;1&quot;:[{&quot;1&quot;:2,&quot;2&quot;:0,&quot;5&quot;:{&quot;1&quot;:2,&quot;2&quot;:0}},{&quot;1&quot;:0,&quot;2&quot;:0,&quot;3&quot;:3},{&quot;1&quot;:1,&quot;2&quot;:0,&quot;4&quot;:1}]},&quot;8&quot;:{&quot;1&quot;:[{&quot;1&quot;:2,&quot;2&quot;:0,&quot;5&quot;:{&quot;1&quot;:2,&quot;2&quot;:0}},{&quot;1&quot;:0,&quot;2&quot;:0,&quot;3&quot;:3},{&quot;1&quot;:1,&quot;2&quot;:0,&quot;4&quot;:1}]},&quot;10&quot;:1,&quot;12&quot;:0,&quot;14&quot;:{&quot;1&quot;:3,&quot;3&quot;:1},&quot;15&quot;:&quot;Calibri&quot;,&quot;16&quot;:9}\">Water, Cyclopentasiloxane, Titanium Dioxide, Ethylhexyl Methoxycinnamate, Zinc Oxide, Ethylhexyl Salicylate, Neopentyl Glycol Diheptanoate, Phenyl Trimethicone, Glycerin, Butylene Glycol, Lauryl Peg-10 Tris(Trimethylsiloxy)Silylethyl Dimethicone, Niacinamide, Trimethylsiloxysilicate, Methyl Methacrylate Crosspolymer, Disteardimonium Hectorite, Magnesium Sulfate, Pentylene Glycol, Polymethylsilsesquioxane, Peg-10 Dimethicone, Bellis Perennis (Daisy) Flower Extract, Pyrus Malus (Apple) Fruit Extract, Eucalyptus Globulus Leaf Extract, Oenothera Biennis (Evening Primrose) Flower Extract, Ulmus Davidiana Root Extract, Pinus Palustris Leaf Extract, Pueraria Lobata Root Extract, Oenothera Biennis (Evening Primrose) Oil, Rosa Canina Fruit Oil, Olea Europaea (Olive) Fruit Oil, Carthamus Tinctorius (Safflower) Seed Oil, Hydrogenated Lecithin, Aluminum Hydroxide, Bis-Ethylhexyloxyphenol Methoxyphenyl Triazine, Polyglyceryl-4 Isostearate, Stearic Acid, Palmitic Acid, Dimethicone, Methicone, Caprylyl Glycol, Glyceryl Caprylate, Stearyl Dimethicone, Ethylhexylglycerin, Dimethicone\/Vinyl Dimethicone Crosspolymer, Glutathione(600 Ppm), Triethoxycaprylylsilane, Adenosine, Myristic Acid, Ectoin, Tocopherol, Lauroyl Lysine, Polyglyceryl-10 Stearate, Panthenol, Sodium Ascorbyl Phosphate, Tocopheryl Acetate, 1,2-Hexanediol, Retinyl Palmitate, Biotin, Tripeptide-1, Thiamine Hcl, Folic Acid, Pyridoxine, Acetyl Hexapeptide-8, Copper Tripeptide-1, Palmitoyl Tripeptide-1, Palmitoyl Pentapeptide-4, Cyanocobalamin, Fragrance, Iron Oxides(Ci 77492), Iron Oxides(Ci 77491), Iron Oxides(Ci 77499)<\/span><\/em><\/div>","protected":false},"excerpt":{"rendered":"<p>Tonirajuc\u0301a krema za sun\u010danje sa efektom izbeljivanja. 50ml<\/p>","protected":false},"featured_media":4803,"template":"","meta":[],"product_cat":[258,351,352,385,398,272,342,375,377,386,382,275],"product_tag":[313],"featured_image_urls":{"full":["https:\/\/medipeel.rs\/wp-content\/uploads\/2022\/10\/medi-peel-bio-intense-glutathione-mela-toning-bb-cream2.jpg",1200,1200,false],"thumbnail":["https:\/\/medipeel.rs\/wp-content\/uploads\/2022\/10\/medi-peel-bio-intense-glutathione-mela-toning-bb-cream2-150x150.jpg",150,150,true],"medium":["https:\/\/medipeel.rs\/wp-content\/uploads\/2022\/10\/medi-peel-bio-intense-glutathione-mela-toning-bb-cream2-300x300.jpg",300,300,true],"medium_large":["https:\/\/medipeel.rs\/wp-content\/uploads\/2022\/10\/medi-peel-bio-intense-glutathione-mela-toning-bb-cream2-768x768.jpg",768,768,true],"large":["https:\/\/medipeel.rs\/wp-content\/uploads\/2022\/10\/medi-peel-bio-intense-glutathione-mela-toning-bb-cream2-1024x1024.jpg",1024,1024,true],"1536x1536":["https:\/\/medipeel.rs\/wp-content\/uploads\/2022\/10\/medi-peel-bio-intense-glutathione-mela-toning-bb-cream2.jpg",1200,1200,false],"2048x2048":["https:\/\/medipeel.rs\/wp-content\/uploads\/2022\/10\/medi-peel-bio-intense-glutathione-mela-toning-bb-cream2.jpg",1200,1200,false],"trp-custom-language-flag":["https:\/\/medipeel.rs\/wp-content\/uploads\/2022\/10\/medi-peel-bio-intense-glutathione-mela-toning-bb-cream2-12x12.jpg",12,12,true],"vcmegaposts-masonry":["https:\/\/medipeel.rs\/wp-content\/uploads\/2022\/10\/medi-peel-bio-intense-glutathione-mela-toning-bb-cream2-500x500.jpg",500,500,true],"vcmegaposts-normal":["https:\/\/medipeel.rs\/wp-content\/uploads\/2022\/10\/medi-peel-bio-intense-glutathione-mela-toning-bb-cream2-800x800.jpg",800,800,true],"vcmegaposts-type1":["https:\/\/medipeel.rs\/wp-content\/uploads\/2022\/10\/medi-peel-bio-intense-glutathione-mela-toning-bb-cream2-800x500.jpg",800,500,true],"woocommerce_thumbnail":["https:\/\/medipeel.rs\/wp-content\/uploads\/2022\/10\/medi-peel-bio-intense-glutathione-mela-toning-bb-cream2-450x600.jpg",450,600,true],"woocommerce_single":["https:\/\/medipeel.rs\/wp-content\/uploads\/2022\/10\/medi-peel-bio-intense-glutathione-mela-toning-bb-cream2-600x600.jpg",600,600,true],"woocommerce_gallery_thumbnail":["https:\/\/medipeel.rs\/wp-content\/uploads\/2022\/10\/medi-peel-bio-intense-glutathione-mela-toning-bb-cream2-100x100.jpg",100,100,true]},"post_excerpt_stackable":"<p>\u0422\u043e\u043d\u0438\u0437\u0438\u0440\u0443\u044e\u0449\u0438\u0439 \u0441\u043e\u043b\u043d\u0446\u0435\u0437\u0430\u0449\u0438\u0442\u043d\u044b\u0439 \u043a\u0440\u0435\u043c \u0441 \u043e\u0442\u0431\u0435\u043b\u0438\u0432\u0430\u044e\u0449\u0438\u043c \u044d\u0444\u0444\u0435\u043a\u0442\u043e\u043c SPF 50 PA . 50ml<\/p>\n","category_list":"","author_info":{"name":"","url":""},"comments_num":"0 comments","jetpack_sharing_enabled":true,"_links":{"self":[{"href":"https:\/\/medipeel.rs\/sr\/wp-json\/wp\/v2\/product\/4802"}],"collection":[{"href":"https:\/\/medipeel.rs\/sr\/wp-json\/wp\/v2\/product"}],"about":[{"href":"https:\/\/medipeel.rs\/sr\/wp-json\/wp\/v2\/types\/product"}],"version-history":[{"count":3,"href":"https:\/\/medipeel.rs\/sr\/wp-json\/wp\/v2\/product\/4802\/revisions"}],"predecessor-version":[{"id":4985,"href":"https:\/\/medipeel.rs\/sr\/wp-json\/wp\/v2\/product\/4802\/revisions\/4985"}],"wp:featuredmedia":[{"embeddable":true,"href":"https:\/\/medipeel.rs\/sr\/wp-json\/wp\/v2\/media\/4803"}],"wp:attachment":[{"href":"https:\/\/medipeel.rs\/sr\/wp-json\/wp\/v2\/media?parent=4802"}],"wp:term":[{"taxonomy":"product_cat","embeddable":true,"href":"https:\/\/medipeel.rs\/sr\/wp-json\/wp\/v2\/product_cat?post=4802"},{"taxonomy":"product_tag","embeddable":true,"href":"https:\/\/medipeel.rs\/sr\/wp-json\/wp\/v2\/product_tag?post=4802"}],"curies":[{"name":"wp","href":"https:\/\/api.w.org\/{rel}","templated":true}]}}