{"id":4855,"date":"2022-11-03T23:16:20","date_gmt":"2022-11-03T20:16:20","guid":{"rendered":"https:\/\/medipeel.rs\/?post_type=product&#038;p=4855"},"modified":"2025-03-30T14:22:46","modified_gmt":"2025-03-30T12:22:46","slug":"medi-peel-egf-scaling-moisture-foot-cream","status":"publish","type":"product","link":"https:\/\/medipeel.rs\/sr\/\u043f\u0440\u043e\u0438\u0437\u0432\u043e\u0434\/medi-peel-egf-scaling-moisture-foot-cream\/","title":{"rendered":"Medi-Peel EGF Scaling Moisture Foot Cream"},"content":{"rendered":"<p class=\" translation-block\">Omek\u0161avajuc\u0301a piling-krema za stopala Medi-Peel EGF Scaling Moisture Foot Cream sveobuhvatno neguje ne\u017enu ko\u017eu stopala, elimini\u0161uc\u0301i perutanje i suvoc\u0301u. Proizvod eksfolira, obnavlja grubu i ispucalu ko\u017eu, hrani je i hidrira.\nProizvod umiruje, ubrzava zarastanje kurjih o\u010diju i \u017euljeva, bori se protiv rasta bakterija i spre\u010dava pojavu neprijatnog mirisa, \u010dini ko\u017eu glatkom i mekom. \n<br>Delikatna tekstura se brzo upija, ne ostavlja lepljivost. \n<br>Jedna od glavnih komponenti formule je epidermalni faktor rasta ili EGF, koji spre\u010dava suvoc\u0301u i perutanje, ja\u010da barijeru ko\u017ee koja zadr\u017eava vlagu i ubrzava proces obnove. \n<br>Sastav sadr\u017ei ureu - odli\u010dnu antibakterijsku i omek\u0161avajuc\u0301u komponentu koja savr\u0161eno deluje na grubu i perutavu ko\u017eu, hidrira je i poma\u017ee u uklanjanju odumrlih \u010destica.<br>\nDodatni aktivni sastojci:<br>\nKapriloil salicilna kiselina (LHA) ima vec\u0301u molekularnu veli\u010dinu od salicilne kiseline, \u0161to je \u010dini ne\u017enijom. Eksfolira odumrle c\u0301elije ko\u017ee, polira, zagla\u0111uje  i omek\u0161ava istu.<br>\nEkstrakt lista peperminta osve\u017eava, tonizira, umiruje, hladi i ubla\u017eava svrab.<br>\n\nEkstrakti meda, propolisa i mati\u010dnog mle\u010da intenzivno neguju, imaju antiinflamatorno i baktericidno dejstvo, nadokna\u0111uju nedostatak vlage i spre\u010davaju njeno isparavanje.<\/p>\n<p><strong>Na\u010din upotrebe:<\/strong> Nanesite umerenu koli\u010dinu kreme na stopala, sa\u010dekajte da se upije. Proizvod se mo\u017ee koristiti za tretiranje laktova, kolena i drugih suvih delova ko\u017ee.<\/p>\n<hr \/>\n<div><em><strong><em>Sastojci:<\/em><\/strong> <span data-sheets-value=\"{&quot;1&quot;:2,&quot;2&quot;:&quot;Water, Hydrogenated Polydecene, Glycerin, Urea, Glyceryl Stearate, Butylene Glycol, Honey Extract, Propolis Extract, Cetearyl Alcohol, Niacinamide, PEG-100 Stearate, 1,2-Hexanediol, Chamomilla Recutita (Matricaria) Flower Extract, Borago Officinalis Extract, Jasminum Officinale (jasmine) Extract, Lavandula Angustifolia (Lavender) Extract, Mentha Arvensis Leaf Extract, Rosmarinus Officinalis (Rosemary) Extract, Salvia Officinalis (Sage) Leaf Extract, Thymus Vulgaris (Thyme) Extract, Hamamelis Virginiana (Witch Hazel) Extract, Mentha Piperita (Peppermint) Leaf Extract, Chamaecyparis Obtusa Leaf Extract, Eucalyptus Globulus Leaf Extract, Pinus Densiflora Leaf Extract, Lactobacillus\/Soybean Ferment Extract, Salix Alba (Willow) Bark Extract, Cinnamomum Cassia Bark Extract, Origanum Vulgare Leaf Extract, Scutellaria Baicalensis Root Extract, Portulaca Oleracea Extract, Royal Jelly Extract, Centella Asiatica Extract, Zea Mays (Corn) Leaf Extract, Lysine, Histidine, Arginine, Aspartic Acid, Threonine, Serine, Glutamic Acid, Proline, Glycine, Alanine, Valine, Methionine, Isoleucine, Leucine, Tyrosine, Phenylalanine, Cysteine, Hydrolyzed Glycosaminoglycans, Helianthus Annuus (Sunflower) Seed Oil, Vitis Vinifera (Grape) Seed Oil, Simmondsia Chinensis (Jojoba) Seed Oil, Copper Tripeptide-1, Acetyl Hexapeptide-8, Palmitoyl Pentapeptide-4, Myristoyl Pentapeptide-17, rh-Oligopeptide-1(39.9 ppb), rh-Polypeptide-11, Trehalose, Squalane, Cyclohexasiloxane, Butyrospermum Parkii (Shea) Butter, Capryloyl Salicylic Acid, Adenosine, Hydroxyacetophenone, Caprylyl Glycol, Dipotassium Glycyrrhizate, Dipropylene Glycol, Microcrystalline Cellulose, Sodium Polyacrylate Starch, Disodium EDTA, Cellulose Gum, CI 19140, CI 15985, Fragrance&quot;}\" data-sheets-userformat=\"{&quot;2&quot;:15037,&quot;3&quot;:{&quot;1&quot;:0},&quot;5&quot;:{&quot;1&quot;:[{&quot;1&quot;:2,&quot;2&quot;:0,&quot;5&quot;:{&quot;1&quot;:2,&quot;2&quot;:0}},{&quot;1&quot;:0,&quot;2&quot;:0,&quot;3&quot;:3},{&quot;1&quot;:1,&quot;2&quot;:0,&quot;4&quot;:1}]},&quot;6&quot;:{&quot;1&quot;:[{&quot;1&quot;:2,&quot;2&quot;:0,&quot;5&quot;:{&quot;1&quot;:2,&quot;2&quot;:0}},{&quot;1&quot;:0,&quot;2&quot;:0,&quot;3&quot;:3},{&quot;1&quot;:1,&quot;2&quot;:0,&quot;4&quot;:1}]},&quot;7&quot;:{&quot;1&quot;:[{&quot;1&quot;:2,&quot;2&quot;:0,&quot;5&quot;:{&quot;1&quot;:2,&quot;2&quot;:0}},{&quot;1&quot;:0,&quot;2&quot;:0,&quot;3&quot;:3},{&quot;1&quot;:1,&quot;2&quot;:0,&quot;4&quot;:1}]},&quot;8&quot;:{&quot;1&quot;:[{&quot;1&quot;:2,&quot;2&quot;:0,&quot;5&quot;:{&quot;1&quot;:2,&quot;2&quot;:0}},{&quot;1&quot;:0,&quot;2&quot;:0,&quot;3&quot;:3},{&quot;1&quot;:1,&quot;2&quot;:0,&quot;4&quot;:1}]},&quot;10&quot;:1,&quot;12&quot;:0,&quot;14&quot;:{&quot;1&quot;:3,&quot;3&quot;:1},&quot;15&quot;:&quot;Calibri&quot;,&quot;16&quot;:9}\">Water, Hydrogenated Polydecene, Glycerin, Urea, Glyceryl Stearate, Butylene Glycol, Honey Extract, Propolis Extract, Cetearyl Alcohol, Niacinamide, PEG-100 Stearate, 1,2-Hexanediol, Chamomilla Recutita (Matricaria) Flower Extract, Borago Officinalis Extract, Jasminum Officinale (jasmine) Extract, Lavandula Angustifolia (Lavender) Extract, Mentha Arvensis Leaf Extract, Rosmarinus Officinalis (Rosemary) Extract, Salvia Officinalis (Sage) Leaf Extract, Thymus Vulgaris (Thyme) Extract, Hamamelis Virginiana (Witch Hazel) Extract, Mentha Piperita (Peppermint) Leaf Extract, Chamaecyparis Obtusa Leaf Extract, Eucalyptus Globulus Leaf Extract, Pinus Densiflora Leaf Extract, Lactobacillus\/Soybean Ferment Extract, Salix Alba (Willow) Bark Extract, Cinnamomum Cassia Bark Extract, Origanum Vulgare Leaf Extract, Scutellaria Baicalensis Root Extract, Portulaca Oleracea Extract, Royal Jelly Extract, Centella Asiatica Extract, Zea Mays (Corn) Leaf Extract, Lysine, Histidine, Arginine, Aspartic Acid, Threonine, Serine, Glutamic Acid, Proline, Glycine, Alanine, Valine, Methionine, Isoleucine, Leucine, Tyrosine, Phenylalanine, Cysteine, Hydrolyzed Glycosaminoglycans, Helianthus Annuus (Sunflower) Seed Oil, Vitis Vinifera (Grape) Seed Oil, Simmondsia Chinensis (Jojoba) Seed Oil, Copper Tripeptide-1, Acetyl Hexapeptide-8, Palmitoyl Pentapeptide-4, Myristoyl Pentapeptide-17, rh-Oligopeptide-1(39.9 ppb), rh-Polypeptide-11, Trehalose, Squalane, Cyclohexasiloxane, Butyrospermum Parkii (Shea) Butter, Capryloyl Salicylic Acid, Adenosine, Hydroxyacetophenone, Caprylyl Glycol, Dipotassium Glycyrrhizate, Dipropylene Glycol, Microcrystalline Cellulose, Sodium Polyacrylate Starch, Disodium EDTA, Cellulose Gum, CI 19140, CI 15985, Fragrance<\/span><\/em><\/div>","protected":false},"excerpt":{"rendered":"<p>Omek\u0161avajuc\u0301a piling-krema za stopala. 130g<\/p>","protected":false},"featured_media":4856,"template":"","meta":[],"product_cat":[279,340],"product_tag":[],"featured_image_urls":{"full":["https:\/\/medipeel.rs\/wp-content\/uploads\/2022\/11\/medi-peel-egf-scaling-moisture-foot-cream-.jpg",1200,1200,false],"thumbnail":["https:\/\/medipeel.rs\/wp-content\/uploads\/2022\/11\/medi-peel-egf-scaling-moisture-foot-cream--150x150.jpg",150,150,true],"medium":["https:\/\/medipeel.rs\/wp-content\/uploads\/2022\/11\/medi-peel-egf-scaling-moisture-foot-cream--300x300.jpg",300,300,true],"medium_large":["https:\/\/medipeel.rs\/wp-content\/uploads\/2022\/11\/medi-peel-egf-scaling-moisture-foot-cream--768x768.jpg",768,768,true],"large":["https:\/\/medipeel.rs\/wp-content\/uploads\/2022\/11\/medi-peel-egf-scaling-moisture-foot-cream--1024x1024.jpg",1024,1024,true],"1536x1536":["https:\/\/medipeel.rs\/wp-content\/uploads\/2022\/11\/medi-peel-egf-scaling-moisture-foot-cream-.jpg",1200,1200,false],"2048x2048":["https:\/\/medipeel.rs\/wp-content\/uploads\/2022\/11\/medi-peel-egf-scaling-moisture-foot-cream-.jpg",1200,1200,false],"trp-custom-language-flag":["https:\/\/medipeel.rs\/wp-content\/uploads\/2022\/11\/medi-peel-egf-scaling-moisture-foot-cream--12x12.jpg",12,12,true],"vcmegaposts-masonry":["https:\/\/medipeel.rs\/wp-content\/uploads\/2022\/11\/medi-peel-egf-scaling-moisture-foot-cream--500x500.jpg",500,500,true],"vcmegaposts-normal":["https:\/\/medipeel.rs\/wp-content\/uploads\/2022\/11\/medi-peel-egf-scaling-moisture-foot-cream--800x800.jpg",800,800,true],"vcmegaposts-type1":["https:\/\/medipeel.rs\/wp-content\/uploads\/2022\/11\/medi-peel-egf-scaling-moisture-foot-cream--800x500.jpg",800,500,true],"woocommerce_thumbnail":["https:\/\/medipeel.rs\/wp-content\/uploads\/2022\/11\/medi-peel-egf-scaling-moisture-foot-cream--450x600.jpg",450,600,true],"woocommerce_single":["https:\/\/medipeel.rs\/wp-content\/uploads\/2022\/11\/medi-peel-egf-scaling-moisture-foot-cream--600x600.jpg",600,600,true],"woocommerce_gallery_thumbnail":["https:\/\/medipeel.rs\/wp-content\/uploads\/2022\/11\/medi-peel-egf-scaling-moisture-foot-cream--100x100.jpg",100,100,true]},"post_excerpt_stackable":"<p>\u0421\u043c\u044f\u0433\u0447\u0430\u044e\u0449\u0438\u0439 \u043f\u0438\u043b\u0438\u043d\u0433-\u043a\u0440\u0435\u043c \u0434\u043b\u044f \u043d\u043e\u0433. 130g<\/p>\n","category_list":"","author_info":{"name":"","url":""},"comments_num":"0 comments","jetpack_sharing_enabled":true,"_links":{"self":[{"href":"https:\/\/medipeel.rs\/sr\/wp-json\/wp\/v2\/product\/4855"}],"collection":[{"href":"https:\/\/medipeel.rs\/sr\/wp-json\/wp\/v2\/product"}],"about":[{"href":"https:\/\/medipeel.rs\/sr\/wp-json\/wp\/v2\/types\/product"}],"version-history":[{"count":3,"href":"https:\/\/medipeel.rs\/sr\/wp-json\/wp\/v2\/product\/4855\/revisions"}],"predecessor-version":[{"id":7623,"href":"https:\/\/medipeel.rs\/sr\/wp-json\/wp\/v2\/product\/4855\/revisions\/7623"}],"wp:featuredmedia":[{"embeddable":true,"href":"https:\/\/medipeel.rs\/sr\/wp-json\/wp\/v2\/media\/4856"}],"wp:attachment":[{"href":"https:\/\/medipeel.rs\/sr\/wp-json\/wp\/v2\/media?parent=4855"}],"wp:term":[{"taxonomy":"product_cat","embeddable":true,"href":"https:\/\/medipeel.rs\/sr\/wp-json\/wp\/v2\/product_cat?post=4855"},{"taxonomy":"product_tag","embeddable":true,"href":"https:\/\/medipeel.rs\/sr\/wp-json\/wp\/v2\/product_tag?post=4855"}],"curies":[{"name":"wp","href":"https:\/\/api.w.org\/{rel}","templated":true}]}}