{"id":4870,"date":"2022-11-04T00:25:25","date_gmt":"2022-11-03T21:25:25","guid":{"rendered":"https:\/\/medipeel.rs\/?post_type=product&#038;p=4870"},"modified":"2025-06-06T12:14:26","modified_gmt":"2025-06-06T10:14:26","slug":"medi-peel-herb-pirin-salt-toothpaste","status":"publish","type":"product","link":"https:\/\/medipeel.rs\/sr\/\u043f\u0440\u043e\u0438\u0437\u0432\u043e\u0434\/medi-peel-herb-pirin-salt-toothpaste\/","title":{"rendered":"Medi-Peel Herb Pirin Salt Toothpaste"},"content":{"rendered":"<p class=\" translation-block\">Pasta za zube Medi-Peel Herb Pirin Salt Toothpaste ne\u017eno \u010disti i rastvara plak na zubima, brine o zdravlju desni, deluje antibakterijski i ja\u010dajuc\u0301i, posvetljuje boju zuba, bori se protiv neprijatnog zadaha, ubrzava regeneraciju o\u0161tec\u0301enih desni. <br>\nAktivni sastojci:<br>\nEkstrakt italijanskog tartufa sadr\u017ei vitamine PP, C i B2. Tartuf ima lekovito delovanje na desni, ubrzava oporavak ranica i spre\u010dava razvoj oralnih bolesti.<br>\nUlje nane ima izra\u017eeno antisepti\u010dko i baktericidno dejstvo,  \u0161to pobolj\u0161ava oralno zdravlje i brzo osve\u017eava dah.<br>\nKoloidno srebro deluje protiv patogenih bakterija koje su krivci karijesa, gingivitisa i drugih bolesti.<br>\nEkstrakt korena sladic\u0301a izbeljuje povr\u0161inu zuba,  uklanja nalet posle pu\u0161enja i ispijanja kafe.<br>\nEkstrakt lavande anestezira upaljene desni i stimuli\u0161e brzu revitalizaciju o\u0161tec\u0301enih mesta.<br>\nPasta ne sadr\u017ei mikroplastiku i druge \u0161tetne komponente. Zubna pasta je testirana od strane Ministarstva za bezbednost lekova i prehrambenih proizvoda Ju\u017ene Koreje, koje postavlja veoma visoke zahteve za sastav proizvoda. Pasta za zube se mo\u017ee koristiti za svakodnevnu higijenu i odraslih i dece, kao trudnica i dojilja. Proizvod ne sadr\u017ei hemijske sastojke, parabene i druge \u0161tetne komponente koje \u0161tetno uti\u010du na zubnu gle\u0111, a sve biljne komponente paste su dobile \u201eEcocert\u201c sertifikate i apsolutno su bezbedne za upotrebu.<\/p>\n<p><strong>Na\u010din upotrebe:<\/strong> Iscedite potrebnu koli\u010dinu paste na \u010detkicu za zube. Temeljno operite zube 2 minuta. Isperite usta sa vodom.<\/p>\n<hr \/>\n<div><em><em><strong><em>Sastojci:<\/em> <\/strong>Aluminum Chlorohydroxy Allantoinate, Silica, Sodium Benzoate, D-Sorbitol Solution, L-Menthol, Glycyrrhiza Extract, Glycerin, Green Tea Extract, Lavender Extract(1), Sodium Lauryl Sulfate, Rosemary Extract, Mastic Oil, Bentonite, Sodium Saccharin, Titanium Oxide, Sage Extract, Anethole, Aloe Extract(09), Sodium Chloride, Silver, Xylitol, Water, Sodium Chloride, Carboxymethylcellulose Sodium, Carvone, Camomille Extract(1), Peppermint Oil, Polyethylene Glycol1500, Propolis Extract, Hydroxyapatite, Glucosyl Stevioside<\/em><\/em><\/div>","protected":false},"excerpt":{"rendered":"<p>Prirodna pasta za zube sa solju tartufa i biljnim ekstraktima. 130g<br \/>\n<span style=\"color: #ff0000;\">ROK TRAJANJA: <strong>13.06.2025<\/strong><\/span><\/p>","protected":false},"featured_media":4871,"template":"","meta":[],"product_cat":[345],"product_tag":[],"featured_image_urls":{"full":["https:\/\/medipeel.rs\/wp-content\/uploads\/2022\/11\/medi-peel-herb-pirin-salt-toothpaste.jpg",1200,1200,false],"thumbnail":["https:\/\/medipeel.rs\/wp-content\/uploads\/2022\/11\/medi-peel-herb-pirin-salt-toothpaste-150x150.jpg",150,150,true],"medium":["https:\/\/medipeel.rs\/wp-content\/uploads\/2022\/11\/medi-peel-herb-pirin-salt-toothpaste-300x300.jpg",300,300,true],"medium_large":["https:\/\/medipeel.rs\/wp-content\/uploads\/2022\/11\/medi-peel-herb-pirin-salt-toothpaste-768x768.jpg",768,768,true],"large":["https:\/\/medipeel.rs\/wp-content\/uploads\/2022\/11\/medi-peel-herb-pirin-salt-toothpaste-1024x1024.jpg",1024,1024,true],"1536x1536":["https:\/\/medipeel.rs\/wp-content\/uploads\/2022\/11\/medi-peel-herb-pirin-salt-toothpaste.jpg",1200,1200,false],"2048x2048":["https:\/\/medipeel.rs\/wp-content\/uploads\/2022\/11\/medi-peel-herb-pirin-salt-toothpaste.jpg",1200,1200,false],"trp-custom-language-flag":["https:\/\/medipeel.rs\/wp-content\/uploads\/2022\/11\/medi-peel-herb-pirin-salt-toothpaste-12x12.jpg",12,12,true],"vcmegaposts-masonry":["https:\/\/medipeel.rs\/wp-content\/uploads\/2022\/11\/medi-peel-herb-pirin-salt-toothpaste-500x500.jpg",500,500,true],"vcmegaposts-normal":["https:\/\/medipeel.rs\/wp-content\/uploads\/2022\/11\/medi-peel-herb-pirin-salt-toothpaste-800x800.jpg",800,800,true],"vcmegaposts-type1":["https:\/\/medipeel.rs\/wp-content\/uploads\/2022\/11\/medi-peel-herb-pirin-salt-toothpaste-800x500.jpg",800,500,true],"woocommerce_thumbnail":["https:\/\/medipeel.rs\/wp-content\/uploads\/2022\/11\/medi-peel-herb-pirin-salt-toothpaste-450x600.jpg",450,600,true],"woocommerce_single":["https:\/\/medipeel.rs\/wp-content\/uploads\/2022\/11\/medi-peel-herb-pirin-salt-toothpaste-600x600.jpg",600,600,true],"woocommerce_gallery_thumbnail":["https:\/\/medipeel.rs\/wp-content\/uploads\/2022\/11\/medi-peel-herb-pirin-salt-toothpaste-100x100.jpg",100,100,true]},"post_excerpt_stackable":"<p>\u041d\u0430\u0442\u0443\u0440\u0430\u043b\u044c\u043d\u0430\u044f \u0437\u0443\u0431\u043d\u0430\u044f \u043f\u0430\u0441\u0442\u0430 \u0441 \u0442\u0440\u044e\u0444\u0435\u043b\u044c\u043d\u043e\u0439 \u0441\u043e\u043b\u044c\u044e \u0438 \u0440\u0430\u0441\u0442\u0438\u0442\u0435\u043b\u044c\u043d\u044b\u043c\u0438 \u044d\u043a\u0441\u0442\u0440\u0430\u043a\u0442\u0430\u043c\u0438. 130g<br \/>\n<span style=\"color: #ff0000;\">\u0413\u041e\u0414\u0415\u041d \u0414\u041e: <strong>13.06.2025<\/strong><\/span><\/p>\n","category_list":"","author_info":{"name":"","url":""},"comments_num":"0 comments","jetpack_sharing_enabled":true,"_links":{"self":[{"href":"https:\/\/medipeel.rs\/sr\/wp-json\/wp\/v2\/product\/4870"}],"collection":[{"href":"https:\/\/medipeel.rs\/sr\/wp-json\/wp\/v2\/product"}],"about":[{"href":"https:\/\/medipeel.rs\/sr\/wp-json\/wp\/v2\/types\/product"}],"version-history":[{"count":4,"href":"https:\/\/medipeel.rs\/sr\/wp-json\/wp\/v2\/product\/4870\/revisions"}],"predecessor-version":[{"id":7703,"href":"https:\/\/medipeel.rs\/sr\/wp-json\/wp\/v2\/product\/4870\/revisions\/7703"}],"wp:featuredmedia":[{"embeddable":true,"href":"https:\/\/medipeel.rs\/sr\/wp-json\/wp\/v2\/media\/4871"}],"wp:attachment":[{"href":"https:\/\/medipeel.rs\/sr\/wp-json\/wp\/v2\/media?parent=4870"}],"wp:term":[{"taxonomy":"product_cat","embeddable":true,"href":"https:\/\/medipeel.rs\/sr\/wp-json\/wp\/v2\/product_cat?post=4870"},{"taxonomy":"product_tag","embeddable":true,"href":"https:\/\/medipeel.rs\/sr\/wp-json\/wp\/v2\/product_tag?post=4870"}],"curies":[{"name":"wp","href":"https:\/\/api.w.org\/{rel}","templated":true}]}}