{"id":4873,"date":"2022-11-04T00:39:10","date_gmt":"2022-11-03T21:39:10","guid":{"rendered":"https:\/\/medipeel.rs\/?post_type=product&#038;p=4873"},"modified":"2025-08-11T15:45:35","modified_gmt":"2025-08-11T13:45:35","slug":"medi-peel-dentil-gum-toothpaste","status":"publish","type":"product","link":"https:\/\/medipeel.rs\/sr\/\u043f\u0440\u043e\u0438\u0437\u0432\u043e\u0434\/medi-peel-dentil-gum-toothpaste\/","title":{"rendered":"Medi-Peel Dentil Gum Toothpaste"},"content":{"rendered":"<p class=\" translation-block\">Zubna pasta sadr\u017ei kolagen i francusku so Guerande, koje poma\u017eu da desni budu zdrave, pospe\u0161uju njihovu regeneraciju i revitalizaciju. Pasta za zube efikasno \u0161titi zube od karijesa, spre\u010dava upale desni i osve\u017eava dah.<br>\nOsnovni sastojci:<br>\nMorska so Guerande je potpuno prirodan proizvod koji je stvorila sama priroda. Ru\u010dna obrada soli bez upotrebe bilo kakvih mehanizama i alata omoguc\u0301ava da se o\u010duvaju prirodna svojstva soli i visoka ekolo\u0161ka \u010distoc\u0301a. So ima jedinstvenu teksturu u vidu belih, blago vla\u017enih pahuljica i ima najvec\u0301i sadr\u017eaj minerala. Morska so Guerande ubrzava regeneraciju o\u0161tec\u0301ene ko\u017ee.<br>\nHidrolizovani francuski kolagen pru\u017ea sveobuhvatnu za\u0161titu; elimini\u0161e simptome kserostomije (suva usta), deluje regenerativno na desni, pokre\u0107e metaboli\u010dke procese, obnavlja sluzoko\u017eu, smanjuje krvarenje i ja\u010da krvne sudove.<br>\nNano-hidroksiapatit je biokompatibilan materijal koji se nalazi u na\u0161im kostima i zubima. Hidroksiapatit obnavlja o\u0161tec\u0301ena podru\u010dja gle\u0111i, prodire u dentin zuba da ga oja\u010da. Prednost hidroksiapatita je u tome \u0161to je netoksi\u010dan, za razliku od fluora, jer je prirodna komponenta na\u0161e pljuva\u010dke, uz pomoc\u0301 koje se obnavljaju minerali u zubima. Zbog toga se paste sa njim posebno preporu\u010duju deci, trudnicama i onim osobama koje su u velikom riziku od razvoja fluoroze. Hidroksiapatit popunjava pukotine, remineralizuje gle\u0111 i ubla\u017eava osetljivost zuba.<br>\nUlje nane ima izra\u017eeno antisepti\u010dko i baktericidno dejstvo, \u0161to pobolj\u0161ava oralno zdravlje i brzo osve\u017eava dah.<br>\nEkstrakt korena sladic\u0301a izbeljuje povr\u0161inu zuba, uklanja nalet posle pu\u0161enja i ispijanja kafe.<br>\nEkstrakt lavande anestezira upaljene desni i stimuli\u0161e brzu revitalizaciju o\u0161tec\u0301enih mesta. <br>Pasta ne sadr\u017ei mikroplastiku i druge \u0161tetne komponente. Zubna pasta je testirana od strane Ministarstva za bezbednost lekova i prehrambenih proizvoda Ju\u017ene Koreje, koje postavlja veoma visoke zahteve za sastav proizvoda. Pasta za zube se mo\u017ee koristiti za svakodnevnu higijenu i odraslih i dece, kao trudnica i dojilja. Proizvod ne sadr\u017ei hemijske sastojke, parabene i druge \u0161tetne komponente koje \u0161tetno uti\u010du na zubnu gle\u0111, a sve biljne komponente paste su dobile \u201eEcocert\u201c sertifikate i apsolutno su bezbedne za upotrebu.<\/p>\n<p><strong>Na\u010din upotrebe:<\/strong> Iscedite potrebnu koli\u010dinu paste na \u010detkicu za zube. Temeljno operite zube 2 minuta. Isperite usta sa vodom.<\/p>\n<hr \/>\n<div><em><em><strong><em>Sastojci:<\/em> <\/strong>Silicon dioxide, allantoin chlorohydroxyaluminum [preservative] sodium benzoate [other additives] hydrolyzed collagen (animal-derived ingredient), licorice extract, glycerin, other salts, green tea extract, lavender extract (1), sodium lauryl sulfate, rosemary extract , mastic oil (BA13597), bentonite, sodium saccharin hydrate, sage extract, spearmint oil, citric acid hydrate, anetol, aloe extract (09), silver foil, xylitol, purified water, clove oil, bamboo salt, sodium carboxymethylcellulose, carboxylate Bone, Calendura extract, chamomile extract (1), coconut oil, peppermint oil, cypress oil, sodium pyrophosphate, hydroxyapatite, activated carbon, enzyme-treated stevia, D-sorbitol solution, L-menthol.<\/em><\/em><\/div>","protected":false},"excerpt":{"rendered":"<p>Prirodna pasta za zube sa kolagenom i francuskom solju. 100g<br \/>\n<span style=\"color: #ff0000;\">ROK TRAJANJA: <strong>22.08.2025<\/strong><\/span><\/p>","protected":false},"featured_media":4874,"template":"","meta":[],"product_cat":[345],"product_tag":[],"featured_image_urls":{"full":["https:\/\/medipeel.rs\/wp-content\/uploads\/2022\/11\/medi-peel-dentil-gum-toothpaste.jpg",1200,1200,false],"thumbnail":["https:\/\/medipeel.rs\/wp-content\/uploads\/2022\/11\/medi-peel-dentil-gum-toothpaste-150x150.jpg",150,150,true],"medium":["https:\/\/medipeel.rs\/wp-content\/uploads\/2022\/11\/medi-peel-dentil-gum-toothpaste-300x300.jpg",300,300,true],"medium_large":["https:\/\/medipeel.rs\/wp-content\/uploads\/2022\/11\/medi-peel-dentil-gum-toothpaste-768x768.jpg",768,768,true],"large":["https:\/\/medipeel.rs\/wp-content\/uploads\/2022\/11\/medi-peel-dentil-gum-toothpaste-1024x1024.jpg",1024,1024,true],"1536x1536":["https:\/\/medipeel.rs\/wp-content\/uploads\/2022\/11\/medi-peel-dentil-gum-toothpaste.jpg",1200,1200,false],"2048x2048":["https:\/\/medipeel.rs\/wp-content\/uploads\/2022\/11\/medi-peel-dentil-gum-toothpaste.jpg",1200,1200,false],"trp-custom-language-flag":["https:\/\/medipeel.rs\/wp-content\/uploads\/2022\/11\/medi-peel-dentil-gum-toothpaste-12x12.jpg",12,12,true],"vcmegaposts-masonry":["https:\/\/medipeel.rs\/wp-content\/uploads\/2022\/11\/medi-peel-dentil-gum-toothpaste-500x500.jpg",500,500,true],"vcmegaposts-normal":["https:\/\/medipeel.rs\/wp-content\/uploads\/2022\/11\/medi-peel-dentil-gum-toothpaste-800x800.jpg",800,800,true],"vcmegaposts-type1":["https:\/\/medipeel.rs\/wp-content\/uploads\/2022\/11\/medi-peel-dentil-gum-toothpaste-800x500.jpg",800,500,true],"woocommerce_thumbnail":["https:\/\/medipeel.rs\/wp-content\/uploads\/2022\/11\/medi-peel-dentil-gum-toothpaste-450x600.jpg",450,600,true],"woocommerce_single":["https:\/\/medipeel.rs\/wp-content\/uploads\/2022\/11\/medi-peel-dentil-gum-toothpaste-600x600.jpg",600,600,true],"woocommerce_gallery_thumbnail":["https:\/\/medipeel.rs\/wp-content\/uploads\/2022\/11\/medi-peel-dentil-gum-toothpaste-100x100.jpg",100,100,true]},"post_excerpt_stackable":"<p>\u041d\u0430\u0442\u0443\u0440\u0430\u043b\u044c\u043d\u0430\u044f \u0437\u0443\u0431\u043d\u0430\u044f \u043f\u0430\u0441\u0442\u0430 \u0441 \u043a\u043e\u043b\u043b\u0430\u0433\u0435\u043d\u043e\u043c \u0438 \u0444\u0440\u0430\u043d\u0446\u0443\u0437\u0441\u043a\u043e\u0439 \u0441\u043e\u043b\u044c\u044e. 100g<br \/>\n<span style=\"color: #ff0000;\">\u0413\u041e\u0414\u0415\u041d \u0414\u041e: <strong>22.08.2025<\/strong><\/span><\/p>\n","category_list":"","author_info":{"name":"","url":""},"comments_num":"0 comments","jetpack_sharing_enabled":true,"_links":{"self":[{"href":"https:\/\/medipeel.rs\/sr\/wp-json\/wp\/v2\/product\/4873"}],"collection":[{"href":"https:\/\/medipeel.rs\/sr\/wp-json\/wp\/v2\/product"}],"about":[{"href":"https:\/\/medipeel.rs\/sr\/wp-json\/wp\/v2\/types\/product"}],"version-history":[{"count":5,"href":"https:\/\/medipeel.rs\/sr\/wp-json\/wp\/v2\/product\/4873\/revisions"}],"predecessor-version":[{"id":7702,"href":"https:\/\/medipeel.rs\/sr\/wp-json\/wp\/v2\/product\/4873\/revisions\/7702"}],"wp:featuredmedia":[{"embeddable":true,"href":"https:\/\/medipeel.rs\/sr\/wp-json\/wp\/v2\/media\/4874"}],"wp:attachment":[{"href":"https:\/\/medipeel.rs\/sr\/wp-json\/wp\/v2\/media?parent=4873"}],"wp:term":[{"taxonomy":"product_cat","embeddable":true,"href":"https:\/\/medipeel.rs\/sr\/wp-json\/wp\/v2\/product_cat?post=4873"},{"taxonomy":"product_tag","embeddable":true,"href":"https:\/\/medipeel.rs\/sr\/wp-json\/wp\/v2\/product_tag?post=4873"}],"curies":[{"name":"wp","href":"https:\/\/api.w.org\/{rel}","templated":true}]}}