{"id":4948,"date":"2022-11-03T23:49:37","date_gmt":"2022-11-03T22:49:37","guid":{"rendered":"https:\/\/medipeel.rs\/?post_type=product&#038;p=4948"},"modified":"2023-11-14T18:24:57","modified_gmt":"2023-11-14T17:24:57","slug":"medi-peel-silky-cotton-dual-cotton-pad-2","status":"publish","type":"product","link":"https:\/\/medipeel.rs\/sr\/\u043f\u0440\u043e\u0438\u0437\u0432\u043e\u0434\/medi-peel-silky-cotton-dual-cotton-pad-2\/","title":{"rendered":"Medi-Peel Silky Dual Cotton Pad"},"content":{"rendered":"<p class=\" translation-block\">Dvoslojni pamu\u010dni tuferi Medi-Peel Silky Cotton Dual Cotton Pad napravljeni su od celulozno-viskoznog materijala, koji podsec\u0301a na sun\u0111er i savr\u0161eno upija toner, kao provodnik isporu\u010duje sve neophodne hranljive i hidratantne komponente proizvoda u va\u0161u ko\u017eu. Tuferi se lako mogu rezati u obliku oblina ko\u017ee, \u0161to je pogodno za brisanje lica ili nano\u0161enje maske za lokalnu upotrebu. Multifunkcionalni tuferi se mogu presavijati na pola ili podeliti na dva dela, u zavisnosti od svrhe upotrebe. Tuferi imaju gustu i izdr\u017eljivu strukturu, sa smanjenim brojem vlakana, ne \u010debaju se, dobro prijanjaju na ko\u017eu, tako da pru\u017eaju kvalitetnu hidrataciju dugo vremena. Tuferi \u0161tede potro\u0161nju kozmetike.<\/p>\n<p class=\" translation-block\"><strong>Na\u010din upotrebe:<\/strong> Opcija 1: Nakon umivanja, obri\u0161ite vla\u017eno lice pamu\u010dnim tuferom da biste o\u010distili pra\u0161inu i pripremili ko\u017eu za sledec\u0301u fazu nege.<br>\nOpcija 2: Natopite pamu\u010dni tufer sa tonerom i obri\u0161ite lice (tri puta) da biste ko\u017eu dubinski hidrirali i nahranili.<br>\nOpcija 3: Kada je ko\u017ei potrebna dodatna ishrana, natopite pamu\u010dni tufer sa tonerom i nanesite kao lokalnu masku.<\/p>\n<hr \/>\n<div><em><strong><em>Sastojci:<\/em><\/strong> <span data-sheets-value=\"{&quot;1&quot;:2,&quot;2&quot;:&quot;Pulp, Rayon Blends&quot;}\" data-sheets-userformat=\"{&quot;2&quot;:15037,&quot;3&quot;:{&quot;1&quot;:0},&quot;5&quot;:{&quot;1&quot;:[{&quot;1&quot;:2,&quot;2&quot;:0,&quot;5&quot;:{&quot;1&quot;:2,&quot;2&quot;:0}},{&quot;1&quot;:0,&quot;2&quot;:0,&quot;3&quot;:3},{&quot;1&quot;:1,&quot;2&quot;:0,&quot;4&quot;:1}]},&quot;6&quot;:{&quot;1&quot;:[{&quot;1&quot;:2,&quot;2&quot;:0,&quot;5&quot;:{&quot;1&quot;:2,&quot;2&quot;:0}},{&quot;1&quot;:0,&quot;2&quot;:0,&quot;3&quot;:3},{&quot;1&quot;:1,&quot;2&quot;:0,&quot;4&quot;:1}]},&quot;7&quot;:{&quot;1&quot;:[{&quot;1&quot;:2,&quot;2&quot;:0,&quot;5&quot;:{&quot;1&quot;:2,&quot;2&quot;:0}},{&quot;1&quot;:0,&quot;2&quot;:0,&quot;3&quot;:3},{&quot;1&quot;:1,&quot;2&quot;:0,&quot;4&quot;:1}]},&quot;8&quot;:{&quot;1&quot;:[{&quot;1&quot;:2,&quot;2&quot;:0,&quot;5&quot;:{&quot;1&quot;:2,&quot;2&quot;:0}},{&quot;1&quot;:0,&quot;2&quot;:0,&quot;3&quot;:3},{&quot;1&quot;:1,&quot;2&quot;:0,&quot;4&quot;:1}]},&quot;10&quot;:1,&quot;12&quot;:0,&quot;14&quot;:{&quot;1&quot;:3,&quot;3&quot;:1},&quot;15&quot;:&quot;Calibri&quot;,&quot;16&quot;:9}\">Pulp, Rayon Blends<\/span><\/em><\/div>","protected":false},"excerpt":{"rendered":"<p>Dvoslojni pamu\u010dni tuferi. 40 kom.<\/p>","protected":false},"featured_media":4949,"template":"","meta":[],"product_cat":[276,254,344],"product_tag":[],"featured_image_urls":{"full":["https:\/\/medipeel.rs\/wp-content\/uploads\/2022\/12\/medi-peel-silky-cotton-dual-cotton-pad.jpg",1200,1200,false],"thumbnail":["https:\/\/medipeel.rs\/wp-content\/uploads\/2022\/12\/medi-peel-silky-cotton-dual-cotton-pad-150x150.jpg",150,150,true],"medium":["https:\/\/medipeel.rs\/wp-content\/uploads\/2022\/12\/medi-peel-silky-cotton-dual-cotton-pad-300x300.jpg",300,300,true],"medium_large":["https:\/\/medipeel.rs\/wp-content\/uploads\/2022\/12\/medi-peel-silky-cotton-dual-cotton-pad-768x768.jpg",768,768,true],"large":["https:\/\/medipeel.rs\/wp-content\/uploads\/2022\/12\/medi-peel-silky-cotton-dual-cotton-pad-1024x1024.jpg",1024,1024,true],"1536x1536":["https:\/\/medipeel.rs\/wp-content\/uploads\/2022\/12\/medi-peel-silky-cotton-dual-cotton-pad.jpg",1200,1200,false],"2048x2048":["https:\/\/medipeel.rs\/wp-content\/uploads\/2022\/12\/medi-peel-silky-cotton-dual-cotton-pad.jpg",1200,1200,false],"trp-custom-language-flag":["https:\/\/medipeel.rs\/wp-content\/uploads\/2022\/12\/medi-peel-silky-cotton-dual-cotton-pad-12x12.jpg",12,12,true],"vcmegaposts-masonry":["https:\/\/medipeel.rs\/wp-content\/uploads\/2022\/12\/medi-peel-silky-cotton-dual-cotton-pad-500x500.jpg",500,500,true],"vcmegaposts-normal":["https:\/\/medipeel.rs\/wp-content\/uploads\/2022\/12\/medi-peel-silky-cotton-dual-cotton-pad-800x800.jpg",800,800,true],"vcmegaposts-type1":["https:\/\/medipeel.rs\/wp-content\/uploads\/2022\/12\/medi-peel-silky-cotton-dual-cotton-pad-800x500.jpg",800,500,true],"woocommerce_thumbnail":["https:\/\/medipeel.rs\/wp-content\/uploads\/2022\/12\/medi-peel-silky-cotton-dual-cotton-pad-450x600.jpg",450,600,true],"woocommerce_single":["https:\/\/medipeel.rs\/wp-content\/uploads\/2022\/12\/medi-peel-silky-cotton-dual-cotton-pad-600x600.jpg",600,600,true],"woocommerce_gallery_thumbnail":["https:\/\/medipeel.rs\/wp-content\/uploads\/2022\/12\/medi-peel-silky-cotton-dual-cotton-pad-100x100.jpg",100,100,true]},"post_excerpt_stackable":"<p>\u041f\u043b\u043e\u0442\u043d\u043e \u0441\u043f\u0440\u0435\u0441\u0441\u043e\u0432\u0430\u043d\u043d\u044b\u0435 \u0432\u0430\u0442\u043d\u044b\u0435 \u0434\u0438\u0441\u043a\u0438. 40 \u0448\u0442.<\/p>\n","category_list":"","author_info":{"name":"","url":""},"comments_num":"0 comments","jetpack_sharing_enabled":true,"_links":{"self":[{"href":"https:\/\/medipeel.rs\/sr\/wp-json\/wp\/v2\/product\/4948"}],"collection":[{"href":"https:\/\/medipeel.rs\/sr\/wp-json\/wp\/v2\/product"}],"about":[{"href":"https:\/\/medipeel.rs\/sr\/wp-json\/wp\/v2\/types\/product"}],"version-history":[{"count":4,"href":"https:\/\/medipeel.rs\/sr\/wp-json\/wp\/v2\/product\/4948\/revisions"}],"predecessor-version":[{"id":6045,"href":"https:\/\/medipeel.rs\/sr\/wp-json\/wp\/v2\/product\/4948\/revisions\/6045"}],"wp:featuredmedia":[{"embeddable":true,"href":"https:\/\/medipeel.rs\/sr\/wp-json\/wp\/v2\/media\/4949"}],"wp:attachment":[{"href":"https:\/\/medipeel.rs\/sr\/wp-json\/wp\/v2\/media?parent=4948"}],"wp:term":[{"taxonomy":"product_cat","embeddable":true,"href":"https:\/\/medipeel.rs\/sr\/wp-json\/wp\/v2\/product_cat?post=4948"},{"taxonomy":"product_tag","embeddable":true,"href":"https:\/\/medipeel.rs\/sr\/wp-json\/wp\/v2\/product_tag?post=4948"}],"curies":[{"name":"wp","href":"https:\/\/api.w.org\/{rel}","templated":true}]}}