{"id":5008,"date":"2023-01-17T19:28:52","date_gmt":"2023-01-17T16:28:52","guid":{"rendered":"https:\/\/medipeel.rs\/?post_type=product&#038;p=5008"},"modified":"2025-03-17T18:46:00","modified_gmt":"2025-03-17T17:46:00","slug":"medi-peel-eclat-perfume-shower-sexual-amber","status":"publish","type":"product","link":"https:\/\/medipeel.rs\/sr\/\u043f\u0440\u043e\u0438\u0437\u0432\u043e\u0434\/medi-peel-eclat-perfume-shower-sexual-amber\/","title":{"rendered":"Medi-Peel Eclat Perfume Shower Sexual Amber"},"content":{"rendered":"<p class=\" translation-block\">Hidratantni parfimisani gel za tu\u0161iranje sa senzualnim mirisom ambera i mo\u0161usa. Gel uklanja vi\u0161ak sebuma, zasic\u0301uje dermis vlagom, mikronutrijentima, vrac\u0301a kiselinsko-baznu ravnote\u017eu. Poseduje aromu ambera sa primesama mo\u0161usa koji se dugo zadr\u017eavaju na telu.<br>\nSastav gela uklju\u010duje ekstrakte smokava, nara, bora, eukaliptusa i duda. Ubla\u017eava crvenilo, svrab, upale, elemini\u0161e slobodne radikale, isporu\u010duje kiseonik u duboke slojeve epidermisa, pobolj\u0161avaju c\u0301elijski metabolizam, ja\u010da hidrolipidni omota\u010d i povec\u0301ava lokalni imunitet ko\u017ee.\n<br>Niacinamid aktivira barijerne funkcije ko\u017ee, neutrali\u0161e negativne efekte UV zraka i nekvalitetne vode.<br>\nPreporu\u010duje se za suvu, grubu i ispucalu ko\u017eu.<\/p>\n<p><strong>Na\u010din upotrebe:<\/strong> Naneti malu koli\u010dinu proizvoda na sun\u0111er za kupanje, masa\u017enim pokretima rasporediti po celom telu, isprati toplom vodom.<\/p>\n<hr \/>\n<p><em><strong><em>Sastojci:<\/em><\/strong> <span data-sheets-value=\"{&quot;1&quot;:2,&quot;2&quot;:&quot;Water, Ammonium Laureth Sulfate, Glycerin, Acrylates Copolymer, Fragrance, Glycol Distearate, Disodium Laureth Sulfosuccinate, Sodium Lauryl Sulfoacetate, Potassium Hydroxide, Caprylyl Glycol, Butylene Glycol, Sea Salt, Saccharomyces\/Rice Ferment Filtrate, Disodium EDTA, Panthenol, Propanediol, Betaine, Allantoin, Caprylic\/Capric Triglyceride, Niacinamide, 1,2- Hexanediol, Avena Sativa (Oat) Leaf Extract, Adenosine, Pentylene Glycol, Hydrolyzed Oat Protein, Hydrolyzed Silk, Ceramide NP, Chamaecyparis Obtusa Leaf Extract, Hydrogenated Lecithin, Pinus Densiflora Leaf Extract, Eucalyptus Globulus Leaf Extract, Lactobacillus\/Soybean Ferment Extract, Ficus Carica (Fig) Fruit Extract, Morus Alba Fruit Extract, Punica Granatum Fruit Extract, Ginkgo Biloba Nut Extract, Lactobacillus\/Rice Ferment, Lactobacillus\/Panax Ginseng Root Ferment Filtrate, Sodium Starch Octenylsuccinate, Calcium Pantothenate, Saccharomyces\/Potato Extract Ferment Filtrate, Saccharomyces\/Coix Lacryma-Jobi Ma-yuen Seed Ferment Filtrate, Camellia Sinensis Leaf Extract, Azadirachta Indica Leaf Extract, Maltodextrin, Artemisia Annua Extract, Chamomilla Recutita (Matricaria) Flower Extract, Sodium Hyaluronate, Origanum Vulgare Leaf Extract, Protease, Salix Alba (Willow) Bark Extract, Symphytum Officinale Leaf Extract, Sodium Ascorbyl Phosphate, Centella Asiatica Extract, Portulaca Oleracea Extract, Cinnamomum Cassia Bark Extract, Scutellaria Baicalensis Root Extract, Lavandula Angustifolia (Lavender) Flower Extract, Aloe Barbadensis Leaf Extract, Helichrysum Arenarium Extract, Calendula Officinalis Flower Extract, Tocopheryl Acetate, Pyridoxine HCl, Ethylhexylglycerin, Sodium Benzoate, Silica, CI 15985, CI 19140, Hexyl Cinnamal, Citronellol, Geraniol, Alpha-Isomethyl Ionone, Linalool, Limonene&quot;}\" data-sheets-userformat=\"{&quot;2&quot;:15037,&quot;3&quot;:{&quot;1&quot;:0},&quot;5&quot;:{&quot;1&quot;:[{&quot;1&quot;:2,&quot;2&quot;:0,&quot;5&quot;:{&quot;1&quot;:2,&quot;2&quot;:0}},{&quot;1&quot;:0,&quot;2&quot;:0,&quot;3&quot;:3},{&quot;1&quot;:1,&quot;2&quot;:0,&quot;4&quot;:1}]},&quot;6&quot;:{&quot;1&quot;:[{&quot;1&quot;:2,&quot;2&quot;:0,&quot;5&quot;:{&quot;1&quot;:2,&quot;2&quot;:0}},{&quot;1&quot;:0,&quot;2&quot;:0,&quot;3&quot;:3},{&quot;1&quot;:1,&quot;2&quot;:0,&quot;4&quot;:1}]},&quot;7&quot;:{&quot;1&quot;:[{&quot;1&quot;:2,&quot;2&quot;:0,&quot;5&quot;:{&quot;1&quot;:2,&quot;2&quot;:0}},{&quot;1&quot;:0,&quot;2&quot;:0,&quot;3&quot;:3},{&quot;1&quot;:1,&quot;2&quot;:0,&quot;4&quot;:1}]},&quot;8&quot;:{&quot;1&quot;:[{&quot;1&quot;:2,&quot;2&quot;:0,&quot;5&quot;:{&quot;1&quot;:2,&quot;2&quot;:0}},{&quot;1&quot;:0,&quot;2&quot;:0,&quot;3&quot;:3},{&quot;1&quot;:1,&quot;2&quot;:0,&quot;4&quot;:1}]},&quot;10&quot;:1,&quot;12&quot;:0,&quot;14&quot;:{&quot;1&quot;:3,&quot;3&quot;:1},&quot;15&quot;:&quot;Calibri&quot;,&quot;16&quot;:9}\">Water, Ammonium Laureth Sulfate, Glycerin, Acrylates Copolymer, Fragrance, Glycol Distearate, Disodium Laureth Sulfosuccinate, Sodium Lauryl Sulfoacetate, Potassium Hydroxide, Caprylyl Glycol, Butylene Glycol, Sea Salt, Saccharomyces\/Rice Ferment Filtrate, Disodium EDTA, Panthenol, Propanediol, Betaine, Allantoin, Caprylic\/Capric Triglyceride, Niacinamide, 1,2- Hexanediol, Avena Sativa (Oat) Leaf Extract, Adenosine, Pentylene Glycol, Hydrolyzed Oat Protein, Hydrolyzed Silk, Ceramide NP, Chamaecyparis Obtusa Leaf Extract, Hydrogenated Lecithin, Pinus Densiflora Leaf Extract, Eucalyptus Globulus Leaf Extract, Lactobacillus\/Soybean Ferment Extract, Ficus Carica (Fig) Fruit Extract, Morus Alba Fruit Extract, Punica Granatum Fruit Extract, Ginkgo Biloba Nut Extract, Lactobacillus\/Rice Ferment, Lactobacillus\/Panax Ginseng Root Ferment Filtrate, Sodium Starch Octenylsuccinate, Calcium Pantothenate, Saccharomyces\/Potato Extract Ferment Filtrate, Saccharomyces\/Coix Lacryma-Jobi Ma-yuen Seed Ferment Filtrate, Camellia Sinensis Leaf Extract, Azadirachta Indica Leaf Extract, Maltodextrin, Artemisia Annua Extract, Chamomilla Recutita (Matricaria) Flower Extract, Sodium Hyaluronate, Origanum Vulgare Leaf Extract, Protease, Salix Alba (Willow) Bark Extract, Symphytum Officinale Leaf Extract, Sodium Ascorbyl Phosphate, Centella Asiatica Extract, Portulaca Oleracea Extract, Cinnamomum Cassia Bark Extract, Scutellaria Baicalensis Root Extract, Lavandula Angustifolia (Lavender) Flower Extract, Aloe Barbadensis Leaf Extract, Helichrysum Arenarium Extract, Calendula Officinalis Flower Extract, Tocopheryl Acetate, Pyridoxine HCl, Ethylhexylglycerin, Sodium Benzoate, Silica, CI 15985, CI 19140, Hexyl Cinnamal, Citronellol, Geraniol, Alpha-Isomethyl Ionone, Linalool, Limonene<\/span><\/em><\/p>","protected":false},"excerpt":{"rendered":"<p>Hidratantni parfimisani gel za tu\u0161iranje sa senzualnim mirisom ambera i mo\u0161usa. 500ml<\/p>","protected":false},"featured_media":5009,"template":"","meta":[],"product_cat":[348,279,350],"product_tag":[],"featured_image_urls":{"full":["https:\/\/medipeel.rs\/wp-content\/uploads\/2023\/01\/medi-peel-eclat-perfume-shower-sexual-amber..jpg",1200,1200,false],"thumbnail":["https:\/\/medipeel.rs\/wp-content\/uploads\/2023\/01\/medi-peel-eclat-perfume-shower-sexual-amber.-150x150.jpg",150,150,true],"medium":["https:\/\/medipeel.rs\/wp-content\/uploads\/2023\/01\/medi-peel-eclat-perfume-shower-sexual-amber.-300x300.jpg",300,300,true],"medium_large":["https:\/\/medipeel.rs\/wp-content\/uploads\/2023\/01\/medi-peel-eclat-perfume-shower-sexual-amber.-768x768.jpg",768,768,true],"large":["https:\/\/medipeel.rs\/wp-content\/uploads\/2023\/01\/medi-peel-eclat-perfume-shower-sexual-amber.-1024x1024.jpg",1024,1024,true],"1536x1536":["https:\/\/medipeel.rs\/wp-content\/uploads\/2023\/01\/medi-peel-eclat-perfume-shower-sexual-amber..jpg",1200,1200,false],"2048x2048":["https:\/\/medipeel.rs\/wp-content\/uploads\/2023\/01\/medi-peel-eclat-perfume-shower-sexual-amber..jpg",1200,1200,false],"trp-custom-language-flag":["https:\/\/medipeel.rs\/wp-content\/uploads\/2023\/01\/medi-peel-eclat-perfume-shower-sexual-amber.-12x12.jpg",12,12,true],"vcmegaposts-masonry":["https:\/\/medipeel.rs\/wp-content\/uploads\/2023\/01\/medi-peel-eclat-perfume-shower-sexual-amber.-500x500.jpg",500,500,true],"vcmegaposts-normal":["https:\/\/medipeel.rs\/wp-content\/uploads\/2023\/01\/medi-peel-eclat-perfume-shower-sexual-amber.-800x800.jpg",800,800,true],"vcmegaposts-type1":["https:\/\/medipeel.rs\/wp-content\/uploads\/2023\/01\/medi-peel-eclat-perfume-shower-sexual-amber.-800x500.jpg",800,500,true],"woocommerce_thumbnail":["https:\/\/medipeel.rs\/wp-content\/uploads\/2023\/01\/medi-peel-eclat-perfume-shower-sexual-amber.-450x600.jpg",450,600,true],"woocommerce_single":["https:\/\/medipeel.rs\/wp-content\/uploads\/2023\/01\/medi-peel-eclat-perfume-shower-sexual-amber.-600x600.jpg",600,600,true],"woocommerce_gallery_thumbnail":["https:\/\/medipeel.rs\/wp-content\/uploads\/2023\/01\/medi-peel-eclat-perfume-shower-sexual-amber.-100x100.jpg",100,100,true]},"post_excerpt_stackable":"<p>\u0423\u0432\u043b\u0430\u0436\u043d\u044f\u044e\u0449\u0438\u0439 \u043f\u0430\u0440\u0444\u044e\u043c\u0438\u0440\u043e\u0432\u0430\u043d\u043d\u044b\u0439 \u0433\u0435\u043b\u044c \u0434\u043b\u044f \u0434\u0443\u0448\u0430 \u0441 \u0447\u0443\u0432\u0441\u0442\u0432\u0435\u043d\u043d\u044b\u043c \u0430\u0440\u043e\u043c\u0430\u0442\u043e\u043c \u0430\u043c\u0431\u0440\u044b \u0438 \u043c\u0443\u0441\u043a\u0443\u0441\u0430. 500ml<\/p>\n","category_list":"","author_info":{"name":"","url":""},"comments_num":"0 comments","jetpack_sharing_enabled":true,"_links":{"self":[{"href":"https:\/\/medipeel.rs\/sr\/wp-json\/wp\/v2\/product\/5008"}],"collection":[{"href":"https:\/\/medipeel.rs\/sr\/wp-json\/wp\/v2\/product"}],"about":[{"href":"https:\/\/medipeel.rs\/sr\/wp-json\/wp\/v2\/types\/product"}],"version-history":[{"count":1,"href":"https:\/\/medipeel.rs\/sr\/wp-json\/wp\/v2\/product\/5008\/revisions"}],"predecessor-version":[{"id":5010,"href":"https:\/\/medipeel.rs\/sr\/wp-json\/wp\/v2\/product\/5008\/revisions\/5010"}],"wp:featuredmedia":[{"embeddable":true,"href":"https:\/\/medipeel.rs\/sr\/wp-json\/wp\/v2\/media\/5009"}],"wp:attachment":[{"href":"https:\/\/medipeel.rs\/sr\/wp-json\/wp\/v2\/media?parent=5008"}],"wp:term":[{"taxonomy":"product_cat","embeddable":true,"href":"https:\/\/medipeel.rs\/sr\/wp-json\/wp\/v2\/product_cat?post=5008"},{"taxonomy":"product_tag","embeddable":true,"href":"https:\/\/medipeel.rs\/sr\/wp-json\/wp\/v2\/product_tag?post=5008"}],"curies":[{"name":"wp","href":"https:\/\/api.w.org\/{rel}","templated":true}]}}