{"id":5011,"date":"2023-01-17T19:33:19","date_gmt":"2023-01-17T16:33:19","guid":{"rendered":"https:\/\/medipeel.rs\/?post_type=product&#038;p=5011"},"modified":"2025-09-06T15:56:40","modified_gmt":"2025-09-06T13:56:40","slug":"medi-peel-hyaluron-cica-peptide-9-ampoule-eye-patch","status":"publish","type":"product","link":"https:\/\/medipeel.rs\/sr\/\u043f\u0440\u043e\u0438\u0437\u0432\u043e\u0434\/medi-peel-hyaluron-cica-peptide-9-ampoule-eye-patch\/","title":{"rendered":"Medi-Peel Hyaluron Cica Peptide 9 Ampoule Eye Patch"},"content":{"rendered":"<p class=\" translation-block\">Umirujuc\u0301i hidrogel flasteri za o\u010di sa peptidima ubla\u017eavaju svrab i upale u najkrac\u0301em moguc\u0301em roku, aktivno hidriraju, elimini\u0161u suvoc\u0301u i poma\u017eu u borbi protiv perutanja ko\u017ee. Flasteri su odli\u010dni za osetljivu i iritiranu ko\u017eu, ne izazivaju iritaciju i ne\u017eno deluju na osetljivu ko\u017eu oko o\u010diju. <br>\nKompleks peptida ima podmla\u0111ujuc\u0301i efekat, poma\u017ee u zagla\u0111ivanju bora i o\u010duvanju mladala\u010dke ko\u017ee. \n<br>Kompleks Cica, zasnovan na ekstraktima Centella Asiatica, intenzivno hidrira ko\u017eu, ubla\u017eava iritaciju, ima antibakterijsko i antiinflamatorno dejstvo, elimini\u0161e crvenilo i otok. Stimuli\u0161e sintezu kolagenskih i elastinskih vlakana u c\u0301elijama epidermisa i odr\u017eava mladost ko\u017ee. Flasteri doprinose ja\u010danju zidova krvnih sudova i povec\u0301avaju njihovu propusnost, poma\u017eu u smanjenju izra\u017eenosti pau\u010dinastih vena i ubla\u017eavaju crvenilo, moguc\u0301e ih je koristiti na ko\u017ei sa rozaceom. \n<br>Flasteri su multifunkcionalni, pogodni za upotrebu oko o\u010diju, u predelu izme\u0111u obrva i kod nazolabijalnih bora.<br>\nGlavni aktivni sastojci:<br>\nKompleks peptida povec\u0301ava \u010dvrstinu i elasti\u010dnost ko\u017ee, ubrzava proizvodnju sopstvenih kolagenih i elastinskih vlakana. Smanjuje dubinu bora i spre\u010dava opu\u0161tanje ko\u017ee.<br>\nEkstrakt Centella Asiatica stimuli\u0161e proizvodnju i obnavljanje sopstvenih kolagenih vlakana, povec\u0301ava \u010dvrstinu i elasti\u010dnost tkiva. Podsti\u0107e regeneraciju c\u0301elija, reguli\u0161e balans lipida. Ima revitaliziraju\u0107i efekat, poma\u017ee u uklanjanju o\u017eiljaka i stara\u010dkih pega.<br>\nHijaluronska kiselina prodire u duboke slojeve ko\u017ee i ispunjava c\u0301elije potrebnom vlagom. Ja\u010da ko\u017eu i pobolj\u0161ava elasti\u010dnost iste, spre\u010davajuc\u0301i ranu pojavu bora. Nadokna\u0111uje nedostatak vlage u ko\u017ei i elimini\u0161e dehidraciju iste.<br>\nEkstrakt kavijara aktivira proizvodnju kolagena u ko\u017ei, \u010dija se koli\u010dina smanjuje sa godinama, vrac\u0301ajuc\u0301i ko\u017ei elasti\u010dnost i \u010dvrstoc\u0301u. Pru\u017ea aktivnu ishranu i podmla\u0111ivanje ko\u017ee, zagla\u0111uje mimi\u010dke i stara\u010dke bore.<br>\nAlantoin omek\u0161ava i intenzivno hirira ko\u017eu, poma\u017ee u su\u017eavanju pora i normalizaciji proizvodnje sebuma, ima antiinflamatorna svojstva, umiruje iritiranu ko\u017eu.<br><\/p>\n<p><strong>Na\u010din upotrebe:<\/strong> Nanesite flastere na \u017eeljeno podru\u010dje na prethodno o\u010di\u0161c\u0301enu i hidriranu ko\u017eu. Posle 20-30 minuta uklonite flastere i utapkajte preostalu esenciju mekim pokretima.<\/p>\n<hr \/>\n<p><em><strong><em>Sastojci:<\/em><\/strong> Distilled water, glycerin, carrageenan, butylene glycol, centella extract (100ppm), lavender flower extract, bergamot leaf extract. Petermin Water, Freesia Extract, Matricaria Flower Extract, Rosemary Leaf Extract. Aloe Vera Leaf Extract, Malto text Lin, Asian De Asiatico Side Matecic Acid, Hydrolyzed De Klagen, Sodium Hyaluronate (110 ppm), Ethylene Hydrated Hydrolyzed Hyaluronic Acid ( Ippm), Sodium Acetylated Hyaluronate 1ppm), Hydroxypromultramonium Hyaluronate (10gprm), Potassium Hyaluronate (000ppm), Sodium Hyaluronate Cross-Polymer 01ppm), Hami Aluronic Acid (0.25ppm), Glyceral Polymethacrylate, Propylene Glycol, Palmitoyl Oligo Peptide (0.001ppmi Palmitoyl Tripeptide -1001pprr), Palmitoyl Tetrafemide -70,006ppm), Palmitoyl Tripeptide 50.1ppml, asetrexa peptide -8001pgpm), copper tripeptide-1 (0,01ppm), oligopeptide-23 (0.0006 ppm), oligo peptide -20005 gp m), palmitoyl penta peptide -400001pprm), propane diol, menthylene glycol, coconut palm fruit extract, Savior pine extract, carob gum, sucrose, potassium chloride, guar gum, cellulose gum, Allantoin, Betaine, Dipotassium Glycerate, Cal-Turate, Calcium Chloride, Castor Seed Oil, Shea Burr, Piza-60 Hydrogenated Castor Oil, Solbitancaprylate, Caprylac \/ Capric Triglyceride , Chromium Oxide Green, Synthetic Fluoride Logo Fights, Titanium Dioxide, Al Haan, Di-Doublet, Ethylene Diol, 12-Nucleic Acid Diol, Clofenesin, Flavor<\/em><\/p>","protected":false},"excerpt":{"rendered":"<p>Umirujuc\u0301i hidrogel flasteri za o\u010di sa peptidima. 60 kom.<\/p>","protected":false},"featured_media":5012,"template":"","meta":[],"product_cat":[349,314,256,268],"product_tag":[308],"featured_image_urls":{"full":["https:\/\/medipeel.rs\/wp-content\/uploads\/2023\/01\/medi-peel-hyaluron-cica-peptide-9-ampoule-eye-patch.jpg",1200,1200,false],"thumbnail":["https:\/\/medipeel.rs\/wp-content\/uploads\/2023\/01\/medi-peel-hyaluron-cica-peptide-9-ampoule-eye-patch-150x150.jpg",150,150,true],"medium":["https:\/\/medipeel.rs\/wp-content\/uploads\/2023\/01\/medi-peel-hyaluron-cica-peptide-9-ampoule-eye-patch-300x300.jpg",300,300,true],"medium_large":["https:\/\/medipeel.rs\/wp-content\/uploads\/2023\/01\/medi-peel-hyaluron-cica-peptide-9-ampoule-eye-patch-768x768.jpg",768,768,true],"large":["https:\/\/medipeel.rs\/wp-content\/uploads\/2023\/01\/medi-peel-hyaluron-cica-peptide-9-ampoule-eye-patch-1024x1024.jpg",1024,1024,true],"1536x1536":["https:\/\/medipeel.rs\/wp-content\/uploads\/2023\/01\/medi-peel-hyaluron-cica-peptide-9-ampoule-eye-patch.jpg",1200,1200,false],"2048x2048":["https:\/\/medipeel.rs\/wp-content\/uploads\/2023\/01\/medi-peel-hyaluron-cica-peptide-9-ampoule-eye-patch.jpg",1200,1200,false],"trp-custom-language-flag":["https:\/\/medipeel.rs\/wp-content\/uploads\/2023\/01\/medi-peel-hyaluron-cica-peptide-9-ampoule-eye-patch-12x12.jpg",12,12,true],"vcmegaposts-masonry":["https:\/\/medipeel.rs\/wp-content\/uploads\/2023\/01\/medi-peel-hyaluron-cica-peptide-9-ampoule-eye-patch-500x500.jpg",500,500,true],"vcmegaposts-normal":["https:\/\/medipeel.rs\/wp-content\/uploads\/2023\/01\/medi-peel-hyaluron-cica-peptide-9-ampoule-eye-patch-800x800.jpg",800,800,true],"vcmegaposts-type1":["https:\/\/medipeel.rs\/wp-content\/uploads\/2023\/01\/medi-peel-hyaluron-cica-peptide-9-ampoule-eye-patch-800x500.jpg",800,500,true],"woocommerce_thumbnail":["https:\/\/medipeel.rs\/wp-content\/uploads\/2023\/01\/medi-peel-hyaluron-cica-peptide-9-ampoule-eye-patch-450x600.jpg",450,600,true],"woocommerce_single":["https:\/\/medipeel.rs\/wp-content\/uploads\/2023\/01\/medi-peel-hyaluron-cica-peptide-9-ampoule-eye-patch-600x600.jpg",600,600,true],"woocommerce_gallery_thumbnail":["https:\/\/medipeel.rs\/wp-content\/uploads\/2023\/01\/medi-peel-hyaluron-cica-peptide-9-ampoule-eye-patch-100x100.jpg",100,100,true]},"post_excerpt_stackable":"<p>\u0423\u0441\u043f\u043e\u043a\u0430\u0438\u0432\u0430\u044e\u0449\u0438\u0435 \u0433\u0438\u0434\u0440\u043e\u0433\u0435\u043b\u0435\u0432\u044b\u0435 \u043f\u0430\u0442\u0447\u0438 \u0441 \u043f\u0435\u043f\u0442\u0438\u0434\u0430\u043c\u0438. 60 \u0448\u0442.<\/p>\n","category_list":"","author_info":{"name":"","url":""},"comments_num":"0 comments","jetpack_sharing_enabled":true,"_links":{"self":[{"href":"https:\/\/medipeel.rs\/sr\/wp-json\/wp\/v2\/product\/5011"}],"collection":[{"href":"https:\/\/medipeel.rs\/sr\/wp-json\/wp\/v2\/product"}],"about":[{"href":"https:\/\/medipeel.rs\/sr\/wp-json\/wp\/v2\/types\/product"}],"version-history":[{"count":1,"href":"https:\/\/medipeel.rs\/sr\/wp-json\/wp\/v2\/product\/5011\/revisions"}],"predecessor-version":[{"id":5013,"href":"https:\/\/medipeel.rs\/sr\/wp-json\/wp\/v2\/product\/5011\/revisions\/5013"}],"wp:featuredmedia":[{"embeddable":true,"href":"https:\/\/medipeel.rs\/sr\/wp-json\/wp\/v2\/media\/5012"}],"wp:attachment":[{"href":"https:\/\/medipeel.rs\/sr\/wp-json\/wp\/v2\/media?parent=5011"}],"wp:term":[{"taxonomy":"product_cat","embeddable":true,"href":"https:\/\/medipeel.rs\/sr\/wp-json\/wp\/v2\/product_cat?post=5011"},{"taxonomy":"product_tag","embeddable":true,"href":"https:\/\/medipeel.rs\/sr\/wp-json\/wp\/v2\/product_tag?post=5011"}],"curies":[{"name":"wp","href":"https:\/\/api.w.org\/{rel}","templated":true}]}}