{"id":5020,"date":"2023-01-17T19:48:58","date_gmt":"2023-01-17T18:48:58","guid":{"rendered":"https:\/\/medipeel.rs\/?post_type=product&#038;p=5020"},"modified":"2025-09-06T15:53:39","modified_gmt":"2025-09-06T13:53:39","slug":"medi-peel-derma-maison-wrinkle-collagen-facial-mask","status":"publish","type":"product","link":"https:\/\/medipeel.rs\/sr\/\u043f\u0440\u043e\u0438\u0437\u0432\u043e\u0434\/medi-peel-derma-maison-wrinkle-collagen-facial-mask\/","title":{"rendered":"Medi-Peel Derma Maison Wrinkle Collagen Facial Mask"},"content":{"rendered":"<p class=\" translation-block\">Maska protiv starenja sa kolagenom, smanjuje vidljivost bora i borica i ima blagi lifting efekat. Zasic\u0301uje c\u0301elije vlagom, elimini\u0161e bledilo, \u010dini ko\u017eu \u010dvr\u0161\u0107om i elasti\u010dnijom. Maska brzo elimini\u0161e suvoc\u0301u i dehidraciju, stimuli\u0161e sintezu kolagena i elastina, ubrzava zarastanje i obnavljanje ko\u017ee. Usporava proces starenja, odr\u017eava tonus ko\u017ee, bori se protiv opu\u0161tanja i gubitka elasti\u010dnosti. <br>Tkanina maske se sastoji od izdr\u017eljivog hipoalergenog materijala TENCEL, koji se dobija od eukaliptusa. Maska je bogato zasic\u0301ena vitaminskom esencijom, dobro prijanja uz ko\u017eu, povec\u0301avajuc\u0301i apsorpciju hranljivih materija.<br>\nGlavni aktivni sastojci:<br>\nHidrolizovani kolagen obnavlja strukturu epidermisa iznutra, ja\u010da c\u0301elijske zidove, pobolj\u0161ava metabolizam proteina. Podr\u017eava matricu ko\u017ee, zagla\u0111uje bore i nabore.<br>\nHidrolizovani elastin pobolj\u0161ava elasti\u010dnost i glatkoc\u0301u ko\u017ee, ujedna\u010dava reljef lica.<br>\nMultimolekularna hijaluronska kiselina prodire u duboke slojeve epidermisa, aktivno hidrira c\u0301elije, poma\u017ee u zadr\u017eavanju vlage u ko\u017ei. Formira za\u0161titni sloj koji spre\u010dava isparavanje vlage.<br>\nPalmitoil Pentapeptid - 4 stimuli\u0161e sintezu kolagena i elastina, smanjuje dubinu bora.<br>\nEkstrakt irske mahovine ima sjajna antioksidativna svojstva, usporava proces starenja ko\u017ee, \u0161titi je od negativnih efekata spolja\u0161njih stimulansa. Zasic\u0301uje c\u0301elije vlagom, podsti\u0107e njeno zadr\u017eavanje u dubokim slojevima ko\u017ee, odr\u017eava prirodni nivo vlage i spre\u010dava dehidraciju.<br>\nLecitin ja\u010da c\u0301elije i vlakna epidermisa, poma\u017ee u apsorpciji hranljivih materija. Podr\u017eava za\u0161titnu barijeru ko\u017ee, neutrali\u0161e negativne efekte slobodnih radikala, UV zraka i drugih faktora \u017eivotne sredine.<br>\nArginin pobolj\u0161ava elasti\u010dnost ko\u017ee, stimuli\u0161e sintezu kolagena i elastina, normalizuje mikrocirkulaciju u tkivima epidermisa. Ubrzava procese revitalizacije, pobolj\u0161ava ten.<br>\nPogodno za sve tipove ko\u017ee, posebno se preporu\u010duje za suvu, grubu i zrelu ko\u017eu.<\/p>\n<p><strong>Na\u010din upotrebe:<\/strong> Nanesite masku na o\u010di\u0161c\u0301enu i toniziranu ko\u017eu, ostavite da deluje 10-20 minuta, uklonite masku i ne\u017eno utapkajte preostalu esenciju u ko\u017eu.<\/p>\n<hr \/>\n<p><em><strong><em>Sastojci:<\/em><\/strong> Purified Water, Butylene Glycol, Glyserine, Methylpropane Diol, Hydrolyzed Collagen (500 ppm), Hydrolyzed Elastin, Sodium Hyaluronate, Hydrolyzed Sodium Hyaluronate,Hyaluronic Acid, Sodium Hyaluronate Cross Polymer, Hydrolyzed Hyaluronic Acid,, Reed Extract, Bokryeong Extract, Irish Moss Extract, Allantoin, Xanthan Gum, Trehalose, Adenosine, Al Ginseng, Carbomer, Disodium Dithiazole, PEG-60 Hydrogenated Castor Oil, Lecithin, Polysorbate 20, Sodium Sitrate, Citric Acid, Palmitoyl Pentapeptide-4, Pentylene Glycol, Ethyl Hexyl glycerin, 1,2-hexanediol, Sodium benzoate, Phenoxyethane, Flavoring<\/em><\/p>","protected":false},"excerpt":{"rendered":"<p>Maska protiv starenja sa kolagenom. 23ml<\/p>","protected":false},"featured_media":5021,"template":"","meta":[],"product_cat":[264,359,342,348,386,334,260],"product_tag":[304],"featured_image_urls":{"full":["https:\/\/medipeel.rs\/wp-content\/uploads\/2023\/01\/derma-maison-wrinkle-collagen-facial-mask.jpg",1200,1200,false],"thumbnail":["https:\/\/medipeel.rs\/wp-content\/uploads\/2023\/01\/derma-maison-wrinkle-collagen-facial-mask-150x150.jpg",150,150,true],"medium":["https:\/\/medipeel.rs\/wp-content\/uploads\/2023\/01\/derma-maison-wrinkle-collagen-facial-mask-300x300.jpg",300,300,true],"medium_large":["https:\/\/medipeel.rs\/wp-content\/uploads\/2023\/01\/derma-maison-wrinkle-collagen-facial-mask-768x768.jpg",768,768,true],"large":["https:\/\/medipeel.rs\/wp-content\/uploads\/2023\/01\/derma-maison-wrinkle-collagen-facial-mask-1024x1024.jpg",1024,1024,true],"1536x1536":["https:\/\/medipeel.rs\/wp-content\/uploads\/2023\/01\/derma-maison-wrinkle-collagen-facial-mask.jpg",1200,1200,false],"2048x2048":["https:\/\/medipeel.rs\/wp-content\/uploads\/2023\/01\/derma-maison-wrinkle-collagen-facial-mask.jpg",1200,1200,false],"trp-custom-language-flag":["https:\/\/medipeel.rs\/wp-content\/uploads\/2023\/01\/derma-maison-wrinkle-collagen-facial-mask-12x12.jpg",12,12,true],"vcmegaposts-masonry":["https:\/\/medipeel.rs\/wp-content\/uploads\/2023\/01\/derma-maison-wrinkle-collagen-facial-mask-500x500.jpg",500,500,true],"vcmegaposts-normal":["https:\/\/medipeel.rs\/wp-content\/uploads\/2023\/01\/derma-maison-wrinkle-collagen-facial-mask-800x800.jpg",800,800,true],"vcmegaposts-type1":["https:\/\/medipeel.rs\/wp-content\/uploads\/2023\/01\/derma-maison-wrinkle-collagen-facial-mask-800x500.jpg",800,500,true],"woocommerce_thumbnail":["https:\/\/medipeel.rs\/wp-content\/uploads\/2023\/01\/derma-maison-wrinkle-collagen-facial-mask-450x600.jpg",450,600,true],"woocommerce_single":["https:\/\/medipeel.rs\/wp-content\/uploads\/2023\/01\/derma-maison-wrinkle-collagen-facial-mask-600x600.jpg",600,600,true],"woocommerce_gallery_thumbnail":["https:\/\/medipeel.rs\/wp-content\/uploads\/2023\/01\/derma-maison-wrinkle-collagen-facial-mask-100x100.jpg",100,100,true]},"post_excerpt_stackable":"<p>\u0410\u043d\u0442\u0438\u0432\u043e\u0437\u0440\u0430\u0441\u0442\u043d\u0430\u044f \u0442\u043a\u0430\u043d\u0435\u0432\u0430\u044f \u043c\u0430\u0441\u043a\u0430 \u0441 \u043a\u043e\u043b\u043b\u0430\u0433\u0435\u043d\u043e\u043c. 23ml<\/p>\n","category_list":"","author_info":{"name":"","url":""},"comments_num":"0 comments","jetpack_sharing_enabled":true,"_links":{"self":[{"href":"https:\/\/medipeel.rs\/sr\/wp-json\/wp\/v2\/product\/5020"}],"collection":[{"href":"https:\/\/medipeel.rs\/sr\/wp-json\/wp\/v2\/product"}],"about":[{"href":"https:\/\/medipeel.rs\/sr\/wp-json\/wp\/v2\/types\/product"}],"version-history":[{"count":1,"href":"https:\/\/medipeel.rs\/sr\/wp-json\/wp\/v2\/product\/5020\/revisions"}],"predecessor-version":[{"id":5022,"href":"https:\/\/medipeel.rs\/sr\/wp-json\/wp\/v2\/product\/5020\/revisions\/5022"}],"wp:featuredmedia":[{"embeddable":true,"href":"https:\/\/medipeel.rs\/sr\/wp-json\/wp\/v2\/media\/5021"}],"wp:attachment":[{"href":"https:\/\/medipeel.rs\/sr\/wp-json\/wp\/v2\/media?parent=5020"}],"wp:term":[{"taxonomy":"product_cat","embeddable":true,"href":"https:\/\/medipeel.rs\/sr\/wp-json\/wp\/v2\/product_cat?post=5020"},{"taxonomy":"product_tag","embeddable":true,"href":"https:\/\/medipeel.rs\/sr\/wp-json\/wp\/v2\/product_tag?post=5020"}],"curies":[{"name":"wp","href":"https:\/\/api.w.org\/{rel}","templated":true}]}}