{"id":5032,"date":"2023-01-17T20:16:28","date_gmt":"2023-01-17T17:16:28","guid":{"rendered":"https:\/\/medipeel.rs\/?post_type=product&#038;p=5032"},"modified":"2026-03-12T21:08:35","modified_gmt":"2026-03-12T20:08:35","slug":"medi-peel-melanon-x-drop-gel-cream","status":"publish","type":"product","link":"https:\/\/medipeel.rs\/sr\/\u043f\u0440\u043e\u0438\u0437\u0432\u043e\u0434\/medi-peel-melanon-x-drop-gel-cream\/","title":{"rendered":"Medi-Peel Melanon X Drop Gel Cream"},"content":{"rendered":"<p class=\" translation-block\">Gel-krema u kapsulama za posvetljavanje ko\u017ee sa retinolom ima dvostruko dejstvo - izbeljuje ko\u017eu i zagla\u0111uje bore. Sadr\u017ei kapsule za posvetljivanje pega i pigmentacije. Krema hidrira, hrani i ja\u010da hidrolipidnu barijeru ko\u017ee. Kremaste kapsule sa kompleksom Melatamine 7\u2122 (vitamin B5, C, E, retinil palmitat, retinal, glutation, AA-Ferm) neguju i posvjetljuju ko\u017eu, zagla\u0111uju bore.<br>\nRetinol - jedan od rastvorljivih u mastima oblika vitamina A, deluje protiv prvih znakova starenja: smanjuje dubinu bora, ujedna\u010dava tonus i mikroreljef, odr\u017eava ko\u017eu da bude mladala\u010dka. Cela raznolikost ovih oblika naziva se retinoidi. \u010cista retinoi\u010dna kiselina mo\u017ee pru\u017eiti najmoc\u0301niji i najbr\u017ei rezultat. Najdelotvornija je, ali i najagresivnija, ima mnogo ne\u017eeljenih efekata. \nDrugi oblici vitamina A se transformi\u0161u u telu a na kraju u retinoi\u010dnu kiselinu, nakon \u010dega direktno uti\u010du na c\u0301elije ko\u017ee. Visoka koncentracija retinola, koja je neophodna za odli\u010dne vizuelne rezultate, mo\u017ee biti prac\u0301ena i veoma neprijatnim posledicama: jakim perutanjem, crvenilom i peckanjem. Vi \u0107ete dobiti svoj odli\u010dan rezultat, ali kroz bol, patnju i nelagodu. Zbog toga proizvo\u0111a\u010di kozmetike tra\u017ee sve na\u010dine da zaobi\u0111u ovo ograni\u010denje - da odr\u017ee efikasnost delovanja i minimiziraju rizike od ne\u017eeljenih efekata. U kozmetici se \u010desto koriste prirodni oblici retinoida: retinol palmitat, retinol, retinaldehid i tretinoin. Ali sam retinol je veoma nestabilan. \u010cim do\u0111e u dodir sa vazduhom, odmah oksidira i gubi sva svoja svojstva. Zbog toga se stavlja u mikrokapsule ili kombinuje sa stabilizujuc\u0301im molekulima. <br>Medi-Peel retinol je inkapsuliran kako bi se za\u0161titio od razgradnje i dao mu vremena da oslobodi retinolnu kiselinu.<br>\nKremaste kapsule sa kompleksom Melatamine 7\u2122 (vitamin B5, C, E, retinil palmitat, retinal, glutation, AA-Ferm) neguju i posvjetljuju ko\u017eu, zagla\u0111uju bore.<br>\nMultox gel (adenozin, hijaluronska kiselina, ceramidi) smanjuje proizvodnju melatonina, nadokna\u0111uje vlagu, efikasno elemini\u0161e razli\u010dite probleme ko\u017ee, deluje protiv bora.<\/p>\n<p><strong>Na\u010din upotrebe:<\/strong> Izvadite kapsulu i hidratantni gel sa \u0161patulom, stavite na dlan i pome\u0161ajte, rasporedite po ko\u017ei i ostavite da se upije. Za primetan efekat preporu\u010duje se upotreba kreme 2 puta dnevno.\n<br>Za optimalno posvetljavanje i efekat liftinga koristite u kombinaciji sa tonikom i ampulom iz Melanon X serije.<br>\nNapomena: ne prepbroru\u010duje se upotreba kozmetike sa retinolom istovremeno sa kiselinama, pilingom i vitaminom C.<\/p>\n<hr \/>\n<p><em><strong><em>Sastojci:<\/em><\/strong> Purified water, bergamot peel water, glycerin, caprylic\/capric triglyceride, dipropylene glycol, niacinamide, 1,2-hexanediol, shea butter, butylene glycol, squalane, panthenol, glyceryl glucoside , dimethicone, carbomer, tromethamine, polyglyceryl-2 stearate, propanediol, polyglyceryl-10 laurate, arachidyl alcohol, ammonium acryloyldimethyl taurate\/VPicopolymer, glycerol Lyl stearate, cetearyl alcohol, stearyl alcohol, behenyl alcohol, ethylhexyl glycerin, arachidyl glucoside, C12-16 alcohol, palmitic acid, adenosine, hydrogenated lecithin, tocopherol, xanthan gum, lactobacillus ferment , Mugwort extract, polyglyceryl-10 stearate, sodium ascorbyl phosphate, tocopheryl acetate, glutathione, camellia flower extract, madecassoside, ascorbic acid, arbutin, tranexamic acid, yeast\/rice fermentation filtrate , retinyl palmitate, plum extract, apple extract, papaya fruit extract, grape extract, stearic acid, glyceryl linolinate, glyceryl arachidonate, biotin, sodium hyaluronate crosspolymer, thiamine HCL, polyacid , pyridoxine, hydrolyzed glycosaminoglycan, retinal, sodium hyaluronate, benzyl glycol, ceramide NP, menadione, cyanocobalamine, hydrolyzed hyaluronic acid, ceramide NS, magnesium chloride, cholesterol, palmitoyl tripeptide-5, phytosphingosine, tetradecylaminobutyroylvalylaminobutyric urea trifluoroacetate, palmitoyl dipeptide-5 diaminobutyloylhydroxythreonine , Ceramide ACE, Ceramide AP, Hyaluronic Acid, Ceramide IOP, Fragrance<br \/>\n<\/em><\/p>","protected":false},"excerpt":{"rendered":"<p>Gel-krema u kapsulama za posvetljavanje ko\u017ee sa retinolom. 50g<\/p>","protected":false},"featured_media":5033,"template":"","meta":[],"product_cat":[385,272,301,342,346,386,382,260],"product_tag":[392],"featured_image_urls":{"full":["https:\/\/medipeel.rs\/wp-content\/uploads\/2023\/01\/medi-peel-melanon-x-drop-gel-cream.jpg",1200,1200,false],"thumbnail":["https:\/\/medipeel.rs\/wp-content\/uploads\/2023\/01\/medi-peel-melanon-x-drop-gel-cream-150x150.jpg",150,150,true],"medium":["https:\/\/medipeel.rs\/wp-content\/uploads\/2023\/01\/medi-peel-melanon-x-drop-gel-cream-300x300.jpg",300,300,true],"medium_large":["https:\/\/medipeel.rs\/wp-content\/uploads\/2023\/01\/medi-peel-melanon-x-drop-gel-cream-768x768.jpg",768,768,true],"large":["https:\/\/medipeel.rs\/wp-content\/uploads\/2023\/01\/medi-peel-melanon-x-drop-gel-cream-1024x1024.jpg",1024,1024,true],"1536x1536":["https:\/\/medipeel.rs\/wp-content\/uploads\/2023\/01\/medi-peel-melanon-x-drop-gel-cream.jpg",1200,1200,false],"2048x2048":["https:\/\/medipeel.rs\/wp-content\/uploads\/2023\/01\/medi-peel-melanon-x-drop-gel-cream.jpg",1200,1200,false],"trp-custom-language-flag":["https:\/\/medipeel.rs\/wp-content\/uploads\/2023\/01\/medi-peel-melanon-x-drop-gel-cream-12x12.jpg",12,12,true],"vcmegaposts-masonry":["https:\/\/medipeel.rs\/wp-content\/uploads\/2023\/01\/medi-peel-melanon-x-drop-gel-cream-500x500.jpg",500,500,true],"vcmegaposts-normal":["https:\/\/medipeel.rs\/wp-content\/uploads\/2023\/01\/medi-peel-melanon-x-drop-gel-cream-800x800.jpg",800,800,true],"vcmegaposts-type1":["https:\/\/medipeel.rs\/wp-content\/uploads\/2023\/01\/medi-peel-melanon-x-drop-gel-cream-800x500.jpg",800,500,true],"woocommerce_thumbnail":["https:\/\/medipeel.rs\/wp-content\/uploads\/2023\/01\/medi-peel-melanon-x-drop-gel-cream-450x600.jpg",450,600,true],"woocommerce_single":["https:\/\/medipeel.rs\/wp-content\/uploads\/2023\/01\/medi-peel-melanon-x-drop-gel-cream-600x600.jpg",600,600,true],"woocommerce_gallery_thumbnail":["https:\/\/medipeel.rs\/wp-content\/uploads\/2023\/01\/medi-peel-melanon-x-drop-gel-cream-100x100.jpg",100,100,true]},"post_excerpt_stackable":"<p>\u041e\u0441\u0432\u0435\u0442\u043b\u044f\u044e\u0449\u0438\u0439 \u043a\u0430\u043f\u0441\u0443\u043b\u044c\u043d\u044b\u0439 \u0433\u0435\u043b\u044c-\u043a\u0440\u0435\u043c \u0441 \u0440\u0435\u0442\u0438\u043d\u043e\u043b\u043e\u043c. 50g<\/p>\n","category_list":"","author_info":{"name":"","url":""},"comments_num":"0 comments","jetpack_sharing_enabled":true,"_links":{"self":[{"href":"https:\/\/medipeel.rs\/sr\/wp-json\/wp\/v2\/product\/5032"}],"collection":[{"href":"https:\/\/medipeel.rs\/sr\/wp-json\/wp\/v2\/product"}],"about":[{"href":"https:\/\/medipeel.rs\/sr\/wp-json\/wp\/v2\/types\/product"}],"version-history":[{"count":1,"href":"https:\/\/medipeel.rs\/sr\/wp-json\/wp\/v2\/product\/5032\/revisions"}],"predecessor-version":[{"id":5034,"href":"https:\/\/medipeel.rs\/sr\/wp-json\/wp\/v2\/product\/5032\/revisions\/5034"}],"wp:featuredmedia":[{"embeddable":true,"href":"https:\/\/medipeel.rs\/sr\/wp-json\/wp\/v2\/media\/5033"}],"wp:attachment":[{"href":"https:\/\/medipeel.rs\/sr\/wp-json\/wp\/v2\/media?parent=5032"}],"wp:term":[{"taxonomy":"product_cat","embeddable":true,"href":"https:\/\/medipeel.rs\/sr\/wp-json\/wp\/v2\/product_cat?post=5032"},{"taxonomy":"product_tag","embeddable":true,"href":"https:\/\/medipeel.rs\/sr\/wp-json\/wp\/v2\/product_tag?post=5032"}],"curies":[{"name":"wp","href":"https:\/\/api.w.org\/{rel}","templated":true}]}}