{"id":5053,"date":"2023-01-17T22:09:59","date_gmt":"2023-01-17T21:09:59","guid":{"rendered":"https:\/\/medipeel.rs\/?post_type=product&#038;p=5053"},"modified":"2025-06-18T17:10:49","modified_gmt":"2025-06-18T15:10:49","slug":"medi-peel-hyaluron-rose-energy-tox-ampoule-mask","status":"publish","type":"product","link":"https:\/\/medipeel.rs\/sr\/\u043f\u0440\u043e\u0438\u0437\u0432\u043e\u0434\/medi-peel-hyaluron-rose-energy-tox-ampoule-mask\/","title":{"rendered":"Medi-Peel Hyaluron Rose Energy Tox Ampoule Mask"},"content":{"rendered":"<p class=\" translation-block\">Ampulna maska za listove sa ru\u017eom Medi-Peel Hyaluron Rose Energy Tox ima izra\u017een efekat podmla\u0111ivanja i usporava proces starenja. Delovanje maske je usmereno na zagla\u0111ivanje mimi\u010dnih bora, na smanjenje dubine i uklanjanje nabora na ko\u017ei. Maska povec\u0301ava elasti\u010dnost ko\u017ee, \u010dini je elasti\u010dnijom, mekom i bar\u0161unastom, povec\u0301ava \u010dvrstinu ko\u017ee i su\u017eava pore. Maska zasic\u0301uje c\u0301elije vitaminima i stvara neprimetnu barijeru koja spre\u010dava gubitak vlage. Kao rezultat toga, ko\u017ea dugo zadr\u017eava prijatan osec\u0301aj i ostaje hidratizovana. Maska elimini\u0161e suvoc\u0301u i perutanje, pobolj\u0161ava ten, ne\u017eno posvetljava ne\u017eeljenu pigmentaciju, \u010dini ko\u017eu zdravom i blistavom. \n<br>Tanka i prijatna tkanina maske dobro prijanje uz ko\u017eu i omoguc\u0301ava joj da aktivno apsorbuje esenciju, zasic\u0301ujuc\u0301i duboke slojeve epidermisa korisnim komponentama.<br>\nGlavni aktivni sastojci:<br>\nHijaluronska kiselina formira nematerijalni za\u0161titni sloj na ko\u017ei, koji spre\u010dava isparavanje vlage i daje ugodan osec\u0301aj sve\u017eine i hidratacije na licu.<br>\nPeptidni kompleks dubinski hrani ko\u017eu, deluje protiv starosnih promena, ima svojstva regeneracije i elimini\u0161e fine bore. Daje ko\u017ei sve\u017e i negovan izgled, spre\u010dava dehidraciju i gubitak vlage, \u0161titi od UV zra\u010denja.<br>\nKolagen pobolj\u0161ava op\u0161te stanje ko\u017ee: zagla\u0111uje, ujedna\u010dava i \u010dini je \u010dvrstom i elasti\u010dnom, uklanja sitne bore i osve\u017eava. Ima revitaliziraju\u0107e i umirujuc\u0301e dejstvo, zadr\u017eava vlagu u dubokim slojevima ko\u017ee.<br>\nEkstrakt od 3 vrste ru\u017ea sadr\u017ei veliku koli\u010dinu polifenola, glukozida i karotenoida i ima izra\u017een antioksidativni efekat. Povec\u0301ava elasti\u010dnost ko\u017ee, ima vitaminizirajuc\u0301i, antiinflamatorni i toniraju\u0107i efekat na ko\u017eu, ubrzava procese regeneracije, pobolj\u0161ava ten i ne\u017eno posvetljuje.<br>\nLaktobacili posvetljavaju i hidriraju ko\u017eu, elimini\u0161u crvenilo, reguli\u0161u proizvodnju melanina u epidermisu, ne\u017eno eksfoliraju stratum corneum i ubrzavaju procese regeneracije.<br>\nEkstrakt kavijara aktivira proizvodnju kolagena, \u010dija se koli\u010dina smanjuje sa godinama, vrac\u0301ajuc\u0301i ko\u017ei elasti\u010dnost i \u010dvrstoc\u0301u. Pru\u017ea aktivnu ishranu i podmla\u0111ivanje ko\u017ee, zagla\u0111uje mimi\u010dke i stara\u010dke bore, zate\u017ee oval lica.<br>\nAdenozin je komponenta odgovorna za negu ko\u017ee protiv starenja, usporava proces starenja ko\u017ee.<br>\nAlantoin omek\u0161ava i intenzivno hidrira ko\u017eu, poma\u017ee u su\u017eavanju pora i normalizaciji proizvodnje sebuma, ima antiinflamatorna svojstva, umiruje iritiranu ko\u017eu.<br>\nBetain aktivno hidrira, ima efekat kondicioniranja, ubla\u017eava iritaciju ko\u017ee, smanjuje destruktivni efekat surfaktanata, poma\u017ee u povec\u0301anju njihovog volumena i stabilizuje penu, poja\u010dava efekat kondicioniranja ostalih komponenti i sam je dobar regenerator, ima povr\u0161no dejstvo na ko\u017eu, pobolj\u0161avajuc\u0301i njen izgled. <br>\nEkstrakt bosiljka je poznat po svojim lekovitim svojstvima. Ima antioksidativna, antisepti\u010dka svojstva i zaceljuje ranice. Pored toga, hidrira i hrani.<br>\nPogodno za zrelu, izuzetno suvu, osetljivu i iritiranu ko\u017eu.<\/p>\n<p><strong>Na\u010din upotrebe:<\/strong> Nanesite masku na o\u010di\u0161c\u0301enu i toniziranu ko\u017eu, ostavite da deluje 10-20 minuta, uklonite masku i ne\u017eno utapkajte preostalu esenciju u ko\u017eu.<\/p>\n<hr \/>\n<p><em><strong><em>Sastojci:<\/em><\/strong> Purified water, glycerin, butylene glycol, dipropylene glycol, hydroxycetophenone, Fiji-60 hydrogenated castor oil, al dha, carbomer, damask rose extract, betaine, french Rose Flower Extract, Provence Rose Flower Extract, Ethyl Hexyl Glycerin, Adenosine, Hydroxyethyl Cellulose, Allantoin, Propane Diol, Biscuit Fruit Extract, Eucalyptus Leaf Extract, Jimmy&#8217;s Root Extract, Caviar Extract, Palmitoyl Tetrapeptide-7, Palmi Toil tripeptide-1, fructan, hydrolyzed collagen, fragrances, assorted hyaluronate crosspolymer, glyceryl polymethacrylate, propylene glycol, lactobacillus \/ soy milk fermentation filtrate, lactobacillus \/ Flour Fermented Water, Hydrolyzed D.Glycosaminoglycans, Basil \/ Soybean Fermented Extract, Sodium Hyaluronate, 1,2-hexanediol, Benzyl Glycol, Propane Diol, Hydrolyzed Hyaluronic Acid, Olive Tree Leaf Extract, Spanish Licorice Root Extract, Sui Sheep Dandelion Leaf Extract, Palmitoyl Tripeptide-5 Rock Stone Root Extract, Raspberry Ketone, Hyaluronic Acid, Acetyl Hexapeptide-8 Copper Tripeptide-1, Palmitoyl Holigopeptide, Oligopeptide-29 Oligopeptide- 32, palmitoyl penta peptide-4<\/em><\/p>","protected":false},"excerpt":{"rendered":"<p>Ampulna maska za listove sa ru\u017eom protiv starenja. 30ml<\/p>","protected":false},"featured_media":5054,"template":"","meta":[],"product_cat":[264,359,346,348,349,386,260],"product_tag":[],"featured_image_urls":{"full":["https:\/\/medipeel.rs\/wp-content\/uploads\/2023\/01\/medi-peel-hyaluron-rose-energy-tox-ampoule-mask.jpg",1200,1200,false],"thumbnail":["https:\/\/medipeel.rs\/wp-content\/uploads\/2023\/01\/medi-peel-hyaluron-rose-energy-tox-ampoule-mask-150x150.jpg",150,150,true],"medium":["https:\/\/medipeel.rs\/wp-content\/uploads\/2023\/01\/medi-peel-hyaluron-rose-energy-tox-ampoule-mask-300x300.jpg",300,300,true],"medium_large":["https:\/\/medipeel.rs\/wp-content\/uploads\/2023\/01\/medi-peel-hyaluron-rose-energy-tox-ampoule-mask-768x768.jpg",768,768,true],"large":["https:\/\/medipeel.rs\/wp-content\/uploads\/2023\/01\/medi-peel-hyaluron-rose-energy-tox-ampoule-mask-1024x1024.jpg",1024,1024,true],"1536x1536":["https:\/\/medipeel.rs\/wp-content\/uploads\/2023\/01\/medi-peel-hyaluron-rose-energy-tox-ampoule-mask.jpg",1200,1200,false],"2048x2048":["https:\/\/medipeel.rs\/wp-content\/uploads\/2023\/01\/medi-peel-hyaluron-rose-energy-tox-ampoule-mask.jpg",1200,1200,false],"trp-custom-language-flag":["https:\/\/medipeel.rs\/wp-content\/uploads\/2023\/01\/medi-peel-hyaluron-rose-energy-tox-ampoule-mask-12x12.jpg",12,12,true],"vcmegaposts-masonry":["https:\/\/medipeel.rs\/wp-content\/uploads\/2023\/01\/medi-peel-hyaluron-rose-energy-tox-ampoule-mask-500x500.jpg",500,500,true],"vcmegaposts-normal":["https:\/\/medipeel.rs\/wp-content\/uploads\/2023\/01\/medi-peel-hyaluron-rose-energy-tox-ampoule-mask-800x800.jpg",800,800,true],"vcmegaposts-type1":["https:\/\/medipeel.rs\/wp-content\/uploads\/2023\/01\/medi-peel-hyaluron-rose-energy-tox-ampoule-mask-800x500.jpg",800,500,true],"woocommerce_thumbnail":["https:\/\/medipeel.rs\/wp-content\/uploads\/2023\/01\/medi-peel-hyaluron-rose-energy-tox-ampoule-mask-450x600.jpg",450,600,true],"woocommerce_single":["https:\/\/medipeel.rs\/wp-content\/uploads\/2023\/01\/medi-peel-hyaluron-rose-energy-tox-ampoule-mask-600x600.jpg",600,600,true],"woocommerce_gallery_thumbnail":["https:\/\/medipeel.rs\/wp-content\/uploads\/2023\/01\/medi-peel-hyaluron-rose-energy-tox-ampoule-mask-100x100.jpg",100,100,true]},"post_excerpt_stackable":"<p>\u041e\u043c\u043e\u043b\u0430\u0436\u0438\u0432\u0430\u044e\u0449\u0430\u044f \u0430\u043c\u043f\u0443\u043b\u044c\u043d\u0430\u044f \u043c\u0430\u0441\u043a\u0430 \u0441 \u0440\u043e\u0437\u043e\u0439. 30ml<\/p>\n","category_list":"","author_info":{"name":"","url":""},"comments_num":"0 comments","jetpack_sharing_enabled":true,"_links":{"self":[{"href":"https:\/\/medipeel.rs\/sr\/wp-json\/wp\/v2\/product\/5053"}],"collection":[{"href":"https:\/\/medipeel.rs\/sr\/wp-json\/wp\/v2\/product"}],"about":[{"href":"https:\/\/medipeel.rs\/sr\/wp-json\/wp\/v2\/types\/product"}],"version-history":[{"count":1,"href":"https:\/\/medipeel.rs\/sr\/wp-json\/wp\/v2\/product\/5053\/revisions"}],"predecessor-version":[{"id":5055,"href":"https:\/\/medipeel.rs\/sr\/wp-json\/wp\/v2\/product\/5053\/revisions\/5055"}],"wp:featuredmedia":[{"embeddable":true,"href":"https:\/\/medipeel.rs\/sr\/wp-json\/wp\/v2\/media\/5054"}],"wp:attachment":[{"href":"https:\/\/medipeel.rs\/sr\/wp-json\/wp\/v2\/media?parent=5053"}],"wp:term":[{"taxonomy":"product_cat","embeddable":true,"href":"https:\/\/medipeel.rs\/sr\/wp-json\/wp\/v2\/product_cat?post=5053"},{"taxonomy":"product_tag","embeddable":true,"href":"https:\/\/medipeel.rs\/sr\/wp-json\/wp\/v2\/product_tag?post=5053"}],"curies":[{"name":"wp","href":"https:\/\/api.w.org\/{rel}","templated":true}]}}