{"id":5097,"date":"2022-03-04T23:34:44","date_gmt":"2022-03-04T20:34:44","guid":{"rendered":"https:\/\/medipeel.rs\/?post_type=product&#038;p=5097"},"modified":"2025-12-28T13:28:40","modified_gmt":"2025-12-28T12:28:40","slug":"medi-peel-derma-maison-time-wrinkle-collagen-volume-ampoule","status":"publish","type":"product","link":"https:\/\/medipeel.rs\/sr\/\u043f\u0440\u043e\u0438\u0437\u0432\u043e\u0434\/medi-peel-derma-maison-time-wrinkle-collagen-volume-ampoule\/","title":{"rendered":"Medi-Peel Derma Maison Time Wrinkle Collagen Volume Ampoule"},"content":{"rendered":"<p class=\" translation-block\">Serum protiv starenja sa kolagenom sadr\u017ei moc\u0301ni AQUAXYL\u2122 kompleks, a to je nova struktura prirodnog porekla, koja kombinuje glukozu i ksilitol dobijen iz p\u0161enice i drveta. Kombinujuc\u0301i se, ove komponente efikasno obnavljaju ravnote\u017eu vode u ko\u017ei, elimini\u0161u perutanje i iritaciju i tako\u0111e ujedna\u010davaju njen mikroreljef. \u0160tavi\u0161e, zahvaljujuc\u0301i AQUAXYL\u2122, ko\u017ea postaje mnogo otpornija na nepovoljne uslove okoline. Palmitoil pentapeptid-4 - stimuli\u0161e sintezu kolagena, elastina i glikozaminoglikana, zahvaljujuc\u0301i tome se obnavlja debljina ko\u017ee koja se smanjuje sa godinama, \u0161to dovodi do bora. Peptid obnavlja matriks ko\u017ee, vidno smanjuje dubinu i du\u017einu bora.<\/p>\n<p><strong>Na\u010din upotrebe:<\/strong>\u00a0Nanesite nekoliko kapi seruma na ko\u017eu lica, nakon upotrebe tonika. Rasporedite ne\u017enim masirajuc\u0301im pokretima.<\/p>\n<hr \/>\n<div><em><strong><em>Sastojci:<\/em><\/strong>\u00a0Water, butylene glycol, glycerin, 1,2-hexanediol, hemp oil, glyceryl glucoside, ceteareth-6olibate, diglycerin, sodium polyacryloyldimethyltaurate, xylitol glucoside, polyquarter Nium-51, sodium hyaluronate, anhydroxylitol, squalane, tocopheryl acetate, xylitol, ethylhexyl glycerin, adenosine, glucose, butes-3, propanediol, sodium benzotriazolylbutylphenol sulfonate, sodium Hyaluronate crosspolymer, ceramide 3, ethanol, hydrolyzed glycosaminoglycan, hydrogenated lecithin, tris(tetramethylhydroxypiperidinol) citrate, hydrolyzed collagen, dipropylene glycerol Cole, Reed Extract, Bokryeong Extract, Benzyl Glycol, Yellow No. 5, Tributyl Citrate, Glycereth-20, Hydrolyzed Hyaluronic Acid, PEG-10 Leap Seed Sterol, Beta-Glucan, Glycer Ryl Stearate, Caprylyl Glycol, Sodium Acetylated Hyaluronate, Polysorbate 20, Lecithin, Hyaluronic Acid, Raspberry Ketone, Palmitoyl Pentapeptide-4, Fragrance<\/em><\/div>","protected":false},"excerpt":{"rendered":"<p>Serum protiv starenja sa kolagenom. 100ml<\/p>","protected":false},"featured_media":5098,"template":"","meta":[],"product_cat":[323,386,261],"product_tag":[304],"featured_image_urls":{"full":["https:\/\/medipeel.rs\/wp-content\/uploads\/2023\/02\/derma-maison-time-wrinkle-collagen-volume-ampoule.jpg",1200,1200,false],"thumbnail":["https:\/\/medipeel.rs\/wp-content\/uploads\/2023\/02\/derma-maison-time-wrinkle-collagen-volume-ampoule-150x150.jpg",150,150,true],"medium":["https:\/\/medipeel.rs\/wp-content\/uploads\/2023\/02\/derma-maison-time-wrinkle-collagen-volume-ampoule-300x300.jpg",300,300,true],"medium_large":["https:\/\/medipeel.rs\/wp-content\/uploads\/2023\/02\/derma-maison-time-wrinkle-collagen-volume-ampoule-768x768.jpg",768,768,true],"large":["https:\/\/medipeel.rs\/wp-content\/uploads\/2023\/02\/derma-maison-time-wrinkle-collagen-volume-ampoule-1024x1024.jpg",1024,1024,true],"1536x1536":["https:\/\/medipeel.rs\/wp-content\/uploads\/2023\/02\/derma-maison-time-wrinkle-collagen-volume-ampoule.jpg",1200,1200,false],"2048x2048":["https:\/\/medipeel.rs\/wp-content\/uploads\/2023\/02\/derma-maison-time-wrinkle-collagen-volume-ampoule.jpg",1200,1200,false],"trp-custom-language-flag":["https:\/\/medipeel.rs\/wp-content\/uploads\/2023\/02\/derma-maison-time-wrinkle-collagen-volume-ampoule-12x12.jpg",12,12,true],"vcmegaposts-masonry":["https:\/\/medipeel.rs\/wp-content\/uploads\/2023\/02\/derma-maison-time-wrinkle-collagen-volume-ampoule-500x500.jpg",500,500,true],"vcmegaposts-normal":["https:\/\/medipeel.rs\/wp-content\/uploads\/2023\/02\/derma-maison-time-wrinkle-collagen-volume-ampoule-800x800.jpg",800,800,true],"vcmegaposts-type1":["https:\/\/medipeel.rs\/wp-content\/uploads\/2023\/02\/derma-maison-time-wrinkle-collagen-volume-ampoule-800x500.jpg",800,500,true],"woocommerce_thumbnail":["https:\/\/medipeel.rs\/wp-content\/uploads\/2023\/02\/derma-maison-time-wrinkle-collagen-volume-ampoule-450x600.jpg",450,600,true],"woocommerce_single":["https:\/\/medipeel.rs\/wp-content\/uploads\/2023\/02\/derma-maison-time-wrinkle-collagen-volume-ampoule-600x600.jpg",600,600,true],"woocommerce_gallery_thumbnail":["https:\/\/medipeel.rs\/wp-content\/uploads\/2023\/02\/derma-maison-time-wrinkle-collagen-volume-ampoule-100x100.jpg",100,100,true]},"post_excerpt_stackable":"<p>\u0410\u043d\u0442\u0438\u0432\u043e\u0437\u0440\u0430\u0441\u0442\u043d\u0430\u044f \u0430\u043c\u043f\u0443\u043b\u044c\u043d\u0430\u044f \u0441\u044b\u0432\u043e\u0440\u043e\u0442\u043a\u0430 \u0441 \u043a\u043e\u043b\u043b\u0430\u0433\u0435\u043d\u043e\u043c. 100ml<\/p>\n","category_list":"","author_info":{"name":"","url":""},"comments_num":"0 comments","jetpack_sharing_enabled":true,"_links":{"self":[{"href":"https:\/\/medipeel.rs\/sr\/wp-json\/wp\/v2\/product\/5097"}],"collection":[{"href":"https:\/\/medipeel.rs\/sr\/wp-json\/wp\/v2\/product"}],"about":[{"href":"https:\/\/medipeel.rs\/sr\/wp-json\/wp\/v2\/types\/product"}],"version-history":[{"count":3,"href":"https:\/\/medipeel.rs\/sr\/wp-json\/wp\/v2\/product\/5097\/revisions"}],"predecessor-version":[{"id":5335,"href":"https:\/\/medipeel.rs\/sr\/wp-json\/wp\/v2\/product\/5097\/revisions\/5335"}],"wp:featuredmedia":[{"embeddable":true,"href":"https:\/\/medipeel.rs\/sr\/wp-json\/wp\/v2\/media\/5098"}],"wp:attachment":[{"href":"https:\/\/medipeel.rs\/sr\/wp-json\/wp\/v2\/media?parent=5097"}],"wp:term":[{"taxonomy":"product_cat","embeddable":true,"href":"https:\/\/medipeel.rs\/sr\/wp-json\/wp\/v2\/product_cat?post=5097"},{"taxonomy":"product_tag","embeddable":true,"href":"https:\/\/medipeel.rs\/sr\/wp-json\/wp\/v2\/product_tag?post=5097"}],"curies":[{"name":"wp","href":"https:\/\/api.w.org\/{rel}","templated":true}]}}