{"id":5154,"date":"2023-03-09T14:50:34","date_gmt":"2023-03-09T11:50:34","guid":{"rendered":"https:\/\/medipeel.rs\/?post_type=product&#038;p=5154"},"modified":"2025-10-09T18:00:28","modified_gmt":"2025-10-09T16:00:28","slug":"medi-peel-phyto-cica-nol-b5-spot-patch_","status":"publish","type":"product","link":"https:\/\/medipeel.rs\/sr\/\u043f\u0440\u043e\u0438\u0437\u0432\u043e\u0434\/medi-peel-phyto-cica-nol-b5-spot-patch_\/","title":{"rendered":"Medi-Peel Phyto CICA-Nol B5 Spot Patch"},"content":{"rendered":"<p class=\" translation-block\">Spot flasteri za uklanjanje upala sa Centellom Medi-Peel Phyto CICA-Nol B5 Spot Patch lako prijanju na podru\u010dje upale, smanjuju crvenilo i ubrzavaju zarastanje bubuljica. Proizvod \u0161titi od prodiranja \u0161tetnih supstanci u ko\u017eu, smanjuje izra\u017eenost upale. Flasteri pru\u017eaju prozra\u010dnost i vodootpornost, sakrivaju problemati\u010dnu oblast, apsorbuju sekret iz bubuljice i obnavljaju o\u0161tec\u0301eno mesto. Tanak polu-mat materijal nije primetan na ko\u017ei, mo\u017ee se koristiti pre nano\u0161enja \u0161minke. <br>\nU osnovi proizvoda je kompleks CICA-Nol B5, osnovan na bazi ekstrakta Centella asiatica 73%, njegova \u010detiri derivata (madekasozid, madekasi\u010dna kiselina, azijatikozid, azijska kiselina) i vitamin B5 18,5% (pantenol) \u2013 njegovo delovanje  je usmereno na aktivno umirujuc\u0301e i obnavljajuc\u0301e dejstvo i otklanjanje upale u najkrac\u0301em moguc\u0301em roku. Kompleks ubla\u017eava iritaciju i crvenilo, savr\u0161eno umiruje, bori se protiv svraba i crvenila i pru\u017ea negu osetljivoj ko\u017ei.<br>\nPrednosti proizvoda:<br>\n1. Ovaj flaster nije samo za hidrataciju, ve\u0107 i za umirenje i  revitalizaciju, on sadr\u017ei Cica-Nol kompleks koji pru\u017ea intenzivnu negu problemati\u010dnih podru\u010dja.<br>\n2. Hidrokoloidni materijal \u010dvrsto prijanja uz ko\u017eu, tako da ne klizi prilikom kretanja i otporan je na vodu ili znoj.<br>\n3. Mo\u017ee se koristiti prakti\u010dno i higijenski, umetanjem linije reza u centar filma sa pri\u010dvr\u0161c\u0301enom flasterom. <br>\n4. Polu-mat providni materijal koji odgovara tonu ko\u017ee.<br>\n5. Hipoalergenski proizvod. \n<br>Pogodan za osetljivu ko\u017eu.<\/p>\n<p><strong>Na\u010din upotrebe:<\/strong> savijte za\u0161titnu foliju na koju flaster pri\u010dvr\u0161c\u0301en, pridr\u017eite kraj flastera. Nanesite flaster na o\u010di\u0161c\u0301eno podru\u010dje ko\u017ee, ostavite 8-12 sati. Promenite flaster kada njegov sadr\u017eaj postane beo.<\/p>\n<hr \/>\n<p><em><strong><em>Sastojci:<\/em><\/strong> Centella Asiatica Extract (73,5%), Panthenol(18,5%), Madecassoside, Asiaticoside, Asiatic Acid, Water, 1,2-Hexanediol<\/em><\/p>","protected":false},"excerpt":{"rendered":"<p>Spot flasteri za uklanjanje upale sa centelom. 12 kom.<\/p>","protected":false},"featured_media":5155,"template":"","meta":[],"product_cat":[264,349,379,396,314],"product_tag":[397],"featured_image_urls":{"full":["https:\/\/medipeel.rs\/wp-content\/uploads\/2023\/03\/medi-peel-phyto-cica-nol-b5-spot-patch.jpg",1200,1200,false],"thumbnail":["https:\/\/medipeel.rs\/wp-content\/uploads\/2023\/03\/medi-peel-phyto-cica-nol-b5-spot-patch-150x150.jpg",150,150,true],"medium":["https:\/\/medipeel.rs\/wp-content\/uploads\/2023\/03\/medi-peel-phyto-cica-nol-b5-spot-patch-300x300.jpg",300,300,true],"medium_large":["https:\/\/medipeel.rs\/wp-content\/uploads\/2023\/03\/medi-peel-phyto-cica-nol-b5-spot-patch-768x768.jpg",768,768,true],"large":["https:\/\/medipeel.rs\/wp-content\/uploads\/2023\/03\/medi-peel-phyto-cica-nol-b5-spot-patch-1024x1024.jpg",1024,1024,true],"1536x1536":["https:\/\/medipeel.rs\/wp-content\/uploads\/2023\/03\/medi-peel-phyto-cica-nol-b5-spot-patch.jpg",1200,1200,false],"2048x2048":["https:\/\/medipeel.rs\/wp-content\/uploads\/2023\/03\/medi-peel-phyto-cica-nol-b5-spot-patch.jpg",1200,1200,false],"trp-custom-language-flag":["https:\/\/medipeel.rs\/wp-content\/uploads\/2023\/03\/medi-peel-phyto-cica-nol-b5-spot-patch-12x12.jpg",12,12,true],"vcmegaposts-masonry":["https:\/\/medipeel.rs\/wp-content\/uploads\/2023\/03\/medi-peel-phyto-cica-nol-b5-spot-patch-500x500.jpg",500,500,true],"vcmegaposts-normal":["https:\/\/medipeel.rs\/wp-content\/uploads\/2023\/03\/medi-peel-phyto-cica-nol-b5-spot-patch-800x800.jpg",800,800,true],"vcmegaposts-type1":["https:\/\/medipeel.rs\/wp-content\/uploads\/2023\/03\/medi-peel-phyto-cica-nol-b5-spot-patch-800x500.jpg",800,500,true],"woocommerce_thumbnail":["https:\/\/medipeel.rs\/wp-content\/uploads\/2023\/03\/medi-peel-phyto-cica-nol-b5-spot-patch-450x600.jpg",450,600,true],"woocommerce_single":["https:\/\/medipeel.rs\/wp-content\/uploads\/2023\/03\/medi-peel-phyto-cica-nol-b5-spot-patch-600x600.jpg",600,600,true],"woocommerce_gallery_thumbnail":["https:\/\/medipeel.rs\/wp-content\/uploads\/2023\/03\/medi-peel-phyto-cica-nol-b5-spot-patch-100x100.jpg",100,100,true]},"post_excerpt_stackable":"<p>\u0422\u043e\u0447\u0435\u0447\u043d\u044b\u0435 \u043f\u0430\u0442\u0447\u0438 \u0434\u043b\u044f \u0443\u0434\u0430\u043b\u0435\u043d\u0438\u044f \u0432\u043e\u0441\u043f\u0430\u043b\u0435\u043d\u0438\u0439 \u0441 \u0446\u0435\u043d\u0442\u0435\u043b\u043b\u043e\u0439. 12 \u0448\u0442.<\/p>\n","category_list":"","author_info":{"name":"","url":""},"comments_num":"0 comments","jetpack_sharing_enabled":true,"_links":{"self":[{"href":"https:\/\/medipeel.rs\/sr\/wp-json\/wp\/v2\/product\/5154"}],"collection":[{"href":"https:\/\/medipeel.rs\/sr\/wp-json\/wp\/v2\/product"}],"about":[{"href":"https:\/\/medipeel.rs\/sr\/wp-json\/wp\/v2\/types\/product"}],"version-history":[{"count":1,"href":"https:\/\/medipeel.rs\/sr\/wp-json\/wp\/v2\/product\/5154\/revisions"}],"predecessor-version":[{"id":5156,"href":"https:\/\/medipeel.rs\/sr\/wp-json\/wp\/v2\/product\/5154\/revisions\/5156"}],"wp:featuredmedia":[{"embeddable":true,"href":"https:\/\/medipeel.rs\/sr\/wp-json\/wp\/v2\/media\/5155"}],"wp:attachment":[{"href":"https:\/\/medipeel.rs\/sr\/wp-json\/wp\/v2\/media?parent=5154"}],"wp:term":[{"taxonomy":"product_cat","embeddable":true,"href":"https:\/\/medipeel.rs\/sr\/wp-json\/wp\/v2\/product_cat?post=5154"},{"taxonomy":"product_tag","embeddable":true,"href":"https:\/\/medipeel.rs\/sr\/wp-json\/wp\/v2\/product_tag?post=5154"}],"curies":[{"name":"wp","href":"https:\/\/api.w.org\/{rel}","templated":true}]}}