{"id":5259,"date":"2023-05-09T19:38:23","date_gmt":"2023-05-09T16:38:23","guid":{"rendered":"https:\/\/medipeel.rs\/?post_type=product&#038;p=5259"},"modified":"2025-10-19T14:30:14","modified_gmt":"2025-10-19T12:30:14","slug":"medi-peel-peptide-tox-bor-eye-cream2-2","status":"publish","type":"product","link":"https:\/\/medipeel.rs\/sr\/\u043f\u0440\u043e\u0438\u0437\u0432\u043e\u0434\/medi-peel-peptide-tox-bor-eye-cream2-2\/","title":{"rendered":"Medi-Peel Peptide-Tox Bor Eye Cream"},"content":{"rendered":"<p class=\" translation-block\">Lifting krema za podru\u010dje oko o\u010diju sa peptidnim kompleksom efikasno zagla\u0111uje bore smijalice i mimi\u010dke bore oko o\u010diju, zate\u017ee i hidrira. Spre\u010dava pojavu novih nabora, povec\u0301ava elasti\u010dnost i zate\u017ee tkiva.\nProizvod ima primetan efekat sli\u010dan botoksu, povec\u0301ava elasti\u010dnost tanke ko\u017ee o\u010dnih kapaka i spre\u010dava pojavu ko\u017enih nabora. Bori se protiv suvoc\u0301e i zategnutosti, hrani i stimuli\u0161e sintezu kolagenih vlakana. Ne\u017eno osvetljava tamne krugove i osve\u017eava o\u010di.<br>\nGlavni aktivni sastojci:<br>\n5% kompleksa Peptide-tox ne samo da stimuli\u0161e regeneraciju c\u0301elija i povec\u0301ava proizvodnju sopstvenog kolagena, vec\u0301 ima i efekat sli\u010dan botulinu: argirelin peptid, poput relaksanta mi\u0161ic\u0301a, opu\u0161ta mi\u0161ic\u0301e lica, smanjujuc\u0301i na taj na\u010din mimi\u010dke bore.<br>\nVolufilin (anemarrhenae asphodeloides) aktivno stimuli\u0161e lokalnu akumulaciju masnog tkiva, povec\u0301avajuc\u0301i gustinu i elasti\u010dnost, elimini\u0161uc\u0301i opu\u0161tanje i izgla\u0111ujuc\u0301i bore.<br>\nHidrolizovani kolagen i elastin ja\u010daju c\u0301elijske zidove, pobolj\u0161avaju metabolizam proteina. Podr\u017eava matricu, izgla\u0111uje bore i nabore.<br>\nHijaluronska kiselina prodire duboko u epidermis, elimini\u0161e dehidraciju, nadoknadi nedostatak vlage, elimini\u0161e suvoc\u0301u i \u0161titi od starenja.<br>\nPatentirani kompleks ACTIMP Powder BIO na bazi ekstrakta bele lupine, zna\u010dajno zagla\u0111uje \u010dak i duboke i izra\u017eene bore i vidno smanjuje njihovu dubinu. Ima izra\u017een lifting efekat, zate\u017ee i ja\u010da turgor.<br>\nSYN-Coll je moc\u0301an kompleks protiv starenja koji aktivno stimuli\u0161e sintezu kolagena i spre\u010dava njegovo uni\u0161tavanje. Pobolj\u0161ava turgor, smanjuje dubinu izra\u017eenih mimi\u010dnih i starosnih bora, izgla\u0111uje nabore ko\u017ee i zate\u017ee.<br>\nBotaniceutical Plus-10 je patentirani kompleks od 10 biljnih ekstrakata koji spre\u010davaju starenje, poma\u017eu i u izbjeljivanju hiperpigmentacije, povec\u0301avaju funkcije ko\u017ee i odr\u017eavaju elasti\u010dnost.<br>\nPogodno za zrelu ko\u017eu.<\/p>\n<p><strong>Na\u010din upotrebe:<\/strong> Nanesite tanak sloj na podru\u010dje nakon upotrebe seruma.<\/p>\n<hr \/>\n<div><em><strong><em>Sastojci:<\/em><\/strong> <span data-sheets-value=\"{&quot;1&quot;:2,&quot;2&quot;:&quot;Water, Glycerin, Caprylic\/Capric Triglyceride, Butylene Glycol, Polyglyceryl-3 Methylglucose Distearate, Cetearyl Alcohol, Stearic acid, Niacinamide, Butyrospermum Parkii (Shea) Butter, Glyceryl Stearate, Macadamia Integrifolia Seed Oil, Simmondsia Chinensis (Jojoba) Seed Oil, Persea Gratissima (Avocado) Oil, Squalane, Hydrogenated Polyisobutene, Anemarrhena Asphodeloides Root Extract, Panthenol, Betaine, Hydrolyzed Lupine Protein, Hydrolyzed Collagen, Hydrolyzed Elastin, Acetyl Hexapeptide-8(100 ppb), Copper Tripeptide-1(100 ppb), Palmitoyl Pentapeptide-4(100 ppb), Tripeptide-1(100 ppb), Palmitoyl Tripeptide-1(100 ppb), Hexapeptide-9(50 ppb), Nonapeptide-1(10 ppb), Caprylyl Glycol, Palmitoyl Tetrapeptide-7(100 ppb), Palmitoyl Tripeptide-5(110 ppb), Lavandula Angustifolia (Lavender) Extract, Rosmarinus Officinalis (Rosemary) Extract, Origanum Vulgare Flower\/Leaf\/Stem Extract, Thymus Vulgaris (Thyme) Extract, Glycyrrhiza Glabra (Licorice) Root Extract, Cimicifuga Dahurica Root Extract, Polygonum Multiflorum Root Extract, Sesamum Indicum (Sesame) Seed Extract, Phellinus Linteus Extract, Angelica Gigas Root Extract, Morus Alba Bark Extract, Paeonia Albiflora Root Extract, Sophora Angustifolia Root Extract, Scutellaria Baicalensis Root Extract, Illicium Verum (Anise) Fruit Extract, Sodium Hyaluronate, Carbomer, Allantoin, Disodium EDTA, Ethylhexylglycerin, 1,2-Hexanediol, Cetyl Ethylhexanoate, Dimethicone, Cyclohexasiloxane, Adenosine, Tromethamine, Caramel, Fragrance&quot;}\" data-sheets-userformat=\"{&quot;2&quot;:573,&quot;3&quot;:{&quot;1&quot;:0},&quot;5&quot;:{&quot;1&quot;:[{&quot;1&quot;:2,&quot;2&quot;:0,&quot;5&quot;:{&quot;1&quot;:2,&quot;2&quot;:0}},{&quot;1&quot;:0,&quot;2&quot;:0,&quot;3&quot;:3},{&quot;1&quot;:1,&quot;2&quot;:0,&quot;4&quot;:1}]},&quot;6&quot;:{&quot;1&quot;:[{&quot;1&quot;:2,&quot;2&quot;:0,&quot;5&quot;:{&quot;1&quot;:2,&quot;2&quot;:0}},{&quot;1&quot;:0,&quot;2&quot;:0,&quot;3&quot;:3},{&quot;1&quot;:1,&quot;2&quot;:0,&quot;4&quot;:1}]},&quot;7&quot;:{&quot;1&quot;:[{&quot;1&quot;:2,&quot;2&quot;:0,&quot;5&quot;:{&quot;1&quot;:2,&quot;2&quot;:0}},{&quot;1&quot;:0,&quot;2&quot;:0,&quot;3&quot;:3},{&quot;1&quot;:1,&quot;2&quot;:0,&quot;4&quot;:1}]},&quot;8&quot;:{&quot;1&quot;:[{&quot;1&quot;:2,&quot;2&quot;:0,&quot;5&quot;:{&quot;1&quot;:2,&quot;2&quot;:0}},{&quot;1&quot;:0,&quot;2&quot;:0,&quot;3&quot;:3},{&quot;1&quot;:1,&quot;2&quot;:0,&quot;4&quot;:1}]},&quot;12&quot;:0}\">Water, Glycerin, Caprylic\/Capric Triglyceride, Butylene Glycol, Polyglyceryl-3 Methylglucose Distearate, Cetearyl Alcohol, Stearic acid, Niacinamide, Butyrospermum Parkii (Shea) Butter, Glyceryl Stearate, Macadamia Integrifolia Seed Oil, Simmondsia Chinensis (Jojoba) Seed Oil, Persea Gratissima (Avocado) Oil, Squalane, Hydrogenated Polyisobutene, Anemarrhena Asphodeloides Root Extract, Panthenol, Betaine, Hydrolyzed Lupine Protein, Hydrolyzed Collagen, Hydrolyzed Elastin, Acetyl Hexapeptide-8(100 ppb), Copper Tripeptide-1(100 ppb), Palmitoyl Pentapeptide-4(100 ppb), Tripeptide-1(100 ppb), Palmitoyl Tripeptide-1(100 ppb), Hexapeptide-9(50 ppb), Nonapeptide-1(10 ppb), Caprylyl Glycol, Palmitoyl Tetrapeptide-7(100 ppb), Palmitoyl Tripeptide-5(110 ppb), Lavandula Angustifolia (Lavender) Extract, Rosmarinus Officinalis (Rosemary) Extract, Origanum Vulgare Flower\/Leaf\/Stem Extract, Thymus Vulgaris (Thyme) Extract, Glycyrrhiza Glabra (Licorice) Root Extract, Cimicifuga Dahurica Root Extract, Polygonum Multiflorum Root Extract, Sesamum Indicum (Sesame) Seed Extract, Phellinus Linteus Extract, Angelica Gigas Root Extract, Morus Alba Bark Extract, Paeonia Albiflora Root Extract, Sophora Angustifolia Root Extract, Scutellaria Baicalensis Root Extract, Illicium Verum (Anise) Fruit Extract, Sodium Hyaluronate, Carbomer, Allantoin, Disodium EDTA, Ethylhexylglycerin, 1,2-Hexanediol, Cetyl Ethylhexanoate, Dimethicone, Cyclohexasiloxane, Adenosine, Tromethamine, Caramel, Fragrance<\/span><\/em><\/div>","protected":false},"excerpt":{"rendered":"<p>Peptidna lifting krema za o\u010di sa efektom botoksa. 40 ml<\/p>","protected":false},"featured_media":5226,"template":"","meta":[],"product_cat":[311,346,386,256,410],"product_tag":[310],"featured_image_urls":{"full":["https:\/\/medipeel.rs\/wp-content\/uploads\/2023\/05\/medi-peel-peptide-tox-bor-eye-cream.jpg",1200,1200,false],"thumbnail":["https:\/\/medipeel.rs\/wp-content\/uploads\/2023\/05\/medi-peel-peptide-tox-bor-eye-cream-150x150.jpg",150,150,true],"medium":["https:\/\/medipeel.rs\/wp-content\/uploads\/2023\/05\/medi-peel-peptide-tox-bor-eye-cream-300x300.jpg",300,300,true],"medium_large":["https:\/\/medipeel.rs\/wp-content\/uploads\/2023\/05\/medi-peel-peptide-tox-bor-eye-cream-768x768.jpg",768,768,true],"large":["https:\/\/medipeel.rs\/wp-content\/uploads\/2023\/05\/medi-peel-peptide-tox-bor-eye-cream-1024x1024.jpg",1024,1024,true],"1536x1536":["https:\/\/medipeel.rs\/wp-content\/uploads\/2023\/05\/medi-peel-peptide-tox-bor-eye-cream.jpg",1200,1200,false],"2048x2048":["https:\/\/medipeel.rs\/wp-content\/uploads\/2023\/05\/medi-peel-peptide-tox-bor-eye-cream.jpg",1200,1200,false],"trp-custom-language-flag":["https:\/\/medipeel.rs\/wp-content\/uploads\/2023\/05\/medi-peel-peptide-tox-bor-eye-cream-12x12.jpg",12,12,true],"vcmegaposts-masonry":["https:\/\/medipeel.rs\/wp-content\/uploads\/2023\/05\/medi-peel-peptide-tox-bor-eye-cream-500x500.jpg",500,500,true],"vcmegaposts-normal":["https:\/\/medipeel.rs\/wp-content\/uploads\/2023\/05\/medi-peel-peptide-tox-bor-eye-cream-800x800.jpg",800,800,true],"vcmegaposts-type1":["https:\/\/medipeel.rs\/wp-content\/uploads\/2023\/05\/medi-peel-peptide-tox-bor-eye-cream-800x500.jpg",800,500,true],"woocommerce_thumbnail":["https:\/\/medipeel.rs\/wp-content\/uploads\/2023\/05\/medi-peel-peptide-tox-bor-eye-cream-450x600.jpg",450,600,true],"woocommerce_single":["https:\/\/medipeel.rs\/wp-content\/uploads\/2023\/05\/medi-peel-peptide-tox-bor-eye-cream-600x600.jpg",600,600,true],"woocommerce_gallery_thumbnail":["https:\/\/medipeel.rs\/wp-content\/uploads\/2023\/05\/medi-peel-peptide-tox-bor-eye-cream-100x100.jpg",100,100,true]},"post_excerpt_stackable":"<p>\u041f\u0435\u043f\u0442\u0438\u0434\u043d\u044b\u0439 \u043b\u0438\u0444\u0442\u0438\u043d\u0433-\u043a\u0440\u0435\u043c \u0434\u043b\u044f \u0432\u0435\u043a \u0441 \u044d\u0444\u0444\u0435\u043a\u0442\u043e\u043c \u0431\u043e\u0442\u043e\u043a\u0441\u0430. 40 ml<\/p>\n","category_list":"","author_info":{"name":"","url":""},"comments_num":"0 comments","jetpack_sharing_enabled":true,"_links":{"self":[{"href":"https:\/\/medipeel.rs\/sr\/wp-json\/wp\/v2\/product\/5259"}],"collection":[{"href":"https:\/\/medipeel.rs\/sr\/wp-json\/wp\/v2\/product"}],"about":[{"href":"https:\/\/medipeel.rs\/sr\/wp-json\/wp\/v2\/types\/product"}],"version-history":[{"count":2,"href":"https:\/\/medipeel.rs\/sr\/wp-json\/wp\/v2\/product\/5259\/revisions"}],"predecessor-version":[{"id":7812,"href":"https:\/\/medipeel.rs\/sr\/wp-json\/wp\/v2\/product\/5259\/revisions\/7812"}],"wp:featuredmedia":[{"embeddable":true,"href":"https:\/\/medipeel.rs\/sr\/wp-json\/wp\/v2\/media\/5226"}],"wp:attachment":[{"href":"https:\/\/medipeel.rs\/sr\/wp-json\/wp\/v2\/media?parent=5259"}],"wp:term":[{"taxonomy":"product_cat","embeddable":true,"href":"https:\/\/medipeel.rs\/sr\/wp-json\/wp\/v2\/product_cat?post=5259"},{"taxonomy":"product_tag","embeddable":true,"href":"https:\/\/medipeel.rs\/sr\/wp-json\/wp\/v2\/product_tag?post=5259"}],"curies":[{"name":"wp","href":"https:\/\/api.w.org\/{rel}","templated":true}]}}