{"id":5267,"date":"2023-04-25T19:16:18","date_gmt":"2023-04-25T16:16:18","guid":{"rendered":"https:\/\/medipeel.rs\/?post_type=product&#038;p=5267"},"modified":"2023-05-16T22:46:36","modified_gmt":"2023-05-16T19:46:36","slug":"medi-peel-phyto-cica-nol-b5-moisture-shampoo2-2","status":"publish","type":"product","link":"https:\/\/medipeel.rs\/sr\/\u043f\u0440\u043e\u0438\u0437\u0432\u043e\u0434\/medi-peel-phyto-cica-nol-b5-moisture-shampoo2-2\/","title":{"rendered":"Medi-Peel Phyto Cica-Nol B5 Moisture Shampoo"},"content":{"rendered":"<p class=\" translation-block\">Hidratantni fito-\u0161ampon za masno i osetljivo vlasi\u0161te delikatno uklanja ne\u010distoc\u0301e sa povr\u0161ine ko\u017ee glave, ubla\u017eava iritaciju i svrab. Temeljno ispire kosu, vla\u017ei i hrani.\nBori se protiv peruti, perutanja i prekomerne masnoc\u0301e ko\u017ee glave, elimini\u0161e neprijatne mirise, normalizuje pH ravnote\u017eu. Spre\u010dava suvoc\u0301u i lomljivost, ja\u010da kosu.\nDaje osec\u0301aj hladnoc\u0301e, prijatno osve\u017eava nakon pranja. Pogodno za osetljivu ko\u017eu glave.<br>\nSadr\u017ei CICA-Nol B5, koji se sastoji od kompleksa Centella (ekstrakt lista Centella, Madekasozid, Madekasi\u010dna kiselina, Azijatikozid i Azijska kiselina) i Panthenol. Komponenta smiruje crvenilo i iritaciju, povec\u0301ava za\u0161titnu funkciju ko\u017ee, stvara okru\u017eenje za zdrav rast kose.\nZa kompleks CICA-Nol B5 koristi se ekolo\u0161ki prihvatljiva centella (47.499 ppm), koja raste u ekolo\u0161ki \u010distom podru\u010dju - na ostrvu Jeju. Ekstrakt Centella se priprema 100 sati na niskoj temperaturi (20-30\u00b0C), \u0161to vam omoguc\u0301ava da u\u0161tedite maksimum korisnih supstanci u procesu ekstrakcije.<br>\nDodatni aktivni sastojci:<br>\nBiotin je vitamin B7. Sadr\u017ei korisne elemente u tragovima koji podsti\u010du rast kose i stimuli\u0161u bu\u0111enje folikula dlake. Intenzivno neguje i obnavlja kosu u samom korenu, vla\u017ei ko\u017eu glave i poma\u017ee u le\u010denju o\u0161tec\u0301ene strukture kose.<br>\n17 aminokiselina povec\u0301avaju elasti\u010dnost kose, \u010dine pramenove jakim i elasti\u010dnim. Vratite vitalnost i zdrav sjaj, omotajte nevidljivom za\u0161titnom barijerom.<br>\nPurerex AC - biljni kompleks ekstrakta eukaliptusa i lovora, normalizuje lu\u010denje sebuma, spre\u010dava prekomernu masnoc\u0301u ko\u017ee glave.<br>\nKeratin elimini\u0161e suvoc\u0301u, omek\u0161ava, stvara barijeru vlage, spre\u010dava lomljenje i stanje.<br>\nMentol pobolj\u0161ava cirkulaciju krvi i ishranu folikula dlake, \u010dime stimuli\u0161e rast kose, a tako\u0111e normalizuje aktivnost lojnih \u017elezda.<br>\nCeramidi ispunjavaju pramenove vitalno\u0161c\u0301u i \u010dine ih izdr\u017eljivijim, obnavljaju o\u0161tec\u0301ena podru\u010dja, daju sjaj i svilenkastost.<br>\nPogodno za masno i osetljivo vlasi\u0161te.<\/p>\n<p><strong>Na\u010din upotrebe:<\/strong> Iscijedite potrebnu koli\u010dinu \u0161ampona po rukama, nanesite na kosu i rasporedite po cijeloj du\u017eini kose, sa\u010dekajte 1-2 minuta i temeljito isperite.<\/p>\n<hr \/>\n<div><em><strong><em>Sastojci:<\/em><\/strong> <span data-sheets-value=\"{&quot;1&quot;:2,&quot;2&quot;:&quot;Water, centella asiatica leaf extract (47,499 ppm), lauryl hydroxysultamine, disodium laureth sulfosuccinate, lauryl glucoside, cocamidopropyl betaine, sodium chloride, madecassoside (80 ppb), asiatic acid (30 ppb), madecassic acid (30 ppb), asiaticosic acid (150 ppb), asiaticoside (9 ppb), panthenol (8.10 ppm), menthol, caprylyl glycol, polyquaternium-1, butylene glycol, 2,3-hexanediol, disodium edta, citric acid, glycerin, gluconolactone, xylityl glucoside, anhydroxylitol, hydrogenated lecithin, octyldodecanol, caprylic\/capric triglyceride, xylitol, hydrolyzed keratin, polyglyceryl-4 methylglucose distearate, ceramide NP, mexicanchia seed extract, glycine, glucose, serine, glutamic acid, biosaccharide gum-3, tea tree leaf extract, cetearyl alcohol, bavasu seed oil, cetearyl glucoside, methyl glucose sesquistearate, aspartic acid, Leucine, persimmon extract, camellia leaf extract, carob fruit extract, eucalyptus leaf extract, bay leaf extract, lysine, arginine, alanine, threonine, proline, valine, isoleucine, tyrosine, phenylalanine, histidine, hydrolyzed hyaluronic acid, hyaluronic acid, hydrolyzed sodium hyaluronate, methionine, cysteine, hydroxypropyltrimonium hyaluronate, sodium hyaluronate, sodium hyaluronate crosspolymer, potassium hyaluronate, biotin, pearl extract, nacre, sodium acetylated hyaluronate, green 4, yellow 120, peg-&lt;&gt; methylglucose dioliate, phenoxyethanol, fragrance, linalool, limonene, citronellol, geraniol&quot;}\" data-sheets-userformat=\"{&quot;2&quot;:573,&quot;3&quot;:{&quot;1&quot;:0},&quot;5&quot;:{&quot;1&quot;:[{&quot;1&quot;:2,&quot;2&quot;:0,&quot;5&quot;:{&quot;1&quot;:2,&quot;2&quot;:0}},{&quot;1&quot;:0,&quot;2&quot;:0,&quot;3&quot;:3},{&quot;1&quot;:1,&quot;2&quot;:0,&quot;4&quot;:1}]},&quot;6&quot;:{&quot;1&quot;:[{&quot;1&quot;:2,&quot;2&quot;:0,&quot;5&quot;:{&quot;1&quot;:2,&quot;2&quot;:0}},{&quot;1&quot;:0,&quot;2&quot;:0,&quot;3&quot;:3},{&quot;1&quot;:1,&quot;2&quot;:0,&quot;4&quot;:1}]},&quot;7&quot;:{&quot;1&quot;:[{&quot;1&quot;:2,&quot;2&quot;:0,&quot;5&quot;:{&quot;1&quot;:2,&quot;2&quot;:0}},{&quot;1&quot;:0,&quot;2&quot;:0,&quot;3&quot;:3},{&quot;1&quot;:1,&quot;2&quot;:0,&quot;4&quot;:1}]},&quot;8&quot;:{&quot;1&quot;:[{&quot;1&quot;:2,&quot;2&quot;:0,&quot;5&quot;:{&quot;1&quot;:2,&quot;2&quot;:0}},{&quot;1&quot;:0,&quot;2&quot;:0,&quot;3&quot;:3},{&quot;1&quot;:1,&quot;2&quot;:0,&quot;4&quot;:1}]},&quot;12&quot;:0}\">Water, centella asiatica leaf extract (47,499 ppm), lauryl hydroxysultamine, disodium laureth sulfosuccinate, lauryl glucoside, cocamidopropyl betaine, sodium chloride, madecassoside (80 ppb), asiatic acid (30 ppb), madecassic acid (30 ppb), asiaticosic acid (150 ppb), asiaticoside (9 ppb), panthenol (8.10 ppm), menthol, caprylyl glycol, polyquaternium-1, butylene glycol, 2,3-hexanediol, disodium edta, citric acid, glycerin, gluconolactone, xylityl glucoside, anhydroxylitol, hydrogenated lecithin, octyldodecanol, caprylic\/capric triglyceride, xylitol, hydrolyzed keratin, polyglyceryl-4 methylglucose distearate, ceramide NP, mexicanchia seed extract, glycine, glucose, serine, glutamic acid, biosaccharide gum-3, tea tree leaf extract, cetearyl alcohol, bavasu seed oil, cetearyl glucoside, methyl glucose sesquistearate, aspartic acid, Leucine, persimmon extract, camellia leaf extract, carob fruit extract, eucalyptus leaf extract, bay leaf extract, lysine, arginine, alanine, threonine, proline, valine, isoleucine, tyrosine, phenylalanine, histidine, hydrolyzed hyaluronic acid, hyaluronic acid, hydrolyzed sodium hyaluronate, methionine, cysteine, hydroxypropyltrimonium hyaluronate, sodium hyaluronate, sodium hyaluronate crosspolymer, potassium hyaluronate, biotin, pearl extract, nacre, sodium acetylated hyaluronate, green 4, yellow 120, peg-&lt;&gt; methylglucose dioliate, phenoxyethanol, fragrance, linalool, limonene, citronellol, geraniol<\/span><\/em><\/div>","protected":false},"excerpt":{"rendered":"<p>Hidratantni fito-\u0161ampon za masno i osetljivo vlasi\u0161te. 500ml<\/p>","protected":false},"featured_media":5238,"template":"","meta":[],"product_cat":[375,349,273,366],"product_tag":[411],"featured_image_urls":{"full":["https:\/\/medipeel.rs\/wp-content\/uploads\/2023\/05\/medi-peel-phyto-cica-nol-b5-moisture-shampoo.jpg",1200,1200,false],"thumbnail":["https:\/\/medipeel.rs\/wp-content\/uploads\/2023\/05\/medi-peel-phyto-cica-nol-b5-moisture-shampoo-150x150.jpg",150,150,true],"medium":["https:\/\/medipeel.rs\/wp-content\/uploads\/2023\/05\/medi-peel-phyto-cica-nol-b5-moisture-shampoo-300x300.jpg",300,300,true],"medium_large":["https:\/\/medipeel.rs\/wp-content\/uploads\/2023\/05\/medi-peel-phyto-cica-nol-b5-moisture-shampoo-768x768.jpg",768,768,true],"large":["https:\/\/medipeel.rs\/wp-content\/uploads\/2023\/05\/medi-peel-phyto-cica-nol-b5-moisture-shampoo-1024x1024.jpg",1024,1024,true],"1536x1536":["https:\/\/medipeel.rs\/wp-content\/uploads\/2023\/05\/medi-peel-phyto-cica-nol-b5-moisture-shampoo.jpg",1200,1200,false],"2048x2048":["https:\/\/medipeel.rs\/wp-content\/uploads\/2023\/05\/medi-peel-phyto-cica-nol-b5-moisture-shampoo.jpg",1200,1200,false],"trp-custom-language-flag":["https:\/\/medipeel.rs\/wp-content\/uploads\/2023\/05\/medi-peel-phyto-cica-nol-b5-moisture-shampoo-12x12.jpg",12,12,true],"vcmegaposts-masonry":["https:\/\/medipeel.rs\/wp-content\/uploads\/2023\/05\/medi-peel-phyto-cica-nol-b5-moisture-shampoo-500x500.jpg",500,500,true],"vcmegaposts-normal":["https:\/\/medipeel.rs\/wp-content\/uploads\/2023\/05\/medi-peel-phyto-cica-nol-b5-moisture-shampoo-800x800.jpg",800,800,true],"vcmegaposts-type1":["https:\/\/medipeel.rs\/wp-content\/uploads\/2023\/05\/medi-peel-phyto-cica-nol-b5-moisture-shampoo-800x500.jpg",800,500,true],"woocommerce_thumbnail":["https:\/\/medipeel.rs\/wp-content\/uploads\/2023\/05\/medi-peel-phyto-cica-nol-b5-moisture-shampoo-450x600.jpg",450,600,true],"woocommerce_single":["https:\/\/medipeel.rs\/wp-content\/uploads\/2023\/05\/medi-peel-phyto-cica-nol-b5-moisture-shampoo-600x600.jpg",600,600,true],"woocommerce_gallery_thumbnail":["https:\/\/medipeel.rs\/wp-content\/uploads\/2023\/05\/medi-peel-phyto-cica-nol-b5-moisture-shampoo-100x100.jpg",100,100,true]},"post_excerpt_stackable":"<p>\u0423\u0432\u043b\u0430\u0436\u043d\u044f\u044e\u0449\u0438\u0439 \u0444\u0438\u0442\u043e-\u0448\u0430\u043c\u043f\u0443\u043d\u044c \u0434\u043b\u044f \u0436\u0438\u0440\u043d\u043e\u0439 \u0438 \u0447\u0443\u0432\u0441\u0442\u0432\u0438\u0442\u0435\u043b\u044c\u043d\u043e\u0439 \u043a\u043e\u0436\u0438 \u0433\u043e\u043b\u043e\u0432\u044b. 500ml<\/p>\n","category_list":"","author_info":{"name":"","url":""},"comments_num":"0 comments","jetpack_sharing_enabled":true,"_links":{"self":[{"href":"https:\/\/medipeel.rs\/sr\/wp-json\/wp\/v2\/product\/5267"}],"collection":[{"href":"https:\/\/medipeel.rs\/sr\/wp-json\/wp\/v2\/product"}],"about":[{"href":"https:\/\/medipeel.rs\/sr\/wp-json\/wp\/v2\/types\/product"}],"version-history":[{"count":1,"href":"https:\/\/medipeel.rs\/sr\/wp-json\/wp\/v2\/product\/5267\/revisions"}],"predecessor-version":[{"id":5268,"href":"https:\/\/medipeel.rs\/sr\/wp-json\/wp\/v2\/product\/5267\/revisions\/5268"}],"wp:featuredmedia":[{"embeddable":true,"href":"https:\/\/medipeel.rs\/sr\/wp-json\/wp\/v2\/media\/5238"}],"wp:attachment":[{"href":"https:\/\/medipeel.rs\/sr\/wp-json\/wp\/v2\/media?parent=5267"}],"wp:term":[{"taxonomy":"product_cat","embeddable":true,"href":"https:\/\/medipeel.rs\/sr\/wp-json\/wp\/v2\/product_cat?post=5267"},{"taxonomy":"product_tag","embeddable":true,"href":"https:\/\/medipeel.rs\/sr\/wp-json\/wp\/v2\/product_tag?post=5267"}],"curies":[{"name":"wp","href":"https:\/\/api.w.org\/{rel}","templated":true}]}}