{"id":5271,"date":"2023-05-09T19:23:46","date_gmt":"2023-05-09T16:23:46","guid":{"rendered":"https:\/\/medipeel.rs\/?post_type=product&#038;p=5271"},"modified":"2026-01-31T17:34:23","modified_gmt":"2026-01-31T16:34:23","slug":"medi-peel-phyto-cica-nol-b5-aha-bha-vitamin-calming-toner2-2","status":"publish","type":"product","link":"https:\/\/medipeel.rs\/sr\/\u043f\u0440\u043e\u0438\u0437\u0432\u043e\u0434\/medi-peel-phyto-cica-nol-b5-aha-bha-vitamin-calming-toner2-2\/","title":{"rendered":"Medi-Peel Phyto Cica Nol B5 AHA BHA Vitamin Calming Toner"},"content":{"rendered":"<p class=\" translation-block\">Anti-inflamatorni tonik ima moc\u0301nu multifunkcionalnu kompoziciju koja deluje i na aktivnu borbu protiv akni i iritacija i spre\u010dava pojavu novih nesavr\u0161enosti na ko\u017ei.\nTonik savr\u0161eno rastvara komedone, uklanja vi\u0161ak sebuma i reguli\u0161e rad lojnih \u017elezda. Ima lekovito dejstvo na \u017eari\u0161ta upale i rastvara ustajale ta\u010dke. Uravnote\u017eena kompozicija ne presu\u0161uje i ne izaziva dehidraciju.<br>\nKlju\u010dna komponenta proizvoda je 5% Cica-Nol kompleksa, koji uklju\u010duje 5 vrsta ekstrakta centele (ekstrakt Centella asiatica, madecassoside, asiaticoside, ziatic acid i madecasic acid), kao i pantenol. Takav kompleks ima umirujuc\u0301i i regenerirajuc\u0301i efekat, intenzivno vla\u017ei i promovi\u0161e akumulaciju vlage u c\u0301elijama, zna\u010dajno pobolj\u0161ava ten i ujedna\u010dava ton, smanjuje crvenilo, aktivno hrani i bori se protiv suvoc\u0301e.<br>\nSinergija AHA i BHA kiselina, kao i ekstrakt kore bele vrbe, temeljno eksfoliraju stratum corneum epidermisa, omek\u0161avaju stvrdnute povr\u0161ine. Stimuli\u0161ite procese regeneracije i obnavljanja, ne\u017eno posvetlite i ujedna\u010dite ukupni ton. Promovi\u0161ite zarastanje upale bez tragova post-akni.<br>\nDodatni aktivni sastojci:<br>\nNiacinamid osvetljava, spre\u010dava nastanak pigmentacije, elimini\u0161e masni sjaj i normalizuje rad lojnih \u017elezda.<br>\nEnzimi laktobacila imaju antiinflamatorni efekat, obnavljaju funkcije epidermisa. Ubla\u017euju simptome inflamatornih oboljenja ko\u017ee, smanjuju njenu osetljivost, a tako\u0111e odr\u017eavaju njenu elasti\u010dnost, glatkoc\u0301u i \u010dvrstinu.<br>\nNatural Protector\u2122 (ekstrakti kore bele vrbe, origana, \u010dempresa, portulaka, cimeta, bajkalske kapice, ekstrakta fermentisane soje) - biljni kompleks koji ima antiinflamatorno i antibakterijsko dejstvo, tako\u0111e normalizuje proizvodnju sebuma, umiruje, vla\u017ei i odr\u017eava ravnote\u017eu vode.<br>\nKolagen obnavlja strukturu epidermisa iznutra, ja\u010da zidove c\u0301elija, pobolj\u0161ava metabolizam proteina. Podr\u017eava matricu ko\u017ee, zagla\u0111uje bore i nabore.<br>\nTokoferol \u0161titi od negativnih efekata spolja\u0161njih faktora, spre\u010dava oksidaciju nezasic\u0301enih lipida. Intenzivno zasic\u0301uje vitaminima.<br>\nPogodno za normalnu, kombinovanu i masnu ko\u017eu.<\/p>\n<p><strong>Na\u010din upotrebe:<\/strong> Navla\u017eite pamu\u010dni jastu\u010dic\u0301 sa odgovarajuc\u0301om koli\u010dinom tonera i nanesite na o\u010di\u0161c\u0301eno lice i vrat izbegavajuc\u0301i podru\u010dje oko o\u010diju.<\/p>\n<hr \/>\n<div><em><strong><em>Sastojci:<\/em><\/strong> <span data-sheets-value=\"{&quot;1&quot;:2,&quot;2&quot;:&quot;Purified water, dipropylene glycol, methyl propanediol, glycerin, niacinamide (20,000 ppm), centella asiatica extract (500 ppm), madecassoside (5,000 ppb), asiaticoside (500 ppb), asiatic acid (500 ppb), madecassic acid (500 ppb), panthenol (100 ppm), lactobacillus\/soybean fermentation extract, white willow bark extract, cinnamon bark extract, oregano leaf extract, cypress leaf extract, golden extract, purslane extract, sheet Rick Acid (10 ppm), Lactic Acid (9 ppm), Butylene Glycol, Sodium Hyaluronate, Collagen Extract, Betaine, Allantoin, Adenosine, Salicylic Acid (1,000 ppb), Disodium EDT, Glycer Acrylate\/acrylic acid copolymer, ethylhexylglycerin, 1,2-hexanediol, hydroxyacetophenone, caprylyl glycol, dipotassium glycyrrhizate, polyglyceryl-10 myristate, neopentylglyc Lycol Dicaprate, Cetylethylhexanoate, Ceteth-20, Steareth-20, Glyceryl Stearate, Cetearyl Alcohol, Tocopheryl Acetate, Carbomer, Tromethamine, Blue No. 1, Yellow No. 4 , flavoring&quot;}\" data-sheets-userformat=\"{&quot;2&quot;:573,&quot;3&quot;:{&quot;1&quot;:0},&quot;5&quot;:{&quot;1&quot;:[{&quot;1&quot;:2,&quot;2&quot;:0,&quot;5&quot;:{&quot;1&quot;:2,&quot;2&quot;:0}},{&quot;1&quot;:0,&quot;2&quot;:0,&quot;3&quot;:3},{&quot;1&quot;:1,&quot;2&quot;:0,&quot;4&quot;:1}]},&quot;6&quot;:{&quot;1&quot;:[{&quot;1&quot;:2,&quot;2&quot;:0,&quot;5&quot;:{&quot;1&quot;:2,&quot;2&quot;:0}},{&quot;1&quot;:0,&quot;2&quot;:0,&quot;3&quot;:3},{&quot;1&quot;:1,&quot;2&quot;:0,&quot;4&quot;:1}]},&quot;7&quot;:{&quot;1&quot;:[{&quot;1&quot;:2,&quot;2&quot;:0,&quot;5&quot;:{&quot;1&quot;:2,&quot;2&quot;:0}},{&quot;1&quot;:0,&quot;2&quot;:0,&quot;3&quot;:3},{&quot;1&quot;:1,&quot;2&quot;:0,&quot;4&quot;:1}]},&quot;8&quot;:{&quot;1&quot;:[{&quot;1&quot;:2,&quot;2&quot;:0,&quot;5&quot;:{&quot;1&quot;:2,&quot;2&quot;:0}},{&quot;1&quot;:0,&quot;2&quot;:0,&quot;3&quot;:3},{&quot;1&quot;:1,&quot;2&quot;:0,&quot;4&quot;:1}]},&quot;12&quot;:0}\">Purified water, dipropylene glycol, methyl propanediol, glycerin, niacinamide (20,000 ppm), centella asiatica extract (500 ppm), madecassoside (5,000 ppb), asiaticoside (500 ppb), asiatic acid (500 ppb), madecassic acid (500 ppb), panthenol (100 ppm), lactobacillus\/soybean fermentation extract, white willow bark extract, cinnamon bark extract, oregano leaf extract, cypress leaf extract, golden extract, purslane extract, sheet Rick Acid (10 ppm), Lactic Acid (9 ppm), Butylene Glycol, Sodium Hyaluronate, Collagen Extract, Betaine, Allantoin, Adenosine, Salicylic Acid (1,000 ppb), Disodium EDT, Glycer Acrylate\/acrylic acid copolymer, ethylhexylglycerin, 1,2-hexanediol, hydroxyacetophenone, caprylyl glycol, dipotassium glycyrrhizate, polyglyceryl-10 myristate, neopentylglyc Lycol Dicaprate, Cetylethylhexanoate, Ceteth-20, Steareth-20, Glyceryl Stearate, Cetearyl Alcohol, Tocopheryl Acetate, Carbomer, Tromethamine, Blue No. 1, Yellow No. 4 , flavoring<\/span><\/em><\/div>","protected":false},"excerpt":{"rendered":"<p>Revitalizirajuc\u0301i tonik protiv upale sa AHA-BHA kiselinama i centelom. 150ml<\/p>","protected":false},"featured_media":5244,"template":"","meta":[],"product_cat":[263,369,375,377,376,379,266,343,260,314],"product_tag":[411],"featured_image_urls":{"full":["https:\/\/medipeel.rs\/wp-content\/uploads\/2023\/05\/medi-peel-phyto-cica-nol-b5-aha-bha-vitamin-calming-toner.jpg",1200,1200,false],"thumbnail":["https:\/\/medipeel.rs\/wp-content\/uploads\/2023\/05\/medi-peel-phyto-cica-nol-b5-aha-bha-vitamin-calming-toner-150x150.jpg",150,150,true],"medium":["https:\/\/medipeel.rs\/wp-content\/uploads\/2023\/05\/medi-peel-phyto-cica-nol-b5-aha-bha-vitamin-calming-toner-300x300.jpg",300,300,true],"medium_large":["https:\/\/medipeel.rs\/wp-content\/uploads\/2023\/05\/medi-peel-phyto-cica-nol-b5-aha-bha-vitamin-calming-toner-768x768.jpg",768,768,true],"large":["https:\/\/medipeel.rs\/wp-content\/uploads\/2023\/05\/medi-peel-phyto-cica-nol-b5-aha-bha-vitamin-calming-toner-1024x1024.jpg",1024,1024,true],"1536x1536":["https:\/\/medipeel.rs\/wp-content\/uploads\/2023\/05\/medi-peel-phyto-cica-nol-b5-aha-bha-vitamin-calming-toner.jpg",1200,1200,false],"2048x2048":["https:\/\/medipeel.rs\/wp-content\/uploads\/2023\/05\/medi-peel-phyto-cica-nol-b5-aha-bha-vitamin-calming-toner.jpg",1200,1200,false],"trp-custom-language-flag":["https:\/\/medipeel.rs\/wp-content\/uploads\/2023\/05\/medi-peel-phyto-cica-nol-b5-aha-bha-vitamin-calming-toner-12x12.jpg",12,12,true],"vcmegaposts-masonry":["https:\/\/medipeel.rs\/wp-content\/uploads\/2023\/05\/medi-peel-phyto-cica-nol-b5-aha-bha-vitamin-calming-toner-500x500.jpg",500,500,true],"vcmegaposts-normal":["https:\/\/medipeel.rs\/wp-content\/uploads\/2023\/05\/medi-peel-phyto-cica-nol-b5-aha-bha-vitamin-calming-toner-800x800.jpg",800,800,true],"vcmegaposts-type1":["https:\/\/medipeel.rs\/wp-content\/uploads\/2023\/05\/medi-peel-phyto-cica-nol-b5-aha-bha-vitamin-calming-toner-800x500.jpg",800,500,true],"woocommerce_thumbnail":["https:\/\/medipeel.rs\/wp-content\/uploads\/2023\/05\/medi-peel-phyto-cica-nol-b5-aha-bha-vitamin-calming-toner-450x600.jpg",450,600,true],"woocommerce_single":["https:\/\/medipeel.rs\/wp-content\/uploads\/2023\/05\/medi-peel-phyto-cica-nol-b5-aha-bha-vitamin-calming-toner-600x600.jpg",600,600,true],"woocommerce_gallery_thumbnail":["https:\/\/medipeel.rs\/wp-content\/uploads\/2023\/05\/medi-peel-phyto-cica-nol-b5-aha-bha-vitamin-calming-toner-100x100.jpg",100,100,true]},"post_excerpt_stackable":"<p>\u0412\u043e\u0441\u0441\u0442\u0430\u043d\u0430\u0432\u043b\u0438\u0432\u0430\u044e\u0449\u0438\u0439 \u0442\u043e\u043d\u0438\u043a \u043f\u0440\u043e\u0442\u0438\u0432 \u0432\u043e\u0441\u043f\u0430\u043b\u0435\u043d\u0438\u0439 c AHA-BHA \u043a\u0438\u0441\u043b\u043e\u0442\u0430\u043c\u0438 \u0438 \u0446\u0435\u043d\u0442\u0435\u043b\u043b\u043e\u0439. 150ml<\/p>\n","category_list":"","author_info":{"name":"","url":""},"comments_num":"0 comments","jetpack_sharing_enabled":true,"_links":{"self":[{"href":"https:\/\/medipeel.rs\/sr\/wp-json\/wp\/v2\/product\/5271"}],"collection":[{"href":"https:\/\/medipeel.rs\/sr\/wp-json\/wp\/v2\/product"}],"about":[{"href":"https:\/\/medipeel.rs\/sr\/wp-json\/wp\/v2\/types\/product"}],"version-history":[{"count":2,"href":"https:\/\/medipeel.rs\/sr\/wp-json\/wp\/v2\/product\/5271\/revisions"}],"predecessor-version":[{"id":6672,"href":"https:\/\/medipeel.rs\/sr\/wp-json\/wp\/v2\/product\/5271\/revisions\/6672"}],"wp:featuredmedia":[{"embeddable":true,"href":"https:\/\/medipeel.rs\/sr\/wp-json\/wp\/v2\/media\/5244"}],"wp:attachment":[{"href":"https:\/\/medipeel.rs\/sr\/wp-json\/wp\/v2\/media?parent=5271"}],"wp:term":[{"taxonomy":"product_cat","embeddable":true,"href":"https:\/\/medipeel.rs\/sr\/wp-json\/wp\/v2\/product_cat?post=5271"},{"taxonomy":"product_tag","embeddable":true,"href":"https:\/\/medipeel.rs\/sr\/wp-json\/wp\/v2\/product_tag?post=5271"}],"curies":[{"name":"wp","href":"https:\/\/api.w.org\/{rel}","templated":true}]}}