{"id":5273,"date":"2023-05-09T18:14:18","date_gmt":"2023-05-09T15:14:18","guid":{"rendered":"https:\/\/medipeel.rs\/?post_type=product&#038;p=5273"},"modified":"2025-12-28T13:29:33","modified_gmt":"2025-12-28T12:29:33","slug":"medi-peel-phyto-cica-nol-b5-aha-bha-vitamin-calming-peeling-gel2-2","status":"publish","type":"product","link":"https:\/\/medipeel.rs\/sr\/\u043f\u0440\u043e\u0438\u0437\u0432\u043e\u0434\/medi-peel-phyto-cica-nol-b5-aha-bha-vitamin-calming-peeling-gel2-2\/","title":{"rendered":"Medi-Peel Phyto Cica-Nol B5 AHA BHA Vitamin Calming Peeling Gel"},"content":{"rendered":"<p class=\" translation-block\">Umirujuc\u0301i vitaminski piling gel koji se bori protiv vi\u0161ka sebuma i mrtvih c\u0301elija ko\u017ee kako bi udobno umirio osetljivu ko\u017eu.<br>\n5% Cica-Nol kompleks (5 vrsta ekstrakta Centella Asiatica + pantenol) daje izra\u017een lekoviti i umirujuc\u0301i efekat. Obnavlja i omek\u0161ava ko\u017eu, uklanja crvenilo i lju\u0161tenje, hrani i ja\u010da za\u0161titnu barijeru ko\u017ee. Reguli\u0161e ravnote\u017eu vode i masti u epidermisu, ubrzava sintezu kolagenskih i elastinskih vlakana, pobolj\u0161ava elasti\u010dnost ko\u017ee.<br>\nD-pantenol stimuli\u0161e obnavljanje integriteta ko\u017ee, ubla\u017eava crvenilo i iritaciju, ima svojstva zaceljivanja rana.<br>\nProizvod sadr\u017ei i prirodne AHA i PHA kiseline, koje su odgovorne za aktiviranje procesa obnove i uklanjanje mrtvih c\u0301elija ko\u017ee. Zahvaljujuc\u0301i tako delikatnom pilingu, vrac\u0301a se optimalna kiselinsko-bazna ravnote\u017ea epidermisa, pobolj\u0161ava se ten, uklanjaju se crvenilo i tupost, komedoni se rastvaraju i pore su\u017eavaju.<br>\nNiacinamid (vitamin B3) se bori protiv masnog sjaja i normalizuje lu\u010denje sebuma, posvetljuje, spre\u010dava nastanak pigmentacije, stimuli\u0161e proizvodnju kolagena.<\/p>\n<p><strong>Na\u010din upotrebe:<\/strong> Proizvod ravnomerno naneti na suvu, o\u010di\u0161c\u0301enu ko\u017eu, osim na predele o\u010diju i usana, ne\u017eno umasirati i isprati ostatke proizvoda toplom vodom.<\/p>\n<hr \/>\n<div><em><strong><em>Sastojci:<\/em><\/strong> <span data-sheets-value=\"{&quot;1&quot;:2,&quot;2&quot;:&quot;Water, PEG-8, Cellulose, Glycerin, 1,2-HexanediolPEG-32, Centella Asiatica Extract (500 ppm), Madecassoside (5,000 ppb), Asiaticoside (500 ppb), Asiatic Acid (500 ppb), Madecassic Acid (500 ppb) ), Panthenol (100 ppm), Lactic Acid (900 ppb), Citric Acid (1,000 ppb), Salicylic Acid (1,000 ppb), Niacinamide (1,000 ppb), Carbomer, Arginine, Disodium EDTA, Hydroxyacetophenone, Caprylyl Glycol, Dipotassium Glycyrrhizate, Dipropylene Glycol, Fragrance.&quot;}\" data-sheets-userformat=\"{&quot;2&quot;:573,&quot;3&quot;:{&quot;1&quot;:0},&quot;5&quot;:{&quot;1&quot;:[{&quot;1&quot;:2,&quot;2&quot;:0,&quot;5&quot;:{&quot;1&quot;:2,&quot;2&quot;:0}},{&quot;1&quot;:0,&quot;2&quot;:0,&quot;3&quot;:3},{&quot;1&quot;:1,&quot;2&quot;:0,&quot;4&quot;:1}]},&quot;6&quot;:{&quot;1&quot;:[{&quot;1&quot;:2,&quot;2&quot;:0,&quot;5&quot;:{&quot;1&quot;:2,&quot;2&quot;:0}},{&quot;1&quot;:0,&quot;2&quot;:0,&quot;3&quot;:3},{&quot;1&quot;:1,&quot;2&quot;:0,&quot;4&quot;:1}]},&quot;7&quot;:{&quot;1&quot;:[{&quot;1&quot;:2,&quot;2&quot;:0,&quot;5&quot;:{&quot;1&quot;:2,&quot;2&quot;:0}},{&quot;1&quot;:0,&quot;2&quot;:0,&quot;3&quot;:3},{&quot;1&quot;:1,&quot;2&quot;:0,&quot;4&quot;:1}]},&quot;8&quot;:{&quot;1&quot;:[{&quot;1&quot;:2,&quot;2&quot;:0,&quot;5&quot;:{&quot;1&quot;:2,&quot;2&quot;:0}},{&quot;1&quot;:0,&quot;2&quot;:0,&quot;3&quot;:3},{&quot;1&quot;:1,&quot;2&quot;:0,&quot;4&quot;:1}]},&quot;12&quot;:0}\">Water, PEG-8, Cellulose, Glycerin, 1,2-HexanediolPEG-32, Centella Asiatica Extract (500 ppm), Madecassoside (5,000 ppb), Asiaticoside (500 ppb), Asiatic Acid (500 ppb), Madecassic Acid (500 ppb) ), Panthenol (100 ppm), Lactic Acid (900 ppb), Citric Acid (1,000 ppb), Salicylic Acid (1,000 ppb), Niacinamide (1,000 ppb), Carbomer, Arginine, Disodium EDTA, Hydroxyacetophenone, Caprylyl Glycol, Dipotassium Glycyrrhizate, Dipropylene Glycol, Fragrance.<\/span><\/em><\/div>","protected":false},"excerpt":{"rendered":"<p>Umirujuc\u0301i piling-gel sa vitaminima, AHA-BHA kiselinama i Centellom. 120ml<\/p>","protected":false},"featured_media":5247,"template":"","meta":[],"product_cat":[263,412,400,375,377,376,379,384,333,314],"product_tag":[411],"featured_image_urls":{"full":["https:\/\/medipeel.rs\/wp-content\/uploads\/2023\/05\/medi-peel-phyto-cica-nol-b5-aha-bha-vitamin-calming-peeling-gel.jpg",1200,1200,false],"thumbnail":["https:\/\/medipeel.rs\/wp-content\/uploads\/2023\/05\/medi-peel-phyto-cica-nol-b5-aha-bha-vitamin-calming-peeling-gel-150x150.jpg",150,150,true],"medium":["https:\/\/medipeel.rs\/wp-content\/uploads\/2023\/05\/medi-peel-phyto-cica-nol-b5-aha-bha-vitamin-calming-peeling-gel-300x300.jpg",300,300,true],"medium_large":["https:\/\/medipeel.rs\/wp-content\/uploads\/2023\/05\/medi-peel-phyto-cica-nol-b5-aha-bha-vitamin-calming-peeling-gel-768x768.jpg",768,768,true],"large":["https:\/\/medipeel.rs\/wp-content\/uploads\/2023\/05\/medi-peel-phyto-cica-nol-b5-aha-bha-vitamin-calming-peeling-gel-1024x1024.jpg",1024,1024,true],"1536x1536":["https:\/\/medipeel.rs\/wp-content\/uploads\/2023\/05\/medi-peel-phyto-cica-nol-b5-aha-bha-vitamin-calming-peeling-gel.jpg",1200,1200,false],"2048x2048":["https:\/\/medipeel.rs\/wp-content\/uploads\/2023\/05\/medi-peel-phyto-cica-nol-b5-aha-bha-vitamin-calming-peeling-gel.jpg",1200,1200,false],"trp-custom-language-flag":["https:\/\/medipeel.rs\/wp-content\/uploads\/2023\/05\/medi-peel-phyto-cica-nol-b5-aha-bha-vitamin-calming-peeling-gel-12x12.jpg",12,12,true],"vcmegaposts-masonry":["https:\/\/medipeel.rs\/wp-content\/uploads\/2023\/05\/medi-peel-phyto-cica-nol-b5-aha-bha-vitamin-calming-peeling-gel-500x500.jpg",500,500,true],"vcmegaposts-normal":["https:\/\/medipeel.rs\/wp-content\/uploads\/2023\/05\/medi-peel-phyto-cica-nol-b5-aha-bha-vitamin-calming-peeling-gel-800x800.jpg",800,800,true],"vcmegaposts-type1":["https:\/\/medipeel.rs\/wp-content\/uploads\/2023\/05\/medi-peel-phyto-cica-nol-b5-aha-bha-vitamin-calming-peeling-gel-800x500.jpg",800,500,true],"woocommerce_thumbnail":["https:\/\/medipeel.rs\/wp-content\/uploads\/2023\/05\/medi-peel-phyto-cica-nol-b5-aha-bha-vitamin-calming-peeling-gel-450x600.jpg",450,600,true],"woocommerce_single":["https:\/\/medipeel.rs\/wp-content\/uploads\/2023\/05\/medi-peel-phyto-cica-nol-b5-aha-bha-vitamin-calming-peeling-gel-600x600.jpg",600,600,true],"woocommerce_gallery_thumbnail":["https:\/\/medipeel.rs\/wp-content\/uploads\/2023\/05\/medi-peel-phyto-cica-nol-b5-aha-bha-vitamin-calming-peeling-gel-100x100.jpg",100,100,true]},"post_excerpt_stackable":"<p>\u0423\u0441\u043f\u043e\u043a\u0430\u0438\u0432\u0430\u044e\u0449\u0438\u0439 \u0433\u0435\u043b\u044c-\u043f\u0438\u043b\u0438\u043d\u0433 \u0441 \u0432\u0438\u0442\u0430\u043c\u0438\u043d\u0430\u043c\u0438, AHA-BHA \u043a\u0438\u0441\u043b\u043e\u0442\u0430\u043c\u0438 \u0438 \u0446\u0435\u043d\u0442\u0435\u043b\u043b\u043e\u0439. 120ml<\/p>\n","category_list":"","author_info":{"name":"","url":""},"comments_num":"0 comments","jetpack_sharing_enabled":true,"_links":{"self":[{"href":"https:\/\/medipeel.rs\/sr\/wp-json\/wp\/v2\/product\/5273"}],"collection":[{"href":"https:\/\/medipeel.rs\/sr\/wp-json\/wp\/v2\/product"}],"about":[{"href":"https:\/\/medipeel.rs\/sr\/wp-json\/wp\/v2\/types\/product"}],"version-history":[{"count":2,"href":"https:\/\/medipeel.rs\/sr\/wp-json\/wp\/v2\/product\/5273\/revisions"}],"predecessor-version":[{"id":5288,"href":"https:\/\/medipeel.rs\/sr\/wp-json\/wp\/v2\/product\/5273\/revisions\/5288"}],"wp:featuredmedia":[{"embeddable":true,"href":"https:\/\/medipeel.rs\/sr\/wp-json\/wp\/v2\/media\/5247"}],"wp:attachment":[{"href":"https:\/\/medipeel.rs\/sr\/wp-json\/wp\/v2\/media?parent=5273"}],"wp:term":[{"taxonomy":"product_cat","embeddable":true,"href":"https:\/\/medipeel.rs\/sr\/wp-json\/wp\/v2\/product_cat?post=5273"},{"taxonomy":"product_tag","embeddable":true,"href":"https:\/\/medipeel.rs\/sr\/wp-json\/wp\/v2\/product_tag?post=5273"}],"curies":[{"name":"wp","href":"https:\/\/api.w.org\/{rel}","templated":true}]}}