{"id":5617,"date":"2023-06-18T22:26:39","date_gmt":"2023-06-18T20:26:39","guid":{"rendered":"https:\/\/medipeel.rs\/?post_type=product&#038;p=5617"},"modified":"2023-10-16T10:39:58","modified_gmt":"2023-10-16T08:39:58","slug":"medi-peel-line-tox-massage2","status":"publish","type":"product","link":"https:\/\/medipeel.rs\/sr\/\u043f\u0440\u043e\u0438\u0437\u0432\u043e\u0434\/medi-peel-line-tox-massage2\/","title":{"rendered":"Medi-Peel Line Tox Massage"},"content":{"rendered":"<p class=\" translation-block\">Gua Sha profesionalni kerami\u010dki masa\u017eer za lice i telo od prirodne gline pogodan je za limfnu drena\u017eu, poma\u017ee u uklanjanju otoka. Ergonomski masa\u017eer ima izra\u017een efekat podizanja i sna\u017ean limfni drena\u017eni efekat, ubla\u017eava nate\u010denost, ja\u010da turgor ko\u017ee, izgla\u0111uje reljef i \u010dini konture lica i tela izra\u017eenijim. Ubla\u017eava napetost mi\u0161i\u0107a i tonira,  efikasno deluje na mi\u0161i\u0107e lica i vrata, ubrzavaju\u0107i cirkulaciju krvi i metaboli\u010dke procese, obezbe\u0111uje uklanjanje toksina. Dvostrani oblik masa\u017eera omogu\u0107ava vam da odaberete \u017eeljenu stimulaciju, a poseban vrh daje ose\u0107aj peckanja.<br>\n11.5 x 7.5 x 0.8cm \/ 89.5g<\/p>\n<p><strong>Na\u010din upotrebe:<\/strong> nanesite kremu za masa\u017eu na ko\u017eu pre same upotrebe. Koristite izbo\u010denu stranu za dublju stimulaciju mi\u0161i\u0107a, a ravnu stranu za ne\u017enu i udobnu masa\u017eu.<\/p>\n<hr \/>\n<div><em><em><strong><em>Sastojci:<\/em> <\/strong>Ceramin<\/em><\/em><\/div>","protected":false},"excerpt":{"rendered":"<p>Gua Sha profesionalni kerami\u010dki masa\u017eer za lice i telo od prirodne gline. 1 komad<\/p>","protected":false},"featured_media":5618,"template":"","meta":[],"product_cat":[276,342,383,279,280],"product_tag":[439],"featured_image_urls":{"full":["https:\/\/medipeel.rs\/wp-content\/uploads\/2023\/06\/medi-peel-line-tox-massage.jpg",1200,1200,false],"thumbnail":["https:\/\/medipeel.rs\/wp-content\/uploads\/2023\/06\/medi-peel-line-tox-massage-150x150.jpg",150,150,true],"medium":["https:\/\/medipeel.rs\/wp-content\/uploads\/2023\/06\/medi-peel-line-tox-massage-300x300.jpg",300,300,true],"medium_large":["https:\/\/medipeel.rs\/wp-content\/uploads\/2023\/06\/medi-peel-line-tox-massage-768x768.jpg",768,768,true],"large":["https:\/\/medipeel.rs\/wp-content\/uploads\/2023\/06\/medi-peel-line-tox-massage-1024x1024.jpg",1024,1024,true],"1536x1536":["https:\/\/medipeel.rs\/wp-content\/uploads\/2023\/06\/medi-peel-line-tox-massage.jpg",1200,1200,false],"2048x2048":["https:\/\/medipeel.rs\/wp-content\/uploads\/2023\/06\/medi-peel-line-tox-massage.jpg",1200,1200,false],"trp-custom-language-flag":["https:\/\/medipeel.rs\/wp-content\/uploads\/2023\/06\/medi-peel-line-tox-massage-12x12.jpg",12,12,true],"vcmegaposts-masonry":["https:\/\/medipeel.rs\/wp-content\/uploads\/2023\/06\/medi-peel-line-tox-massage-500x500.jpg",500,500,true],"vcmegaposts-normal":["https:\/\/medipeel.rs\/wp-content\/uploads\/2023\/06\/medi-peel-line-tox-massage-800x800.jpg",800,800,true],"vcmegaposts-type1":["https:\/\/medipeel.rs\/wp-content\/uploads\/2023\/06\/medi-peel-line-tox-massage-800x500.jpg",800,500,true],"woocommerce_thumbnail":["https:\/\/medipeel.rs\/wp-content\/uploads\/2023\/06\/medi-peel-line-tox-massage-450x600.jpg",450,600,true],"woocommerce_single":["https:\/\/medipeel.rs\/wp-content\/uploads\/2023\/06\/medi-peel-line-tox-massage-600x600.jpg",600,600,true],"woocommerce_gallery_thumbnail":["https:\/\/medipeel.rs\/wp-content\/uploads\/2023\/06\/medi-peel-line-tox-massage-100x100.jpg",100,100,true]},"post_excerpt_stackable":"<p>\u041f\u0440\u043e\u0444\u0435\u0441\u0441\u0438\u043e\u043d\u0430\u043b\u044c\u043d\u044b\u0439 \u043a\u0435\u0440\u0430\u043c\u0438\u0447\u0435\u0441\u043a\u0438\u0439 \u043c\u0430\u0441\u0441\u0430\u0436\u0435\u0440 Gua sha \u0434\u043b\u044f \u043b\u0438\u0446\u0430 \u0438 \u0442\u0435\u043b\u0430 \u0438\u0437 \u043d\u0430\u0442\u0443\u0440\u0430\u043b\u044c\u043d\u043e\u0439 \u0433\u043b\u0438\u043d\u044b. 1 \u0448\u0442.<\/p>\n","category_list":"","author_info":{"name":"","url":""},"comments_num":"0 comments","jetpack_sharing_enabled":true,"_links":{"self":[{"href":"https:\/\/medipeel.rs\/sr\/wp-json\/wp\/v2\/product\/5617"}],"collection":[{"href":"https:\/\/medipeel.rs\/sr\/wp-json\/wp\/v2\/product"}],"about":[{"href":"https:\/\/medipeel.rs\/sr\/wp-json\/wp\/v2\/types\/product"}],"version-history":[{"count":1,"href":"https:\/\/medipeel.rs\/sr\/wp-json\/wp\/v2\/product\/5617\/revisions"}],"predecessor-version":[{"id":5619,"href":"https:\/\/medipeel.rs\/sr\/wp-json\/wp\/v2\/product\/5617\/revisions\/5619"}],"wp:featuredmedia":[{"embeddable":true,"href":"https:\/\/medipeel.rs\/sr\/wp-json\/wp\/v2\/media\/5618"}],"wp:attachment":[{"href":"https:\/\/medipeel.rs\/sr\/wp-json\/wp\/v2\/media?parent=5617"}],"wp:term":[{"taxonomy":"product_cat","embeddable":true,"href":"https:\/\/medipeel.rs\/sr\/wp-json\/wp\/v2\/product_cat?post=5617"},{"taxonomy":"product_tag","embeddable":true,"href":"https:\/\/medipeel.rs\/sr\/wp-json\/wp\/v2\/product_tag?post=5617"}],"curies":[{"name":"wp","href":"https:\/\/api.w.org\/{rel}","templated":true}]}}