{"id":5623,"date":"2023-06-18T21:59:29","date_gmt":"2023-06-18T19:59:29","guid":{"rendered":"https:\/\/medipeel.rs\/?post_type=product&#038;p=5623"},"modified":"2026-01-15T13:19:55","modified_gmt":"2026-01-15T12:19:55","slug":"medi-peel-aqua-mooltox-sparkling-essence2","status":"publish","type":"product","link":"https:\/\/medipeel.rs\/sr\/\u043f\u0440\u043e\u0438\u0437\u0432\u043e\u0434\/medi-peel-aqua-mooltox-sparkling-essence2\/","title":{"rendered":"Medi-Peel Aqua Mooltox Sparkling Essence"},"content":{"rendered":"<p class=\" translation-block\">Kiseoni\u010dna esencija za intenzivnu hidrataciju Medi-Peel Aqua Mooltox Sparkling Essence trenutno nadokna\u0111uje nedostatak vla\u017enosti u \u0107elijama epidermisa, formira barijeru koja odr\u017eava optimalan nivo hidratacije i \u0161titi od dehidracije. Osloba\u0111a se suvo\u0107e, zategnutosti i perutanja, vra\u0107a ko\u017ei tonus i zdrav sjaj. \n<br>Osnova esencije je 46,9% kompleksa Blue Waterlock, koji se sastoji od 5 vrsta hijaluronske kiseline, akvaporina, 17 vrsta aminokiselina, ektoina i minerala. Ovaj sastav mo\u017ee prodreti duboko u \u0107elije epidermisa, nadoknaditi nedostatak vla\u017enost u tkivima i imati produ\u017eeni hidratantni efekat. \u0160titi od dehidracije i transepidermalnog gubitka vla\u017enosti, deluje kao provodnik za druga sredstva. \n<br>Proizvod je napravljen sa posebnom liposomskom tehnologijom FL Calming Some, zahvaljuju\u0107i kojoj svi aktivni agensi prodiru \u0161to dublje u epidermis, bolje se apsorbuju i unapre\u0111uju svoje performanse. Oboga\u0107uje ko\u017eu kiseonikom, usporava proces starenja, vra\u0107a tkivima gipkost i elasti\u010dnost. \n<br>Patentirani element Questice\u00ae Liquid za 4.6\u00b0 stepeni sni\u017eava temperaturu ko\u017ee, ima prijatan efekat hla\u0111enja. Umiruje nadra\u017eenu ko\u017eu, ubla\u017eava svrab i crvenilo. Ubrzava zarastanje \u017eari\u0161ta zapaljenja i malih osipa. Oksigenski format esencije 7,9 puta pove\u0107ava upijaju\u0107u sposobnost ko\u017ee, duboko hidrira i daje ko\u017ei vla\u017enu zavr\u0161nu obradu. \n<br>Dodatne aktivne komponente:\n<br> AQUAXYL stimuli\u0161e proizvodnju sopstvene hijaluronske kiseline, poma\u017ee ko\u017ei da zadr\u017ei vla\u017enost, spre\u010dava suvo\u0107u i stvaranje bora, pove\u0107ava \u010dvrstinu i gustinu tkiva. \n<br>Blue Complex uklju\u010duje 6 vrsta biljnih ekstrakata koji imaju antisepti\u010dko i obnavljaju\u0107e dejstvo, efikasno elimini\u0161e suvo\u0107u i zatezanje. Pove\u0107ava gipnost i elasti\u010dnost tkiva. \n<br>Ekstrakt \u010dajevca ima dezinfekciona i pro\u010di\u0161\u0107avaju\u0107a svojstva, inhibira upalni proces i pobolj\u0161ava stanje ko\u017ee sa aknama. \n<br>Pantenol stimuli\u0161e obnavljanje integriteta ko\u017ee, ubla\u017eava crvenilo i iritaciju, ima svojstvo zarastanja rana. \n<br>7 vrsta peptida je odgovorno za kontinuiranu regeneraciju i obnavljanje \u0107elija, imaju duboke anti-age efekte, smanjuju vidljivost bora i spre\u010davaju stvaranje novih, stimuli\u0161u procese obnove i regeneracije, usporavaju starenje \u0107elija. \n<br>Azulen ima antiinflamatorno, antialergijsko, antioksidativno dejstvo, stimuli\u0161e regenerativne procese. \n<br>Ekstrakt \u0111umbira ima seboregulativno dejstvo, smanjuje osetljivost ko\u017ee na spoljne stimuluse. Aktivira metaboli\u010dke procese, duboko hrani i le\u010di. \n<br>Adenozin stimuli\u0161e sintezu kolagena, pove\u0107ava \u010dvrstinu i gustinu, spre\u010dava pojavu bora. \n<br>Pogodno za suvu, normalnu i dehidriranu ko\u017eu.<\/p>\n<p><strong>Na\u010din upotrebe:<\/strong> rasporedite potrebnu koli\u010dinu esencije po ko\u017ei i sa\u010dekajte da se pojave mehuri\u0107i. Nakon \u0161to proizvod po\u010dne da se peni laganim pokretima tapkanja, pomozite esenciji da se upije.<\/p>\n<hr \/>\n<div><em><em><strong><em>Sastojci:<\/em> <\/strong>Purified water, glycerin, methylpropanediol, hydrogenated polyisobutene, methyl perfluoroisobutyl ether, caprylic\/capric triglyceride, methyl perfluorobutyl ether, cyclohexasiloxane, niacinamide , Butylene Glycol Dicaprylate\/Dicaprate, Cetearyl Alcohol, Glyceryl Glucoside, Cetearyl Olivate, Sodium Myristoyl Glutamate, Carbonated Water, Arginine, Oil Palm Kernel Oil, Sorbitan Olivate, Oil Palm Oil, Decyl Glucoside, Hydroxyethyl Urea, Betaine, Cetyl Palmitate, Ammonium Acryloyl Dimethyltaurate\/VP Copolymer, Sorbitan Palmitate, Menthyl PCA, Carbomer, Myristic Acid, Ethylhexylglycerin , Hexylene Glycol, Decylene Glycol, Butylene Glycol, Propanediol, Panthenol, 1,2-Hexanediol, Ginger Extract, Tea Tree Extract, Sorbitan Oleate, Totalol, Sodium Hyaluronate Ronate Crosspolymer, Allantoin, Xylityl Glucoside, Adenosine, Sodium Hyaluronate, Hydrolyzed Glycosaminoglycan, Glyceryl Acrylate\/Acrylic Acid Copolymer, Anhydroxylitol, Disodium EDTA, Xylitol , Argan Kernel Oil, Benzyl Glycol, Glucose, Decyl Alcohol, Clary Extract, Lavender Flower Extract, Hydrolyzed Hyaluronic Acid, Hyacinth Outpost Extract, Matricaria Flower Extract, Cornflower Flower Extract, Borage extract, drumstick seed extract, hair root extract, hydrogenated lecithin, blue No. 1, fig extract, centella asiatica extract, sodium guaiazulenesulfonate, ectoin, tocopherol, leucine, hyaluronic acid, phenylalanine, iso Leucine, aspartic acid, alanine, ceramide NP, raspberry ketone, valine, taurine, serine, proline, ornithine, methionine, histidine, glycine, glutamic acid, caprylyl glycol, palmitoyl tetrapeptide-7, acetyl Octapeptide-3, Tripeptide-1, Palmitoyl Tripeptide-1, Palmitoyl Pentapeptide-4, Copper Tripeptide-1, Acetyl Hexapeptide-8, Hexapeptide-9, Nonapeptide-1, Fragrance<\/em><\/em><\/div>","protected":false},"excerpt":{"rendered":"<p>Kiseoni\u010dna esencija za intenzivnu hidrataciju. 100ml<\/p>","protected":false},"featured_media":5624,"template":"","meta":[],"product_cat":[441,361,301,376,348,386,334,260,314],"product_tag":[443],"featured_image_urls":{"full":["https:\/\/medipeel.rs\/wp-content\/uploads\/2023\/06\/medi-peel-aqua-mooltox-sparkling-essence.jpg",1200,1200,false],"thumbnail":["https:\/\/medipeel.rs\/wp-content\/uploads\/2023\/06\/medi-peel-aqua-mooltox-sparkling-essence-150x150.jpg",150,150,true],"medium":["https:\/\/medipeel.rs\/wp-content\/uploads\/2023\/06\/medi-peel-aqua-mooltox-sparkling-essence-300x300.jpg",300,300,true],"medium_large":["https:\/\/medipeel.rs\/wp-content\/uploads\/2023\/06\/medi-peel-aqua-mooltox-sparkling-essence-768x768.jpg",768,768,true],"large":["https:\/\/medipeel.rs\/wp-content\/uploads\/2023\/06\/medi-peel-aqua-mooltox-sparkling-essence-1024x1024.jpg",1024,1024,true],"1536x1536":["https:\/\/medipeel.rs\/wp-content\/uploads\/2023\/06\/medi-peel-aqua-mooltox-sparkling-essence.jpg",1200,1200,false],"2048x2048":["https:\/\/medipeel.rs\/wp-content\/uploads\/2023\/06\/medi-peel-aqua-mooltox-sparkling-essence.jpg",1200,1200,false],"trp-custom-language-flag":["https:\/\/medipeel.rs\/wp-content\/uploads\/2023\/06\/medi-peel-aqua-mooltox-sparkling-essence-12x12.jpg",12,12,true],"vcmegaposts-masonry":["https:\/\/medipeel.rs\/wp-content\/uploads\/2023\/06\/medi-peel-aqua-mooltox-sparkling-essence-500x500.jpg",500,500,true],"vcmegaposts-normal":["https:\/\/medipeel.rs\/wp-content\/uploads\/2023\/06\/medi-peel-aqua-mooltox-sparkling-essence-800x800.jpg",800,800,true],"vcmegaposts-type1":["https:\/\/medipeel.rs\/wp-content\/uploads\/2023\/06\/medi-peel-aqua-mooltox-sparkling-essence-800x500.jpg",800,500,true],"woocommerce_thumbnail":["https:\/\/medipeel.rs\/wp-content\/uploads\/2023\/06\/medi-peel-aqua-mooltox-sparkling-essence-450x600.jpg",450,600,true],"woocommerce_single":["https:\/\/medipeel.rs\/wp-content\/uploads\/2023\/06\/medi-peel-aqua-mooltox-sparkling-essence-600x600.jpg",600,600,true],"woocommerce_gallery_thumbnail":["https:\/\/medipeel.rs\/wp-content\/uploads\/2023\/06\/medi-peel-aqua-mooltox-sparkling-essence-100x100.jpg",100,100,true]},"post_excerpt_stackable":"<p>\u041a\u0438\u0441\u043b\u043e\u0440\u043e\u0434\u043d\u0430\u044f \u0430\u043a\u0432\u0430-\u044d\u0441\u0441\u0435\u043d\u0446\u0438\u044f \u0434\u043b\u044f \u0438\u043d\u0442\u0435\u043d\u0441\u0438\u0432\u043d\u043e\u0433\u043e \u0443\u0432\u043b\u0430\u0436\u043d\u0435\u043d\u0438\u044f. 100ml<\/p>\n","category_list":"","author_info":{"name":"","url":""},"comments_num":"0 comments","jetpack_sharing_enabled":true,"_links":{"self":[{"href":"https:\/\/medipeel.rs\/sr\/wp-json\/wp\/v2\/product\/5623"}],"collection":[{"href":"https:\/\/medipeel.rs\/sr\/wp-json\/wp\/v2\/product"}],"about":[{"href":"https:\/\/medipeel.rs\/sr\/wp-json\/wp\/v2\/types\/product"}],"version-history":[{"count":3,"href":"https:\/\/medipeel.rs\/sr\/wp-json\/wp\/v2\/product\/5623\/revisions"}],"predecessor-version":[{"id":5676,"href":"https:\/\/medipeel.rs\/sr\/wp-json\/wp\/v2\/product\/5623\/revisions\/5676"}],"wp:featuredmedia":[{"embeddable":true,"href":"https:\/\/medipeel.rs\/sr\/wp-json\/wp\/v2\/media\/5624"}],"wp:attachment":[{"href":"https:\/\/medipeel.rs\/sr\/wp-json\/wp\/v2\/media?parent=5623"}],"wp:term":[{"taxonomy":"product_cat","embeddable":true,"href":"https:\/\/medipeel.rs\/sr\/wp-json\/wp\/v2\/product_cat?post=5623"},{"taxonomy":"product_tag","embeddable":true,"href":"https:\/\/medipeel.rs\/sr\/wp-json\/wp\/v2\/product_tag?post=5623"}],"curies":[{"name":"wp","href":"https:\/\/api.w.org\/{rel}","templated":true}]}}