{"id":5635,"date":"2023-06-18T19:40:56","date_gmt":"2023-06-18T17:40:56","guid":{"rendered":"https:\/\/medipeel.rs\/?post_type=product&#038;p=5635"},"modified":"2025-04-05T20:23:40","modified_gmt":"2025-04-05T18:23:40","slug":"medi-peel-retinol-collagen-lifting-cream2","status":"publish","type":"product","link":"https:\/\/medipeel.rs\/sr\/\u043f\u0440\u043e\u0438\u0437\u0432\u043e\u0434\/medi-peel-retinol-collagen-lifting-cream2\/","title":{"rendered":"Medi-Peel Retinol Collagen Lifting Cream"},"content":{"rendered":"<p class=\" translation-block\">Medi-Peel Retinol Collagen Lifting Cream sa dvostrukim efektom liftinga ko\u017ee ima sna\u017ean podmla\u0111uju\u0107i efekat, izgla\u0111uje bore, smanjuje vidljivost pora i zate\u017ee, pove\u0107avaju\u0107i elasti\u010dnost i \u010dvrstinu. Dvofazni proizvod sastoji se od klasi\u010dne kremaste teksture koju lagani gel obavija: ovo vam omogu\u0107ava da prilagodite gustinu kreme me\u0161anjem obe konzistencije. Dodajte jo\u0161 gela za kombinovanu i masnu ko\u017eu i dodajte vi\u0161e kremaste teksture za normalnu -  suvu ko\u017eu. Odli\u010dno za svaku sezonu. Proizvod smanjuje dubinu bora oko o\u010diju i usta, kao i u predelu nazolabijalnih nabora, ja\u010da crte lica, izgla\u0111uje tragove nakon spavanja. Hidrira i omek\u0161ava, spre\u010dava suvo\u0107u, ujedna\u010dava ton i pobolj\u0161ava ten. <br>\nSadr\u017ei patentirano sredstvo Retinolgen\u2122 - inkapsulirani oblik 6 vrsta retinola i kolagena. <br>\n6 vrsta retinola uklju\u010duju:<br>\nRetinil palmitat - komponenta vitamina A, transformi\u0161e se prvo u retinol, zatim u retinal, a tek zatim u retinoinsku kiselinu. Ima antioksidativno dejstvo, usporava starenje ko\u017ee. <br>\nRetinil retinoat je savremeni oblik retinola. Pokre\u0107e proizvodnju hijaluronske kiseline, inhibira zapaljen proces, radi br\u017ee sa manje iritacije. <br>\nGranaktivni retinoid (hydroxypinacolone retinoate) je super-stabilni oblik retinola nove generacije. Odlikuje se efikasno\u0161\u0107u i brzim dejstvom, izaziva manje iritacije. <br>\nRetinal je mo\u0107an oblik vitamina a, odmah se transformi\u0161e u retinoi\u010dnu kiselinu. Ima anti-ageing efekat, stimuli\u0161e obnavljanje \u0107elija. <br>\nRetinol je naj\u010de\u0161\u0107a vrsta retinoida, transformi\u0161e se u retinal, a zatim u retinoi\u010dnu kiselinu. Ima anti-ageing efekat. <br>\nSibilin je biljna supstanca koja se dobija iz ekstrakta mleka \u010di\u010dka (S\u00edlybum Marianum). Ima jak antioksidativni efekat, inhibira proces upale i smanjuje \u0161tetu izazvanu UV zracima. <br>\nRetinoidi stimuli\u0161u obnavljanje \u0107elija, kao i proizvodnju kolagena i hijaluronske kiseline \u2014 zahvaljuju\u0107i tome izgla\u0111uju i zate\u017eu ko\u017eu, smanjuju bore, normalizuju lu\u010denje sebuma i posvetljuju pigmentaciju.<br>\nHidrolizovani kolagen u sastavu efikasno hidrira i spre\u010dava isparavanje vlage, zadr\u017eavaju\u0107i meko\u0107u i glatko\u0107u reljefa ko\u017ee. <br>\nDodatne aktivne komponente: <br>\nEkstrakt jerihonske ru\u017ee duboko neguje, hidrira i obnavlja. Ima antioksidativno dejstvo koje spre\u010dava uni\u0161tavanje \u0107elija i usporava proces starenja. <br>\nRedsnow je kompleks protiv starenja, kreiran na osnovu ekstrakta japanske kamelije, koji raste na ostrvu \u010ced\u017eu, Koreja. Redsnow poja\u010dava proizvodnju kolagena, inhibira MMP-1 gene koji stimuli\u0161u razgradnju molekula kolagena i blokira receptore koji pokre\u0107u proces oksidacije \u0107elija.<br>\nMadeWhite\u2122 kompleks koji se sastoji od madekasosida, centella asiatica, i pentilena glikola. Inhibira proizvodnju enzima ciklooksigenaze koji reguli\u0161e inflamatornu reakciju, \u010dime spre\u010dava zapaljenja i tragove akni. <br>\nGreen Tomato SE je oja\u010davaju\u0107i kompleks protiv starenja na bazi ekstrakta zelenog paradajza. Stimuli\u0161e proizvodnju kolagena i pokre\u0107e proces remodeliranja tkiva, zbog \u010dega ima anti-ageing efekat. <br>\nPantenol (vitamin B5) ubrzava zarastanje, smiruje i ubla\u017eava iritaciju, vra\u0107a integritet epidermisa.<br>\nNiacinamid (vitamin B3) osvetljava pigmentaciju i spre\u010dava njen izgled, normalizuje proizvodnju sebuma, smanjuje sjaj u T-zoni (\u010delo, nos, obrazi i brada), pove\u0107ava za\u0161titne funkcije ko\u017ee.<br>\nCijanokobalamin (vitamin B12) hidrira, umiruje, inhibira upalni proces, ja\u010da kapilare, poma\u017ee u le\u010denju akni. <br>\nPogodan je za sve tipove ko\u017ee. <br><\/p>\n<p><strong>Na\u010din upotrebe:<\/strong> nakon umivanja, toniranja i upotrebe seruma, pome\u0161ajte obe teksture kreme u odgovaraju\u0107im proporcijama i nanesite na lice, ra\u0161irite laganim pokretima. Koristite sredstvo za za\u0161titu od sunca tokom dana.<\/p>\n<hr \/>\n<div><em><strong><em>Sastojci:<\/em><\/strong> Purified water, glycerin, ethylhexyl palmitate, cetyl ethylhexanoate, glycereth-26, dipropylene glycol, niacinamide, butylene glycol, palmitic acid, C14-22 alcohol, caprylic\/capric triglyceride, C12-20 alkyl glucoside, 1,2-hexanediol, propanediol, retinyl palmitate (10,000 IU\/g), retinyl retinoate (30 ppb), hydroxypinacolone retinoate (10 ppb), madecassoside, camellia japonica flower extract, tomato extract, diethylhexyl syringylidene malonate, benzotriazolyl dodecyl p-cresol, glucose, panthenol, dipotassium glycyrrhizate, SH-Polypeptide-121 (9,900 ppb), Diisopropyl Adipate, True Rose of Jericho Extract, Lecithin, PPG-13-Decyl Tetradeceth-24, Peanut Oil, Silybin, Retinal (50 ppb), Retinol (461 ppb), BHT, Soluble Collagen (0.01 ppb), Polyglyceryl-10 Behenate\/Eicosadiyate, Isopropyl Lauroyl Sarcosinate, Cyanocobalamin, Caramel, Tocopherol, Pentylene Glycol, BHA, Decyl Glucoside, Polysorbate 60, Polysorbate 20, Sorbitan Stearate, Glycereth-25 PCA Isostearate, Sorbitan Isostearate, Xanthan Gum, Acrylates\/C10-30 Alkyl Acrylate Crosspolymer, Hydroxyethyl Acrylate\/Sodium Acryloyldimethyl Taurate Copolymer, Glyceryl Acrylate\/Acrylic Acid Copolymer, Ammonium Acryloyldimethyl Taurate\/VP Copolymer, Tromethamine, Stearic Acid, Potassium Sorbate, Pentaerythrityl Tetraethylhexanoate, Disodium EDTA, Hydroxyacetophenone, Caprylyl Glycol, Ethylhexylglycerin, Fragrance<\/em><\/div>","protected":false},"excerpt":{"rendered":"<p>Lifting krema sa retinolom sa dvostrukim efektom. 50ml<\/p>","protected":false},"featured_media":5636,"template":"","meta":[],"product_cat":[259,385,311,272,301,342,386,382,333,260],"product_tag":[446],"featured_image_urls":{"full":["https:\/\/medipeel.rs\/wp-content\/uploads\/2023\/06\/medi_peel_-retinol-collagen-lifting-cream-1.jpg",1200,1200,false],"thumbnail":["https:\/\/medipeel.rs\/wp-content\/uploads\/2023\/06\/medi_peel_-retinol-collagen-lifting-cream-1-150x150.jpg",150,150,true],"medium":["https:\/\/medipeel.rs\/wp-content\/uploads\/2023\/06\/medi_peel_-retinol-collagen-lifting-cream-1-300x300.jpg",300,300,true],"medium_large":["https:\/\/medipeel.rs\/wp-content\/uploads\/2023\/06\/medi_peel_-retinol-collagen-lifting-cream-1-768x768.jpg",768,768,true],"large":["https:\/\/medipeel.rs\/wp-content\/uploads\/2023\/06\/medi_peel_-retinol-collagen-lifting-cream-1-1024x1024.jpg",1024,1024,true],"1536x1536":["https:\/\/medipeel.rs\/wp-content\/uploads\/2023\/06\/medi_peel_-retinol-collagen-lifting-cream-1.jpg",1200,1200,false],"2048x2048":["https:\/\/medipeel.rs\/wp-content\/uploads\/2023\/06\/medi_peel_-retinol-collagen-lifting-cream-1.jpg",1200,1200,false],"trp-custom-language-flag":["https:\/\/medipeel.rs\/wp-content\/uploads\/2023\/06\/medi_peel_-retinol-collagen-lifting-cream-1-12x12.jpg",12,12,true],"vcmegaposts-masonry":["https:\/\/medipeel.rs\/wp-content\/uploads\/2023\/06\/medi_peel_-retinol-collagen-lifting-cream-1-500x500.jpg",500,500,true],"vcmegaposts-normal":["https:\/\/medipeel.rs\/wp-content\/uploads\/2023\/06\/medi_peel_-retinol-collagen-lifting-cream-1-800x800.jpg",800,800,true],"vcmegaposts-type1":["https:\/\/medipeel.rs\/wp-content\/uploads\/2023\/06\/medi_peel_-retinol-collagen-lifting-cream-1-800x500.jpg",800,500,true],"woocommerce_thumbnail":["https:\/\/medipeel.rs\/wp-content\/uploads\/2023\/06\/medi_peel_-retinol-collagen-lifting-cream-1-450x600.jpg",450,600,true],"woocommerce_single":["https:\/\/medipeel.rs\/wp-content\/uploads\/2023\/06\/medi_peel_-retinol-collagen-lifting-cream-1-600x600.jpg",600,600,true],"woocommerce_gallery_thumbnail":["https:\/\/medipeel.rs\/wp-content\/uploads\/2023\/06\/medi_peel_-retinol-collagen-lifting-cream-1-100x100.jpg",100,100,true]},"post_excerpt_stackable":"<p>\u0414\u0432\u043e\u0439\u043d\u043e\u0439 \u043b\u0438\u0444\u0442\u0438\u043d\u0433-\u043a\u0440\u0435\u043c \u0441 \u0440\u0435\u0442\u0438\u043d\u043e\u043b\u043e\u043c. 50ml<\/p>\n","category_list":"","author_info":{"name":"","url":""},"comments_num":"0 comments","jetpack_sharing_enabled":true,"_links":{"self":[{"href":"https:\/\/medipeel.rs\/sr\/wp-json\/wp\/v2\/product\/5635"}],"collection":[{"href":"https:\/\/medipeel.rs\/sr\/wp-json\/wp\/v2\/product"}],"about":[{"href":"https:\/\/medipeel.rs\/sr\/wp-json\/wp\/v2\/types\/product"}],"version-history":[{"count":2,"href":"https:\/\/medipeel.rs\/sr\/wp-json\/wp\/v2\/product\/5635\/revisions"}],"predecessor-version":[{"id":7055,"href":"https:\/\/medipeel.rs\/sr\/wp-json\/wp\/v2\/product\/5635\/revisions\/7055"}],"wp:featuredmedia":[{"embeddable":true,"href":"https:\/\/medipeel.rs\/sr\/wp-json\/wp\/v2\/media\/5636"}],"wp:attachment":[{"href":"https:\/\/medipeel.rs\/sr\/wp-json\/wp\/v2\/media?parent=5635"}],"wp:term":[{"taxonomy":"product_cat","embeddable":true,"href":"https:\/\/medipeel.rs\/sr\/wp-json\/wp\/v2\/product_cat?post=5635"},{"taxonomy":"product_tag","embeddable":true,"href":"https:\/\/medipeel.rs\/sr\/wp-json\/wp\/v2\/product_tag?post=5635"}],"curies":[{"name":"wp","href":"https:\/\/api.w.org\/{rel}","templated":true}]}}