{"id":5640,"date":"2023-06-17T21:01:45","date_gmt":"2023-06-17T19:01:45","guid":{"rendered":"https:\/\/medipeel.rs\/?post_type=product&#038;p=5640"},"modified":"2025-04-05T20:24:10","modified_gmt":"2025-04-05T18:24:10","slug":"medi-peel-retinol-collagen-lifting-ampoule","status":"publish","type":"product","link":"https:\/\/medipeel.rs\/sr\/\u043f\u0440\u043e\u0438\u0437\u0432\u043e\u0434\/medi-peel-retinol-collagen-lifting-ampoule\/","title":{"rendered":"Medi-Peel Retinol Collagen Lifting Ampoule"},"content":{"rendered":"<p class=\" translation-block\">Lifting Ampula Medi-Peel Retinol Collagen Lifting Ampoule je intenzivan koncentrat sredstava sa dokazanom efikasno\u0161\u0107u koja zate\u017ee i zagla\u0111uje ko\u017eu, smanjuje dubinu bora, su\u017eava pro\u0161irene pore i izjedna\u010dava mikroreljef. Proizvod odr\u017eava oblik lica, hidrira, zapo\u010dinje proizvodnju kolagena i produ\u017euje mladost. Smanjuje otiske nakon spavanja, ujedna\u010dava ton, smanjuje vidljivost pigmentacije, daje zdrav sjaj, spre\u010dava suvo\u0107u, bori se protiv bora oko usana, oko o\u010diju i u predelu nazolabijalnih nabora. <br>\nAmpula ne ostavlja lepljivost nakon kori\u0161\u0107enja i brzo se apsorbuje. Formula ima me\u0111unarodni sertifikat V-Label\u00ae koji potvr\u0111uje da lek ne sadr\u017ei komponente \u017eivotinjskog porekla. \n<br>Sadr\u017ei patentirano sredstvo Retinolgen\u2122 - inkapsulirani oblik 6 vrsta retinola i kolagena. <br>\n6 vrsta retinola uklju\u010duju: \n<br>Retinil palmitat - komponenta vitamina A, transformi\u0161e se prvo u retinol, zatim u retinal, a tek zatim u retinoinsku kiselinu. Ima antioksidativno dejstvo, usporava starenje ko\u017ee. \n<br>Retinil retinoat je savremeni oblik retinola. Pokre\u0107e proizvodnju hijaluronske kiseline, inhibira zapaljen proces, radi br\u017ee sa manje iritacije. \n<br>Granaktivni retinoid (hydroxypinacolone retinoate) je super-stabilni oblik retinola nove generacije. Odlikuje se efikasno\u0161\u0107u i brzim dejstvom, izaziva manje iritacije. \n<br>Retinal je mo\u0107an oblik vitamina a, odmah se transformi\u0161e u retinoi\u010dnu kiselinu. Ima anti-ageing efekat, stimuli\u0161e obnavljanje \u0107elija. \n<br>Retinol je naj\u010de\u0161\u0107a vrsta retinoida, transformi\u0161e se u retinal, a zatim u retinoi\u010dnu kiselinu. Ima anti-ageing efekat. \n<br>Sibilin je biljna supstanca koja se dobija iz ekstrakta mleka \u010di\u010dka (S\u00edlybum Marianum). Ima jak antioksidativni efekat, inhibira proces upale i smanjuje \u0161tetu izazvanu UV zracima. \n<br>Retinoidi stimuli\u0161u obnavljanje \u0107elija, kao i proizvodnju kolagena i hijaluronske kiseline \u2014 zahvaljuju\u0107i tome izgla\u0111uju i zate\u017eu ko\u017eu, smanjuju bore, normalizuju lu\u010denje sebuma i posvetljuju pigmentaciju. \n<br>Hidrolizovani kolagen u sastavu efikasno hidrira i spre\u010dava isparavanje vlage, zadr\u017eavaju\u0107i meko\u0107u i glatko\u0107u reljefa ko\u017ee. \n<br>Arginin pobolj\u0161ava mikrocirkulaciju i odr\u017eava optimalan nivo hidratacije, deo je prirodnog hidratantnog faktora (NMF), spre\u010dava dehidraciju. \n<br>Niacinamid (vitamin B3) osvetljava pigmentaciju i spre\u010dava da do nje do\u0111e, normalizuje proizvodnju sebuma, smanjuje sjaj u T-zoni (\u010delo, nos, obrazi i brada), pove\u0107ava za\u0161titne funkcije ko\u017ee. \n<br>Natrijum hijaluronat je hijaluronska kiselina male molekulske te\u017eine. Prodire duboko u stratum corneum, intenzivno vla\u017ei, pove\u0107ava elasti\u010dnost i izgla\u0111uje reljef. \n<br>Ulje makadamije hrani, zasi\u0107uje vitaminima i masnim kiselinama, kondicionira, savr\u0161eno se upija. \n<br>Suncokretovo ulje \u010dini ko\u017eu mek\u0161om i \u010dvr\u0161\u0107om, uklanja zategnutost i suvo\u0107u. Izgla\u0111uje plitke bore, ja\u010da za\u0161titnu barijeru i su\u017eava pore.<\/p>\n<p><strong>Na\u010din upotrebe:<\/strong> nakon pranja i toniranja, nanijeti ampulu na lice, rasporediti du\u017e linija za masa\u017eu. Koristite kremu za sun\u010danje tokom dana. Ne preporu\u010duje se upotreba tokom trudnoc\u0301e i dojenja.<\/p>\n<hr \/>\n<div><em><strong><em>Sastojci:<\/em><\/strong> Purified water, butylene glycol, glycerin, cetyl ethylhexanoate, niacinamide, cetearyl alcohol, meadowfoam seed oil, propanediol, true rose of jericho extract, camellia japonica flower extract, tomato extract, 1,2-hexanediol, caprylic\/capric triglyceride, argania kernel oil, macadamia nut seed oil, helianthus annuus (sunflower) seed oil, dipropylene glycol, hydrogenated polydecene, sodium hyaluronate, glucose, dipotassium glycyrrhizate, retinyl palmitate (10,000 IU\/g), sh-polypeptide-121 (9,900 ppb), retinol (461 ppb), retinal (50 ppb), retinyl retinoate (30 ppb), Hydroxypinacolone retinoate (10 ppb), soluble collagen (0.01 ppb), silybin, cetearyl glucoside, caprylyl glycol, sodium polyacrylate, arginine, lecithin, xanthan gum, tocopherol, coptis japonica root extract, tocopheryl acetate, diisopropyl adipate, C14-22 alcohol, cetyl palmitate, sorbitan olivate, sorbitan palmitate, C12-20 alkyl glucoside, isopropyl lauroyl sarcosinate, pentylene glycol, madecassoside, decyl glucoside, benzotriazolyl dodecyl p-cresol, diethylhexyl syringylidene malonate, simethicone, cetearyl ethyl hexanoate, acrylates\/C10-30 alkyl acrylate crosspolymer, hydroxyacetophenone, Carbomer, peanut oil, ethylhexylglycerin, potassium sorbate, PPG-13-decyltetradeceth-24, polysorbate 20, BHT, BHA, disodium EDTA, fragrance<\/em><\/div>","protected":false},"excerpt":{"rendered":"<p style=\"text-align: left;\">Lifting ampula sa retinolom. 50ml<\/p>","protected":false},"featured_media":5641,"template":"","meta":[],"product_cat":[259,311,272,301,342,386,382,333,261,260],"product_tag":[446],"featured_image_urls":{"full":["https:\/\/medipeel.rs\/wp-content\/uploads\/2023\/06\/medi_peel-retinol-collagen-lifting-ampoule1.jpg",1348,1348,false],"thumbnail":["https:\/\/medipeel.rs\/wp-content\/uploads\/2023\/06\/medi_peel-retinol-collagen-lifting-ampoule1-150x150.jpg",150,150,true],"medium":["https:\/\/medipeel.rs\/wp-content\/uploads\/2023\/06\/medi_peel-retinol-collagen-lifting-ampoule1-300x300.jpg",300,300,true],"medium_large":["https:\/\/medipeel.rs\/wp-content\/uploads\/2023\/06\/medi_peel-retinol-collagen-lifting-ampoule1-768x768.jpg",768,768,true],"large":["https:\/\/medipeel.rs\/wp-content\/uploads\/2023\/06\/medi_peel-retinol-collagen-lifting-ampoule1-1024x1024.jpg",1024,1024,true],"1536x1536":["https:\/\/medipeel.rs\/wp-content\/uploads\/2023\/06\/medi_peel-retinol-collagen-lifting-ampoule1.jpg",1348,1348,false],"2048x2048":["https:\/\/medipeel.rs\/wp-content\/uploads\/2023\/06\/medi_peel-retinol-collagen-lifting-ampoule1.jpg",1348,1348,false],"trp-custom-language-flag":["https:\/\/medipeel.rs\/wp-content\/uploads\/2023\/06\/medi_peel-retinol-collagen-lifting-ampoule1-12x12.jpg",12,12,true],"vcmegaposts-masonry":["https:\/\/medipeel.rs\/wp-content\/uploads\/2023\/06\/medi_peel-retinol-collagen-lifting-ampoule1-500x500.jpg",500,500,true],"vcmegaposts-normal":["https:\/\/medipeel.rs\/wp-content\/uploads\/2023\/06\/medi_peel-retinol-collagen-lifting-ampoule1-800x800.jpg",800,800,true],"vcmegaposts-type1":["https:\/\/medipeel.rs\/wp-content\/uploads\/2023\/06\/medi_peel-retinol-collagen-lifting-ampoule1-800x500.jpg",800,500,true],"woocommerce_thumbnail":["https:\/\/medipeel.rs\/wp-content\/uploads\/2023\/06\/medi_peel-retinol-collagen-lifting-ampoule1-450x600.jpg",450,600,true],"woocommerce_single":["https:\/\/medipeel.rs\/wp-content\/uploads\/2023\/06\/medi_peel-retinol-collagen-lifting-ampoule1-600x600.jpg",600,600,true],"woocommerce_gallery_thumbnail":["https:\/\/medipeel.rs\/wp-content\/uploads\/2023\/06\/medi_peel-retinol-collagen-lifting-ampoule1-100x100.jpg",100,100,true]},"post_excerpt_stackable":"<p style=\"text-align: left;\">\u041b\u0438\u0444\u0442\u0438\u043d\u0433-\u0430\u043c\u043f\u0443\u043b\u0430 \u0441 \u0440\u0435\u0442\u0438\u043d\u043e\u043b\u043e\u043c. 50ml<\/p>\n","category_list":"","author_info":{"name":"","url":""},"comments_num":"0 comments","jetpack_sharing_enabled":true,"_links":{"self":[{"href":"https:\/\/medipeel.rs\/sr\/wp-json\/wp\/v2\/product\/5640"}],"collection":[{"href":"https:\/\/medipeel.rs\/sr\/wp-json\/wp\/v2\/product"}],"about":[{"href":"https:\/\/medipeel.rs\/sr\/wp-json\/wp\/v2\/types\/product"}],"version-history":[{"count":4,"href":"https:\/\/medipeel.rs\/sr\/wp-json\/wp\/v2\/product\/5640\/revisions"}],"predecessor-version":[{"id":7057,"href":"https:\/\/medipeel.rs\/sr\/wp-json\/wp\/v2\/product\/5640\/revisions\/7057"}],"wp:featuredmedia":[{"embeddable":true,"href":"https:\/\/medipeel.rs\/sr\/wp-json\/wp\/v2\/media\/5641"}],"wp:attachment":[{"href":"https:\/\/medipeel.rs\/sr\/wp-json\/wp\/v2\/media?parent=5640"}],"wp:term":[{"taxonomy":"product_cat","embeddable":true,"href":"https:\/\/medipeel.rs\/sr\/wp-json\/wp\/v2\/product_cat?post=5640"},{"taxonomy":"product_tag","embeddable":true,"href":"https:\/\/medipeel.rs\/sr\/wp-json\/wp\/v2\/product_tag?post=5640"}],"curies":[{"name":"wp","href":"https:\/\/api.w.org\/{rel}","templated":true}]}}