{"id":5643,"date":"2023-06-17T19:59:55","date_gmt":"2023-06-17T17:59:55","guid":{"rendered":"https:\/\/medipeel.rs\/?post_type=product&#038;p=5643"},"modified":"2025-06-21T20:58:23","modified_gmt":"2025-06-21T18:58:23","slug":"medi-peel-cell-toxing-dermajours-black-truffle-repair-mask","status":"publish","type":"product","link":"https:\/\/medipeel.rs\/sr\/\u043f\u0440\u043e\u0438\u0437\u0432\u043e\u0434\/medi-peel-cell-toxing-dermajours-black-truffle-repair-mask\/","title":{"rendered":"Medi-Peel Cell Toxing Dermajours Black Truffle Repair Mask"},"content":{"rendered":"<p class=\" translation-block\">Medi-Peel Cell Toxing Black Caviar Dermajours Repair Mask je premium biocelulozna maska sa biljnim mati\u010dnim \u0107elijama, ekstraktom kavijara i crnog tartufa. Ima izra\u017eeno regeneri\u0161u\u0107e, lifting i anti-age dejstvo: dubinski hrani i hidrira, uklanja suvo\u0107u i ose\u0107aj zategnutosti, zagla\u0111uje mimi\u010dke bore i u\u010dvr\u0161\u0107uje konture lica. Ko\u017ea postaje zategnutija, gu\u0161\u0107a i blistavija ve\u0107 nakon prve upotrebe. Zahvaljuju\u0107i ultratankom sloju maska \u010dvrsto prijanja uz lice, poja\u010davaju\u0107i prodor aktivnih sastojaka i stvaraju\u0107i efekat \u201edruge ko\u017ee\u201c.<br>\n\nKlju\u010dni aktivni sastojci i njihovo dejstvo:<br>\nBiljne mati\u010dne \u0107elije edelvajsa normalizuju nivo vlage u ko\u017ei, spre\u010davaju razgradnju kolagenskih vlakana i pove\u0107avaju elasti\u010dnost.<br>\nEkstrakt kavijara bogat je vitaminima i mineralima, dubinski hrani ko\u017eu, zagla\u0111uje bore i pru\u017ea sna\u017ean lifting efekat.<br>\nCrni tartuf (1,000 ppb) stimuli\u0161e regeneraciju \u0107elija, pove\u0107ava gustinu i tonus ko\u017ee.<br>\nKompleks 9 peptida aktivira sintezu kolagena i elastina, zagla\u0111uje, ja\u010da i podmla\u0111uje ko\u017eu.<br>\nSYN-AKE (Dipeptide Diaminobutyroyl Benzylamide Diacetate) opu\u0161ta mimi\u010dke mi\u0161i\u0107e i smanjuje izra\u017eenost bora.<br>\nSYN-COLL (Palmitoyl Tripeptide-5) podsti\u010de proizvodnju kolagena i pove\u0107ava \u010dvrstinu ko\u017ee.\nOriental Beauty Fruits Newplex (ekstrakti smokve, nara, ginka i dudinjeg vo\u0107a) pru\u017ea antioksidativnu za\u0161titu i vra\u0107a elasti\u010dnost i tonus.<br>\nFresh Bud No.6 (klice brokolija, lucerke, p\u0161enice i kupusa) umiruje ko\u017eu, ubla\u017eava iritacije i podsti\u010de regeneraciju.<br>\nEkstrakt kore magnolije usporava razgradnju kolagena i \u010duva \u010dvrsto\u0107u ko\u017ee.<br>\n\nPeptide 9 Complex, Oriental Beauty Fruits Newplex i Fresh Bud No.6 su patentirani kompleksi sa dokazanom efikasno\u0161\u0107u, usmereni na dubinsku obnovu, anti-age negu i za\u0161titu ko\u017ee.\n<br><\/p>\n<p><strong>Na\u010din upotrebe:<\/strong> Nanesite masku na o\u010di\u0161c\u0301enu i toniziranu ko\u017eu, ostavite da deluje 10-20 minuta, uklonite masku i ne\u017eno utapkajte preostalu esenciju u ko\u017eu.<\/p>\n<hr \/>\n<p><em><strong><em>Sastojci:<\/em><\/strong> Purified water, glycerin, niacinamide, 1,2-hexanediol, butylene glycol, dipropylene glycol, hydroxyethyl cellulose, clophenesin, trehalose, arginine, carbomer, allantoin, adenosine, disodium EDTA, dipotassium glycyrrhizate, polyglyceryl-10 laurate, polyglyceryl-4 laurate, sodium hyaluronate, panthenol, caprylyl\/capryl glucoside, xylityl glucoside, anhydrous xylitol, polysorbate 60, disodium phosphate, magnolia bark extract, xylitol, ethylhexylglycerin, sodium phosphate, ginkgo biloba extract, pomegranate extract, mulberry fruit extract, fig extract, edelweiss callus culture extract, alfalfa extract, cabbage extract, broccoli extract, wheat sprout extract, black truffle extract (1,000 ppb), rapeseed extract, radish seed extract, dipeptide diaminobutyroyl benzylamide diacetate, palmitoyl tripeptide-5, polysorbate 20, lecithin, pearl extract, tripeptide-1, copper tripeptide-1, palmitoyl pentapeptide-4, hexapeptide-9, acetyl hexapeptide-8, acetyl octapeptide-3, nonapeptide-1, palmitoyl tripeptide-1, palmitoyl tetrapeptide-7, hydroxycitronellal, fragrance.<\/em><\/p>","protected":false},"excerpt":{"rendered":"<div class=\"woocommerce-product-details__short-description\">\n<p>Obnavljaju\u0107a maska sa biljnim mati\u010dnim \u0107elijama, ekstraktom kavijara i crnog tartufa. 30ml<\/p>\n<\/div>","protected":false},"featured_media":7763,"template":"","meta":[],"product_cat":[259,311,264,359,346,348,386,260],"product_tag":[320],"featured_image_urls":{"full":["https:\/\/medipeel.rs\/wp-content\/uploads\/2023\/06\/medipeelcelltoxingblacktruffledermajoursrepairmask.webp",1080,1080,false],"thumbnail":["https:\/\/medipeel.rs\/wp-content\/uploads\/2023\/06\/medipeelcelltoxingblacktruffledermajoursrepairmask-150x150.webp",150,150,true],"medium":["https:\/\/medipeel.rs\/wp-content\/uploads\/2023\/06\/medipeelcelltoxingblacktruffledermajoursrepairmask-300x300.webp",300,300,true],"medium_large":["https:\/\/medipeel.rs\/wp-content\/uploads\/2023\/06\/medipeelcelltoxingblacktruffledermajoursrepairmask-768x768.webp",768,768,true],"large":["https:\/\/medipeel.rs\/wp-content\/uploads\/2023\/06\/medipeelcelltoxingblacktruffledermajoursrepairmask-1024x1024.webp",1024,1024,true],"1536x1536":["https:\/\/medipeel.rs\/wp-content\/uploads\/2023\/06\/medipeelcelltoxingblacktruffledermajoursrepairmask.webp",1080,1080,false],"2048x2048":["https:\/\/medipeel.rs\/wp-content\/uploads\/2023\/06\/medipeelcelltoxingblacktruffledermajoursrepairmask.webp",1080,1080,false],"trp-custom-language-flag":["https:\/\/medipeel.rs\/wp-content\/uploads\/2023\/06\/medipeelcelltoxingblacktruffledermajoursrepairmask-12x12.webp",12,12,true],"vcmegaposts-masonry":["https:\/\/medipeel.rs\/wp-content\/uploads\/2023\/06\/medipeelcelltoxingblacktruffledermajoursrepairmask-500x500.webp",500,500,true],"vcmegaposts-normal":["https:\/\/medipeel.rs\/wp-content\/uploads\/2023\/06\/medipeelcelltoxingblacktruffledermajoursrepairmask-800x800.webp",800,800,true],"vcmegaposts-type1":["https:\/\/medipeel.rs\/wp-content\/uploads\/2023\/06\/medipeelcelltoxingblacktruffledermajoursrepairmask-800x500.webp",800,500,true],"woocommerce_thumbnail":["https:\/\/medipeel.rs\/wp-content\/uploads\/2023\/06\/medipeelcelltoxingblacktruffledermajoursrepairmask-450x600.webp",450,600,true],"woocommerce_single":["https:\/\/medipeel.rs\/wp-content\/uploads\/2023\/06\/medipeelcelltoxingblacktruffledermajoursrepairmask-600x600.webp",600,600,true],"woocommerce_gallery_thumbnail":["https:\/\/medipeel.rs\/wp-content\/uploads\/2023\/06\/medipeelcelltoxingblacktruffledermajoursrepairmask-100x100.webp",100,100,true]},"post_excerpt_stackable":"<div class=\"woocommerce-product-details__short-description\">\n<p>\u0412\u043e\u0441\u0441\u0442\u0430\u043d\u0430\u0432\u043b\u0438\u0432\u0430\u044e\u0449\u0430\u044f \u043c\u0430\u0441\u043a\u0430 \u0441 \u0440\u0430\u0441\u0442\u0438\u0442\u0435\u043b\u044c\u043d\u044b\u043c\u0438 \u0441\u0442\u0432\u043e\u043b\u043e\u0432\u044b\u043c\u0438 \u043a\u043b\u0435\u0442\u043a\u0430\u043c\u0438, \u044d\u043a\u0441\u0442\u0440\u0430\u043a\u0442\u043e\u043c \u0438\u043a\u0440\u044b \u0438 \u0447\u0435\u0440\u043d\u043e\u0433\u043e \u0442\u0440\u044e\u0444\u0435\u043b\u044f. 30ml<\/p>\n<\/div>\n","category_list":"","author_info":{"name":"","url":""},"comments_num":"0 comments","jetpack_sharing_enabled":true,"_links":{"self":[{"href":"https:\/\/medipeel.rs\/sr\/wp-json\/wp\/v2\/product\/5643"}],"collection":[{"href":"https:\/\/medipeel.rs\/sr\/wp-json\/wp\/v2\/product"}],"about":[{"href":"https:\/\/medipeel.rs\/sr\/wp-json\/wp\/v2\/types\/product"}],"version-history":[{"count":5,"href":"https:\/\/medipeel.rs\/sr\/wp-json\/wp\/v2\/product\/5643\/revisions"}],"predecessor-version":[{"id":7766,"href":"https:\/\/medipeel.rs\/sr\/wp-json\/wp\/v2\/product\/5643\/revisions\/7766"}],"wp:featuredmedia":[{"embeddable":true,"href":"https:\/\/medipeel.rs\/sr\/wp-json\/wp\/v2\/media\/7763"}],"wp:attachment":[{"href":"https:\/\/medipeel.rs\/sr\/wp-json\/wp\/v2\/media?parent=5643"}],"wp:term":[{"taxonomy":"product_cat","embeddable":true,"href":"https:\/\/medipeel.rs\/sr\/wp-json\/wp\/v2\/product_cat?post=5643"},{"taxonomy":"product_tag","embeddable":true,"href":"https:\/\/medipeel.rs\/sr\/wp-json\/wp\/v2\/product_tag?post=5643"}],"curies":[{"name":"wp","href":"https:\/\/api.w.org\/{rel}","templated":true}]}}