{"id":5804,"date":"2023-08-17T22:42:03","date_gmt":"2023-08-17T20:42:03","guid":{"rendered":"https:\/\/medipeel.rs\/?post_type=product&#038;p=5804"},"modified":"2025-06-06T12:13:01","modified_gmt":"2025-06-06T10:13:01","slug":"medi-peel-glutathione-hyal-aqua-ampoule2","status":"publish","type":"product","link":"https:\/\/medipeel.rs\/sr\/\u043f\u0440\u043e\u0438\u0437\u0432\u043e\u0434\/medi-peel-glutathione-hyal-aqua-ampoule2\/","title":{"rendered":"Medi-Peel Glutathione Hyal Aqua Ampoule"},"content":{"rendered":"<p class=\" translation-block\">Ampula za osvetljavanje i hidrataciju lica ima moc\u0301nu formulu koja sadr\u017ei 99% \u010distog glutationa i 4 vrste vitamina (B2, B3, B6, B12). Zajedno, ovi sastojci intenzivno osvetljavaju ko\u017eu popunjavanjem praznina izme\u0111u slojeva ko\u017ee za ujedna\u010den ton i prirodan sjaj.<br>\nMetoda Deep GlutaSOME stabilizuje glutation visoke \u010disto\u0107e kako bi se smanjili gubici hranljivih materija i bezbedno i brzo isporu\u010dili aktivni sastojci u ko\u017eu. Ovaj sna\u017eni antioksidans poma\u017ee u borbi protiv oksidativnog stresa i smanjuje spoljne znakove starenja. Glutation je tako\u0111e poznat po svojim svojstvima izbeljivanja, poma\u017ee u izjedna\u010davanju tonusa ko\u017ee i smanjenju pigmentacije. \n<br>Akvaporini su specifi\u010dni proteini koji formiraju pore u membranama \u0107elija. Drugim re\u010dima, oni ispunjavaju ulogu \"vodene kapije\" kroz koju voda ulazi u \u0107eliju i tamo se zadr\u017eava. Akvaporini trenutno zasi\u0107uju vlagom, vra\u0107aju hidro ravnote\u017eu, pove\u0107avaju elasti\u010dnost ko\u017ee i izgla\u0111uju fine bore. <br>\n8 vrsta hijaluronske kiseline hidriraju, nadokna\u0111uju nedostatak vlage i zadr\u017eavaju je u epidermisu, odr\u017eavaju glatkoc\u0301u i elasti\u010dnost, spre\u010davaju isu\u0161ivanje i lju\u0161tenje.<br>\nKompleks od 5 vrsta peptida povec\u0301ava \u010dvrstinu i elasti\u010dnost ko\u017ee, ubrzava proizvodnju sopstvenih kolagenih i elastinskih vlakana u telu. Smanjuje dubinu bora i spre\u010dava opu\u0161tanje ko\u017ee. Ja\u010da za\u0161titnu barijeru ko\u017ee.<br>\nAdenozin je \u010dudotvorno jedinjenje koje na\u0161oj ko\u017ei daje drugi vetar. Stimuli\u0161e proizvodnju kolagena i elastina, trenutno obnavlja ko\u017eu i \u010dini je \u010dvr\u0161c\u0301om nego ikada ranije.<br>\nEkstrakt \u010di\u010dka (mle\u010dni \u010di\u010dak) ima mo\u0107na antioksidativna svojstva, aktivira poja\u010danu sintezu kolagena, pobolj\u0161ava \u010dvrstinu i elasti\u010dnost ko\u017ee, a tako\u0111e poma\u017ee u osvetljavanju ko\u017ee i osloba\u0111anju od stara\u010dkih pega. \n<br>Hidrolizovani ekstrakt gardenije \u010disti, obnavlja i hidrira, a tako\u0111e pobolj\u0161ava elasti\u010dnost tkiva.<br>\nPreporu\u010duje se za  ko\u017eu bez sjaja, ko\u017eu sa pegama i flekama i suvu, dehidriranu ko\u017eu.<\/p>\n<p><strong>Na\u010din upotrebe:<\/strong> masa\u017enim pokretima nanesite potrebnu koli\u010dinu seruma na prethodno toniranu ko\u017eu.<\/p>\n<hr \/>\n<div><em><strong><em>Sastojci:<\/em> <\/strong>Purified water, butylene glycol, 1,2-hexanediol, glycerin, niacinamide, hydrogenated coconut oil, hydrolyzed sodium hyaluronate (9,749 ppm), cetearyl alcohol, glutathione (6,000 ppm) , Glyceryl Stearate, Hydrogenated Lecithin, C14-22 Alcohol, Polyglyceryl-10 Stearate, Cetearyl Olivate, Methylglucose Sesquistearate, Isoamyllaurate, Carbomer, Sorbitan Olivate, Poly Glyceryl-4 caprate, tromethamine, sodium hyaluronate (1,000 ppm), rhubarb extract, betaine, secretion tree oil, cedar leaf extract, citron peel oil, bamboo shoot peel extract, cypress leaf extract, C12- 20 Alkyl Glucoside, Hydrolyzed Hyaluronic Acid (700 ppm), Hyaluronic Acid (700 ppm), Xanthan Gum, Pentylene Glycol, Adenosine, Disodium EDTA, Maltodextrin, Hydrolyzed Gardenia extract, glyceryl glucoside, ethylhexyl glycerin, glucose, white thistle extract, polyglyceryl-10 laurate, dimethylsilanol hyaluronate (300 ppb), copper tripeptide-1, acetyl hexapeptide- 8, Cyanocobalamin, Palmitoyl Tetrapeptide-7, Palmitoyl Tripeptide-1, Palmitoyl Pentapeptide-4, Pyridoxine HCL, Hydroxypropyltrimonium Hyaluronate (50 ppb), Potassium Hyaluronate nate (35 ppb), sodium acetylated hyaluronate (15 ppb), riboflavin, fragrance, citronellol, geraniol, hexylcinnamal, hydroxycitronellal, limonene, linalool.<\/em><\/div>","protected":false},"excerpt":{"rendered":"<p>Ampula za osvetljavanje i hidrataciju ko\u017ee lica sa glutationom i hijaluronskom kiselinom. 30ml<\/p>","protected":false},"featured_media":5805,"template":"","meta":[],"product_cat":[441,272,342,348,386,382,261,260],"product_tag":[459],"featured_image_urls":{"full":["https:\/\/medipeel.rs\/wp-content\/uploads\/2023\/08\/medi-peel-glutathione-hyal-aqua-ampoule.jpg",1200,1200,false],"thumbnail":["https:\/\/medipeel.rs\/wp-content\/uploads\/2023\/08\/medi-peel-glutathione-hyal-aqua-ampoule-150x150.jpg",150,150,true],"medium":["https:\/\/medipeel.rs\/wp-content\/uploads\/2023\/08\/medi-peel-glutathione-hyal-aqua-ampoule-300x300.jpg",300,300,true],"medium_large":["https:\/\/medipeel.rs\/wp-content\/uploads\/2023\/08\/medi-peel-glutathione-hyal-aqua-ampoule-768x768.jpg",768,768,true],"large":["https:\/\/medipeel.rs\/wp-content\/uploads\/2023\/08\/medi-peel-glutathione-hyal-aqua-ampoule-1024x1024.jpg",1024,1024,true],"1536x1536":["https:\/\/medipeel.rs\/wp-content\/uploads\/2023\/08\/medi-peel-glutathione-hyal-aqua-ampoule.jpg",1200,1200,false],"2048x2048":["https:\/\/medipeel.rs\/wp-content\/uploads\/2023\/08\/medi-peel-glutathione-hyal-aqua-ampoule.jpg",1200,1200,false],"trp-custom-language-flag":["https:\/\/medipeel.rs\/wp-content\/uploads\/2023\/08\/medi-peel-glutathione-hyal-aqua-ampoule-12x12.jpg",12,12,true],"vcmegaposts-masonry":["https:\/\/medipeel.rs\/wp-content\/uploads\/2023\/08\/medi-peel-glutathione-hyal-aqua-ampoule-500x500.jpg",500,500,true],"vcmegaposts-normal":["https:\/\/medipeel.rs\/wp-content\/uploads\/2023\/08\/medi-peel-glutathione-hyal-aqua-ampoule-800x800.jpg",800,800,true],"vcmegaposts-type1":["https:\/\/medipeel.rs\/wp-content\/uploads\/2023\/08\/medi-peel-glutathione-hyal-aqua-ampoule-800x500.jpg",800,500,true],"woocommerce_thumbnail":["https:\/\/medipeel.rs\/wp-content\/uploads\/2023\/08\/medi-peel-glutathione-hyal-aqua-ampoule-450x600.jpg",450,600,true],"woocommerce_single":["https:\/\/medipeel.rs\/wp-content\/uploads\/2023\/08\/medi-peel-glutathione-hyal-aqua-ampoule-600x600.jpg",600,600,true],"woocommerce_gallery_thumbnail":["https:\/\/medipeel.rs\/wp-content\/uploads\/2023\/08\/medi-peel-glutathione-hyal-aqua-ampoule-100x100.jpg",100,100,true]},"post_excerpt_stackable":"<p>\u0410\u043c\u043f\u0443\u043b\u0430 \u0434\u043b\u044f \u043e\u0441\u0432\u0435\u0442\u043b\u0435\u043d\u0438\u044f \u0438 \u0443\u0432\u043b\u0430\u0436\u043d\u0435\u043d\u0438\u044f \u043a\u043e\u0436\u0438 \u043b\u0438\u0446\u0430 \u0441 \u0433\u043b\u0443\u0442\u0430\u0442\u0438\u043e\u043d\u043e\u043c \u0438 \u0433\u0438\u0430\u043b\u0443\u0440\u043e\u043d\u043e\u0432\u043e\u0439 \u043a\u0438\u0441\u043b\u043e\u0442\u043e\u0439. 30ml<\/p>\n","category_list":"","author_info":{"name":"","url":""},"comments_num":"0 comments","jetpack_sharing_enabled":true,"_links":{"self":[{"href":"https:\/\/medipeel.rs\/sr\/wp-json\/wp\/v2\/product\/5804"}],"collection":[{"href":"https:\/\/medipeel.rs\/sr\/wp-json\/wp\/v2\/product"}],"about":[{"href":"https:\/\/medipeel.rs\/sr\/wp-json\/wp\/v2\/types\/product"}],"version-history":[{"count":1,"href":"https:\/\/medipeel.rs\/sr\/wp-json\/wp\/v2\/product\/5804\/revisions"}],"predecessor-version":[{"id":5806,"href":"https:\/\/medipeel.rs\/sr\/wp-json\/wp\/v2\/product\/5804\/revisions\/5806"}],"wp:featuredmedia":[{"embeddable":true,"href":"https:\/\/medipeel.rs\/sr\/wp-json\/wp\/v2\/media\/5805"}],"wp:attachment":[{"href":"https:\/\/medipeel.rs\/sr\/wp-json\/wp\/v2\/media?parent=5804"}],"wp:term":[{"taxonomy":"product_cat","embeddable":true,"href":"https:\/\/medipeel.rs\/sr\/wp-json\/wp\/v2\/product_cat?post=5804"},{"taxonomy":"product_tag","embeddable":true,"href":"https:\/\/medipeel.rs\/sr\/wp-json\/wp\/v2\/product_tag?post=5804"}],"curies":[{"name":"wp","href":"https:\/\/api.w.org\/{rel}","templated":true}]}}