{"id":5807,"date":"2023-08-17T22:29:55","date_gmt":"2023-08-17T20:29:55","guid":{"rendered":"https:\/\/medipeel.rs\/?post_type=product&#038;p=5807"},"modified":"2024-09-19T20:02:35","modified_gmt":"2024-09-19T18:02:35","slug":"medi-peel-premium-collagen-naite-thread-neck-cream2","status":"publish","type":"product","link":"https:\/\/medipeel.rs\/sr\/\u043f\u0440\u043e\u0438\u0437\u0432\u043e\u0434\/medi-peel-premium-collagen-naite-thread-neck-cream2\/","title":{"rendered":"Medi-Peel Premium Collagen Naite Thread Neck Cream 2.0"},"content":{"rendered":"<p class=\" translation-block\">Medi-Peel Premium Collagen Naite Thread Neck Cream 2.0 - pobolj\u0161ana verzija \u010duvene kreme za vrat kompanije Medi-Peel koji sadr\u017ee dvostruku koncentraciju peptida i kolagena,  ima izra\u017een lifting efekat, zagla\u0111uje i smanjuje dubinu bora, poma\u017ee u borbi protiv bora ko\u017ee i prstenova Venera. Krema sadr\u017ei moc\u0301an peptidni kompleks koji ima za cilj dubinsko podmla\u0111ivanje i ja\u010danje ko\u017ee. Zagla\u0111uje i smanjuje dubinu bora, usporava starenje ko\u017ee i daje efekat liftinga. Intenzivno vla\u017ei i zadr\u017eava vlagu u epidermisu, elimini\u0161e suvoc\u0301u, \u010dini ko\u017eu mekom i glatkom. Peptidi aktiviraju proces regeneracije i obnavljanja c\u0301elija epiderme, aktiviraju metabolizam i povec\u0301avaju imunitet. Obnavlja strukturu kolagenih i elastinskih vlakana i stimuli\u0161e njihovu sintezu. Deluju na mi\u0161ic\u0301e lica, pru\u017eajuc\u0301i umirujuc\u0301i efekat, zbog \u010dega se bore izgla\u0111uju.<br>\nGlavni aktivni sastojci:<br>\nHidrolizovani kolagen zagla\u0111uje i ujedna\u010dava ko\u017eu, \u010dini je gipkom i elasti\u010dnom, uklanja fine bore i osve\u017eava. Ima zaceljivanje rana i umirujuc\u0301e dejstvo, zadr\u017eava vlagu u dubokim slojevima ko\u017ee. Ima efekat regeneracije.<br>\nUlje slatkog badema ima antimikrobno i antioksidativno dejstvo, elimini\u0161e lju\u0161tenje, suvoc\u0301u i iritaciju. Poma\u017ee u izgla\u0111ivanju malih bora, zagla\u0111ivanju mikroreljefa ko\u017ee, pobolj\u0161anju turgora, pobolj\u0161anju sinteze kolagena.<br>\nNiacinamid podsti\u010de sna\u017enu c\u0301elijsku obnovu ko\u017ee, pobolj\u0161ava elasti\u010dnost ko\u017ee, ja\u010da funkciju barijere, poma\u017ee u uklanjanju stara\u010dkih pega i osvetljavanju pega.<br>\nAdenozin je moc\u0301na komponenta protiv starenja koja ubrzava regeneraciju c\u0301elija ko\u017ee, \u010dime povec\u0301ava njenu \u010dvrstoc\u0301u i elasti\u010dnost i izgla\u0111uje bore.<br>\nKompleks od 5 vrsta peptida povec\u0301ava \u010dvrstoc\u0301u i elasti\u010dnost ko\u017ee, ubrzava proizvodnju sopstvenih kolagenih i elastinskih vlakana u telu. Smanjite dubinu bora i spre\u010dite opu\u0161tanje ko\u017ee. Oja\u010dati za\u0161titnu barijeru ko\u017ee.<\/p>\n<p><strong>Na\u010din upotrebe:<\/strong> Krema se nanosi ujutru i uve\u010de na o\u010di\u0161c\u0301enu toniranu ko\u017eu tankim slojem masa\u017enih pokreta. Treba ga nanositi od brade do klju\u010dne kosti i dekoltea.<\/p>\n<hr \/>\n<div><em><strong><em>Sastojci:<\/em><\/strong> Purified water, hydrolyzed collagen (97,500 ppm), glycerin, C12-15 alkyl benzoate, cetearyl alcohol, cetylethylhexanoate, cyclohexasiloxane, 1,2-hexanediol, sweet almond oil, butyl Len Glycol, Arginine, Carbomer, Dimethicone, Glyceryl Stearate, Olive Oil, Polysorbate 60, Beeswax, PEG-100 Stearate, Sodium Polyacrylate, Palmitic Acid, Stearic Acid, Fragrance, Yeast\/Rice Fermentation Filtrate, Hydrogenated Lecithin, Ethylhexylglycerin, Adenosine, Chamomile Flower Extract, Disodium EDTA, Polyglyceryl-10 Laurate, Malt Extract, Pentylene Glycol, Panthenol, Hexyldecane All, ceramide NP, hydrolyzed elastin, palmitoyl tripeptide-5, dipeptide diaminobutyroylbenzylamide diacetate, centella asiatica extract, lavender extract.<\/em><\/div>","protected":false},"excerpt":{"rendered":"<p>U\u010dvr\u0161c\u0301ujuc\u0301a krema za vrat sa peptidnim kompleksom i kolagenom. 100ml<\/p>","protected":false},"featured_media":5808,"template":"","meta":[],"product_cat":[385,311,342,386,260,279,269],"product_tag":[],"featured_image_urls":{"full":["https:\/\/medipeel.rs\/wp-content\/uploads\/2023\/08\/medi-peel-premium-collagen-naite-thread-neck-cream-2.0.jpg",1200,1200,false],"thumbnail":["https:\/\/medipeel.rs\/wp-content\/uploads\/2023\/08\/medi-peel-premium-collagen-naite-thread-neck-cream-2.0-150x150.jpg",150,150,true],"medium":["https:\/\/medipeel.rs\/wp-content\/uploads\/2023\/08\/medi-peel-premium-collagen-naite-thread-neck-cream-2.0-300x300.jpg",300,300,true],"medium_large":["https:\/\/medipeel.rs\/wp-content\/uploads\/2023\/08\/medi-peel-premium-collagen-naite-thread-neck-cream-2.0-768x768.jpg",768,768,true],"large":["https:\/\/medipeel.rs\/wp-content\/uploads\/2023\/08\/medi-peel-premium-collagen-naite-thread-neck-cream-2.0-1024x1024.jpg",1024,1024,true],"1536x1536":["https:\/\/medipeel.rs\/wp-content\/uploads\/2023\/08\/medi-peel-premium-collagen-naite-thread-neck-cream-2.0.jpg",1200,1200,false],"2048x2048":["https:\/\/medipeel.rs\/wp-content\/uploads\/2023\/08\/medi-peel-premium-collagen-naite-thread-neck-cream-2.0.jpg",1200,1200,false],"trp-custom-language-flag":["https:\/\/medipeel.rs\/wp-content\/uploads\/2023\/08\/medi-peel-premium-collagen-naite-thread-neck-cream-2.0-12x12.jpg",12,12,true],"vcmegaposts-masonry":["https:\/\/medipeel.rs\/wp-content\/uploads\/2023\/08\/medi-peel-premium-collagen-naite-thread-neck-cream-2.0-500x500.jpg",500,500,true],"vcmegaposts-normal":["https:\/\/medipeel.rs\/wp-content\/uploads\/2023\/08\/medi-peel-premium-collagen-naite-thread-neck-cream-2.0-800x800.jpg",800,800,true],"vcmegaposts-type1":["https:\/\/medipeel.rs\/wp-content\/uploads\/2023\/08\/medi-peel-premium-collagen-naite-thread-neck-cream-2.0-800x500.jpg",800,500,true],"woocommerce_thumbnail":["https:\/\/medipeel.rs\/wp-content\/uploads\/2023\/08\/medi-peel-premium-collagen-naite-thread-neck-cream-2.0-450x600.jpg",450,600,true],"woocommerce_single":["https:\/\/medipeel.rs\/wp-content\/uploads\/2023\/08\/medi-peel-premium-collagen-naite-thread-neck-cream-2.0-600x600.jpg",600,600,true],"woocommerce_gallery_thumbnail":["https:\/\/medipeel.rs\/wp-content\/uploads\/2023\/08\/medi-peel-premium-collagen-naite-thread-neck-cream-2.0-100x100.jpg",100,100,true]},"post_excerpt_stackable":"<p>\u041f\u043e\u0434\u0442\u044f\u0433\u0438\u0432\u0430\u044e\u0449\u0438\u0439 \u043a\u0440\u0435\u043c \u0434\u043b\u044f \u0448\u0435\u0438 \u0441 \u043f\u0435\u043f\u0442\u0438\u0434\u043d\u044b\u043c \u043a\u043e\u043c\u043f\u043b\u0435\u043a\u0441\u043e\u043c \u0438 \u043a\u043e\u043b\u043b\u0430\u0433\u0435\u043d\u043e\u043c. 100ml<\/p>\n","category_list":"","author_info":{"name":"","url":""},"comments_num":"0 comments","jetpack_sharing_enabled":true,"_links":{"self":[{"href":"https:\/\/medipeel.rs\/sr\/wp-json\/wp\/v2\/product\/5807"}],"collection":[{"href":"https:\/\/medipeel.rs\/sr\/wp-json\/wp\/v2\/product"}],"about":[{"href":"https:\/\/medipeel.rs\/sr\/wp-json\/wp\/v2\/types\/product"}],"version-history":[{"count":4,"href":"https:\/\/medipeel.rs\/sr\/wp-json\/wp\/v2\/product\/5807\/revisions"}],"predecessor-version":[{"id":5861,"href":"https:\/\/medipeel.rs\/sr\/wp-json\/wp\/v2\/product\/5807\/revisions\/5861"}],"wp:featuredmedia":[{"embeddable":true,"href":"https:\/\/medipeel.rs\/sr\/wp-json\/wp\/v2\/media\/5808"}],"wp:attachment":[{"href":"https:\/\/medipeel.rs\/sr\/wp-json\/wp\/v2\/media?parent=5807"}],"wp:term":[{"taxonomy":"product_cat","embeddable":true,"href":"https:\/\/medipeel.rs\/sr\/wp-json\/wp\/v2\/product_cat?post=5807"},{"taxonomy":"product_tag","embeddable":true,"href":"https:\/\/medipeel.rs\/sr\/wp-json\/wp\/v2\/product_tag?post=5807"}],"curies":[{"name":"wp","href":"https:\/\/api.w.org\/{rel}","templated":true}]}}