{"id":5810,"date":"2023-08-14T13:34:54","date_gmt":"2023-08-14T11:34:54","guid":{"rendered":"https:\/\/medipeel.rs\/?post_type=product&#038;p=5810"},"modified":"2026-03-12T21:00:38","modified_gmt":"2026-03-12T20:00:38","slug":"medi-peel-extra-super-9-plus-pore-tox-cleanser2","status":"publish","type":"product","link":"https:\/\/medipeel.rs\/sr\/\u043f\u0440\u043e\u0438\u0437\u0432\u043e\u0434\/medi-peel-extra-super-9-plus-pore-tox-cleanser2\/","title":{"rendered":"Medi-Peel Extra Super 9 Plus Pore Tox Cleanser"},"content":{"rendered":"<p class=\" translation-block\">Kiseoni\u010dka gel pena sa kiselinama za svakodnevno dubinsko \u010di\u0161\u0107enje pora od ne\u010disto\u0107a i sebuma prodire duboko u pore, uklanja sve vrste ne\u010disto\u0107a, uklanja obi\u010dnu i ve\u010dernju \u0161minku, stvara podlogu i pru\u017ea za\u0161titu od sunca. Efikasno rastvara komedone, masne \u010depove i vi\u0161ak sebuma, reguli\u0161e rad lojnih \u017elezda. <br>\nPri nano\u0161enju, proizvod ima laganu konzistenciju gela, a zatim, u interakciji sa kiseonikom, formira obilnu fino raspr\u0161enu penu. <br>Sadr\u017ei kiselinski kompleks Super 9 (AHA, PHA, BHA i LHA) koji aktivira procese regeneracije, uklanja keratinizovane \u0107elije epidermisa i polira povr\u0161inu ko\u017ee, \u010dine\u0107i je mekom i glatkom. Blagotvorno deluje na ko\u017eu, rastvara masne \u010depove i poma\u017ee u su\u017eavanju pora, ubrzava proces zarastanja rana, spre\u010dava pojavu akni, ujedna\u010dava ukupni tonus ko\u017ee i posvetljuje je.  <br>\nEktoin je efikasan prirodni antioksidans koji pobolj\u0161ava stanje ko\u017ee nakon izlaganja sun\u010devoj svetlosti i aktivno se bori protiv fotostarenja. Ima antiinflamatorna svojstva, smanjuje crvenilo ko\u017ee, \u0161titi tkiva od dehidracije. \n<br>Ekstrakti \u0161ljive, jabuke i ploda papaje ne\u017eno se lju\u0161te, ujedna\u010davaju ton i zagla\u0111uju. \n<br>Acetil 8- heksapeptid je peptid koji se sastoji od 6 aminokiselina. Smanjuje dubinu bora uzrokovanih kretanjem mi\u0161i\u0107a lica, ima \"botox efekat\". \nNakon nano\u0161enja na ko\u017eu prodire u bazalni sloj epidermisa, gde vr\u0161i modulaciju mi\u0161i\u0107nih kontrakcija. \n<br>Laktobacili posvetljuju, hidriraju, elimini\u0161u crvenilo, reguli\u0161u proizvodnju melanina u epidermisu, ne\u017eno vr\u0161e piling keratinizovanog sloja i ubrzavaju procese regeneracije. <br>Hijaluronska kiselina je prirodna komponenta \u0107elija ko\u017ee i jedinstveni hidrator. Vezuje i zadr\u017eava molekule vode u \u0107elijama ko\u017ee i poma\u017ee u odr\u017eavanju nivoa vlage ko\u017ee. Stimuli\u0161e rad fibroblasta, odgovornih za stvaranje kolagena i elastina. Tako\u0111e poja\u010dava kolagenska vlakna, pobolj\u0161ava tonus i \u010dvrstinu, pove\u0107ava lokalni imunitet ko\u017ee.<\/p>\n<p><strong>Na\u010din upotrebe:<\/strong>\u00a0nanesite i ra\u0161irite po suvoj ko\u017ei lica izbegavaju\u0107i podru\u010dje o\u010diju i usana. Sa\u010dekajte 30 sekundi i nakon stvaranja pene izmasirajte ko\u017eu. Nakon 30 sekundi temeljno isperite ostatke proizvoda. Pogodno za svakodnevnu upotrebu.<\/p>\n<hr \/>\n<div><em><strong><em>Sastojci:<\/em><\/strong>\u00a0Purified water, ammonium laureth sulfate, cocamidopropyl betaine, methyl perfluorobutyl ether, methyl perfluoroisobutyl ether, acrylate copolymer, ammonium lauryl sulfate, ectoin, pine leaf extract, wormwood extract , Citron extract, Enantia chlorantha peel extract, beech sprout extract, Virginia pomace extract, plum extract, apple extract, papaya fruit extract, Green tea extract, chestnut peel extract, saccharum fruit extract, coffee bean extract, grape extract, persimmon tree Leaf Extract, Potato Root Root Extract, Safflower Extract, Disodium Cocoamphodiacetate, Dipropylene Glycol, Lauryl Hydroxysultaine, Sodium Cocoyl Apple Amino Acid, Butylene Glycol, Lactobionic Acid, Salicylic Acid , glycolic acid, capryloyl salicylic acid, lactobacillus\/soybean fermentation extract, purslane extract, oregano leaf extract, cinnamon bark extract, white willow bark extract, Golden extract, cypress leaf extract, hydrolyzed glycol Saminoglycan, Sodium Hyaluronate, Sodium Hyaluronate Crosspolymer, Hydrolyzed Hyaluronic Acid, Hydroxypropyltrimonium Hyaluronate, Hyaluronic Acid, Sodium Acetylated High Alluronate, Butyl Avocadate, Acetyl Hexapeptide-8, Copper Tripeptide-1, Tripeptide-1, Palmitoyl Pentapeptide-4, Alanine\/Histidine\/Lysine Polypeptide Copper HCL, Palmitoyl Tripeptide-1, Hexapeptide-9, allantoin, centella asiatica extract, glucose, anhydroxylitol, xylitol, Xylityl glucoside, madecassoside, asiaticoside, madecassic acid, asiatic acid, lecithin, glycerin, cyanocobalamin, niacinamide, Biotin, Ascorbic Acid, Panthenol, Vitamin Tree Extract, Pyridoxine HCL, Menadione, Rice Bran Extract, Damask Rose Water, Matricaria Flower Extract, Caprylic\/Capric Triglyceride, Decyl Glucoside, Benzyl Glyceride Col, Ethylhexylglycerin, Hydroxypropyl Bispalmitamide MEA, Propanediol, 1,2-Hexanediol, Hydroxyacetophenone, Disodium EDTA, Hexylene Glycol, Tetrasodium Glutamate Diacetate , Dipotassium Glycyrrhizate, Yellow No. 4 (CI 19140), Potassium Hydroxide, Polyglyceryl-10 Laurate, Caprylyl Glycol, Oleanolic Acid, Sodium Chloride, Pentylene Glycol, Fragrance<\/em><\/div>\n<div>\n<p>&nbsp;<\/p>\n<\/div>","protected":false},"excerpt":{"rendered":"<p>Kiseoni\u010dka gel pena sa kiselinama za dubinsko \u010di\u0161\u0107enje pora. 120ml<\/p>","protected":false},"featured_media":5811,"template":"","meta":[],"product_cat":[328,254,373,374,342,386,384,333],"product_tag":[460],"featured_image_urls":{"full":["https:\/\/medipeel.rs\/wp-content\/uploads\/2023\/08\/medi-peel-extra-super-9-plus-pore-tox-cleanser.jpg",1200,1200,false],"thumbnail":["https:\/\/medipeel.rs\/wp-content\/uploads\/2023\/08\/medi-peel-extra-super-9-plus-pore-tox-cleanser-150x150.jpg",150,150,true],"medium":["https:\/\/medipeel.rs\/wp-content\/uploads\/2023\/08\/medi-peel-extra-super-9-plus-pore-tox-cleanser-300x300.jpg",300,300,true],"medium_large":["https:\/\/medipeel.rs\/wp-content\/uploads\/2023\/08\/medi-peel-extra-super-9-plus-pore-tox-cleanser-768x768.jpg",768,768,true],"large":["https:\/\/medipeel.rs\/wp-content\/uploads\/2023\/08\/medi-peel-extra-super-9-plus-pore-tox-cleanser-1024x1024.jpg",1024,1024,true],"1536x1536":["https:\/\/medipeel.rs\/wp-content\/uploads\/2023\/08\/medi-peel-extra-super-9-plus-pore-tox-cleanser.jpg",1200,1200,false],"2048x2048":["https:\/\/medipeel.rs\/wp-content\/uploads\/2023\/08\/medi-peel-extra-super-9-plus-pore-tox-cleanser.jpg",1200,1200,false],"trp-custom-language-flag":["https:\/\/medipeel.rs\/wp-content\/uploads\/2023\/08\/medi-peel-extra-super-9-plus-pore-tox-cleanser-12x12.jpg",12,12,true],"vcmegaposts-masonry":["https:\/\/medipeel.rs\/wp-content\/uploads\/2023\/08\/medi-peel-extra-super-9-plus-pore-tox-cleanser-500x500.jpg",500,500,true],"vcmegaposts-normal":["https:\/\/medipeel.rs\/wp-content\/uploads\/2023\/08\/medi-peel-extra-super-9-plus-pore-tox-cleanser-800x800.jpg",800,800,true],"vcmegaposts-type1":["https:\/\/medipeel.rs\/wp-content\/uploads\/2023\/08\/medi-peel-extra-super-9-plus-pore-tox-cleanser-800x500.jpg",800,500,true],"woocommerce_thumbnail":["https:\/\/medipeel.rs\/wp-content\/uploads\/2023\/08\/medi-peel-extra-super-9-plus-pore-tox-cleanser-450x600.jpg",450,600,true],"woocommerce_single":["https:\/\/medipeel.rs\/wp-content\/uploads\/2023\/08\/medi-peel-extra-super-9-plus-pore-tox-cleanser-600x600.jpg",600,600,true],"woocommerce_gallery_thumbnail":["https:\/\/medipeel.rs\/wp-content\/uploads\/2023\/08\/medi-peel-extra-super-9-plus-pore-tox-cleanser-100x100.jpg",100,100,true]},"post_excerpt_stackable":"<p>\u041a\u0438\u0441\u043b\u043e\u0440\u043e\u0434\u043d\u0430\u044f \u0433\u0435\u043b\u044c-\u043f\u0435\u043d\u043a\u0430 \u0441 \u043a\u0438\u0441\u043b\u043e\u0442\u0430\u043c\u0438 \u0434\u043b\u044f \u0433\u043b\u0443\u0431\u043e\u043a\u043e\u0433\u043e \u043e\u0447\u0438\u0449\u0435\u043d\u0438\u044f \u043f\u043e\u0440. 120ml<\/p>\n","category_list":"","author_info":{"name":"","url":""},"comments_num":"0 comments","jetpack_sharing_enabled":true,"_links":{"self":[{"href":"https:\/\/medipeel.rs\/sr\/wp-json\/wp\/v2\/product\/5810"}],"collection":[{"href":"https:\/\/medipeel.rs\/sr\/wp-json\/wp\/v2\/product"}],"about":[{"href":"https:\/\/medipeel.rs\/sr\/wp-json\/wp\/v2\/types\/product"}],"version-history":[{"count":1,"href":"https:\/\/medipeel.rs\/sr\/wp-json\/wp\/v2\/product\/5810\/revisions"}],"predecessor-version":[{"id":5812,"href":"https:\/\/medipeel.rs\/sr\/wp-json\/wp\/v2\/product\/5810\/revisions\/5812"}],"wp:featuredmedia":[{"embeddable":true,"href":"https:\/\/medipeel.rs\/sr\/wp-json\/wp\/v2\/media\/5811"}],"wp:attachment":[{"href":"https:\/\/medipeel.rs\/sr\/wp-json\/wp\/v2\/media?parent=5810"}],"wp:term":[{"taxonomy":"product_cat","embeddable":true,"href":"https:\/\/medipeel.rs\/sr\/wp-json\/wp\/v2\/product_cat?post=5810"},{"taxonomy":"product_tag","embeddable":true,"href":"https:\/\/medipeel.rs\/sr\/wp-json\/wp\/v2\/product_tag?post=5810"}],"curies":[{"name":"wp","href":"https:\/\/api.w.org\/{rel}","templated":true}]}}