{"id":5813,"date":"2023-07-31T18:11:59","date_gmt":"2023-07-31T16:11:59","guid":{"rendered":"https:\/\/medipeel.rs\/?post_type=product&#038;p=5813"},"modified":"2025-08-16T01:00:07","modified_gmt":"2025-08-15T23:00:07","slug":"medi-peel-peptide-9-bio-sun-stick-pro2","status":"publish","type":"product","link":"https:\/\/medipeel.rs\/sr\/\u043f\u0440\u043e\u0438\u0437\u0432\u043e\u0434\/medi-peel-peptide-9-bio-sun-stick-pro2\/","title":{"rendered":"Medi-Peel Peptide 9 Bio Sun Stick Pro"},"content":{"rendered":"<p class=\" translation-block\">Hidratantna krema u obliku stika za sun\u010danje sa ektoinom i hidrolizovanim kolagenom efikasno \u0161titi ko\u017eu od \u0161tetnih efekata ultraljubi\u010dastog zra\u010denja i pojave stara\u010dkih pega. Pru\u017ea dodatno izra\u017eeni podmla\u0111uju\u0107i efekat: pove\u0107ava elasti\u010dnost tkiva, ja\u010da turgor, poma\u017ee u izgla\u0111ivanju bora i ko\u017enih nabora. Inhibira proizvodnju melanina, efikasno \u0161titi od sun\u010devih UVA i UVB zraka, stimuli\u0161e proizvodnju kolagena i elastinskih vlakana, usporava proces starenja, duboko hidrira. <br>Sadr\u017ei prah koji smanjuje znojenje i bori se protiv sebuma bez izazivanja ose\u0107aja zategnutosti. Osve\u017eava ko\u017eu i daje joj prirodan tone-up efekat. \n<br>Proizvod upravo ovakvog formata pogodan je za nano\u0161enje nekoliko puta tokom dana i lako se koristi u pokretu bez zama\u0161\u0107ivanja ruku. Zahvaljuju\u0107i masa\u017ei prilikom nano\u0161enja, mikrocirkulacija se pobolj\u0161ava , oblik lica se formira i akcentuje i uklanja se nadutost.\n<br> Stik ima lepu balzam-teksturu, ne ostavlja za sobom lepljivost. Pogodan je za kori\u0161\u0107enje, ne samo na ko\u017ei lica, ve\u0107 i na telu. \n<br>Osnovni sastojci: \n<br>Ektoin koji je niskomolekularna proizvodnja amino kiseline, slu\u017ei kao efikasan protektor pri smanjenju i pove\u0107anju temperature, UV-zra\u010denju, dehidraciji, dejstvu nadra\u017euju\u0107ih hemikalija. Pod dejstvom ektoina zna\u010dajno se smanjuje broj \u0107elija sun\u010devih opekotina - keratinocita, koji se pojavljuju pod uticajem ultraljubi\u010dastog svetla. \u0160titi od vidljivog, infra-crvenog i ultraljubi\u010dastog zra\u010denja, aktivno se bori protiv fotostarenja. Efikasan je za dugotrajnu hidrataciju i za\u0161titu suve, osetljive, kao i zrele ko\u017ee, jer poma\u017ee u obnavljanju o\u0161te\u0107enih \u0107elija, usporava starenje povezano sa negativnim uticajima okoline, u\u010destvuje u metabolizmu \u0107elija, stabilizuje imuni sistem ko\u017ee, aktivno spre\u010dava dehidraciju tkiva. Umiruje nadra\u017eenu i o\u0161te\u0107enu ko\u017eu, poma\u017ee u pobolj\u0161anju stanja ko\u017ee kod psorijaze i atopijskog dermatitisa. \n<br>Hidrolizovani kolagen pobolj\u0161ava celokupno zdravlje ko\u017ee: zagla\u0111uje je i ravna, \u010dini je \u010dvrstom i urednom, uklanja bore smejalice i osve\u017eava. Zaceljuje i umiruje iziritiranu ko\u017eu, zadr\u017eava vlagu u dubokim slojevima. \n<br>Patentirani Soothing Cooler kompleks (ekstrakt lista aloe vere, ekstrakt mrke alge,  ekstrakt korena jama, ekstrakt korena bresta i ekstrakt ljubi\u010dice) hladi povr\u0161inu ko\u017ee i poma\u017ee u spre\u010davanju  starenja izazvanog sun\u010danjem. <br>Adenozin aktivno uti\u010de na proizvodnju kolagena, stimuli\u0161e proizvodnju elastina u \u0107elijama epidermisa, smanjuje broj bora koje se pojavljuju sa godinama, smanjuje njihovu dubinu. \n<br>Niacinamid pove\u0107ava sintezu ceramida, elimini\u0161e suvo\u0107u, zategnutost i perutanje. Usporava isporuku melanina epidermisu, spre\u010dava stvaranje pigmentnih mrlja. Smanjuje osetljivost ko\u017ee na spoljne stimuluse, pospe\u0161uje proizvodnju kolagena i pove\u0107ava gustinu. <br>\nOLIGO HA-hijaluronska kiselina male molekulske te\u017eine, dizajnirana da duboko prodre u epidermu, maksimalno hidrira ko\u017eu, pobolj\u0161ava njenu \u010dvrstinu i elasti\u010dnost, smanjuje duboke bore. \n<br>Koenzim Q10 ima podmla\u0111uju\u0107e i antioksidativno dejstvo, poma\u017ee u izgla\u0111ivanju bora, ubrzava regeneraciju i sintezu kolagenskih vlakana u \u0107elijama. Stimuli\u0161e rast vezivnog tkiva, \u0161titi \u0107elije od uni\u0161tenja. <br>Kompleks od 9 vrsta peptida odgovoran je za trajnu regeneraciju i obnavljanje \u0107elija, ima duboko anti-age uticaj, smanjuje vidljivost bora i spre\u010dava stvaranje novih, stimuli\u0161e procese obnove i regeneracije, usporava starenje \u0107elija. <br>Preporu\u010duje se za suvu, osetljivu, zrelu ko\u017eu.<\/p>\n<p><strong>Na\u010din upotrebe:<\/strong> Nanesite proizvod ravnomerno kao poslednji korak nege 15-20 minuta pre izlaska napolje. Kada ste na direktnom suncu, ponovo nanosite svaka 2 sata.<\/p>\n<hr \/>\n<div>\n<p><em><b><em>Sastojci:<\/em> <\/b>Cetylethylhexanoate, dimethicone, methyl methacrylate crosspolymer, octocrylene, ethylhexylmethoxycinnamate, ozokerite, synthetic wax, diethylaminohydroxybenzoylhexylbenzoate, butylene glycol die Caprylate\/Dicaprate, Vinyldimethicone\/Methiconesilsesquioxane Crosspolymer, Ethylhexyl Salicylate, Dipropylene Glycol, Bis-Ethylhexyloxyphenol Methoxyphenyltriazine, Microcrystalline Wax , Fragrance, 1,2-Hexanediol, Caprylic\/Capric Glycerase, Oil-soluble Licorice Extract, Pentylene Glycol, Adenosine, Niacinamide, Tocopheryl Acetate, Purified Water, Glycerin, Hydrolyzed Hyaluronic Acid, ectoin, butylene glycol, caprylic\/capric triglyceride, drumstick seed extract, collagen, hydrogenated lecithin, leuconostoc\/unfermented filtrate, kelp extract, elm root extract, Aloe Vera Leaf Extract, Ubiquinone, Violet Flower Extract, Yam Root Extract, Polyglyceryl-10 Laurate, Sodium Hyaluronate, Sunflower Flower Extract, Ethylhexylglycerin, Sodium Soy Hydrolyzed Collagen, Collagen Amino Acid, Hydrate Lolized collagen, tripeptide-1 (0.0064 ppb), citric acid, sodium hyaluronate crosspolymer, potassium hyaluronate, hydroxypropyltrimonium hyaluronate, hydrolyzed sodium hyaluronate nate, hyaluronic acid, acetyl hexapeptide-8 (0.0005 ppb), alanine\/histidine\/lysine polypeptide copper HCL (0.0005 ppb), copper tripeptide-1 (0.0005 ppb), palmitoyl tripeptide-1 ( 0.0005 ppb), palmitoylpentapeptide-4 (0.0005 ppb), hexapeptide-11 (0.0005 ppb), hexapeptide-9 (0.0005 ppb), sodium hydroxide, glycine, glutamic acid, nonapeptide-1 ( 0.0001 ppb), leucine, methionine, valine, serine, sodium acetylated hyaluronate, aspartic acid, isoleucine, alanine, arginine, ornithine, taurine, phenylalanine, proline, histidine.<\/em><\/p>\n<p>&nbsp;<\/p>\n<\/div>","protected":false},"excerpt":{"rendered":"<p>Hidratantni stik za sun\u010danje sa ektoinom i hidrolizovanim kolagenom SPF50+ PA++++. 20g<\/p>","protected":false},"featured_media":5814,"template":"","meta":[],"product_cat":[441,353,342,346,348,349,386,382,387,260,314],"product_tag":[308],"featured_image_urls":{"full":["https:\/\/medipeel.rs\/wp-content\/uploads\/2023\/08\/medi-peel-peptide-9-bio-sun-stick-pro.jpg",1200,1200,false],"thumbnail":["https:\/\/medipeel.rs\/wp-content\/uploads\/2023\/08\/medi-peel-peptide-9-bio-sun-stick-pro-150x150.jpg",150,150,true],"medium":["https:\/\/medipeel.rs\/wp-content\/uploads\/2023\/08\/medi-peel-peptide-9-bio-sun-stick-pro-300x300.jpg",300,300,true],"medium_large":["https:\/\/medipeel.rs\/wp-content\/uploads\/2023\/08\/medi-peel-peptide-9-bio-sun-stick-pro-768x768.jpg",768,768,true],"large":["https:\/\/medipeel.rs\/wp-content\/uploads\/2023\/08\/medi-peel-peptide-9-bio-sun-stick-pro-1024x1024.jpg",1024,1024,true],"1536x1536":["https:\/\/medipeel.rs\/wp-content\/uploads\/2023\/08\/medi-peel-peptide-9-bio-sun-stick-pro.jpg",1200,1200,false],"2048x2048":["https:\/\/medipeel.rs\/wp-content\/uploads\/2023\/08\/medi-peel-peptide-9-bio-sun-stick-pro.jpg",1200,1200,false],"trp-custom-language-flag":["https:\/\/medipeel.rs\/wp-content\/uploads\/2023\/08\/medi-peel-peptide-9-bio-sun-stick-pro-12x12.jpg",12,12,true],"vcmegaposts-masonry":["https:\/\/medipeel.rs\/wp-content\/uploads\/2023\/08\/medi-peel-peptide-9-bio-sun-stick-pro-500x500.jpg",500,500,true],"vcmegaposts-normal":["https:\/\/medipeel.rs\/wp-content\/uploads\/2023\/08\/medi-peel-peptide-9-bio-sun-stick-pro-800x800.jpg",800,800,true],"vcmegaposts-type1":["https:\/\/medipeel.rs\/wp-content\/uploads\/2023\/08\/medi-peel-peptide-9-bio-sun-stick-pro-800x500.jpg",800,500,true],"woocommerce_thumbnail":["https:\/\/medipeel.rs\/wp-content\/uploads\/2023\/08\/medi-peel-peptide-9-bio-sun-stick-pro-450x600.jpg",450,600,true],"woocommerce_single":["https:\/\/medipeel.rs\/wp-content\/uploads\/2023\/08\/medi-peel-peptide-9-bio-sun-stick-pro-600x600.jpg",600,600,true],"woocommerce_gallery_thumbnail":["https:\/\/medipeel.rs\/wp-content\/uploads\/2023\/08\/medi-peel-peptide-9-bio-sun-stick-pro-100x100.jpg",100,100,true]},"post_excerpt_stackable":"<p>\u0423\u0432\u043b\u0430\u0436\u043d\u044f\u044e\u0449\u0438\u0439 \u0441\u043e\u043b\u043d\u0446\u0435\u0437\u0430\u0449\u0438\u0442\u043d\u044b\u0439 \u0441\u0442\u0438\u043a \u0441 \u044d\u043a\u0442\u043e\u0438\u043d\u043e\u043c \u0438 \u0433\u0438\u0434\u0440\u043e\u043b\u0438\u0437\u043e\u0432\u0430\u043d\u043d\u044b\u043c \u043a\u043e\u043b\u043b\u0430\u0433\u0435\u043d\u043e\u043c SPF 50+ PA++++. 20g<\/p>\n","category_list":"","author_info":{"name":"","url":""},"comments_num":"0 comments","jetpack_sharing_enabled":true,"_links":{"self":[{"href":"https:\/\/medipeel.rs\/sr\/wp-json\/wp\/v2\/product\/5813"}],"collection":[{"href":"https:\/\/medipeel.rs\/sr\/wp-json\/wp\/v2\/product"}],"about":[{"href":"https:\/\/medipeel.rs\/sr\/wp-json\/wp\/v2\/types\/product"}],"version-history":[{"count":1,"href":"https:\/\/medipeel.rs\/sr\/wp-json\/wp\/v2\/product\/5813\/revisions"}],"predecessor-version":[{"id":5815,"href":"https:\/\/medipeel.rs\/sr\/wp-json\/wp\/v2\/product\/5813\/revisions\/5815"}],"wp:featuredmedia":[{"embeddable":true,"href":"https:\/\/medipeel.rs\/sr\/wp-json\/wp\/v2\/media\/5814"}],"wp:attachment":[{"href":"https:\/\/medipeel.rs\/sr\/wp-json\/wp\/v2\/media?parent=5813"}],"wp:term":[{"taxonomy":"product_cat","embeddable":true,"href":"https:\/\/medipeel.rs\/sr\/wp-json\/wp\/v2\/product_cat?post=5813"},{"taxonomy":"product_tag","embeddable":true,"href":"https:\/\/medipeel.rs\/sr\/wp-json\/wp\/v2\/product_tag?post=5813"}],"curies":[{"name":"wp","href":"https:\/\/api.w.org\/{rel}","templated":true}]}}