{"id":5816,"date":"2023-07-24T17:03:12","date_gmt":"2023-07-24T15:03:12","guid":{"rendered":"https:\/\/medipeel.rs\/?post_type=product&#038;p=5816"},"modified":"2025-10-09T17:58:22","modified_gmt":"2025-10-09T15:58:22","slug":"medi-peel-extra-super-9-plus-pore-tox-ampoule2","status":"publish","type":"product","link":"https:\/\/medipeel.rs\/sr\/\u043f\u0440\u043e\u0438\u0437\u0432\u043e\u0434\/medi-peel-extra-super-9-plus-pore-tox-ampoule2\/","title":{"rendered":"Medi-Peel Extra Super 9 Plus Pore Tox Ampoule"},"content":{"rendered":"<p class=\" translation-block\">Piling serum za \u010di\u0161\u0107enje i su\u017eavanje pora uklanja masne \u010depove, komedone i ostale ne\u010disto\u0107e, koje izazivaju pro\u0161irene pore i stvaraju mitisere. Poseban koncentrat prodire duboko u pore, omek\u0161ava komedone i izbacuje ne\u010disto\u0107e na povr\u0161inu, \u010diste\u0107i ko\u017eu bez iritacija ili o\u0161te\u0107enja. \n<br>Sadr\u017ei mle\u010dnu i limunsku kiselinu i ekstrakt ploda papaje koji slu\u017ei za uklanjanje starih mrtvih \u0107elija ko\u017ee. Mle\u010dna kiselina pripada alfa hidroksilnim kiselinama i jedna je od glavnih komponenti NMF-a (Natural Moisturizing Factors). Ima hidratantni efekat, dodatno je podr\u017ean hijaluronskom kiselinom, pobolj\u0161ava elasti\u010dnost ko\u017ee. Pored hidratantnih i piling funkcija, mle\u010dna kiselina ima i antibakterijska i anti-ageing svojstva, deluje kao regulator pH. \n<br>\nNiacinamid pospe\u0161uje stimulaciju sinteze kolagena i pobolj\u0161ava za\u0161titne funkcije ko\u017ee, poma\u017ee u smanjenju transepidermalnog gubitka vlage iz ko\u017ee i smanjuje pigmentaciju, omek\u0161ava, pove\u0107ava elasti\u010dnost ko\u017ee, hidrira, su\u017eava pore, umiruje, posvetljuje. \n<br>Adenozin je aminokiselina koja se formira u \u0107elijama. Poma\u017ee u uklanjanju bora. Ima vazodilataciono i antiagregaciono dejstvo, pobolj\u0161ava makro i mikrocirkulaciju, odre\u0111uje povoljan efekat na trofiku tkiva i procese regeneracije. \n<br>Hijaluronska kiselina je prirodna komponenta \u0107elija ko\u017ee i jedinstveni hidratant. Vezuje i zadr\u017eava molekule vode u \u0107elijama ko\u017ee i poma\u017ee u odr\u017eavanju nivoa vlage ko\u017ee. Stimuli\u0161e rad fibroblasta, odgovornih za stvaranje kolagena i elastina. Tako\u0111e poja\u010dava kolagenska vlakna, pobolj\u0161ava tonus i \u010dvrstinu, pove\u0107ava lokalni imunitet ko\u017ee. \n<br>Acetil heksapeptid-8 je peptid koji se sastoji od 6 aminokiselina. Smanjuje dubinu bora uzrokovanih kretanjem mi\u0161i\u0107a lica, ima efekat botoksa. Nakon nano\u0161enja na ko\u017eu, prodire u bazalni sloj epidermisa, gde proizvodi modulaciju mi\u0161i\u0107nih kontrakcija.\n<br> Laktobacili-posvetljuju, hidriraju, elimini\u0161u crvenilo, reguli\u0161u proizvodnju melanina u epidermisu, ne\u017eno pilinguju keratinizovani sloj ko\u017ee i ubrzavaju procese regeneracije.<\/p>\n<p><strong>Na\u010din upotrebe:<\/strong> Nanesite potrebnu koli\u010dinu proizvoda na problemati\u010dno podru\u010dje i rasporedite po povr\u0161ini ko\u017ee.<\/p>\n<hr \/>\n<div><em><strong><em>Sastojci:<\/em><\/strong> Purified water, glycerin, propanediol, butylene glycol, niacinamide, 1,2-hexanediol, betaine, hydroxyacetophenone, acrylate\/C10-30 alkyl acrylate crosspolymer, glycereth-25 PCAI Sostearate, Tromethamine, Corn Kernel Extract, Ethylhexylglycerin, Cetylethylhexanoate, Ethylhexylpalmitate, PVP, Squalane, Adenosine, Sucrose Distearate, Caprylic\/Capric Triglyceride, Dye Sodium EDTA, Sodium Citrate, Hydrogenated Lecithin, Citric Acid, Gluconolactone, Hyaluronic Acid Hydrolyzed hyaluronic acid, sodium hyaluronate, butyl avocadate, sodium polyacrylate, grapefruit extract, fructan, magnolia bark extract, glucose, centella asiatica extract, lactic acid, horseshoe chamomile extract, purslane extract, cinnamon tree fruit extract, tangerine peel extract, citron peel extract, buckwheat seed extract, papaya fruit extract, carrot extract, polyglyceryl-10 oleate, pomegranate flower extract, avocado fruit extract, tomato extract, aluminum sucrose octasulphate , Kakadu plum extract, tocopherol, matricaria flower extract, isohexadecane, sodium acetylated hyaluronate, polyglyceryl-10 stearate, gardenia extract, sorbitan laurate, sodium ascorbyl phosphate, knotweed root Root extract, copper tripeptide-1, palmitoyl pentapeptide-4, acetyl hexapeptide-8, palmitoyl tripeptide-1<\/em><\/div>","protected":false},"excerpt":{"rendered":"<p>Piling serum za \u010di\u0161\u0107enje i su\u017eavanje pora. 30ml<\/p>","protected":false},"featured_media":6071,"template":"","meta":[],"product_cat":[263,409,342,386,384,333,261],"product_tag":[460],"featured_image_urls":{"full":["https:\/\/medipeel.rs\/wp-content\/uploads\/2023\/07\/medi-peel-extra-super-9-pore-tox-ampoule.jpg",1000,1000,false],"thumbnail":["https:\/\/medipeel.rs\/wp-content\/uploads\/2023\/07\/medi-peel-extra-super-9-pore-tox-ampoule-150x150.jpg",150,150,true],"medium":["https:\/\/medipeel.rs\/wp-content\/uploads\/2023\/07\/medi-peel-extra-super-9-pore-tox-ampoule-300x300.jpg",300,300,true],"medium_large":["https:\/\/medipeel.rs\/wp-content\/uploads\/2023\/07\/medi-peel-extra-super-9-pore-tox-ampoule-768x768.jpg",768,768,true],"large":["https:\/\/medipeel.rs\/wp-content\/uploads\/2023\/07\/medi-peel-extra-super-9-pore-tox-ampoule.jpg",1000,1000,false],"1536x1536":["https:\/\/medipeel.rs\/wp-content\/uploads\/2023\/07\/medi-peel-extra-super-9-pore-tox-ampoule.jpg",1000,1000,false],"2048x2048":["https:\/\/medipeel.rs\/wp-content\/uploads\/2023\/07\/medi-peel-extra-super-9-pore-tox-ampoule.jpg",1000,1000,false],"trp-custom-language-flag":["https:\/\/medipeel.rs\/wp-content\/uploads\/2023\/07\/medi-peel-extra-super-9-pore-tox-ampoule-12x12.jpg",12,12,true],"vcmegaposts-masonry":["https:\/\/medipeel.rs\/wp-content\/uploads\/2023\/07\/medi-peel-extra-super-9-pore-tox-ampoule-500x500.jpg",500,500,true],"vcmegaposts-normal":["https:\/\/medipeel.rs\/wp-content\/uploads\/2023\/07\/medi-peel-extra-super-9-pore-tox-ampoule-800x800.jpg",800,800,true],"vcmegaposts-type1":["https:\/\/medipeel.rs\/wp-content\/uploads\/2023\/07\/medi-peel-extra-super-9-pore-tox-ampoule-800x500.jpg",800,500,true],"woocommerce_thumbnail":["https:\/\/medipeel.rs\/wp-content\/uploads\/2023\/07\/medi-peel-extra-super-9-pore-tox-ampoule-450x600.jpg",450,600,true],"woocommerce_single":["https:\/\/medipeel.rs\/wp-content\/uploads\/2023\/07\/medi-peel-extra-super-9-pore-tox-ampoule-600x600.jpg",600,600,true],"woocommerce_gallery_thumbnail":["https:\/\/medipeel.rs\/wp-content\/uploads\/2023\/07\/medi-peel-extra-super-9-pore-tox-ampoule-100x100.jpg",100,100,true]},"post_excerpt_stackable":"<p>\u041f\u0438\u043b\u0438\u043d\u0433-\u0441\u044b\u0432\u043e\u0440\u043e\u0442\u043a\u0430 \u0434\u043b\u044f \u043e\u0447\u0438\u0449\u0435\u043d\u0438\u044f \u0438 \u0441\u0443\u0436\u0435\u043d\u0438\u044f \u043f\u043e\u0440. 30ml<\/p>\n","category_list":"","author_info":{"name":"","url":""},"comments_num":"0 comments","jetpack_sharing_enabled":true,"_links":{"self":[{"href":"https:\/\/medipeel.rs\/sr\/wp-json\/wp\/v2\/product\/5816"}],"collection":[{"href":"https:\/\/medipeel.rs\/sr\/wp-json\/wp\/v2\/product"}],"about":[{"href":"https:\/\/medipeel.rs\/sr\/wp-json\/wp\/v2\/types\/product"}],"version-history":[{"count":1,"href":"https:\/\/medipeel.rs\/sr\/wp-json\/wp\/v2\/product\/5816\/revisions"}],"predecessor-version":[{"id":5818,"href":"https:\/\/medipeel.rs\/sr\/wp-json\/wp\/v2\/product\/5816\/revisions\/5818"}],"wp:featuredmedia":[{"embeddable":true,"href":"https:\/\/medipeel.rs\/sr\/wp-json\/wp\/v2\/media\/6071"}],"wp:attachment":[{"href":"https:\/\/medipeel.rs\/sr\/wp-json\/wp\/v2\/media?parent=5816"}],"wp:term":[{"taxonomy":"product_cat","embeddable":true,"href":"https:\/\/medipeel.rs\/sr\/wp-json\/wp\/v2\/product_cat?post=5816"},{"taxonomy":"product_tag","embeddable":true,"href":"https:\/\/medipeel.rs\/sr\/wp-json\/wp\/v2\/product_tag?post=5816"}],"curies":[{"name":"wp","href":"https:\/\/api.w.org\/{rel}","templated":true}]}}