{"id":5825,"date":"2023-07-24T14:36:14","date_gmt":"2023-07-24T12:36:14","guid":{"rendered":"https:\/\/medipeel.rs\/?post_type=product&#038;p=5825"},"modified":"2026-04-22T20:48:46","modified_gmt":"2026-04-22T18:48:46","slug":"medi-peel-eazy-filler-cream2","status":"publish","type":"product","link":"https:\/\/medipeel.rs\/sr\/\u043f\u0440\u043e\u0438\u0437\u0432\u043e\u0434\/medi-peel-eazy-filler-cream2\/","title":{"rendered":"Medi-Peel Eazy Filler Cream"},"content":{"rendered":"<p class=\" translation-block\">U\u010dvr\u0161c\u0301ujuc\u0301a krema-filer za elasti\u010dnost ko\u017ee daje ko\u017ei \u010dvrstinu i elasti\u010dnost, smanjuje vidljivost bora, usporava pojavu starosnih promena u predelu \u010dela, oko o\u010diju i u podru\u010dju nazolabijalnih nabora. Ja\u010da, \u010dini ko\u017eu gustom, glatkom i mekom, ima lifting efekat, izjedna\u010dava mikro reljef i daje zdrav sjaj. Krema ima \u017eilavu teksturu, hrani i hidrira, spre\u010dava suvo\u0107u. <br>\nSadr\u017ei peptidni kompleks Matrixyl\u00ae3000 \u2013 to je kombinacija peptida-matrikina koji pokre\u0107u proizvodnju sopstvenog kolagena, \u010dime se izgla\u0111uju bore, daju ujedna\u010dena tekstura, pobolj\u0161avaju tonus lica i usporavaju starenje. <br>Formula je bogata bakarnim peptidom (Copper Tripeptide -1), koji ne samo da ima efekat protiv starenja, pove\u0107avaju\u0107i \u010dvrstinu i zagla\u0111uju\u0107i povr\u0161inu ko\u017ee, ve\u0107 pru\u017ea i antiinflamatorni efekat, a tako\u0111e le\u010di i doprinosi zdravlju \u0107elija. <br>\n\nArgirelin (Acetyl Hexapeptide -8) u sastavu pru\u017ea botulinski efekat, opu\u0161taju\u0107i mi\u0161i\u0107e lica, peptid spre\u010dava formiranje mimi\u010dkih bora i smanjuje dubinu ve\u0107 postoje\u0107ih, pru\u017eaju\u0107i dejstvo mi\u0161i\u0107nog relaksanta. \n\n<br>Dodatne aktivne komponente: \n<br>EGF (Oligopeptide-32, Oligopeptide-29, Rice sh-Oligopeptide-1) stimuli\u0161u rast \u0107elija, ja\u010daju, zagla\u0111uju i zate\u017eu ko\u017eu, pove\u0107avaju proizvodnju kolagena i elastina. Krema sadr\u017ei biljni epidermalni faktor rasta ekstrahovan iz pirin\u010da. \n\n<br> Glukonolakton (PHA-kiselina) ima ve\u0107e molekule od AHA-kiselina, \u0161to ga \u010dini pogodnim za osetljivu ko\u017eu. Besprekorno uklanja keratinizovane \u0107elije, izjedna\u010dava mikroreljef ko\u017ee i osvetljava pigmentaciju. \n\n<br>RiFerm\u00ae je kompleks na bazi saharomiceta koji intenzivno hidrira i smanjuje vidljivost bora, daju\u0107i elasti\u010dnost i ravnomerni reljef. \n\n<br>Blue Complex je biljni kompleks od lavande, razli\u010dka, kamilice, giacinta, boraga i \u017ealfije. Pru\u017ea antioksidativnu za\u0161titu, hidrira i neguje, spre\u010dava suvo\u0107u i ose\u0107aj zategnutosti, bori se protiv perutanja. <br>\n\n5 vrsta hijaluronske kiseline imaju sposobnost vezivanja vlage i formiraju barijeru koja zadr\u017eava vlagu na povr\u0161ini epidermisa, zbog \u010dega elimini\u0161u suvo\u0107u i ose\u0107aj zategnutosti, odr\u017eavaju elasti\u010dnost i gipkost. <br>\n\nHidrolizovani glikozaminoglikani mukopolisaharidi, komponente prirodne za\u0161titne barijere ko\u017ee, popravljaju o\u0161te\u0107enja, bore se protiv suvo\u0107e i iritacije.\n\n<br>Hidrolizovani kolagen prodire dublje od obi\u010dnog kolagena i intenzivno hidrira, poma\u017ee u zadr\u017eavanju vlage u epidermisu, pove\u0107ava elasti\u010dnost i glatko\u0107u reljefa. \n\n<br>Sojino ulje ima antiinflamatorno i antioksidativno dejstvo, obnavlja barijeru za za\u0161titu od vlage, \u0161titi od efekata UV zra\u010denja. \n<br>Pogodno za normalnu, kombinovanu i suvu ko\u017eu.<\/p>\n<p><strong>Na\u010din upotrebe:<\/strong>\u00a0Nanesite kremu ne\u017enim masirajuc\u0301im pokretima kao zavr\u0161ni korak u nezi ko\u017ee.<\/p>\n<hr \/>\n<div><em><strong><em>Sastojci:<\/em><\/strong> Water, Butylene Glycol, Glycerin, Caprylic\/Capric Triglyceride, Niacinamide, Glycereth-26, 1,2-Hexanediol, Cyclohexasiloxane, Dipentaerythrityl Hexa C5-9 AcidEsters, Betaine, Palmitic Acid, Saccharomyces\/Rice Ferment Filtrate, Stearic Acid, Microcrystalline Wax, Cetearyl Alcohol, Cetearyl Olivate, Phenyl Trimethicone, Panthenol, Methyl Gluceth-20, Glyceryl Stearate, Cetyl Ethylhexanoate, Sorbitan Olivate, Carbomer, Punica Granatum Fruit Extract, Morus Alba Fruit Extract, Ginkgo Biloba Nut Extract, Ficus Carica(Fig) Fruit Extract, Tromethamine, Cetearyl Glucoside, Helianthus Annuus (Sunflower) Seed Oil, Polyglyceryl-10 Laurate, Pentylene Glycol, Xanthan Gum, Ethylhexylglycerin, Sodium Polyacrylate, Adenosine, Polyquaternium-51, Disodium EDTA, Glycine Soja (Soybean) Oil, Arachidic Acid, Rice sh-Oligopeptide-1, Hydrolyzed Collagen, Gluconolactone, Glucose, Oleic Acid, Myristic Acid, Lauric Acid, Propanediol, Sodium Hyaluronate Crosspolymer, Bixa Orellana Seed Oil, Hydrolyzed Glycosaminoglycans, Sodium Hyaluronate, Sodium Lactate, Benzyl Glycol, Tocopherol, Salvia Sclarea (Clary) Extract, Polysorbate 20, Lavandula Angustifolia (Lavender) Flower Extract, Hyacinthus Orientalis (Hyacinth) Extract, Chamomilla Recutita (Matricaria) Flower Extract, Centaurea Cyanus Flower Extract, Borago Officinalis Extract, Hydrolyzed Hyaluronic Acid, Sodium Acetylated Hyaluronate, Palmitoyl Tripeptide-1, Copper Tripeptide-1, Acetyl Hexapeptide-8, Palmitoyl Tetrapeptide-7, Oligopeptide-32, Oligopeptide-29, Hyaluronic Acid, Palmitoyl Pentapeptide-4, Fragrance<\/em><\/div>","protected":false},"excerpt":{"rendered":"<p>U\u010dvr\u0161c\u0301ujuc\u0301a krema-filer za elasti\u010dnost ko\u017ee. 50g<\/p>","protected":false},"featured_media":5826,"template":"","meta":[],"product_cat":[328,259,385,311,377,376,348,386,260],"product_tag":[458],"featured_image_urls":{"full":["https:\/\/medipeel.rs\/wp-content\/uploads\/2023\/08\/medi-peel-eazy-filler-cream.jpg",1200,1200,false],"thumbnail":["https:\/\/medipeel.rs\/wp-content\/uploads\/2023\/08\/medi-peel-eazy-filler-cream-150x150.jpg",150,150,true],"medium":["https:\/\/medipeel.rs\/wp-content\/uploads\/2023\/08\/medi-peel-eazy-filler-cream-300x300.jpg",300,300,true],"medium_large":["https:\/\/medipeel.rs\/wp-content\/uploads\/2023\/08\/medi-peel-eazy-filler-cream-768x768.jpg",768,768,true],"large":["https:\/\/medipeel.rs\/wp-content\/uploads\/2023\/08\/medi-peel-eazy-filler-cream-1024x1024.jpg",1024,1024,true],"1536x1536":["https:\/\/medipeel.rs\/wp-content\/uploads\/2023\/08\/medi-peel-eazy-filler-cream.jpg",1200,1200,false],"2048x2048":["https:\/\/medipeel.rs\/wp-content\/uploads\/2023\/08\/medi-peel-eazy-filler-cream.jpg",1200,1200,false],"trp-custom-language-flag":["https:\/\/medipeel.rs\/wp-content\/uploads\/2023\/08\/medi-peel-eazy-filler-cream-12x12.jpg",12,12,true],"vcmegaposts-masonry":["https:\/\/medipeel.rs\/wp-content\/uploads\/2023\/08\/medi-peel-eazy-filler-cream-500x500.jpg",500,500,true],"vcmegaposts-normal":["https:\/\/medipeel.rs\/wp-content\/uploads\/2023\/08\/medi-peel-eazy-filler-cream-800x800.jpg",800,800,true],"vcmegaposts-type1":["https:\/\/medipeel.rs\/wp-content\/uploads\/2023\/08\/medi-peel-eazy-filler-cream-800x500.jpg",800,500,true],"woocommerce_thumbnail":["https:\/\/medipeel.rs\/wp-content\/uploads\/2023\/08\/medi-peel-eazy-filler-cream-450x600.jpg",450,600,true],"woocommerce_single":["https:\/\/medipeel.rs\/wp-content\/uploads\/2023\/08\/medi-peel-eazy-filler-cream-600x600.jpg",600,600,true],"woocommerce_gallery_thumbnail":["https:\/\/medipeel.rs\/wp-content\/uploads\/2023\/08\/medi-peel-eazy-filler-cream-100x100.jpg",100,100,true]},"post_excerpt_stackable":"<p>\u0423\u043a\u0440\u0435\u043f\u043b\u044f\u044e\u0449\u0438\u0439 \u043a\u0440\u0435\u043c-\u0444\u0438\u043b\u043b\u0435\u0440 \u0434\u043b\u044f \u0443\u043f\u0440\u0443\u0433\u043e\u0441\u0442\u0438 \u043a\u043e\u0436\u0438. 50g<\/p>\n","category_list":"","author_info":{"name":"","url":""},"comments_num":"0 comments","jetpack_sharing_enabled":true,"_links":{"self":[{"href":"https:\/\/medipeel.rs\/sr\/wp-json\/wp\/v2\/product\/5825"}],"collection":[{"href":"https:\/\/medipeel.rs\/sr\/wp-json\/wp\/v2\/product"}],"about":[{"href":"https:\/\/medipeel.rs\/sr\/wp-json\/wp\/v2\/types\/product"}],"version-history":[{"count":1,"href":"https:\/\/medipeel.rs\/sr\/wp-json\/wp\/v2\/product\/5825\/revisions"}],"predecessor-version":[{"id":5827,"href":"https:\/\/medipeel.rs\/sr\/wp-json\/wp\/v2\/product\/5825\/revisions\/5827"}],"wp:featuredmedia":[{"embeddable":true,"href":"https:\/\/medipeel.rs\/sr\/wp-json\/wp\/v2\/media\/5826"}],"wp:attachment":[{"href":"https:\/\/medipeel.rs\/sr\/wp-json\/wp\/v2\/media?parent=5825"}],"wp:term":[{"taxonomy":"product_cat","embeddable":true,"href":"https:\/\/medipeel.rs\/sr\/wp-json\/wp\/v2\/product_cat?post=5825"},{"taxonomy":"product_tag","embeddable":true,"href":"https:\/\/medipeel.rs\/sr\/wp-json\/wp\/v2\/product_tag?post=5825"}],"curies":[{"name":"wp","href":"https:\/\/api.w.org\/{rel}","templated":true}]}}