{"id":5890,"date":"2023-09-16T20:57:14","date_gmt":"2023-09-16T18:57:14","guid":{"rendered":"https:\/\/medipeel.rs\/?post_type=product&#038;p=5890"},"modified":"2025-08-11T16:21:07","modified_gmt":"2025-08-11T14:21:07","slug":"medi-peel-peptide-9-volume-tension-tox-cream-pro","status":"publish","type":"product","link":"https:\/\/medipeel.rs\/sr\/\u043f\u0440\u043e\u0438\u0437\u0432\u043e\u0434\/medi-peel-peptide-9-volume-tension-tox-cream-pro\/","title":{"rendered":"Medi-Peel Peptide 9 Volume &#038; Tension Tox Cream Pro"},"content":{"rendered":"<p class=\" translation-block\">A\u017eurirana verzija popularne inovativne kreme Volume&amp;Tension Tox sa Matrixyl\u00ae3000 Pro, zahvaljujuc\u0301i pobolj\u0161anoj formuli, zasic\u0301uje ko\u017eu korisnim komponentama 2 puta br\u017ee i pru\u017ea efekat podizanja. Krema hrani, omek\u0161ava i vla\u017ei ko\u017eu. Uravnote\u017een tandem sredstava protiv starenja vrac\u0301a elasti\u010dnost, povec\u0301ava \u010dvrstinu, izgla\u0111uje bore i ja\u010da oval lica. Krema je razvijena za sve tipove zrele ko\u017ee sa izra\u017eenim promenama tipa deformacija u vezi sa uzrastom: plutajuc\u0301i oval, ptoza, duboki nabori u nazolabijalnom podru\u010dju.<br>\nGlavni aktivni sastojci:<br>\nPeptidni kompleks Matrixyl\u00ae3000 Pro \u2013  dvostruko poja\u010dana kombinacija peptida-matrikina koji pokre\u0107u proizvodnju sopstvenog kolagena, \u010dime se izgla\u0111uju bore, daju ujedna\u010dena tekstura, pobolj\u0161avaju tonus lica i usporavaju starenje. <br>Formula je bogata bakarnim peptidom (Copper Tripeptide -1), koji ne samo da ima efekat protiv starenja, pove\u0107avaju\u0107i \u010dvrstinu i zagla\u0111uju\u0107i povr\u0161inu ko\u017ee, ve\u0107 pru\u017ea i antiinflamatorni efekat, a tako\u0111e le\u010di i doprinosi zdravlju \u0107elija. <br>\nPatentirani aktivni Volufilin na biljnoj bazi, u kombinaciji sa hidrolizovanim kompleksom elastina i kolagena, vrac\u0301a elasti\u010dnost i u\u010dvr\u0161c\u0301uje ko\u017eu. Ja\u010da oval lica, izgla\u0111uje bore i nabore.<br>\nKompleks od 8 hijaluronskih kiselina obnavlja i odr\u017eava optimalan nivo vlage u epidermu.\nEktoin je aminokiselina, formira za\u0161titnu ljusku oko c\u0301elija, spre\u010dava dehidraciju, ima produ\u017eeno hidratantno dejstvo i pobolj\u0161ava imunolo\u0161ke funkcije ko\u017ee.<br>\nEkstrakt kavijara je efikasno sredstvo za podmla\u0111ivanje koje zasi\u0107uje ko\u017eu mikro i makro elementima, polinezasic\u0301enim masnim kiselinama, vitaminima i aminokiselinama. Normalizuje mikrocirkulaciju, vla\u017ei, \u0161titi od fotostarenja, spre\u010dava dehidraciju, ujedna\u010dava ton ko\u017ee i aktivira sintezu strukturnih proteina, ja\u010dajuc\u0301i matriks ko\u017ee.<br>\nMulti Ex BSASM Plus je patentirani kompleks koji se sastoji od ekstrakta zelenog \u010daja, azijske centele, sladic\u0301a, \u0161panskog korena sladic\u0301a, listova ruzmarina, cvetova kamilice i korena japanske rineutrije. Ima antiinflamatorno, umirujuc\u0301e, imunomodulatorno i zarastanje rana. Brzo povec\u0301ava efikasnost ko\u017ene barijere. Pru\u017ea sveobuhvatnu i uravnote\u017eenu obnovu homeostaze epidermisa i dermisa. Preporu\u010duje se za negu upaljene, iritirane ko\u017ee, za preventivnu i za\u0161titnu negu.<br><\/p>\n<p><strong>Na\u010din upotrebe:<\/strong> Nanesite kremu na o\u010di\u0161c\u0301enu ko\u017eu nakon upotrebe tonika.<\/p>\n<hr \/>\n<div><em><strong><em>Sastojci:<\/em><\/strong> Water, tylene Glycol, Caprylic\/Capric Triglyceride, Cetyl Ethylhexanoate, Glycerin, Cetearyl Alcohol, Glyceryl Stearate, Niacinamide, Stearic Acid, Dimethicone, 1,2-Hexanediol,SorbitanStearate, Polysorbate 20, Sorbitan Sesquioleate, Beeswax, Microcrystalline Wax, PEG-100 Stearate, Arginine, Carbomer, Dipropylene Glycol, Hydroxyacetophenone, Panthenol,Caprylyl Glycol, Dipotassium Glycyrrhizate, Hydrogenated Lecithin, Adenosine, Disodium EDTA, Melia Azadirachta Flower Extract Ectoin, Hydrogenated Polyisobutene, Melia Azadirachta Leaf Extract, Ocimum Sanctum Leaf Extract, Propylene Glycol, LeontopodiumAlpinumCallus CultureExtract, CurcumaLonga(Turmeric) Root Extract, Corallina Officinalis Extract, Betaine, Sodium Hyaluronate, Centella Asiatica Extract, Fructan, Pentylene Glycol, Coccinia IndicaFruit Extract, CamelliaSinensisLeaf Extract, Glycine, Chondrus Crispus Extract, Polygonum Cuspidatum Root Extract, Scutellaria Baicalensis Root Extract, Chamomilla Recutita (Matricaria) Flower Extract, Serine,Glutamic Acid, Hydroxypropyltrimonium Hyaluronate, Caviar Extract, Cladosiphon Okamuranus Extract, Ginkgo Biloba Leaf Extract, Glycyrrhiza Glabra(Licorice) RootExtract,Hydrolyzed Elastin, Royal Jelly Extract, Aspartic Acid, Leucine, Rosmarinus Officinalis (Rosemary) Leaf Extract, Aloe Barbadensis Leaf Extract, LavandulaAngustifolia(Lavender)FlowerExtract, Alanine, Lysine, Tyrosine, Phenylalanine, Proline, Threonine, Valine, Isoleucine, Histidine, Cysteine, Methionine, Collagen, Collagen AminoAcids, CollagenExtract, Ethylhexylglycerin, Gold, Hydrolyzed Collagen, Hydrolyzed Hyaluronic Acid, Sodium Acetylated Hyaluronate, Soluble Collagen, Copper Tripeptide-1(60ppb), Tripeptide-1(60ppb),Anemarrhena Asphodeloides Root Extract, Acetyl Hexapeptide-8(30 ppb), Acetyl Octapeptide-3(30 ppb), Hexapeptide-9(30 ppb), Nonapeptide-1(30ppb), Palmitoyl Pentapeptide-4(30 ppb), Hyaluronic Acid, Palmitoyl Tetrapeptide-7(15 ppb), Palmitoyl Tripeptide-1(15 ppb), Hydrolyzed Sodium Hyaluronate, SodiumHyaluronateCrosspolymer, Tocopherol, Potassium Hyaluronate, Astaxanthin, Fragrance<\/em><\/div>","protected":false},"excerpt":{"rendered":"<p>Hranljiva peptidna krema sa lifting efektom. 50ml<\/p>","protected":false},"featured_media":5891,"template":"","meta":[],"product_cat":[385,311,272,301,342,346,348,386,317],"product_tag":[308],"featured_image_urls":{"full":["https:\/\/medipeel.rs\/wp-content\/uploads\/2023\/09\/medi-peel-peptide-9-volume-tension-tox-cream-pro1.jpg",1200,1200,false],"thumbnail":["https:\/\/medipeel.rs\/wp-content\/uploads\/2023\/09\/medi-peel-peptide-9-volume-tension-tox-cream-pro1-150x150.jpg",150,150,true],"medium":["https:\/\/medipeel.rs\/wp-content\/uploads\/2023\/09\/medi-peel-peptide-9-volume-tension-tox-cream-pro1-300x300.jpg",300,300,true],"medium_large":["https:\/\/medipeel.rs\/wp-content\/uploads\/2023\/09\/medi-peel-peptide-9-volume-tension-tox-cream-pro1-768x768.jpg",768,768,true],"large":["https:\/\/medipeel.rs\/wp-content\/uploads\/2023\/09\/medi-peel-peptide-9-volume-tension-tox-cream-pro1-1024x1024.jpg",1024,1024,true],"1536x1536":["https:\/\/medipeel.rs\/wp-content\/uploads\/2023\/09\/medi-peel-peptide-9-volume-tension-tox-cream-pro1.jpg",1200,1200,false],"2048x2048":["https:\/\/medipeel.rs\/wp-content\/uploads\/2023\/09\/medi-peel-peptide-9-volume-tension-tox-cream-pro1.jpg",1200,1200,false],"trp-custom-language-flag":["https:\/\/medipeel.rs\/wp-content\/uploads\/2023\/09\/medi-peel-peptide-9-volume-tension-tox-cream-pro1-12x12.jpg",12,12,true],"vcmegaposts-masonry":["https:\/\/medipeel.rs\/wp-content\/uploads\/2023\/09\/medi-peel-peptide-9-volume-tension-tox-cream-pro1-500x500.jpg",500,500,true],"vcmegaposts-normal":["https:\/\/medipeel.rs\/wp-content\/uploads\/2023\/09\/medi-peel-peptide-9-volume-tension-tox-cream-pro1-800x800.jpg",800,800,true],"vcmegaposts-type1":["https:\/\/medipeel.rs\/wp-content\/uploads\/2023\/09\/medi-peel-peptide-9-volume-tension-tox-cream-pro1-800x500.jpg",800,500,true],"woocommerce_thumbnail":["https:\/\/medipeel.rs\/wp-content\/uploads\/2023\/09\/medi-peel-peptide-9-volume-tension-tox-cream-pro1-450x600.jpg",450,600,true],"woocommerce_single":["https:\/\/medipeel.rs\/wp-content\/uploads\/2023\/09\/medi-peel-peptide-9-volume-tension-tox-cream-pro1-600x600.jpg",600,600,true],"woocommerce_gallery_thumbnail":["https:\/\/medipeel.rs\/wp-content\/uploads\/2023\/09\/medi-peel-peptide-9-volume-tension-tox-cream-pro1-100x100.jpg",100,100,true]},"post_excerpt_stackable":"<p>\u041f\u0438\u0442\u0430\u0442\u0435\u043b\u044c\u043d\u044b\u0439 \u043f\u0435\u043f\u0442\u0438\u0434\u043d\u044b\u0439 \u043a\u0440\u0435\u043c \u0441 \u044d\u0444\u0444\u0435\u043a\u0442\u043e\u043c \u043b\u0438\u0444\u0442\u0438\u043d\u0433\u0430. 50ml<\/p>\n","category_list":"","author_info":{"name":"","url":""},"comments_num":"0 comments","jetpack_sharing_enabled":true,"_links":{"self":[{"href":"https:\/\/medipeel.rs\/sr\/wp-json\/wp\/v2\/product\/5890"}],"collection":[{"href":"https:\/\/medipeel.rs\/sr\/wp-json\/wp\/v2\/product"}],"about":[{"href":"https:\/\/medipeel.rs\/sr\/wp-json\/wp\/v2\/types\/product"}],"version-history":[{"count":1,"href":"https:\/\/medipeel.rs\/sr\/wp-json\/wp\/v2\/product\/5890\/revisions"}],"predecessor-version":[{"id":5892,"href":"https:\/\/medipeel.rs\/sr\/wp-json\/wp\/v2\/product\/5890\/revisions\/5892"}],"wp:featuredmedia":[{"embeddable":true,"href":"https:\/\/medipeel.rs\/sr\/wp-json\/wp\/v2\/media\/5891"}],"wp:attachment":[{"href":"https:\/\/medipeel.rs\/sr\/wp-json\/wp\/v2\/media?parent=5890"}],"wp:term":[{"taxonomy":"product_cat","embeddable":true,"href":"https:\/\/medipeel.rs\/sr\/wp-json\/wp\/v2\/product_cat?post=5890"},{"taxonomy":"product_tag","embeddable":true,"href":"https:\/\/medipeel.rs\/sr\/wp-json\/wp\/v2\/product_tag?post=5890"}],"curies":[{"name":"wp","href":"https:\/\/api.w.org\/{rel}","templated":true}]}}